{"id":177957,"date":"2022-09-08T13:00:57","date_gmt":"2022-09-08T13:00:58","guid":{"rendered":"https:\/\/www.erresse-shop.it\/?post_type=product&#038;p=177957"},"modified":"2023-07-17T00:06:27","modified_gmt":"2023-07-17T00:06:27","slug":"emile-henry-bol-hondo-de-frutas-y-verduras-grand-cru","status":"publish","type":"product","link":"https:\/\/www.erresse-shop.it\/es\/shop\/tabla\/cestas-y-cuencos\/emile-henry-bol-hondo-de-frutas-y-verduras-grand-cru\/","title":{"rendered":"EMILE HENRY Bol Hondo de Frutas y Verduras Grand Cru"},"content":{"rendered":"<p>Creado con un dise\u00f1o inteligente y utilizando materiales naturales ideales para almacenar productos frescos, el gran cuenco de Emile Henry funciona en dos niveles. La tapa de corcho, que hace las veces de frutero, ofrece una elegante presentaci\u00f3n, mientras que la base de cer\u00e1mica ofrece espacio para guardar cebollas, remolachas o patatas frescas.<\/p>\n<p>Bajo la tapa, la falta de luz retrasa la germinaci\u00f3n y 3 peque\u00f1os agujeros proporcionan la ventilaci\u00f3n adecuada. Gracias a las propiedades aislantes del corcho y la cer\u00e1mica, el cuenco de almacenamiento grande Emile Henry recrea las condiciones de una bodega en el coraz\u00f3n de su cocina o comedor.<\/p>\n<p>En la parte superior, el cuenco de corcho sostiene incluso las frutas m\u00e1s delicadas. Al reposar en la superficie del corcho, la fruta tiene menos posibilidades de estropearse al contacto. Los consejos transmitidos por las distintas culturas se basan en la idea de que el corcho ayuda a mantener alejadas las moscas de la fruta y a absorber la humedad que \u00e9sta pueda desprender.<\/p>\n<p>Todos los productos Emile Henry se fabrican en Francia y ofrecen una garant\u00eda de diez a\u00f1os.<\/p>\n<p><strong>Longitud\/di\u00e1metro:<\/strong> 36 cm<br \/>\n<strong>Anchura:<\/strong> 36 cm<br \/>\n<strong>Altura:<\/strong> 15,7 cm<br \/>\n<strong>Peso:<\/strong> 3,14 kg<\/p>\n","protected":false},"excerpt":{"rendered":"<p><br data-mce-bogus=\"1\"><\/p>\n","protected":false},"featured_media":177971,"template":"","meta":{"_acf_changed":false,"inline_featured_image":false},"product_cat":[16037,16027],"product_tag":[25090,23912,19101,19094,21823,25023],"acf":[],"yoast_head":"<!-- This site is optimized with the Yoast SEO Premium plugin v18.6 (Yoast SEO v19.13) - https:\/\/yoast.com\/wordpress\/plugins\/seo\/ -->\n<title>EMILE HENRY Bol Hondo de Frutas y Verduras Grand Cru - Erresse Shop<\/title>\n<meta name=\"robots\" content=\"index, follow, max-snippet:-1, max-image-preview:large, max-video-preview:-1\" \/>\n<link rel=\"canonical\" href=\"https:\/\/www.erresse-shop.it\/es\/shop\/tabla\/cestas-y-cuencos\/emile-henry-bol-hondo-de-frutas-y-verduras-grand-cru\/\" \/>\n<meta property=\"og:locale\" content=\"es_ES\" \/>\n<meta property=\"og:type\" content=\"article\" \/>\n<meta property=\"og:title\" content=\"EMILE HENRY Bol Hondo de Frutas y Verduras Grand Cru\" \/>\n<meta property=\"og:url\" content=\"https:\/\/www.erresse-shop.it\/es\/shop\/tabla\/cestas-y-cuencos\/emile-henry-bol-hondo-de-frutas-y-verduras-grand-cru\/\" \/>\n<meta property=\"og:site_name\" content=\"Erresse Shop\" \/>\n<meta property=\"article:modified_time\" content=\"2023-07-17T00:06:27+00:00\" \/>\n<meta property=\"og:image\" content=\"https:\/\/www.erresse-shop.it\/wp-content\/uploads\/2022\/09\/EMILE-HENRY-Ciotola-Alta-Rossojpg.jpg\" \/>\n\t<meta property=\"og:image:width\" content=\"800\" \/>\n\t<meta property=\"og:image:height\" content=\"800\" \/>\n\t<meta property=\"og:image:type\" content=\"image\/jpeg\" \/>\n<meta name=\"twitter:card\" content=\"summary_large_image\" \/>\n<script type=\"application\/ld+json\" class=\"yoast-schema-graph\">{\"@context\":\"https:\/\/schema.org\",\"@graph\":[{\"@type\":\"WebPage\",\"@id\":\"https:\/\/www.erresse-shop.it\/es\/shop\/tabla\/cestas-y-cuencos\/emile-henry-bol-hondo-de-frutas-y-verduras-grand-cru\/\",\"url\":\"https:\/\/www.erresse-shop.it\/es\/shop\/tabla\/cestas-y-cuencos\/emile-henry-bol-hondo-de-frutas-y-verduras-grand-cru\/\",\"name\":\"EMILE HENRY Bol Hondo de Frutas y Verduras Grand Cru - Erresse Shop\",\"isPartOf\":{\"@id\":\"https:\/\/www.erresse-shop.it\/es\/#website\"},\"datePublished\":\"2022-09-08T13:00:58+00:00\",\"dateModified\":\"2023-07-17T00:06:27+00:00\",\"breadcrumb\":{\"@id\":\"https:\/\/www.erresse-shop.it\/es\/shop\/tabla\/cestas-y-cuencos\/emile-henry-bol-hondo-de-frutas-y-verduras-grand-cru\/#breadcrumb\"},\"inLanguage\":\"es\",\"potentialAction\":[{\"@type\":\"ReadAction\",\"target\":[\"https:\/\/www.erresse-shop.it\/es\/shop\/tabla\/cestas-y-cuencos\/emile-henry-bol-hondo-de-frutas-y-verduras-grand-cru\/\"]}]},{\"@type\":\"BreadcrumbList\",\"@id\":\"https:\/\/www.erresse-shop.it\/es\/shop\/tabla\/cestas-y-cuencos\/emile-henry-bol-hondo-de-frutas-y-verduras-grand-cru\/#breadcrumb\",\"itemListElement\":[{\"@type\":\"ListItem\",\"position\":1,\"name\":\"Home\",\"item\":\"https:\/\/www.erresse-shop.it\/es\/\"},{\"@type\":\"ListItem\",\"position\":2,\"name\":\"Shop\",\"item\":\"https:\/\/www.erresse-shop.it\/es\/shop\/\"},{\"@type\":\"ListItem\",\"position\":3,\"name\":\"EMILE HENRY Bol Hondo de Frutas y Verduras Grand Cru\"}]},{\"@type\":\"WebSite\",\"@id\":\"https:\/\/www.erresse-shop.it\/es\/#website\",\"url\":\"https:\/\/www.erresse-shop.it\/es\/\",\"name\":\"Erresse Shop\",\"description\":\"Articoli di qualit\u00e0 per la casa\",\"potentialAction\":[{\"@type\":\"SearchAction\",\"target\":{\"@type\":\"EntryPoint\",\"urlTemplate\":\"https:\/\/www.erresse-shop.it\/es\/?s={search_term_string}\"},\"query-input\":\"required name=search_term_string\"}],\"inLanguage\":\"es\"}]}<\/script>\n<!-- \/ Yoast SEO Premium plugin. -->","yoast_head_json":{"title":"EMILE HENRY Bol Hondo de Frutas y Verduras Grand Cru - Erresse Shop","robots":{"index":"index","follow":"follow","max-snippet":"max-snippet:-1","max-image-preview":"max-image-preview:large","max-video-preview":"max-video-preview:-1"},"canonical":"https:\/\/www.erresse-shop.it\/es\/shop\/tabla\/cestas-y-cuencos\/emile-henry-bol-hondo-de-frutas-y-verduras-grand-cru\/","og_locale":"es_ES","og_type":"article","og_title":"EMILE HENRY Bol Hondo de Frutas y Verduras Grand Cru","og_url":"https:\/\/www.erresse-shop.it\/es\/shop\/tabla\/cestas-y-cuencos\/emile-henry-bol-hondo-de-frutas-y-verduras-grand-cru\/","og_site_name":"Erresse Shop","article_modified_time":"2023-07-17T00:06:27+00:00","og_image":[{"width":800,"height":800,"url":"https:\/\/www.erresse-shop.it\/wp-content\/uploads\/2022\/09\/EMILE-HENRY-Ciotola-Alta-Rossojpg.jpg","type":"image\/jpeg"}],"twitter_card":"summary_large_image","schema":{"@context":"https:\/\/schema.org","@graph":[{"@type":"WebPage","@id":"https:\/\/www.erresse-shop.it\/es\/shop\/tabla\/cestas-y-cuencos\/emile-henry-bol-hondo-de-frutas-y-verduras-grand-cru\/","url":"https:\/\/www.erresse-shop.it\/es\/shop\/tabla\/cestas-y-cuencos\/emile-henry-bol-hondo-de-frutas-y-verduras-grand-cru\/","name":"EMILE HENRY Bol Hondo de Frutas y Verduras Grand Cru - Erresse Shop","isPartOf":{"@id":"https:\/\/www.erresse-shop.it\/es\/#website"},"datePublished":"2022-09-08T13:00:58+00:00","dateModified":"2023-07-17T00:06:27+00:00","breadcrumb":{"@id":"https:\/\/www.erresse-shop.it\/es\/shop\/tabla\/cestas-y-cuencos\/emile-henry-bol-hondo-de-frutas-y-verduras-grand-cru\/#breadcrumb"},"inLanguage":"es","potentialAction":[{"@type":"ReadAction","target":["https:\/\/www.erresse-shop.it\/es\/shop\/tabla\/cestas-y-cuencos\/emile-henry-bol-hondo-de-frutas-y-verduras-grand-cru\/"]}]},{"@type":"BreadcrumbList","@id":"https:\/\/www.erresse-shop.it\/es\/shop\/tabla\/cestas-y-cuencos\/emile-henry-bol-hondo-de-frutas-y-verduras-grand-cru\/#breadcrumb","itemListElement":[{"@type":"ListItem","position":1,"name":"Home","item":"https:\/\/www.erresse-shop.it\/es\/"},{"@type":"ListItem","position":2,"name":"Shop","item":"https:\/\/www.erresse-shop.it\/es\/shop\/"},{"@type":"ListItem","position":3,"name":"EMILE HENRY Bol Hondo de Frutas y Verduras Grand Cru"}]},{"@type":"WebSite","@id":"https:\/\/www.erresse-shop.it\/es\/#website","url":"https:\/\/www.erresse-shop.it\/es\/","name":"Erresse Shop","description":"Articoli di qualit\u00e0 per la casa","potentialAction":[{"@type":"SearchAction","target":{"@type":"EntryPoint","urlTemplate":"https:\/\/www.erresse-shop.it\/es\/?s={search_term_string}"},"query-input":"required name=search_term_string"}],"inLanguage":"es"}]}},"df_price":82.95,"df_sale_price":82.95,"df_regular_price":99.9,"df_image_link":"https:\/\/www.erresse-shop.it\/wp-content\/uploads\/2022\/09\/EMILE-HENRY-Ciotola-Alta-Rossojpg-300x300.jpg","_links":{"self":[{"href":"https:\/\/www.erresse-shop.it\/es\/wp-json\/wp\/v2\/product\/177957"}],"collection":[{"href":"https:\/\/www.erresse-shop.it\/es\/wp-json\/wp\/v2\/product"}],"about":[{"href":"https:\/\/www.erresse-shop.it\/es\/wp-json\/wp\/v2\/types\/product"}],"wp:featuredmedia":[{"embeddable":true,"href":"https:\/\/www.erresse-shop.it\/es\/wp-json\/wp\/v2\/media\/177971"}],"wp:attachment":[{"href":"https:\/\/www.erresse-shop.it\/es\/wp-json\/wp\/v2\/media?parent=177957"}],"wp:term":[{"taxonomy":"product_cat","embeddable":true,"href":"https:\/\/www.erresse-shop.it\/es\/wp-json\/wp\/v2\/product_cat?post=177957"},{"taxonomy":"product_tag","embeddable":true,"href":"https:\/\/www.erresse-shop.it\/es\/wp-json\/wp\/v2\/product_tag?post=177957"}],"curies":[{"name":"wp","href":"https:\/\/api.w.org\/{rel}","templated":true}]}}