{"id":177611,"date":"2022-09-07T13:14:48","date_gmt":"2022-09-07T13:14:48","guid":{"rendered":"https:\/\/www.erresse-shop.it\/shop\/sin categor\u00eda\/staub-cocotte-redonda-con-cesta-de-vapor-26-cm-gris-2\/"},"modified":"2024-04-02T00:03:35","modified_gmt":"2024-04-02T00:03:35","slug":"staub-cocotte-redonda-con-cesta-de-vapor-26-cm-gris-2","status":"publish","type":"product","link":"https:\/\/www.erresse-shop.it\/es\/shop\/sartenes-y-ollas\/marmitas-y-cocottes\/staub-cocotte-redonda-con-cesta-de-vapor-26-cm-gris-2\/","title":{"rendered":"STAUB Cocotte redonda con cesta de vapor 26 cm Gris"},"content":{"rendered":"<p>La cocotte redonda con cesta de cocci\u00f3n al vapor es un aut\u00e9ntico todoterreno. Esta olla, seg\u00fan el modelo franc\u00e9s, puede utilizarse para asados y guisos. En su interior se puede cocinar tanto de forma convencional como al vapor. Adem\u00e1s, no tendr\u00e1 que verter un delicioso guiso en un cuenco, ya que, gracias a las propiedades de conservaci\u00f3n del calor del material, permanecer\u00e1 caliente dentro de la cocotte. Con su dise\u00f1o y color gris grafito, la cocotte trae un pedacito de Francia a su cocina. La cocotte redonda con cesta de cocci\u00f3n al vapor tiene un di\u00e1metro de 26 cm, una altura de 15,6 cm y una capacidad de 5,2 l. Con esta cocotte se puede preparar un plato para un gran n\u00famero de comensales sin ning\u00fan esfuerzo. Esta cazuela se puede utilizar en cualquier tipo de cocina, incluidas las de inducci\u00f3n, y tambi\u00e9n se puede meter en el horno. La cesta de cocci\u00f3n al vapor est\u00e1 fabricada en acero inoxidable 18\/10 de alta calidad. Todas las cocinas Staub est\u00e1n hechas de hierro fundido esmaltado. Conservan el calor durante mucho tiempo y son especialmente adecuadas para cocinar a fuego lento carnes y platos con ingredientes variados. El fant\u00e1stico efecto de guisado se ve reforzado por el interior esmaltado en negro mate. Con la cocotte equipada con una cesta de cocci\u00f3n al vapor, podr\u00e1 crear deliciosos platos con los que impresionar a sus amigos y familiares.<\/p>\n<p>Ideal para rehogar y guisar al mismo tiempo, por ejemplo, cocinar arroz en la parte inferior y pescado en la parte superior<br \/>\nPara un resultado de cocci\u00f3n jugoso y tierno gracias a la tapa<br \/>\nEl esmaltado interior negro mate es ideal para un braseado especialmente crujiente y es muy duradero<br \/>\nApto para todo tipo de placas, incluida la de inducci\u00f3n, tambi\u00e9n puede colocarse en el horno\/parrilla<br \/>\nColor intenso<\/p>\n<p><strong>CARACTER\u00cdSTICAS<\/strong><br \/>\n&#8211; Resistencia al calor (\u00b0C): 240,00 \u00baC<br \/>\n&#8211; Resistencia al fr\u00edo: -20,00 \u00baC<br \/>\n&#8211; Material: hierro fundido<br \/>\n&#8211; Tapa existente: s\u00ed<br \/>\n&#8211; Inducci\u00f3n: S\u00ed<br \/>\n&#8211; Apto para horno: S\u00ed<br \/>\n&#8211; Apto para el congelador: S\u00ed<br \/>\n&#8211; Apto para placa de cocci\u00f3n: S\u00ed<br \/>\n&#8211; Apto para el lavavajillas: s\u00ed<\/p>\n<p><strong>DIMENSIONES<\/strong><br \/>\n&#8211; Peso neto: 6,56 kg<br \/>\n&#8211; Capacidad: 5,25 l<br \/>\n&#8211; Longitud del producto: 33 cm<br \/>\n&#8211; Anchura del producto: 26 cm<br \/>\n&#8211; Altura del producto: 23,70 cm<br \/>\n&#8211; Altura sin tapa: 11,80 cm<br \/>\n&#8211; Di\u00e1metro superior: 26,00 cm<br \/>\n&#8211; Di\u00e1metro del fondo: 21,70 cm<br \/>\n&#8211; Longitud del mango: 3,50 cm<\/p>\n","protected":false},"excerpt":{"rendered":"<p>La cocotte redonda con cesta de cocci\u00f3n al vapor es un aut\u00e9ntico todoterreno. Esta olla, seg\u00fan el modelo franc\u00e9s, puede<\/p>\n","protected":false},"featured_media":120718,"template":"","meta":{"_acf_changed":false,"inline_featured_image":false},"product_cat":[16065,16058],"product_tag":[25090,16111,16782,16781,23662,24399,16158,16654,25023],"acf":[],"yoast_head":"<!-- This site is optimized with the Yoast SEO Premium plugin v18.6 (Yoast SEO v19.13) - https:\/\/yoast.com\/wordpress\/plugins\/seo\/ -->\n<title>STAUB Cocotte redonda con cesta de vapor 26 cm Gris - Erresse Shop<\/title>\n<meta name=\"description\" content=\"La cocotte redonda con cesta de cocci\u00f3n al vapor es un aut\u00e9ntico todoterreno. Esta olla, seg\u00fan el modelo franc\u00e9s, puede utilizarse para asados y guisos.\" \/>\n<meta name=\"robots\" content=\"index, follow, max-snippet:-1, max-image-preview:large, max-video-preview:-1\" \/>\n<link rel=\"canonical\" href=\"https:\/\/www.erresse-shop.it\/es\/shop\/sartenes-y-ollas\/marmitas-y-cocottes\/staub-cocotte-redonda-con-cesta-de-vapor-26-cm-gris-2\/\" \/>\n<meta property=\"og:locale\" content=\"es_ES\" \/>\n<meta property=\"og:type\" content=\"article\" \/>\n<meta property=\"og:title\" content=\"STAUB Cocotte redonda con cesta de vapor 26 cm Gris\" \/>\n<meta property=\"og:description\" content=\"La cocotte redonda con cesta de cocci\u00f3n al vapor es un aut\u00e9ntico todoterreno. Esta olla, seg\u00fan el modelo franc\u00e9s, puede utilizarse para asados y guisos.\" \/>\n<meta property=\"og:url\" content=\"https:\/\/www.erresse-shop.it\/es\/shop\/sartenes-y-ollas\/marmitas-y-cocottes\/staub-cocotte-redonda-con-cesta-de-vapor-26-cm-gris-2\/\" \/>\n<meta property=\"og:site_name\" content=\"Erresse Shop\" \/>\n<meta property=\"article:modified_time\" content=\"2024-04-02T00:03:35+00:00\" \/>\n<meta property=\"og:image\" content=\"https:\/\/www.erresse-shop.it\/wp-content\/uploads\/2012\/07\/STAUB-Cocotte-con-Cestello-a-Vapore-Rotonda-26-cm-Grigio.jpg\" \/>\n\t<meta property=\"og:image:width\" content=\"1000\" \/>\n\t<meta property=\"og:image:height\" content=\"1000\" \/>\n\t<meta property=\"og:image:type\" content=\"image\/jpeg\" \/>\n<meta name=\"twitter:card\" content=\"summary_large_image\" \/>\n<script type=\"application\/ld+json\" class=\"yoast-schema-graph\">{\"@context\":\"https:\/\/schema.org\",\"@graph\":[{\"@type\":\"WebPage\",\"@id\":\"https:\/\/www.erresse-shop.it\/es\/shop\/sartenes-y-ollas\/marmitas-y-cocottes\/staub-cocotte-redonda-con-cesta-de-vapor-26-cm-gris-2\/\",\"url\":\"https:\/\/www.erresse-shop.it\/es\/shop\/sartenes-y-ollas\/marmitas-y-cocottes\/staub-cocotte-redonda-con-cesta-de-vapor-26-cm-gris-2\/\",\"name\":\"STAUB Cocotte redonda con cesta de vapor 26 cm Gris - Erresse Shop\",\"isPartOf\":{\"@id\":\"https:\/\/www.erresse-shop.it\/es\/#website\"},\"datePublished\":\"2022-09-07T13:14:48+00:00\",\"dateModified\":\"2024-04-02T00:03:35+00:00\",\"description\":\"La cocotte redonda con cesta de cocci\u00f3n al vapor es un aut\u00e9ntico todoterreno. Esta olla, seg\u00fan el modelo franc\u00e9s, puede utilizarse para asados y guisos.\",\"breadcrumb\":{\"@id\":\"https:\/\/www.erresse-shop.it\/es\/shop\/sartenes-y-ollas\/marmitas-y-cocottes\/staub-cocotte-redonda-con-cesta-de-vapor-26-cm-gris-2\/#breadcrumb\"},\"inLanguage\":\"es\",\"potentialAction\":[{\"@type\":\"ReadAction\",\"target\":[\"https:\/\/www.erresse-shop.it\/es\/shop\/sartenes-y-ollas\/marmitas-y-cocottes\/staub-cocotte-redonda-con-cesta-de-vapor-26-cm-gris-2\/\"]}]},{\"@type\":\"BreadcrumbList\",\"@id\":\"https:\/\/www.erresse-shop.it\/es\/shop\/sartenes-y-ollas\/marmitas-y-cocottes\/staub-cocotte-redonda-con-cesta-de-vapor-26-cm-gris-2\/#breadcrumb\",\"itemListElement\":[{\"@type\":\"ListItem\",\"position\":1,\"name\":\"Home\",\"item\":\"https:\/\/www.erresse-shop.it\/es\/\"},{\"@type\":\"ListItem\",\"position\":2,\"name\":\"Shop\",\"item\":\"https:\/\/www.erresse-shop.it\/es\/shop\/\"},{\"@type\":\"ListItem\",\"position\":3,\"name\":\"STAUB Cocotte redonda con cesta de vapor 26 cm Gris\"}]},{\"@type\":\"WebSite\",\"@id\":\"https:\/\/www.erresse-shop.it\/es\/#website\",\"url\":\"https:\/\/www.erresse-shop.it\/es\/\",\"name\":\"Erresse Shop\",\"description\":\"Articoli di qualit\u00e0 per la casa\",\"potentialAction\":[{\"@type\":\"SearchAction\",\"target\":{\"@type\":\"EntryPoint\",\"urlTemplate\":\"https:\/\/www.erresse-shop.it\/es\/?s={search_term_string}\"},\"query-input\":\"required name=search_term_string\"}],\"inLanguage\":\"es\"}]}<\/script>\n<!-- \/ Yoast SEO Premium plugin. -->","yoast_head_json":{"title":"STAUB Cocotte redonda con cesta de vapor 26 cm Gris - Erresse Shop","description":"La cocotte redonda con cesta de cocci\u00f3n al vapor es un aut\u00e9ntico todoterreno. Esta olla, seg\u00fan el modelo franc\u00e9s, puede utilizarse para asados y guisos.","robots":{"index":"index","follow":"follow","max-snippet":"max-snippet:-1","max-image-preview":"max-image-preview:large","max-video-preview":"max-video-preview:-1"},"canonical":"https:\/\/www.erresse-shop.it\/es\/shop\/sartenes-y-ollas\/marmitas-y-cocottes\/staub-cocotte-redonda-con-cesta-de-vapor-26-cm-gris-2\/","og_locale":"es_ES","og_type":"article","og_title":"STAUB Cocotte redonda con cesta de vapor 26 cm Gris","og_description":"La cocotte redonda con cesta de cocci\u00f3n al vapor es un aut\u00e9ntico todoterreno. Esta olla, seg\u00fan el modelo franc\u00e9s, puede utilizarse para asados y guisos.","og_url":"https:\/\/www.erresse-shop.it\/es\/shop\/sartenes-y-ollas\/marmitas-y-cocottes\/staub-cocotte-redonda-con-cesta-de-vapor-26-cm-gris-2\/","og_site_name":"Erresse Shop","article_modified_time":"2024-04-02T00:03:35+00:00","og_image":[{"width":1000,"height":1000,"url":"https:\/\/www.erresse-shop.it\/wp-content\/uploads\/2012\/07\/STAUB-Cocotte-con-Cestello-a-Vapore-Rotonda-26-cm-Grigio.jpg","type":"image\/jpeg"}],"twitter_card":"summary_large_image","schema":{"@context":"https:\/\/schema.org","@graph":[{"@type":"WebPage","@id":"https:\/\/www.erresse-shop.it\/es\/shop\/sartenes-y-ollas\/marmitas-y-cocottes\/staub-cocotte-redonda-con-cesta-de-vapor-26-cm-gris-2\/","url":"https:\/\/www.erresse-shop.it\/es\/shop\/sartenes-y-ollas\/marmitas-y-cocottes\/staub-cocotte-redonda-con-cesta-de-vapor-26-cm-gris-2\/","name":"STAUB Cocotte redonda con cesta de vapor 26 cm Gris - Erresse Shop","isPartOf":{"@id":"https:\/\/www.erresse-shop.it\/es\/#website"},"datePublished":"2022-09-07T13:14:48+00:00","dateModified":"2024-04-02T00:03:35+00:00","description":"La cocotte redonda con cesta de cocci\u00f3n al vapor es un aut\u00e9ntico todoterreno. Esta olla, seg\u00fan el modelo franc\u00e9s, puede utilizarse para asados y guisos.","breadcrumb":{"@id":"https:\/\/www.erresse-shop.it\/es\/shop\/sartenes-y-ollas\/marmitas-y-cocottes\/staub-cocotte-redonda-con-cesta-de-vapor-26-cm-gris-2\/#breadcrumb"},"inLanguage":"es","potentialAction":[{"@type":"ReadAction","target":["https:\/\/www.erresse-shop.it\/es\/shop\/sartenes-y-ollas\/marmitas-y-cocottes\/staub-cocotte-redonda-con-cesta-de-vapor-26-cm-gris-2\/"]}]},{"@type":"BreadcrumbList","@id":"https:\/\/www.erresse-shop.it\/es\/shop\/sartenes-y-ollas\/marmitas-y-cocottes\/staub-cocotte-redonda-con-cesta-de-vapor-26-cm-gris-2\/#breadcrumb","itemListElement":[{"@type":"ListItem","position":1,"name":"Home","item":"https:\/\/www.erresse-shop.it\/es\/"},{"@type":"ListItem","position":2,"name":"Shop","item":"https:\/\/www.erresse-shop.it\/es\/shop\/"},{"@type":"ListItem","position":3,"name":"STAUB Cocotte redonda con cesta de vapor 26 cm Gris"}]},{"@type":"WebSite","@id":"https:\/\/www.erresse-shop.it\/es\/#website","url":"https:\/\/www.erresse-shop.it\/es\/","name":"Erresse Shop","description":"Articoli di qualit\u00e0 per la casa","potentialAction":[{"@type":"SearchAction","target":{"@type":"EntryPoint","urlTemplate":"https:\/\/www.erresse-shop.it\/es\/?s={search_term_string}"},"query-input":"required name=search_term_string"}],"inLanguage":"es"}]}},"df_price":174.5,"df_sale_price":174.5,"df_regular_price":349,"df_image_link":"https:\/\/www.erresse-shop.it\/wp-content\/uploads\/2012\/07\/STAUB-Cocotte-con-Cestello-a-Vapore-Rotonda-26-cm-Grigio-300x300.jpg","_links":{"self":[{"href":"https:\/\/www.erresse-shop.it\/es\/wp-json\/wp\/v2\/product\/177611"}],"collection":[{"href":"https:\/\/www.erresse-shop.it\/es\/wp-json\/wp\/v2\/product"}],"about":[{"href":"https:\/\/www.erresse-shop.it\/es\/wp-json\/wp\/v2\/types\/product"}],"wp:featuredmedia":[{"embeddable":true,"href":"https:\/\/www.erresse-shop.it\/es\/wp-json\/wp\/v2\/media\/120718"}],"wp:attachment":[{"href":"https:\/\/www.erresse-shop.it\/es\/wp-json\/wp\/v2\/media?parent=177611"}],"wp:term":[{"taxonomy":"product_cat","embeddable":true,"href":"https:\/\/www.erresse-shop.it\/es\/wp-json\/wp\/v2\/product_cat?post=177611"},{"taxonomy":"product_tag","embeddable":true,"href":"https:\/\/www.erresse-shop.it\/es\/wp-json\/wp\/v2\/product_tag?post=177611"}],"curies":[{"name":"wp","href":"https:\/\/api.w.org\/{rel}","templated":true}]}}