{"id":174594,"date":"2022-08-22T09:25:25","date_gmt":"2022-08-22T09:25:47","guid":{"rendered":"https:\/\/www.erresse-shop.it\/?post_type=product&#038;p=174594"},"modified":"2024-05-17T14:22:59","modified_gmt":"2024-05-17T14:22:59","slug":"ruffoni-historia-decor-sarten-chef-28-cm","status":"publish","type":"product","link":"https:\/\/www.erresse-shop.it\/es\/shop\/sartenes-y-ollas\/sartenes\/ruffoni-historia-decor-sarten-chef-28-cm\/","title":{"rendered":"RUFFONI Historia Decor Sart\u00e9n de Chef 24 cm"},"content":{"rendered":"<p>El procesamiento del cobre es una verdadera pasi\u00f3n para la empresa Ruffoni, el logro de est\u00e1ndares de calidad muy altos es su objetivo principal, superar todas las regulaciones mundiales en materia de seguridad para la liberaci\u00f3n de plomo en los alimentos es un deber fundamental que siempre es estricto. adherido a. El gran respeto que el equipo de Ruffoni tiene por su trabajo les exige actuar con la m\u00e1xima escrupulosidad, utilizando materiales reciclables tanto para los productos como para los embalajes, y prefiriendo las t\u00e9cnicas manuales a los procesos de fabricaci\u00f3n qu\u00edmicos y mec\u00e1nicos, m\u00e1s econ\u00f3micos.<\/p>\n<p><strong>EL PRODUCTO<\/strong><br \/>\nNuestra filosof\u00eda consiste en realizar objetos profesionales, pero sin exasperar, ya que siempre hemos privilegiado la utilidad, la facilidad de uso y los acabados cuidados. En cuanto al \u00e9xito de una comida, en la elaboraci\u00f3n de cada una de estas piezas creemos que la elecci\u00f3n de los ingredientes y el m\u00e9todo de trabajo son fundamentales.<\/p>\n<p><strong>COBRE<\/strong><br \/>\nLo adquirimos \u00fanicamente a proveedores certificados y el espesor utilizado se establece seg\u00fan el producto y el tipo de cocci\u00f3n.<\/p>\n<p><strong>DECORACI\u00d3N HISTORIA<\/strong><\/p>\n<p>Creaciones legendarias que cobran la dignidad de una pieza \u00fanica y dan vida a siglos de historia, experiencia y tradiciones populares. Elaborados artesanalmente a partir de l\u00e1minas de cobre macizo y esta\u00f1ados a mano al fuego con esta\u00f1o puro, gracias a los tiradores y adornos en bronce fundido que embellecen las tapas se transforman en objetos de importancia regia. Insuperables en conductividad t\u00e9rmica y perfecto control de la temperatura, son la herramienta ideal para cocinar con gas o en el horno.<\/p>\n<p>&nbsp;<\/p>\n<p>Estas obras de arte martilladas a mano, con mangos de acero inoxidable fundido con detalles en cobre, son capaces de satisfacer todas las necesidades y ganarse un lugar prestigioso en cada mesa.<\/p>\n<p>Para uso en horno y sobre cualquier elemento calefactor (excepto inducci\u00f3n).<\/p>\n","protected":false},"excerpt":{"rendered":"<p>El procesamiento del cobre es una verdadera pasi\u00f3n para la empresa Ruffoni, el logro de est\u00e1ndares de calidad muy altos<\/p>\n","protected":false},"featured_media":119711,"template":"","meta":{"_acf_changed":false,"inline_featured_image":false},"product_cat":[16066,16058],"product_tag":[25029,16698,24682,16307,16160,16716,25023],"acf":[],"yoast_head":"<!-- This site is optimized with the Yoast SEO Premium plugin v18.6 (Yoast SEO v19.13) - https:\/\/yoast.com\/wordpress\/plugins\/seo\/ -->\n<title>RUFFONI Historia Decor Sart\u00e9n de Chef 24 cm - Erresse Shop<\/title>\n<meta name=\"description\" content=\"El procesamiento del cobre es una verdadera pasi\u00f3n para la empresa Ruffoni, el logro de est\u00e1ndares de calidad muy altos es su objetivo principal, superar\" \/>\n<meta name=\"robots\" content=\"index, follow, max-snippet:-1, max-image-preview:large, max-video-preview:-1\" \/>\n<link rel=\"canonical\" href=\"https:\/\/www.erresse-shop.it\/es\/shop\/sartenes-y-ollas\/sartenes\/ruffoni-historia-decor-sarten-chef-28-cm\/\" \/>\n<meta property=\"og:locale\" content=\"es_ES\" \/>\n<meta property=\"og:type\" content=\"article\" \/>\n<meta property=\"og:title\" content=\"RUFFONI Historia Decor Sart\u00e9n de Chef 24 cm\" \/>\n<meta property=\"og:description\" content=\"El procesamiento del cobre es una verdadera pasi\u00f3n para la empresa Ruffoni, el logro de est\u00e1ndares de calidad muy altos es su objetivo principal, superar\" \/>\n<meta property=\"og:url\" content=\"https:\/\/www.erresse-shop.it\/es\/shop\/sartenes-y-ollas\/sartenes\/ruffoni-historia-decor-sarten-chef-28-cm\/\" \/>\n<meta property=\"og:site_name\" content=\"Erresse Shop\" \/>\n<meta property=\"article:modified_time\" content=\"2024-05-17T14:22:59+00:00\" \/>\n<meta property=\"og:image\" content=\"https:\/\/www.erresse-shop.it\/wp-content\/uploads\/2017\/04\/products-3231A.jpg\" \/>\n\t<meta property=\"og:image:width\" content=\"1500\" \/>\n\t<meta property=\"og:image:height\" content=\"823\" \/>\n\t<meta property=\"og:image:type\" content=\"image\/jpeg\" \/>\n<meta name=\"twitter:card\" content=\"summary_large_image\" \/>\n<script type=\"application\/ld+json\" class=\"yoast-schema-graph\">{\"@context\":\"https:\/\/schema.org\",\"@graph\":[{\"@type\":\"WebPage\",\"@id\":\"https:\/\/www.erresse-shop.it\/es\/shop\/sartenes-y-ollas\/sartenes\/ruffoni-historia-decor-sarten-chef-28-cm\/\",\"url\":\"https:\/\/www.erresse-shop.it\/es\/shop\/sartenes-y-ollas\/sartenes\/ruffoni-historia-decor-sarten-chef-28-cm\/\",\"name\":\"RUFFONI Historia Decor Sart\u00e9n de Chef 24 cm - Erresse Shop\",\"isPartOf\":{\"@id\":\"https:\/\/www.erresse-shop.it\/es\/#website\"},\"datePublished\":\"2022-08-22T09:25:47+00:00\",\"dateModified\":\"2024-05-17T14:22:59+00:00\",\"description\":\"El procesamiento del cobre es una verdadera pasi\u00f3n para la empresa Ruffoni, el logro de est\u00e1ndares de calidad muy altos es su objetivo principal, superar\",\"breadcrumb\":{\"@id\":\"https:\/\/www.erresse-shop.it\/es\/shop\/sartenes-y-ollas\/sartenes\/ruffoni-historia-decor-sarten-chef-28-cm\/#breadcrumb\"},\"inLanguage\":\"es\",\"potentialAction\":[{\"@type\":\"ReadAction\",\"target\":[\"https:\/\/www.erresse-shop.it\/es\/shop\/sartenes-y-ollas\/sartenes\/ruffoni-historia-decor-sarten-chef-28-cm\/\"]}]},{\"@type\":\"BreadcrumbList\",\"@id\":\"https:\/\/www.erresse-shop.it\/es\/shop\/sartenes-y-ollas\/sartenes\/ruffoni-historia-decor-sarten-chef-28-cm\/#breadcrumb\",\"itemListElement\":[{\"@type\":\"ListItem\",\"position\":1,\"name\":\"Home\",\"item\":\"https:\/\/www.erresse-shop.it\/es\/\"},{\"@type\":\"ListItem\",\"position\":2,\"name\":\"Shop\",\"item\":\"https:\/\/www.erresse-shop.it\/es\/shop\/\"},{\"@type\":\"ListItem\",\"position\":3,\"name\":\"RUFFONI Historia Decor Sart\u00e9n de Chef 24 cm\"}]},{\"@type\":\"WebSite\",\"@id\":\"https:\/\/www.erresse-shop.it\/es\/#website\",\"url\":\"https:\/\/www.erresse-shop.it\/es\/\",\"name\":\"Erresse Shop\",\"description\":\"Articoli di qualit\u00e0 per la casa\",\"potentialAction\":[{\"@type\":\"SearchAction\",\"target\":{\"@type\":\"EntryPoint\",\"urlTemplate\":\"https:\/\/www.erresse-shop.it\/es\/?s={search_term_string}\"},\"query-input\":\"required name=search_term_string\"}],\"inLanguage\":\"es\"}]}<\/script>\n<!-- \/ Yoast SEO Premium plugin. -->","yoast_head_json":{"title":"RUFFONI Historia Decor Sart\u00e9n de Chef 24 cm - Erresse Shop","description":"El procesamiento del cobre es una verdadera pasi\u00f3n para la empresa Ruffoni, el logro de est\u00e1ndares de calidad muy altos es su objetivo principal, superar","robots":{"index":"index","follow":"follow","max-snippet":"max-snippet:-1","max-image-preview":"max-image-preview:large","max-video-preview":"max-video-preview:-1"},"canonical":"https:\/\/www.erresse-shop.it\/es\/shop\/sartenes-y-ollas\/sartenes\/ruffoni-historia-decor-sarten-chef-28-cm\/","og_locale":"es_ES","og_type":"article","og_title":"RUFFONI Historia Decor Sart\u00e9n de Chef 24 cm","og_description":"El procesamiento del cobre es una verdadera pasi\u00f3n para la empresa Ruffoni, el logro de est\u00e1ndares de calidad muy altos es su objetivo principal, superar","og_url":"https:\/\/www.erresse-shop.it\/es\/shop\/sartenes-y-ollas\/sartenes\/ruffoni-historia-decor-sarten-chef-28-cm\/","og_site_name":"Erresse Shop","article_modified_time":"2024-05-17T14:22:59+00:00","og_image":[{"width":1500,"height":823,"url":"https:\/\/www.erresse-shop.it\/wp-content\/uploads\/2017\/04\/products-3231A.jpg","type":"image\/jpeg"}],"twitter_card":"summary_large_image","schema":{"@context":"https:\/\/schema.org","@graph":[{"@type":"WebPage","@id":"https:\/\/www.erresse-shop.it\/es\/shop\/sartenes-y-ollas\/sartenes\/ruffoni-historia-decor-sarten-chef-28-cm\/","url":"https:\/\/www.erresse-shop.it\/es\/shop\/sartenes-y-ollas\/sartenes\/ruffoni-historia-decor-sarten-chef-28-cm\/","name":"RUFFONI Historia Decor Sart\u00e9n de Chef 24 cm - Erresse Shop","isPartOf":{"@id":"https:\/\/www.erresse-shop.it\/es\/#website"},"datePublished":"2022-08-22T09:25:47+00:00","dateModified":"2024-05-17T14:22:59+00:00","description":"El procesamiento del cobre es una verdadera pasi\u00f3n para la empresa Ruffoni, el logro de est\u00e1ndares de calidad muy altos es su objetivo principal, superar","breadcrumb":{"@id":"https:\/\/www.erresse-shop.it\/es\/shop\/sartenes-y-ollas\/sartenes\/ruffoni-historia-decor-sarten-chef-28-cm\/#breadcrumb"},"inLanguage":"es","potentialAction":[{"@type":"ReadAction","target":["https:\/\/www.erresse-shop.it\/es\/shop\/sartenes-y-ollas\/sartenes\/ruffoni-historia-decor-sarten-chef-28-cm\/"]}]},{"@type":"BreadcrumbList","@id":"https:\/\/www.erresse-shop.it\/es\/shop\/sartenes-y-ollas\/sartenes\/ruffoni-historia-decor-sarten-chef-28-cm\/#breadcrumb","itemListElement":[{"@type":"ListItem","position":1,"name":"Home","item":"https:\/\/www.erresse-shop.it\/es\/"},{"@type":"ListItem","position":2,"name":"Shop","item":"https:\/\/www.erresse-shop.it\/es\/shop\/"},{"@type":"ListItem","position":3,"name":"RUFFONI Historia Decor Sart\u00e9n de Chef 24 cm"}]},{"@type":"WebSite","@id":"https:\/\/www.erresse-shop.it\/es\/#website","url":"https:\/\/www.erresse-shop.it\/es\/","name":"Erresse Shop","description":"Articoli di qualit\u00e0 per la casa","potentialAction":[{"@type":"SearchAction","target":{"@type":"EntryPoint","urlTemplate":"https:\/\/www.erresse-shop.it\/es\/?s={search_term_string}"},"query-input":"required name=search_term_string"}],"inLanguage":"es"}]}},"df_price":138,"df_sale_price":138,"df_regular_price":276,"df_image_link":"https:\/\/www.erresse-shop.it\/wp-content\/uploads\/2017\/04\/products-3231A-300x165.jpg","_links":{"self":[{"href":"https:\/\/www.erresse-shop.it\/es\/wp-json\/wp\/v2\/product\/174594"}],"collection":[{"href":"https:\/\/www.erresse-shop.it\/es\/wp-json\/wp\/v2\/product"}],"about":[{"href":"https:\/\/www.erresse-shop.it\/es\/wp-json\/wp\/v2\/types\/product"}],"wp:featuredmedia":[{"embeddable":true,"href":"https:\/\/www.erresse-shop.it\/es\/wp-json\/wp\/v2\/media\/119711"}],"wp:attachment":[{"href":"https:\/\/www.erresse-shop.it\/es\/wp-json\/wp\/v2\/media?parent=174594"}],"wp:term":[{"taxonomy":"product_cat","embeddable":true,"href":"https:\/\/www.erresse-shop.it\/es\/wp-json\/wp\/v2\/product_cat?post=174594"},{"taxonomy":"product_tag","embeddable":true,"href":"https:\/\/www.erresse-shop.it\/es\/wp-json\/wp\/v2\/product_tag?post=174594"}],"curies":[{"name":"wp","href":"https:\/\/api.w.org\/{rel}","templated":true}]}}