{"id":172664,"date":"2022-07-27T07:38:28","date_gmt":"2022-07-27T07:38:32","guid":{"rendered":"https:\/\/www.erresse-shop.it\/?post_type=product&#038;p=172664"},"modified":"2023-07-24T00:07:50","modified_gmt":"2023-07-24T00:07:50","slug":"demeyere-wok-26-cm","status":"publish","type":"product","link":"https:\/\/www.erresse-shop.it\/es\/shop\/sartenes-y-ollas\/wok-es\/demeyere-wok-26-cm\/","title":{"rendered":"DEMEYERE Wok 26 cm"},"content":{"rendered":"<p>En este wok Demeyere de base plana podr\u00e1 fre\u00edr, cocinar al vapor y cocinar delicados platos del Lejano Oriente. El material de 7 capas del wok de 26 cm permite que los alimentos del centro se calienten mucho, mientras que los de los lados permanecen m\u00e1s fr\u00edos, por lo que todos los alimentos se cocinan de manera uniforme cuando se saltean. Las verduras, la carne, el pescado y las aves de corral se preparan dorando, es decir, removiendo y girando los ingredientes en un poco de aceite. El interior y el exterior del wok est\u00e1n acabados con Silvinox\u00ae. Olv\u00eddese de las superficies descoloridas y del \u00f3xido. La base plana se puede utilizar en cualquier tipo de placa, incluidas las de inducci\u00f3n. La tecnolog\u00eda TriplInduc permite cambiar de fuente de energ\u00eda durante la cocci\u00f3n sin perder potencia. La conducci\u00f3n del calor es excelente, gracias al material multicapa de 2,3 mm de espesor. Con este wok de fondo plano de la gama de woks Demeyere podr\u00e1 preparar una gran variedad de deliciosos y aut\u00e9nticos platos asi\u00e1ticos que le trasladar\u00e1n a usted y a sus invitados al lejano Oriente.<\/p>\n<ul>\n<li>Acero inoxidable 18\/10 con Silvinox\u00ae: higi\u00e9nico y f\u00e1cil de limpiar<\/li>\n<li>Material de 7 capas hasta el borde (2,3 mm): perfecta distribuci\u00f3n del calor para cocinar las patatas fritas<\/li>\n<li>Asas de acero inoxidable soldadas: extremadamente robustas e higi\u00e9nicas<\/li>\n<li>Apto para el horno y todo tipo de placas, incluso las de inducci\u00f3n<\/li>\n<\/ul>\n<p><strong>Color:<\/strong> plateado<br \/>\n<strong>Material:<\/strong> acero inoxidable 18\/10<br \/>\n<strong>Tipo de mango:<\/strong> mango largo<br \/>\n<strong>Acabado de la superficie:<\/strong> silvinox<br \/>\n<strong>Tecnolog\u00eda de fondo:<\/strong> 7 capas<br \/>\n<strong>Tapa existente:<\/strong> no<br \/>\n<strong>Inducci\u00f3n:<\/strong> S\u00ed<br \/>\n<strong>Apto para horno:<\/strong> S\u00ed<br \/>\n<strong>Apto para asar:<\/strong> S\u00ed<br \/>\n<strong>A prueba de utensilios met\u00e1licos:<\/strong> S\u00ed<br \/>\n<strong>Apto para el lavavajillas:<\/strong> S\u00ed<\/p>\n","protected":false},"excerpt":{"rendered":"<p>En este wok Demeyere de base plana podr\u00e1 fre\u00edr, cocinar al vapor y cocinar delicados platos del Lejano Oriente. El<\/p>\n","protected":false},"featured_media":509450,"template":"","meta":{"_acf_changed":false,"inline_featured_image":false},"product_cat":[16058,16062],"product_tag":[25029,16162,23912,24399,25023,16239],"acf":[],"yoast_head":"<!-- This site is optimized with the Yoast SEO Premium plugin v18.6 (Yoast SEO v19.13) - https:\/\/yoast.com\/wordpress\/plugins\/seo\/ -->\n<title>DEMEYERE Wok 26 cm - Erresse Shop<\/title>\n<meta name=\"description\" content=\"En este wok Demeyere de base plana podr\u00e1 fre\u00edr, cocinar al vapor y cocinar delicados platos del Lejano Oriente. El material de 7 capas del wok de 26 cm\" \/>\n<meta name=\"robots\" content=\"index, follow, max-snippet:-1, max-image-preview:large, max-video-preview:-1\" \/>\n<link rel=\"canonical\" href=\"https:\/\/www.erresse-shop.it\/es\/shop\/sartenes-y-ollas\/wok-es\/demeyere-wok-26-cm\/\" \/>\n<meta property=\"og:locale\" content=\"es_ES\" \/>\n<meta property=\"og:type\" content=\"article\" \/>\n<meta property=\"og:title\" content=\"DEMEYERE Wok 26 cm\" \/>\n<meta property=\"og:description\" content=\"En este wok Demeyere de base plana podr\u00e1 fre\u00edr, cocinar al vapor y cocinar delicados platos del Lejano Oriente. El material de 7 capas del wok de 26 cm\" \/>\n<meta property=\"og:url\" content=\"https:\/\/www.erresse-shop.it\/es\/shop\/sartenes-y-ollas\/wok-es\/demeyere-wok-26-cm\/\" \/>\n<meta property=\"og:site_name\" content=\"Erresse Shop\" \/>\n<meta property=\"article:modified_time\" content=\"2023-07-24T00:07:50+00:00\" \/>\n<meta property=\"og:image\" content=\"https:\/\/www.erresse-shop.it\/wp-content\/uploads\/2022\/07\/DEMEYERE-Wok-26-cm.png\" \/>\n\t<meta property=\"og:image:width\" content=\"800\" \/>\n\t<meta property=\"og:image:height\" content=\"800\" \/>\n\t<meta property=\"og:image:type\" content=\"image\/png\" \/>\n<meta name=\"twitter:card\" content=\"summary_large_image\" \/>\n<script type=\"application\/ld+json\" class=\"yoast-schema-graph\">{\"@context\":\"https:\/\/schema.org\",\"@graph\":[{\"@type\":\"WebPage\",\"@id\":\"https:\/\/www.erresse-shop.it\/es\/shop\/sartenes-y-ollas\/wok-es\/demeyere-wok-26-cm\/\",\"url\":\"https:\/\/www.erresse-shop.it\/es\/shop\/sartenes-y-ollas\/wok-es\/demeyere-wok-26-cm\/\",\"name\":\"DEMEYERE Wok 26 cm - Erresse Shop\",\"isPartOf\":{\"@id\":\"https:\/\/www.erresse-shop.it\/es\/#website\"},\"datePublished\":\"2022-07-27T07:38:32+00:00\",\"dateModified\":\"2023-07-24T00:07:50+00:00\",\"description\":\"En este wok Demeyere de base plana podr\u00e1 fre\u00edr, cocinar al vapor y cocinar delicados platos del Lejano Oriente. El material de 7 capas del wok de 26 cm\",\"breadcrumb\":{\"@id\":\"https:\/\/www.erresse-shop.it\/es\/shop\/sartenes-y-ollas\/wok-es\/demeyere-wok-26-cm\/#breadcrumb\"},\"inLanguage\":\"es\",\"potentialAction\":[{\"@type\":\"ReadAction\",\"target\":[\"https:\/\/www.erresse-shop.it\/es\/shop\/sartenes-y-ollas\/wok-es\/demeyere-wok-26-cm\/\"]}]},{\"@type\":\"BreadcrumbList\",\"@id\":\"https:\/\/www.erresse-shop.it\/es\/shop\/sartenes-y-ollas\/wok-es\/demeyere-wok-26-cm\/#breadcrumb\",\"itemListElement\":[{\"@type\":\"ListItem\",\"position\":1,\"name\":\"Home\",\"item\":\"https:\/\/www.erresse-shop.it\/es\/\"},{\"@type\":\"ListItem\",\"position\":2,\"name\":\"Shop\",\"item\":\"https:\/\/www.erresse-shop.it\/es\/shop\/\"},{\"@type\":\"ListItem\",\"position\":3,\"name\":\"DEMEYERE Wok 26 cm\"}]},{\"@type\":\"WebSite\",\"@id\":\"https:\/\/www.erresse-shop.it\/es\/#website\",\"url\":\"https:\/\/www.erresse-shop.it\/es\/\",\"name\":\"Erresse Shop\",\"description\":\"Articoli di qualit\u00e0 per la casa\",\"potentialAction\":[{\"@type\":\"SearchAction\",\"target\":{\"@type\":\"EntryPoint\",\"urlTemplate\":\"https:\/\/www.erresse-shop.it\/es\/?s={search_term_string}\"},\"query-input\":\"required name=search_term_string\"}],\"inLanguage\":\"es\"}]}<\/script>\n<!-- \/ Yoast SEO Premium plugin. -->","yoast_head_json":{"title":"DEMEYERE Wok 26 cm - Erresse Shop","description":"En este wok Demeyere de base plana podr\u00e1 fre\u00edr, cocinar al vapor y cocinar delicados platos del Lejano Oriente. El material de 7 capas del wok de 26 cm","robots":{"index":"index","follow":"follow","max-snippet":"max-snippet:-1","max-image-preview":"max-image-preview:large","max-video-preview":"max-video-preview:-1"},"canonical":"https:\/\/www.erresse-shop.it\/es\/shop\/sartenes-y-ollas\/wok-es\/demeyere-wok-26-cm\/","og_locale":"es_ES","og_type":"article","og_title":"DEMEYERE Wok 26 cm","og_description":"En este wok Demeyere de base plana podr\u00e1 fre\u00edr, cocinar al vapor y cocinar delicados platos del Lejano Oriente. El material de 7 capas del wok de 26 cm","og_url":"https:\/\/www.erresse-shop.it\/es\/shop\/sartenes-y-ollas\/wok-es\/demeyere-wok-26-cm\/","og_site_name":"Erresse Shop","article_modified_time":"2023-07-24T00:07:50+00:00","og_image":[{"width":800,"height":800,"url":"https:\/\/www.erresse-shop.it\/wp-content\/uploads\/2022\/07\/DEMEYERE-Wok-26-cm.png","type":"image\/png"}],"twitter_card":"summary_large_image","schema":{"@context":"https:\/\/schema.org","@graph":[{"@type":"WebPage","@id":"https:\/\/www.erresse-shop.it\/es\/shop\/sartenes-y-ollas\/wok-es\/demeyere-wok-26-cm\/","url":"https:\/\/www.erresse-shop.it\/es\/shop\/sartenes-y-ollas\/wok-es\/demeyere-wok-26-cm\/","name":"DEMEYERE Wok 26 cm - Erresse Shop","isPartOf":{"@id":"https:\/\/www.erresse-shop.it\/es\/#website"},"datePublished":"2022-07-27T07:38:32+00:00","dateModified":"2023-07-24T00:07:50+00:00","description":"En este wok Demeyere de base plana podr\u00e1 fre\u00edr, cocinar al vapor y cocinar delicados platos del Lejano Oriente. El material de 7 capas del wok de 26 cm","breadcrumb":{"@id":"https:\/\/www.erresse-shop.it\/es\/shop\/sartenes-y-ollas\/wok-es\/demeyere-wok-26-cm\/#breadcrumb"},"inLanguage":"es","potentialAction":[{"@type":"ReadAction","target":["https:\/\/www.erresse-shop.it\/es\/shop\/sartenes-y-ollas\/wok-es\/demeyere-wok-26-cm\/"]}]},{"@type":"BreadcrumbList","@id":"https:\/\/www.erresse-shop.it\/es\/shop\/sartenes-y-ollas\/wok-es\/demeyere-wok-26-cm\/#breadcrumb","itemListElement":[{"@type":"ListItem","position":1,"name":"Home","item":"https:\/\/www.erresse-shop.it\/es\/"},{"@type":"ListItem","position":2,"name":"Shop","item":"https:\/\/www.erresse-shop.it\/es\/shop\/"},{"@type":"ListItem","position":3,"name":"DEMEYERE Wok 26 cm"}]},{"@type":"WebSite","@id":"https:\/\/www.erresse-shop.it\/es\/#website","url":"https:\/\/www.erresse-shop.it\/es\/","name":"Erresse Shop","description":"Articoli di qualit\u00e0 per la casa","potentialAction":[{"@type":"SearchAction","target":{"@type":"EntryPoint","urlTemplate":"https:\/\/www.erresse-shop.it\/es\/?s={search_term_string}"},"query-input":"required name=search_term_string"}],"inLanguage":"es"}]}},"df_price":149.95,"df_sale_price":149.95,"df_regular_price":199,"df_image_link":"https:\/\/www.erresse-shop.it\/wp-content\/uploads\/2022\/07\/DEMEYERE-Wok-26-cm-300x300.jpg","_links":{"self":[{"href":"https:\/\/www.erresse-shop.it\/es\/wp-json\/wp\/v2\/product\/172664"}],"collection":[{"href":"https:\/\/www.erresse-shop.it\/es\/wp-json\/wp\/v2\/product"}],"about":[{"href":"https:\/\/www.erresse-shop.it\/es\/wp-json\/wp\/v2\/types\/product"}],"wp:featuredmedia":[{"embeddable":true,"href":"https:\/\/www.erresse-shop.it\/es\/wp-json\/wp\/v2\/media\/509450"}],"wp:attachment":[{"href":"https:\/\/www.erresse-shop.it\/es\/wp-json\/wp\/v2\/media?parent=172664"}],"wp:term":[{"taxonomy":"product_cat","embeddable":true,"href":"https:\/\/www.erresse-shop.it\/es\/wp-json\/wp\/v2\/product_cat?post=172664"},{"taxonomy":"product_tag","embeddable":true,"href":"https:\/\/www.erresse-shop.it\/es\/wp-json\/wp\/v2\/product_tag?post=172664"}],"curies":[{"name":"wp","href":"https:\/\/api.w.org\/{rel}","templated":true}]}}