{"id":172419,"date":"2022-07-25T12:58:39","date_gmt":"2022-07-25T12:58:50","guid":{"rendered":"https:\/\/www.erresse-shop.it\/?post_type=product&#038;p=172419"},"modified":"2024-09-03T00:00:05","modified_gmt":"2024-09-03T00:00:05","slug":"zwilling-varilla-sous-vide-bolsas-de-vacio","status":"publish","type":"product","link":"https:\/\/www.erresse-shop.it\/es\/shop\/cocina\/vacio\/zwilling-varilla-sous-vide-bolsas-de-vacio\/","title":{"rendered":"ZWILLING Varilla Sous-Vide + Bolsas de vac\u00edo"},"content":{"rendered":"<p><strong>ATENCI\u00d3N: 9 bolsas de vac\u00edo de cortes\u00eda tama\u00f1o L (en la foto)<\/strong><\/p>\n<p>Con el accesorio Sous-Vide Stick ZWILLING ENFINIGY Sous-vide en blanco, la cocina sous-vide es realmente f\u00e1cil. La cocci\u00f3n sous-vide o cocci\u00f3n al vac\u00edo se refiere a la cocci\u00f3n en un ba\u00f1o de agua de carne o pescado cl\u00e1sicos, pero tambi\u00e9n de verduras o frutas. Todo est\u00e1 embalado de forma segura en una bolsa de vac\u00edo. Durante todo el per\u00edodo de cocci\u00f3n, se mantiene la temperatura de cocci\u00f3n \u00f3ptima para los alimentos respectivos, lo que permite una cocci\u00f3n particularmente suave y uniforme.<\/p>\n<p>El compacto y pr\u00e1ctico stick ZWILLING ENFINIGY Sous-vide no solo controla la temperatura del agua y el tiempo de cocci\u00f3n, sino que tambi\u00e9n es f\u00e1cil de usar: la temperatura y el tiempo de cocci\u00f3n deseados simplemente se configuran en la pantalla t\u00e1ctil LED. Gracias a los peque\u00f1os pasos de temperatura de 0.5 \u00b0 C y una precisi\u00f3n de +\/- 0.1 \u00b0 C &#8211; 0.2 \u00b0 C entre 40 &#8211; 70 \u00b0 C, puede ajustar la cocina sous vide con particular precisi\u00f3n.<\/p>\n<p>Puede dedicarse a otros trabajos en la cocina sin preocupaciones, la funci\u00f3n de temporizador vigila el tiempo de cocci\u00f3n. Al final de este tiempo, el Sous-vide Stick da una se\u00f1al ac\u00fastica y se detiene autom\u00e1ticamente. Y si quieres comer un poco m\u00e1s tarde o tus invitados llegan tarde, \u00a1no hay problema! Simplemente deje la comida en el ba\u00f1o de agua a la temperatura establecida. El punto de cocci\u00f3n no cambia m\u00e1s y sigue siendo perfecto. \u00a1Voil\u00e0, sous-vide es as\u00ed de simple!<\/p>\n<ul>\n<li>Pantalla t\u00e1ctil LED intuitiva con pantalla integrada para temperatura y temporizador<\/li>\n<li>Ajuste preciso de la temperatura de 0 \u00b0C a 90 \u00b0C\u00b0 en pasos de 0,5 \u00b0C<\/li>\n<li>Estabilidad a altas temperaturas de +\/- 0.1 \u00b0C &#8211; 0.2 \u00b0C en el rango de 40 \u00b0C &#8211; 70 \u00b0C<\/li>\n<li>Funci\u00f3n de temporizador de 0 a 99:59 horas cada uno en incrementos de 1 minuto \/ Se\u00f1al ac\u00fastica despu\u00e9s de que haya transcurrido el tiempo y el stick se detenga autom\u00e1ticamente<\/li>\n<li>1200 vatios para un calentamiento particularmente r\u00e1pido del agua<\/li>\n<li>Clip de retenci\u00f3n integrado para fijar olla o recipiente<\/li>\n<li>M\u00e1xima seguridad gracias a la certificaci\u00f3n IPX7<\/li>\n<li>Radiador de acero inoxidable con componente de pl\u00e1stico resistente al calor en la parte inferior para evitar ara\u00f1azos en la olla<\/li>\n<li>Longitud del cable 1,25 m<\/li>\n<li>Tambi\u00e9n incluye: bolsa de almacenamiento textil para almacenamiento a prueba de ara\u00f1azos.<\/li>\n<\/ul>\n<p><strong>Color:<\/strong> Blanco<br \/>\n<strong>Sustancia:<\/strong> Acero inoxidable<br \/>\n<strong>Voltaje:<\/strong> 220-240 V<br \/>\n<strong>Frecuencia:<\/strong> 50\/60 Hz<br \/>\n<strong>Programas:<\/strong> 3<br \/>\n<strong>Pantalla LCD:<\/strong> Si<br \/>\n<strong>Entrada de alimentaci\u00f3n:<\/strong> 1.200 W<\/p>\n","protected":false},"excerpt":{"rendered":"<p>ATENCI\u00d3N: 9 bolsas de vac\u00edo de cortes\u00eda tama\u00f1o L (en la foto) Con el accesorio Sous-Vide Stick ZWILLING ENFINIGY Sous-vide<\/p>\n","protected":false},"featured_media":172978,"template":"","meta":{"_acf_changed":false,"inline_featured_image":false},"product_cat":[16040,26044],"product_tag":[25039,16878,23912,23667,16877,23662,24417,21823,25023],"acf":[],"yoast_head":"<!-- This site is optimized with the Yoast SEO Premium plugin v18.6 (Yoast SEO v19.13) - https:\/\/yoast.com\/wordpress\/plugins\/seo\/ -->\n<title>ZWILLING Varilla Sous-Vide + Bolsas de vac\u00edo - Erresse Shop<\/title>\n<meta name=\"description\" content=\"ATENCI\u00d3N: 9 bolsas de vac\u00edo de cortes\u00eda tama\u00f1o L (en la foto) Con el accesorio Sous-Vide Stick ZWILLING ENFINIGY Sous-vide en blanco, la cocina sous-vide\" \/>\n<meta name=\"robots\" content=\"index, follow, max-snippet:-1, max-image-preview:large, max-video-preview:-1\" \/>\n<link rel=\"canonical\" href=\"https:\/\/www.erresse-shop.it\/es\/shop\/cocina\/vacio\/zwilling-varilla-sous-vide-bolsas-de-vacio\/\" \/>\n<meta property=\"og:locale\" content=\"es_ES\" \/>\n<meta property=\"og:type\" content=\"article\" \/>\n<meta property=\"og:title\" content=\"ZWILLING Varilla Sous-Vide + Bolsas de vac\u00edo\" \/>\n<meta property=\"og:description\" content=\"ATENCI\u00d3N: 9 bolsas de vac\u00edo de cortes\u00eda tama\u00f1o L (en la foto) Con el accesorio Sous-Vide Stick ZWILLING ENFINIGY Sous-vide en blanco, la cocina sous-vide\" \/>\n<meta property=\"og:url\" content=\"https:\/\/www.erresse-shop.it\/es\/shop\/cocina\/vacio\/zwilling-varilla-sous-vide-bolsas-de-vacio\/\" \/>\n<meta property=\"og:site_name\" content=\"Erresse Shop\" \/>\n<meta property=\"article:modified_time\" content=\"2024-09-03T00:00:05+00:00\" \/>\n<meta property=\"og:image\" content=\"https:\/\/www.erresse-shop.it\/wp-content\/uploads\/2022\/07\/ZWILLING-Set-Sacchetti-Sottovuoto-1.jpg\" \/>\n\t<meta property=\"og:image:width\" content=\"800\" \/>\n\t<meta property=\"og:image:height\" content=\"800\" \/>\n\t<meta property=\"og:image:type\" content=\"image\/jpeg\" \/>\n<meta name=\"twitter:card\" content=\"summary_large_image\" \/>\n<script type=\"application\/ld+json\" class=\"yoast-schema-graph\">{\"@context\":\"https:\/\/schema.org\",\"@graph\":[{\"@type\":\"WebPage\",\"@id\":\"https:\/\/www.erresse-shop.it\/es\/shop\/cocina\/vacio\/zwilling-varilla-sous-vide-bolsas-de-vacio\/\",\"url\":\"https:\/\/www.erresse-shop.it\/es\/shop\/cocina\/vacio\/zwilling-varilla-sous-vide-bolsas-de-vacio\/\",\"name\":\"ZWILLING Varilla Sous-Vide + Bolsas de vac\u00edo - Erresse Shop\",\"isPartOf\":{\"@id\":\"https:\/\/www.erresse-shop.it\/es\/#website\"},\"datePublished\":\"2022-07-25T12:58:50+00:00\",\"dateModified\":\"2024-09-03T00:00:05+00:00\",\"description\":\"ATENCI\u00d3N: 9 bolsas de vac\u00edo de cortes\u00eda tama\u00f1o L (en la foto) Con el accesorio Sous-Vide Stick ZWILLING ENFINIGY Sous-vide en blanco, la cocina sous-vide\",\"breadcrumb\":{\"@id\":\"https:\/\/www.erresse-shop.it\/es\/shop\/cocina\/vacio\/zwilling-varilla-sous-vide-bolsas-de-vacio\/#breadcrumb\"},\"inLanguage\":\"es\",\"potentialAction\":[{\"@type\":\"ReadAction\",\"target\":[\"https:\/\/www.erresse-shop.it\/es\/shop\/cocina\/vacio\/zwilling-varilla-sous-vide-bolsas-de-vacio\/\"]}]},{\"@type\":\"BreadcrumbList\",\"@id\":\"https:\/\/www.erresse-shop.it\/es\/shop\/cocina\/vacio\/zwilling-varilla-sous-vide-bolsas-de-vacio\/#breadcrumb\",\"itemListElement\":[{\"@type\":\"ListItem\",\"position\":1,\"name\":\"Home\",\"item\":\"https:\/\/www.erresse-shop.it\/es\/\"},{\"@type\":\"ListItem\",\"position\":2,\"name\":\"Shop\",\"item\":\"https:\/\/www.erresse-shop.it\/es\/shop\/\"},{\"@type\":\"ListItem\",\"position\":3,\"name\":\"ZWILLING Varilla Sous-Vide + Bolsas de vac\u00edo\"}]},{\"@type\":\"WebSite\",\"@id\":\"https:\/\/www.erresse-shop.it\/es\/#website\",\"url\":\"https:\/\/www.erresse-shop.it\/es\/\",\"name\":\"Erresse Shop\",\"description\":\"Articoli di qualit\u00e0 per la casa\",\"potentialAction\":[{\"@type\":\"SearchAction\",\"target\":{\"@type\":\"EntryPoint\",\"urlTemplate\":\"https:\/\/www.erresse-shop.it\/es\/?s={search_term_string}\"},\"query-input\":\"required name=search_term_string\"}],\"inLanguage\":\"es\"}]}<\/script>\n<!-- \/ Yoast SEO Premium plugin. -->","yoast_head_json":{"title":"ZWILLING Varilla Sous-Vide + Bolsas de vac\u00edo - Erresse Shop","description":"ATENCI\u00d3N: 9 bolsas de vac\u00edo de cortes\u00eda tama\u00f1o L (en la foto) Con el accesorio Sous-Vide Stick ZWILLING ENFINIGY Sous-vide en blanco, la cocina sous-vide","robots":{"index":"index","follow":"follow","max-snippet":"max-snippet:-1","max-image-preview":"max-image-preview:large","max-video-preview":"max-video-preview:-1"},"canonical":"https:\/\/www.erresse-shop.it\/es\/shop\/cocina\/vacio\/zwilling-varilla-sous-vide-bolsas-de-vacio\/","og_locale":"es_ES","og_type":"article","og_title":"ZWILLING Varilla Sous-Vide + Bolsas de vac\u00edo","og_description":"ATENCI\u00d3N: 9 bolsas de vac\u00edo de cortes\u00eda tama\u00f1o L (en la foto) Con el accesorio Sous-Vide Stick ZWILLING ENFINIGY Sous-vide en blanco, la cocina sous-vide","og_url":"https:\/\/www.erresse-shop.it\/es\/shop\/cocina\/vacio\/zwilling-varilla-sous-vide-bolsas-de-vacio\/","og_site_name":"Erresse Shop","article_modified_time":"2024-09-03T00:00:05+00:00","og_image":[{"width":800,"height":800,"url":"https:\/\/www.erresse-shop.it\/wp-content\/uploads\/2022\/07\/ZWILLING-Set-Sacchetti-Sottovuoto-1.jpg","type":"image\/jpeg"}],"twitter_card":"summary_large_image","schema":{"@context":"https:\/\/schema.org","@graph":[{"@type":"WebPage","@id":"https:\/\/www.erresse-shop.it\/es\/shop\/cocina\/vacio\/zwilling-varilla-sous-vide-bolsas-de-vacio\/","url":"https:\/\/www.erresse-shop.it\/es\/shop\/cocina\/vacio\/zwilling-varilla-sous-vide-bolsas-de-vacio\/","name":"ZWILLING Varilla Sous-Vide + Bolsas de vac\u00edo - Erresse Shop","isPartOf":{"@id":"https:\/\/www.erresse-shop.it\/es\/#website"},"datePublished":"2022-07-25T12:58:50+00:00","dateModified":"2024-09-03T00:00:05+00:00","description":"ATENCI\u00d3N: 9 bolsas de vac\u00edo de cortes\u00eda tama\u00f1o L (en la foto) Con el accesorio Sous-Vide Stick ZWILLING ENFINIGY Sous-vide en blanco, la cocina sous-vide","breadcrumb":{"@id":"https:\/\/www.erresse-shop.it\/es\/shop\/cocina\/vacio\/zwilling-varilla-sous-vide-bolsas-de-vacio\/#breadcrumb"},"inLanguage":"es","potentialAction":[{"@type":"ReadAction","target":["https:\/\/www.erresse-shop.it\/es\/shop\/cocina\/vacio\/zwilling-varilla-sous-vide-bolsas-de-vacio\/"]}]},{"@type":"BreadcrumbList","@id":"https:\/\/www.erresse-shop.it\/es\/shop\/cocina\/vacio\/zwilling-varilla-sous-vide-bolsas-de-vacio\/#breadcrumb","itemListElement":[{"@type":"ListItem","position":1,"name":"Home","item":"https:\/\/www.erresse-shop.it\/es\/"},{"@type":"ListItem","position":2,"name":"Shop","item":"https:\/\/www.erresse-shop.it\/es\/shop\/"},{"@type":"ListItem","position":3,"name":"ZWILLING Varilla Sous-Vide + Bolsas de vac\u00edo"}]},{"@type":"WebSite","@id":"https:\/\/www.erresse-shop.it\/es\/#website","url":"https:\/\/www.erresse-shop.it\/es\/","name":"Erresse Shop","description":"Articoli di qualit\u00e0 per la casa","potentialAction":[{"@type":"SearchAction","target":{"@type":"EntryPoint","urlTemplate":"https:\/\/www.erresse-shop.it\/es\/?s={search_term_string}"},"query-input":"required name=search_term_string"}],"inLanguage":"es"}]}},"df_price":64.5,"df_sale_price":64.5,"df_regular_price":129,"df_image_link":"https:\/\/www.erresse-shop.it\/wp-content\/uploads\/2022\/07\/ZWILLING-Set-Sacchetti-Sottovuoto-1-300x300.jpg","_links":{"self":[{"href":"https:\/\/www.erresse-shop.it\/es\/wp-json\/wp\/v2\/product\/172419"}],"collection":[{"href":"https:\/\/www.erresse-shop.it\/es\/wp-json\/wp\/v2\/product"}],"about":[{"href":"https:\/\/www.erresse-shop.it\/es\/wp-json\/wp\/v2\/types\/product"}],"wp:featuredmedia":[{"embeddable":true,"href":"https:\/\/www.erresse-shop.it\/es\/wp-json\/wp\/v2\/media\/172978"}],"wp:attachment":[{"href":"https:\/\/www.erresse-shop.it\/es\/wp-json\/wp\/v2\/media?parent=172419"}],"wp:term":[{"taxonomy":"product_cat","embeddable":true,"href":"https:\/\/www.erresse-shop.it\/es\/wp-json\/wp\/v2\/product_cat?post=172419"},{"taxonomy":"product_tag","embeddable":true,"href":"https:\/\/www.erresse-shop.it\/es\/wp-json\/wp\/v2\/product_tag?post=172419"}],"curies":[{"name":"wp","href":"https:\/\/api.w.org\/{rel}","templated":true}]}}