{"id":171760,"date":"2022-07-21T13:32:04","date_gmt":"2022-07-21T13:32:07","guid":{"rendered":"https:\/\/www.erresse-shop.it\/?post_type=product&#038;p=171760"},"modified":"2022-07-21T13:45:53","modified_gmt":"2022-07-21T13:45:53","slug":"seletti-lampara-led-grace","status":"publish","type":"product","link":"https:\/\/www.erresse-shop.it\/es\/shop\/mobiliario\/lamparas\/seletti-lampara-led-grace\/","title":{"rendered":"SELETTI L\u00e1mpara Led Grace"},"content":{"rendered":"<p>Un gui\u00f1o es un gesto muy representativo, un clic instant\u00e1neo con m\u00faltiples significados, lleno de energ\u00eda y que establece una conexi\u00f3n instant\u00e1nea entre dos personas.<\/p>\n<p>Grace es una Diosa que baja de su pedestal y mientras hace un globo con un chicle, nos gui\u00f1a un ojo y nos hace sentir un poco especiales.<\/p>\n<p>En detalle:<br \/>\nDise\u00f1ador: Uto Balmoral<br \/>\nMaterial: Resina<br \/>\nTama\u00f1o: cm 21&#215;32 h.36<\/p>\n","protected":false},"excerpt":{"rendered":"<p>Un gui\u00f1o es un gesto muy representativo, un clic instant\u00e1neo con m\u00faltiples significados, lleno de energ\u00eda y que establece una<\/p>\n","protected":false},"featured_media":171768,"template":"","meta":{"_acf_changed":false,"inline_featured_image":false},"product_cat":[16017,16016],"product_tag":[19973,16236,16237,18078],"acf":[],"yoast_head":"<!-- This site is optimized with the Yoast SEO Premium plugin v18.6 (Yoast SEO v19.13) - https:\/\/yoast.com\/wordpress\/plugins\/seo\/ -->\n<title>SELETTI L\u00e1mpara Led Grace - Erresse Shop<\/title>\n<meta name=\"description\" content=\"Un gui\u00f1o es un gesto muy representativo, un clic instant\u00e1neo con m\u00faltiples significados, lleno de energ\u00eda y que establece una conexi\u00f3n instant\u00e1nea entre\" \/>\n<meta name=\"robots\" content=\"index, follow, max-snippet:-1, max-image-preview:large, max-video-preview:-1\" \/>\n<link rel=\"canonical\" href=\"https:\/\/www.erresse-shop.it\/es\/shop\/mobiliario\/lamparas\/seletti-lampara-led-grace\/\" \/>\n<meta property=\"og:locale\" content=\"es_ES\" \/>\n<meta property=\"og:type\" content=\"article\" \/>\n<meta property=\"og:title\" content=\"SELETTI L\u00e1mpara Led Grace\" \/>\n<meta property=\"og:description\" content=\"Un gui\u00f1o es un gesto muy representativo, un clic instant\u00e1neo con m\u00faltiples significados, lleno de energ\u00eda y que establece una conexi\u00f3n instant\u00e1nea entre\" \/>\n<meta property=\"og:url\" content=\"https:\/\/www.erresse-shop.it\/es\/shop\/mobiliario\/lamparas\/seletti-lampara-led-grace\/\" \/>\n<meta property=\"og:site_name\" content=\"Erresse Shop\" \/>\n<meta property=\"article:modified_time\" content=\"2022-07-21T13:45:53+00:00\" \/>\n<meta property=\"og:image\" content=\"https:\/\/www.erresse-shop.it\/wp-content\/uploads\/2022\/07\/Seletti-lampada-in-resina-grace.jpg\" \/>\n\t<meta property=\"og:image:width\" content=\"800\" \/>\n\t<meta property=\"og:image:height\" content=\"800\" \/>\n\t<meta property=\"og:image:type\" content=\"image\/jpeg\" \/>\n<meta name=\"twitter:card\" content=\"summary_large_image\" \/>\n<script type=\"application\/ld+json\" class=\"yoast-schema-graph\">{\"@context\":\"https:\/\/schema.org\",\"@graph\":[{\"@type\":\"WebPage\",\"@id\":\"https:\/\/www.erresse-shop.it\/es\/shop\/mobiliario\/lamparas\/seletti-lampara-led-grace\/\",\"url\":\"https:\/\/www.erresse-shop.it\/es\/shop\/mobiliario\/lamparas\/seletti-lampara-led-grace\/\",\"name\":\"SELETTI L\u00e1mpara Led Grace - Erresse Shop\",\"isPartOf\":{\"@id\":\"https:\/\/www.erresse-shop.it\/es\/#website\"},\"datePublished\":\"2022-07-21T13:32:07+00:00\",\"dateModified\":\"2022-07-21T13:45:53+00:00\",\"description\":\"Un gui\u00f1o es un gesto muy representativo, un clic instant\u00e1neo con m\u00faltiples significados, lleno de energ\u00eda y que establece una conexi\u00f3n instant\u00e1nea entre\",\"breadcrumb\":{\"@id\":\"https:\/\/www.erresse-shop.it\/es\/shop\/mobiliario\/lamparas\/seletti-lampara-led-grace\/#breadcrumb\"},\"inLanguage\":\"es\",\"potentialAction\":[{\"@type\":\"ReadAction\",\"target\":[\"https:\/\/www.erresse-shop.it\/es\/shop\/mobiliario\/lamparas\/seletti-lampara-led-grace\/\"]}]},{\"@type\":\"BreadcrumbList\",\"@id\":\"https:\/\/www.erresse-shop.it\/es\/shop\/mobiliario\/lamparas\/seletti-lampara-led-grace\/#breadcrumb\",\"itemListElement\":[{\"@type\":\"ListItem\",\"position\":1,\"name\":\"Home\",\"item\":\"https:\/\/www.erresse-shop.it\/es\/\"},{\"@type\":\"ListItem\",\"position\":2,\"name\":\"Shop\",\"item\":\"https:\/\/www.erresse-shop.it\/es\/shop\/\"},{\"@type\":\"ListItem\",\"position\":3,\"name\":\"SELETTI L\u00e1mpara Led Grace\"}]},{\"@type\":\"WebSite\",\"@id\":\"https:\/\/www.erresse-shop.it\/es\/#website\",\"url\":\"https:\/\/www.erresse-shop.it\/es\/\",\"name\":\"Erresse Shop\",\"description\":\"Articoli di qualit\u00e0 per la casa\",\"potentialAction\":[{\"@type\":\"SearchAction\",\"target\":{\"@type\":\"EntryPoint\",\"urlTemplate\":\"https:\/\/www.erresse-shop.it\/es\/?s={search_term_string}\"},\"query-input\":\"required name=search_term_string\"}],\"inLanguage\":\"es\"}]}<\/script>\n<!-- \/ Yoast SEO Premium plugin. -->","yoast_head_json":{"title":"SELETTI L\u00e1mpara Led Grace - Erresse Shop","description":"Un gui\u00f1o es un gesto muy representativo, un clic instant\u00e1neo con m\u00faltiples significados, lleno de energ\u00eda y que establece una conexi\u00f3n instant\u00e1nea entre","robots":{"index":"index","follow":"follow","max-snippet":"max-snippet:-1","max-image-preview":"max-image-preview:large","max-video-preview":"max-video-preview:-1"},"canonical":"https:\/\/www.erresse-shop.it\/es\/shop\/mobiliario\/lamparas\/seletti-lampara-led-grace\/","og_locale":"es_ES","og_type":"article","og_title":"SELETTI L\u00e1mpara Led Grace","og_description":"Un gui\u00f1o es un gesto muy representativo, un clic instant\u00e1neo con m\u00faltiples significados, lleno de energ\u00eda y que establece una conexi\u00f3n instant\u00e1nea entre","og_url":"https:\/\/www.erresse-shop.it\/es\/shop\/mobiliario\/lamparas\/seletti-lampara-led-grace\/","og_site_name":"Erresse Shop","article_modified_time":"2022-07-21T13:45:53+00:00","og_image":[{"width":800,"height":800,"url":"https:\/\/www.erresse-shop.it\/wp-content\/uploads\/2022\/07\/Seletti-lampada-in-resina-grace.jpg","type":"image\/jpeg"}],"twitter_card":"summary_large_image","schema":{"@context":"https:\/\/schema.org","@graph":[{"@type":"WebPage","@id":"https:\/\/www.erresse-shop.it\/es\/shop\/mobiliario\/lamparas\/seletti-lampara-led-grace\/","url":"https:\/\/www.erresse-shop.it\/es\/shop\/mobiliario\/lamparas\/seletti-lampara-led-grace\/","name":"SELETTI L\u00e1mpara Led Grace - Erresse Shop","isPartOf":{"@id":"https:\/\/www.erresse-shop.it\/es\/#website"},"datePublished":"2022-07-21T13:32:07+00:00","dateModified":"2022-07-21T13:45:53+00:00","description":"Un gui\u00f1o es un gesto muy representativo, un clic instant\u00e1neo con m\u00faltiples significados, lleno de energ\u00eda y que establece una conexi\u00f3n instant\u00e1nea entre","breadcrumb":{"@id":"https:\/\/www.erresse-shop.it\/es\/shop\/mobiliario\/lamparas\/seletti-lampara-led-grace\/#breadcrumb"},"inLanguage":"es","potentialAction":[{"@type":"ReadAction","target":["https:\/\/www.erresse-shop.it\/es\/shop\/mobiliario\/lamparas\/seletti-lampara-led-grace\/"]}]},{"@type":"BreadcrumbList","@id":"https:\/\/www.erresse-shop.it\/es\/shop\/mobiliario\/lamparas\/seletti-lampara-led-grace\/#breadcrumb","itemListElement":[{"@type":"ListItem","position":1,"name":"Home","item":"https:\/\/www.erresse-shop.it\/es\/"},{"@type":"ListItem","position":2,"name":"Shop","item":"https:\/\/www.erresse-shop.it\/es\/shop\/"},{"@type":"ListItem","position":3,"name":"SELETTI L\u00e1mpara Led Grace"}]},{"@type":"WebSite","@id":"https:\/\/www.erresse-shop.it\/es\/#website","url":"https:\/\/www.erresse-shop.it\/es\/","name":"Erresse Shop","description":"Articoli di qualit\u00e0 per la casa","potentialAction":[{"@type":"SearchAction","target":{"@type":"EntryPoint","urlTemplate":"https:\/\/www.erresse-shop.it\/es\/?s={search_term_string}"},"query-input":"required name=search_term_string"}],"inLanguage":"es"}]}},"df_price":122.4,"df_sale_price":122.4,"df_regular_price":272,"df_image_link":"https:\/\/www.erresse-shop.it\/wp-content\/uploads\/2022\/07\/Seletti-lampada-in-resina-grace-300x300.jpg","_links":{"self":[{"href":"https:\/\/www.erresse-shop.it\/es\/wp-json\/wp\/v2\/product\/171760"}],"collection":[{"href":"https:\/\/www.erresse-shop.it\/es\/wp-json\/wp\/v2\/product"}],"about":[{"href":"https:\/\/www.erresse-shop.it\/es\/wp-json\/wp\/v2\/types\/product"}],"wp:featuredmedia":[{"embeddable":true,"href":"https:\/\/www.erresse-shop.it\/es\/wp-json\/wp\/v2\/media\/171768"}],"wp:attachment":[{"href":"https:\/\/www.erresse-shop.it\/es\/wp-json\/wp\/v2\/media?parent=171760"}],"wp:term":[{"taxonomy":"product_cat","embeddable":true,"href":"https:\/\/www.erresse-shop.it\/es\/wp-json\/wp\/v2\/product_cat?post=171760"},{"taxonomy":"product_tag","embeddable":true,"href":"https:\/\/www.erresse-shop.it\/es\/wp-json\/wp\/v2\/product_tag?post=171760"}],"curies":[{"name":"wp","href":"https:\/\/api.w.org\/{rel}","templated":true}]}}