{"id":171754,"date":"2022-07-21T13:29:45","date_gmt":"2022-07-21T13:29:47","guid":{"rendered":"https:\/\/www.erresse-shop.it\/?post_type=product&#038;p=171754"},"modified":"2022-07-21T13:38:48","modified_gmt":"2022-07-21T13:38:48","slug":"smeg-50s-style-mini-hervidor-azul","status":"publish","type":"product","link":"https:\/\/www.erresse-shop.it\/es\/shop\/pequenos-electrodomesticos\/hervidores-electricos\/smeg-50s-style-mini-hervidor-azul\/","title":{"rendered":"SMEG 50&#8217;s Style Mini Hervidor Azul"},"content":{"rendered":"<p><strong>ASPECTO ADORABLE Y COLORIDO<\/strong><br \/>\nCon su aspecto elegante y colorido, el mini hervidor Smeg KLF05 de la l\u00ednea 50 Style es un objeto ic\u00f3nico con un dise\u00f1o inconfundible de Raffaella Mangiarotti y Matteo Bazzicalupo (Deepdesign). Gracias a su tama\u00f1o compacto, es perfecto para decorar cualquier ambiente, incluso aquellos con espacios limitados.<\/p>\n<p><strong>ALMA POP<\/strong><br \/>\nEl alma pop del hervidor KLF05 se refleja en la variedad de colores disponibles: colores pastel como el crema, el verde, el rosa y el azul y tonos atrevidos como el rojo, el negro y el blanco, que realzan la base cromada y los detalles de acero inoxidable del surtidor y los botones de encendido y apagado.<\/p>\n<p><strong>UNA PEQUE\u00d1A PAUSA CON ESTILO<\/strong><br \/>\nCon una potencia de 1400 vatios y una capacidad de 0,8 litros, el mini hervidor de Smeg minimiza el desperdicio de agua. Es adecuado para diversos entornos como la oficina en casa y el sal\u00f3n, y tambi\u00e9n puede dar un aspecto fresco a las habitaciones de los hoteles. La doble capa interna de acero inoxidable mantiene la temperatura del agua durante m\u00e1s tiempo, mientras que la pared externa de pl\u00e1stico es m\u00e1s fr\u00eda al tacto.<\/p>\n<p><strong>F\u00c1CIL Y SEGURO<\/strong><br \/>\nSmeg no renuncia a la comodidad: la pr\u00e1ctica base con sujeci\u00f3n de 360 grados facilita el uso y los pies antideslizantes garantizan un soporte estable. Adem\u00e1s, la apertura manual con un \u00e1ngulo de 80 grados est\u00e1 dise\u00f1ada para poder llenar la jarra con facilidad.<br \/>\nR\u00e1pido y fiable, el mini hervidor Smeg KLF05 garantiza un uso seguro: se apaga autom\u00e1ticamente cuando alcanza el punto de ebullici\u00f3n, as\u00ed como en el caso de que el agua sea insuficiente o el cuerpo se separe de la base.<\/p>\n<p><strong>EST\u00c9TICA<\/strong><br \/>\n<strong>Color:<\/strong> Azul<br \/>\n<strong>Acabado:<\/strong> Brillante<br \/>\n<strong>Est\u00e9tica:<\/strong> 50&#8217;s Style<br \/>\n<strong>Color tapa:<\/strong> Azul<br \/>\n<strong>Base color:<\/strong> Cromo pulido<br \/>\n<strong>Color asa:<\/strong> Cromo<br \/>\n<strong>Color boquilla:<\/strong> Acero inox<br \/>\n<strong>Color del cable:<\/strong> Gris<br \/>\n<strong>Internal body material:<\/strong> Acero Inoxidable<br \/>\n<strong>Material del cuerpo:<\/strong> Pl\u00e1stico<br \/>\n<strong>Base material:<\/strong> Pl\u00e1stico<br \/>\n<strong>Material tapa:<\/strong> Pl\u00e1stico<br \/>\n<strong>Material del asa:<\/strong> Pl\u00e1stico<br \/>\n<strong>Material boquilla:<\/strong> Acero Inoxidable<br \/>\n<strong>Tipo de logo:<\/strong> Aplicado<\/p>\n<p><strong>MANDOS<\/strong><br \/>\n<strong>Sistema de control:<\/strong> Palanca<br \/>\n<strong>Material palanca:<\/strong> Acero Inoxidable<\/p>\n<p><strong>CARACTER\u00cdSTICAS T\u00c9CNICAS<\/strong><br \/>\n<strong>Indicador de nivel de agua:<\/strong> S\u00ed<br \/>\n<strong>Filter:<\/strong> S\u00ed<br \/>\n<strong>Material del filtro de cal:<\/strong> Acero Inoxidable<br \/>\n<strong>Apagado autom\u00e1tico:<\/strong> S\u00ed, a los 100\u00baC<br \/>\n<strong>Sistema de seguridad paro autom\u00e1tico:<\/strong> S\u00ed<br \/>\n<strong>Resistencia oculta:<\/strong> S\u00ed<br \/>\n<strong>Cable integrado:<\/strong> S\u00ed<br \/>\n<strong>Pies antideslizantes:<\/strong> S\u00ed<br \/>\n<strong>Base giratoria de 360\u00b0:<\/strong> S\u00ed<\/p>\n<p><strong>CONEXI\u00d3N EL\u00c9CTRICA<\/strong><br \/>\n<strong>Voltaje:<\/strong> 220-240 V<br \/>\n<strong>Frecuencia (Hz):<\/strong> 50\/60 Hz<br \/>\n<strong>Longitud del cable:<\/strong> 1 m<\/p>\n<p><span style=\"text-decoration: underline;\"><strong>No se puede vender fuera de Europa<\/strong><\/span><\/p>\n","protected":false},"excerpt":{"rendered":"<p>ASPECTO ADORABLE Y COLORIDO Con su aspecto elegante y colorido, el mini hervidor Smeg KLF05 de la l\u00ednea 50 Style<\/p>\n","protected":false},"featured_media":467596,"template":"","meta":{"_acf_changed":false,"inline_featured_image":false},"product_cat":[16074,16073],"product_tag":[25183,23912,16258,16307,19956,19957,25023],"acf":[],"yoast_head":"<!-- This site is optimized with the Yoast SEO Premium plugin v18.6 (Yoast SEO v19.13) - https:\/\/yoast.com\/wordpress\/plugins\/seo\/ -->\n<title>SMEG 50&#039;s Style Mini Hervidor Azul - Erresse Shop<\/title>\n<meta name=\"description\" content=\"ASPECTO ADORABLE Y COLORIDO Con su aspecto elegante y colorido, el mini hervidor Smeg KLF05 de la l\u00ednea 50 Style es un objeto ic\u00f3nico con un dise\u00f1o\" \/>\n<meta name=\"robots\" content=\"index, follow, max-snippet:-1, max-image-preview:large, max-video-preview:-1\" \/>\n<link rel=\"canonical\" href=\"https:\/\/www.erresse-shop.it\/es\/shop\/pequenos-electrodomesticos\/hervidores-electricos\/smeg-50s-style-mini-hervidor-azul\/\" \/>\n<meta property=\"og:locale\" content=\"es_ES\" \/>\n<meta property=\"og:type\" content=\"article\" \/>\n<meta property=\"og:title\" content=\"SMEG 50&#039;s Style Mini Hervidor Azul\" \/>\n<meta property=\"og:description\" content=\"ASPECTO ADORABLE Y COLORIDO Con su aspecto elegante y colorido, el mini hervidor Smeg KLF05 de la l\u00ednea 50 Style es un objeto ic\u00f3nico con un dise\u00f1o\" \/>\n<meta property=\"og:url\" content=\"https:\/\/www.erresse-shop.it\/es\/shop\/pequenos-electrodomesticos\/hervidores-electricos\/smeg-50s-style-mini-hervidor-azul\/\" \/>\n<meta property=\"og:site_name\" content=\"Erresse Shop\" \/>\n<meta property=\"article:modified_time\" content=\"2022-07-21T13:38:48+00:00\" \/>\n<meta property=\"og:image\" content=\"https:\/\/www.erresse-shop.it\/wp-content\/uploads\/2022\/07\/SMEG-Anni-50-Mini-Bollitore-Azzurro.png\" \/>\n\t<meta property=\"og:image:width\" content=\"800\" \/>\n\t<meta property=\"og:image:height\" content=\"800\" \/>\n\t<meta property=\"og:image:type\" content=\"image\/png\" \/>\n<meta name=\"twitter:card\" content=\"summary_large_image\" \/>\n<script type=\"application\/ld+json\" class=\"yoast-schema-graph\">{\"@context\":\"https:\/\/schema.org\",\"@graph\":[{\"@type\":\"WebPage\",\"@id\":\"https:\/\/www.erresse-shop.it\/es\/shop\/pequenos-electrodomesticos\/hervidores-electricos\/smeg-50s-style-mini-hervidor-azul\/\",\"url\":\"https:\/\/www.erresse-shop.it\/es\/shop\/pequenos-electrodomesticos\/hervidores-electricos\/smeg-50s-style-mini-hervidor-azul\/\",\"name\":\"SMEG 50's Style Mini Hervidor Azul - Erresse Shop\",\"isPartOf\":{\"@id\":\"https:\/\/www.erresse-shop.it\/es\/#website\"},\"datePublished\":\"2022-07-21T13:29:47+00:00\",\"dateModified\":\"2022-07-21T13:38:48+00:00\",\"description\":\"ASPECTO ADORABLE Y COLORIDO Con su aspecto elegante y colorido, el mini hervidor Smeg KLF05 de la l\u00ednea 50 Style es un objeto ic\u00f3nico con un dise\u00f1o\",\"breadcrumb\":{\"@id\":\"https:\/\/www.erresse-shop.it\/es\/shop\/pequenos-electrodomesticos\/hervidores-electricos\/smeg-50s-style-mini-hervidor-azul\/#breadcrumb\"},\"inLanguage\":\"es\",\"potentialAction\":[{\"@type\":\"ReadAction\",\"target\":[\"https:\/\/www.erresse-shop.it\/es\/shop\/pequenos-electrodomesticos\/hervidores-electricos\/smeg-50s-style-mini-hervidor-azul\/\"]}]},{\"@type\":\"BreadcrumbList\",\"@id\":\"https:\/\/www.erresse-shop.it\/es\/shop\/pequenos-electrodomesticos\/hervidores-electricos\/smeg-50s-style-mini-hervidor-azul\/#breadcrumb\",\"itemListElement\":[{\"@type\":\"ListItem\",\"position\":1,\"name\":\"Home\",\"item\":\"https:\/\/www.erresse-shop.it\/es\/\"},{\"@type\":\"ListItem\",\"position\":2,\"name\":\"Shop\",\"item\":\"https:\/\/www.erresse-shop.it\/es\/shop\/\"},{\"@type\":\"ListItem\",\"position\":3,\"name\":\"SMEG 50&#8217;s Style Mini Hervidor Azul\"}]},{\"@type\":\"WebSite\",\"@id\":\"https:\/\/www.erresse-shop.it\/es\/#website\",\"url\":\"https:\/\/www.erresse-shop.it\/es\/\",\"name\":\"Erresse Shop\",\"description\":\"Articoli di qualit\u00e0 per la casa\",\"potentialAction\":[{\"@type\":\"SearchAction\",\"target\":{\"@type\":\"EntryPoint\",\"urlTemplate\":\"https:\/\/www.erresse-shop.it\/es\/?s={search_term_string}\"},\"query-input\":\"required name=search_term_string\"}],\"inLanguage\":\"es\"}]}<\/script>\n<!-- \/ Yoast SEO Premium plugin. -->","yoast_head_json":{"title":"SMEG 50's Style Mini Hervidor Azul - Erresse Shop","description":"ASPECTO ADORABLE Y COLORIDO Con su aspecto elegante y colorido, el mini hervidor Smeg KLF05 de la l\u00ednea 50 Style es un objeto ic\u00f3nico con un dise\u00f1o","robots":{"index":"index","follow":"follow","max-snippet":"max-snippet:-1","max-image-preview":"max-image-preview:large","max-video-preview":"max-video-preview:-1"},"canonical":"https:\/\/www.erresse-shop.it\/es\/shop\/pequenos-electrodomesticos\/hervidores-electricos\/smeg-50s-style-mini-hervidor-azul\/","og_locale":"es_ES","og_type":"article","og_title":"SMEG 50's Style Mini Hervidor Azul","og_description":"ASPECTO ADORABLE Y COLORIDO Con su aspecto elegante y colorido, el mini hervidor Smeg KLF05 de la l\u00ednea 50 Style es un objeto ic\u00f3nico con un dise\u00f1o","og_url":"https:\/\/www.erresse-shop.it\/es\/shop\/pequenos-electrodomesticos\/hervidores-electricos\/smeg-50s-style-mini-hervidor-azul\/","og_site_name":"Erresse Shop","article_modified_time":"2022-07-21T13:38:48+00:00","og_image":[{"width":800,"height":800,"url":"https:\/\/www.erresse-shop.it\/wp-content\/uploads\/2022\/07\/SMEG-Anni-50-Mini-Bollitore-Azzurro.png","type":"image\/png"}],"twitter_card":"summary_large_image","schema":{"@context":"https:\/\/schema.org","@graph":[{"@type":"WebPage","@id":"https:\/\/www.erresse-shop.it\/es\/shop\/pequenos-electrodomesticos\/hervidores-electricos\/smeg-50s-style-mini-hervidor-azul\/","url":"https:\/\/www.erresse-shop.it\/es\/shop\/pequenos-electrodomesticos\/hervidores-electricos\/smeg-50s-style-mini-hervidor-azul\/","name":"SMEG 50's Style Mini Hervidor Azul - Erresse Shop","isPartOf":{"@id":"https:\/\/www.erresse-shop.it\/es\/#website"},"datePublished":"2022-07-21T13:29:47+00:00","dateModified":"2022-07-21T13:38:48+00:00","description":"ASPECTO ADORABLE Y COLORIDO Con su aspecto elegante y colorido, el mini hervidor Smeg KLF05 de la l\u00ednea 50 Style es un objeto ic\u00f3nico con un dise\u00f1o","breadcrumb":{"@id":"https:\/\/www.erresse-shop.it\/es\/shop\/pequenos-electrodomesticos\/hervidores-electricos\/smeg-50s-style-mini-hervidor-azul\/#breadcrumb"},"inLanguage":"es","potentialAction":[{"@type":"ReadAction","target":["https:\/\/www.erresse-shop.it\/es\/shop\/pequenos-electrodomesticos\/hervidores-electricos\/smeg-50s-style-mini-hervidor-azul\/"]}]},{"@type":"BreadcrumbList","@id":"https:\/\/www.erresse-shop.it\/es\/shop\/pequenos-electrodomesticos\/hervidores-electricos\/smeg-50s-style-mini-hervidor-azul\/#breadcrumb","itemListElement":[{"@type":"ListItem","position":1,"name":"Home","item":"https:\/\/www.erresse-shop.it\/es\/"},{"@type":"ListItem","position":2,"name":"Shop","item":"https:\/\/www.erresse-shop.it\/es\/shop\/"},{"@type":"ListItem","position":3,"name":"SMEG 50&#8217;s Style Mini Hervidor Azul"}]},{"@type":"WebSite","@id":"https:\/\/www.erresse-shop.it\/es\/#website","url":"https:\/\/www.erresse-shop.it\/es\/","name":"Erresse Shop","description":"Articoli di qualit\u00e0 per la casa","potentialAction":[{"@type":"SearchAction","target":{"@type":"EntryPoint","urlTemplate":"https:\/\/www.erresse-shop.it\/es\/?s={search_term_string}"},"query-input":"required name=search_term_string"}],"inLanguage":"es"}]}},"df_price":90.3,"df_sale_price":90.3,"df_regular_price":129,"df_image_link":"https:\/\/www.erresse-shop.it\/wp-content\/uploads\/2022\/07\/SMEG-Anni-50-Mini-Bollitore-Azzurro-300x300.jpg","_links":{"self":[{"href":"https:\/\/www.erresse-shop.it\/es\/wp-json\/wp\/v2\/product\/171754"}],"collection":[{"href":"https:\/\/www.erresse-shop.it\/es\/wp-json\/wp\/v2\/product"}],"about":[{"href":"https:\/\/www.erresse-shop.it\/es\/wp-json\/wp\/v2\/types\/product"}],"wp:featuredmedia":[{"embeddable":true,"href":"https:\/\/www.erresse-shop.it\/es\/wp-json\/wp\/v2\/media\/467596"}],"wp:attachment":[{"href":"https:\/\/www.erresse-shop.it\/es\/wp-json\/wp\/v2\/media?parent=171754"}],"wp:term":[{"taxonomy":"product_cat","embeddable":true,"href":"https:\/\/www.erresse-shop.it\/es\/wp-json\/wp\/v2\/product_cat?post=171754"},{"taxonomy":"product_tag","embeddable":true,"href":"https:\/\/www.erresse-shop.it\/es\/wp-json\/wp\/v2\/product_tag?post=171754"}],"curies":[{"name":"wp","href":"https:\/\/api.w.org\/{rel}","templated":true}]}}