{"id":171512,"date":"2022-07-20T13:03:45","date_gmt":"2022-07-20T13:03:45","guid":{"rendered":"https:\/\/www.erresse-shop.it\/shop\/sin categor\u00eda\/smeg-dolce-e-gabbana-batidora-de-vaso\/"},"modified":"2022-09-29T19:38:50","modified_gmt":"2022-09-29T19:38:50","slug":"smeg-dolce-e-gabbana-batidora-de-vaso","status":"publish","type":"product","link":"https:\/\/www.erresse-shop.it\/es\/shop\/pequenos-electrodomesticos\/licuadoras\/smeg-dolce-e-gabbana-batidora-de-vaso\/","title":{"rendered":"SMEG Dolce e Gabbana Batidora de Vaso"},"content":{"rendered":"<p><strong>LA COLECCI\u00d3N SICILY IS MY LOVE<\/strong><br \/>\nLa colecci\u00f3n Sicily is my Love se enriquece con nuevas piezas realizadas a escala industrial, a trav\u00e9s de un proceso de reproducci\u00f3n de prototipos pintados a mano creados por maestros artesanos y artistas sicilianos.<\/p>\n<p><strong>EST\u00c9TICA<\/strong><br \/>\n<strong>Color:<\/strong> Decorado \/ Especial<br \/>\n<strong>Decoraci\u00f3n\/Color especial:<\/strong> Sicily is my love<br \/>\n<strong>Acabado:<\/strong> Brillante<br \/>\n<strong>Gama:<\/strong> Sicily is my love<br \/>\n<strong>Colaboraciones:<\/strong> Smeg &amp; Dolce&amp;Gabbana<br \/>\n<strong>Material del cuerpo:<\/strong> Aluminio fundido<br \/>\n<strong>Material tapa:<\/strong> BPA-free plastic<br \/>\n<strong>Material jarra:<\/strong> BPA-free plastic<br \/>\n<strong>Color asa:<\/strong> Interior cepillado\/Exterior gris<br \/>\n<strong>Material asa:<\/strong> BPA-free plastic<br \/>\n<strong>Material cuello:<\/strong> Pl\u00e1stico<br \/>\n<strong>Color cuello:<\/strong> Cromo pulido<br \/>\n<strong>Color base:<\/strong> Cromo pulido<br \/>\n<strong>Material base:<\/strong> Pl\u00e1stico<br \/>\n<strong>Color cable:<\/strong> Gris<\/p>\n<p><strong>PROGRAMAS\/FUNCIONES<\/strong><br \/>\n<strong>Velocidades:<\/strong> 4<br \/>\n<strong>Funci\u00f3n Pulse:<\/strong> S\u00ed<br \/>\n<strong>Funci\u00f3n smoothie:<\/strong> S\u00ed<br \/>\n<strong>Funci\u00f3n Ice Crush:<\/strong> S\u00ed<\/p>\n<p><strong>MANDOS<\/strong><br \/>\n<strong>Tipo de controles:<\/strong> Botonera y mandos<br \/>\n<strong>Material mandos de control:<\/strong> Pl\u00e1stico<br \/>\n<strong>Material botones:<\/strong> Pl\u00e1stico<\/p>\n<p><strong>CARACTER\u00cdSTICAS T\u00c9CNICAS<\/strong><br \/>\n<strong>Protecci\u00f3n de sobrecarga del motor:<\/strong> S\u00ed<br \/>\n<strong>Bloqueo motor de seguridad:<\/strong> S\u00ed<br \/>\n<strong>Motor con funci\u00f3n de inicio suave:<\/strong> S\u00ed<br \/>\n<strong>Borde doble extra\u00edble:<\/strong> S\u00ed<br \/>\n<strong>Material cuchilla extra\u00edble:<\/strong> Acero Inoxidable<br \/>\n<strong>Taza\/tapa de medir:<\/strong> S\u00ed<br \/>\n<strong>Max vueltas\/min:<\/strong> 18000 giri\/min<br \/>\n<strong>Base antideslizante:<\/strong> S\u00ed<br \/>\n<strong>Cable integrado:<\/strong> S\u00ed<\/p>\n<p><strong>CONEXI\u00d3N EL\u00c9CTRICA<\/strong><br \/>\n<strong>Voltaje:<\/strong> 220-240 V<br \/>\n<strong>Frecuencia (Hz):<\/strong> 50 Hz<br \/>\n<strong>Potencia:<\/strong> 800 W<br \/>\n<strong>Longitud del cable:<\/strong> 1 m<\/p>\n<p><span style=\"text-decoration: underline;\"><strong>No se puede vender fuera de Europa<\/strong><\/span><\/p>\n","protected":false},"excerpt":{"rendered":"<p>LA COLECCI\u00d3N SICILY IS MY LOVE La colecci\u00f3n Sicily is my Love se enriquece con nuevas piezas realizadas a escala<\/p>\n","protected":false},"featured_media":460225,"template":"","meta":{"_acf_changed":false,"inline_featured_image":false},"product_cat":[16075,16073],"product_tag":[25183,16554,16843,16658,24682,16307,19969,25023],"acf":[],"yoast_head":"<!-- This site is optimized with the Yoast SEO Premium plugin v18.6 (Yoast SEO v19.13) - https:\/\/yoast.com\/wordpress\/plugins\/seo\/ -->\n<title>SMEG Dolce e Gabbana Batidora de Vaso - Erresse Shop<\/title>\n<meta name=\"description\" content=\"LA COLECCI\u00d3N SICILY IS MY LOVE La colecci\u00f3n Sicily is my Love se enriquece con nuevas piezas realizadas a escala industrial, a trav\u00e9s de un proceso de\" \/>\n<meta name=\"robots\" content=\"index, follow, max-snippet:-1, max-image-preview:large, max-video-preview:-1\" \/>\n<link rel=\"canonical\" href=\"https:\/\/www.erresse-shop.it\/es\/shop\/pequenos-electrodomesticos\/licuadoras\/smeg-dolce-e-gabbana-batidora-de-vaso\/\" \/>\n<meta property=\"og:locale\" content=\"es_ES\" \/>\n<meta property=\"og:type\" content=\"article\" \/>\n<meta property=\"og:title\" content=\"SMEG Dolce e Gabbana Batidora de Vaso\" \/>\n<meta property=\"og:description\" content=\"LA COLECCI\u00d3N SICILY IS MY LOVE La colecci\u00f3n Sicily is my Love se enriquece con nuevas piezas realizadas a escala industrial, a trav\u00e9s de un proceso de\" \/>\n<meta property=\"og:url\" content=\"https:\/\/www.erresse-shop.it\/es\/shop\/pequenos-electrodomesticos\/licuadoras\/smeg-dolce-e-gabbana-batidora-de-vaso\/\" \/>\n<meta property=\"og:site_name\" content=\"Erresse Shop\" \/>\n<meta property=\"article:modified_time\" content=\"2022-09-29T19:38:50+00:00\" \/>\n<meta property=\"og:image\" content=\"https:\/\/www.erresse-shop.it\/wp-content\/uploads\/2022\/07\/SMEG-Dolce-e-Gabbana-Frullatore.png\" \/>\n\t<meta property=\"og:image:width\" content=\"800\" \/>\n\t<meta property=\"og:image:height\" content=\"800\" \/>\n\t<meta property=\"og:image:type\" content=\"image\/png\" \/>\n<meta name=\"twitter:card\" content=\"summary_large_image\" \/>\n<script type=\"application\/ld+json\" class=\"yoast-schema-graph\">{\"@context\":\"https:\/\/schema.org\",\"@graph\":[{\"@type\":\"WebPage\",\"@id\":\"https:\/\/www.erresse-shop.it\/es\/shop\/pequenos-electrodomesticos\/licuadoras\/smeg-dolce-e-gabbana-batidora-de-vaso\/\",\"url\":\"https:\/\/www.erresse-shop.it\/es\/shop\/pequenos-electrodomesticos\/licuadoras\/smeg-dolce-e-gabbana-batidora-de-vaso\/\",\"name\":\"SMEG Dolce e Gabbana Batidora de Vaso - Erresse Shop\",\"isPartOf\":{\"@id\":\"https:\/\/www.erresse-shop.it\/es\/#website\"},\"datePublished\":\"2022-07-20T13:03:45+00:00\",\"dateModified\":\"2022-09-29T19:38:50+00:00\",\"description\":\"LA COLECCI\u00d3N SICILY IS MY LOVE La colecci\u00f3n Sicily is my Love se enriquece con nuevas piezas realizadas a escala industrial, a trav\u00e9s de un proceso de\",\"breadcrumb\":{\"@id\":\"https:\/\/www.erresse-shop.it\/es\/shop\/pequenos-electrodomesticos\/licuadoras\/smeg-dolce-e-gabbana-batidora-de-vaso\/#breadcrumb\"},\"inLanguage\":\"es\",\"potentialAction\":[{\"@type\":\"ReadAction\",\"target\":[\"https:\/\/www.erresse-shop.it\/es\/shop\/pequenos-electrodomesticos\/licuadoras\/smeg-dolce-e-gabbana-batidora-de-vaso\/\"]}]},{\"@type\":\"BreadcrumbList\",\"@id\":\"https:\/\/www.erresse-shop.it\/es\/shop\/pequenos-electrodomesticos\/licuadoras\/smeg-dolce-e-gabbana-batidora-de-vaso\/#breadcrumb\",\"itemListElement\":[{\"@type\":\"ListItem\",\"position\":1,\"name\":\"Home\",\"item\":\"https:\/\/www.erresse-shop.it\/es\/\"},{\"@type\":\"ListItem\",\"position\":2,\"name\":\"Shop\",\"item\":\"https:\/\/www.erresse-shop.it\/es\/shop\/\"},{\"@type\":\"ListItem\",\"position\":3,\"name\":\"SMEG Dolce e Gabbana Batidora de Vaso\"}]},{\"@type\":\"WebSite\",\"@id\":\"https:\/\/www.erresse-shop.it\/es\/#website\",\"url\":\"https:\/\/www.erresse-shop.it\/es\/\",\"name\":\"Erresse Shop\",\"description\":\"Articoli di qualit\u00e0 per la casa\",\"potentialAction\":[{\"@type\":\"SearchAction\",\"target\":{\"@type\":\"EntryPoint\",\"urlTemplate\":\"https:\/\/www.erresse-shop.it\/es\/?s={search_term_string}\"},\"query-input\":\"required name=search_term_string\"}],\"inLanguage\":\"es\"}]}<\/script>\n<!-- \/ Yoast SEO Premium plugin. -->","yoast_head_json":{"title":"SMEG Dolce e Gabbana Batidora de Vaso - Erresse Shop","description":"LA COLECCI\u00d3N SICILY IS MY LOVE La colecci\u00f3n Sicily is my Love se enriquece con nuevas piezas realizadas a escala industrial, a trav\u00e9s de un proceso de","robots":{"index":"index","follow":"follow","max-snippet":"max-snippet:-1","max-image-preview":"max-image-preview:large","max-video-preview":"max-video-preview:-1"},"canonical":"https:\/\/www.erresse-shop.it\/es\/shop\/pequenos-electrodomesticos\/licuadoras\/smeg-dolce-e-gabbana-batidora-de-vaso\/","og_locale":"es_ES","og_type":"article","og_title":"SMEG Dolce e Gabbana Batidora de Vaso","og_description":"LA COLECCI\u00d3N SICILY IS MY LOVE La colecci\u00f3n Sicily is my Love se enriquece con nuevas piezas realizadas a escala industrial, a trav\u00e9s de un proceso de","og_url":"https:\/\/www.erresse-shop.it\/es\/shop\/pequenos-electrodomesticos\/licuadoras\/smeg-dolce-e-gabbana-batidora-de-vaso\/","og_site_name":"Erresse Shop","article_modified_time":"2022-09-29T19:38:50+00:00","og_image":[{"width":800,"height":800,"url":"https:\/\/www.erresse-shop.it\/wp-content\/uploads\/2022\/07\/SMEG-Dolce-e-Gabbana-Frullatore.png","type":"image\/png"}],"twitter_card":"summary_large_image","schema":{"@context":"https:\/\/schema.org","@graph":[{"@type":"WebPage","@id":"https:\/\/www.erresse-shop.it\/es\/shop\/pequenos-electrodomesticos\/licuadoras\/smeg-dolce-e-gabbana-batidora-de-vaso\/","url":"https:\/\/www.erresse-shop.it\/es\/shop\/pequenos-electrodomesticos\/licuadoras\/smeg-dolce-e-gabbana-batidora-de-vaso\/","name":"SMEG Dolce e Gabbana Batidora de Vaso - Erresse Shop","isPartOf":{"@id":"https:\/\/www.erresse-shop.it\/es\/#website"},"datePublished":"2022-07-20T13:03:45+00:00","dateModified":"2022-09-29T19:38:50+00:00","description":"LA COLECCI\u00d3N SICILY IS MY LOVE La colecci\u00f3n Sicily is my Love se enriquece con nuevas piezas realizadas a escala industrial, a trav\u00e9s de un proceso de","breadcrumb":{"@id":"https:\/\/www.erresse-shop.it\/es\/shop\/pequenos-electrodomesticos\/licuadoras\/smeg-dolce-e-gabbana-batidora-de-vaso\/#breadcrumb"},"inLanguage":"es","potentialAction":[{"@type":"ReadAction","target":["https:\/\/www.erresse-shop.it\/es\/shop\/pequenos-electrodomesticos\/licuadoras\/smeg-dolce-e-gabbana-batidora-de-vaso\/"]}]},{"@type":"BreadcrumbList","@id":"https:\/\/www.erresse-shop.it\/es\/shop\/pequenos-electrodomesticos\/licuadoras\/smeg-dolce-e-gabbana-batidora-de-vaso\/#breadcrumb","itemListElement":[{"@type":"ListItem","position":1,"name":"Home","item":"https:\/\/www.erresse-shop.it\/es\/"},{"@type":"ListItem","position":2,"name":"Shop","item":"https:\/\/www.erresse-shop.it\/es\/shop\/"},{"@type":"ListItem","position":3,"name":"SMEG Dolce e Gabbana Batidora de Vaso"}]},{"@type":"WebSite","@id":"https:\/\/www.erresse-shop.it\/es\/#website","url":"https:\/\/www.erresse-shop.it\/es\/","name":"Erresse Shop","description":"Articoli di qualit\u00e0 per la casa","potentialAction":[{"@type":"SearchAction","target":{"@type":"EntryPoint","urlTemplate":"https:\/\/www.erresse-shop.it\/es\/?s={search_term_string}"},"query-input":"required name=search_term_string"}],"inLanguage":"es"}]}},"df_price":689,"df_sale_price":689,"df_regular_price":799.9,"df_image_link":"https:\/\/www.erresse-shop.it\/wp-content\/uploads\/2022\/07\/SMEG-Dolce-e-Gabbana-Frullatore-300x300.jpg","_links":{"self":[{"href":"https:\/\/www.erresse-shop.it\/es\/wp-json\/wp\/v2\/product\/171512"}],"collection":[{"href":"https:\/\/www.erresse-shop.it\/es\/wp-json\/wp\/v2\/product"}],"about":[{"href":"https:\/\/www.erresse-shop.it\/es\/wp-json\/wp\/v2\/types\/product"}],"wp:featuredmedia":[{"embeddable":true,"href":"https:\/\/www.erresse-shop.it\/es\/wp-json\/wp\/v2\/media\/460225"}],"wp:attachment":[{"href":"https:\/\/www.erresse-shop.it\/es\/wp-json\/wp\/v2\/media?parent=171512"}],"wp:term":[{"taxonomy":"product_cat","embeddable":true,"href":"https:\/\/www.erresse-shop.it\/es\/wp-json\/wp\/v2\/product_cat?post=171512"},{"taxonomy":"product_tag","embeddable":true,"href":"https:\/\/www.erresse-shop.it\/es\/wp-json\/wp\/v2\/product_tag?post=171512"}],"curies":[{"name":"wp","href":"https:\/\/api.w.org\/{rel}","templated":true}]}}