{"id":171464,"date":"2022-07-20T12:51:47","date_gmt":"2022-07-20T12:51:48","guid":{"rendered":"https:\/\/www.erresse-shop.it\/?post_type=product&#038;p=171464"},"modified":"2022-07-21T07:44:57","modified_gmt":"2022-07-21T07:44:57","slug":"smeg-dolce-e-gabbana-robot-de-cocina-smf03","status":"publish","type":"product","link":"https:\/\/www.erresse-shop.it\/es\/shop\/pequenos-electrodomesticos\/amasadores\/smeg-dolce-e-gabbana-robot-de-cocina-smf03\/","title":{"rendered":"SMEG Dolce e Gabbana Robot de Cocina SMF03"},"content":{"rendered":"<p><strong>EL ROBOT DE COCINA SICILY IS MY LOVE<\/strong><br \/>\nUna explosi\u00f3n de color y vivacidad: el amarillo dorado de los limones, el rojo intenso de las cerezas, el intenso color rojizo del cielo siciliano y el verde de los nopales. Los colores brillan de forma intensa, ingeniosamente yuxtapuestos en las decoraciones del carro que adornan la batidora de pie. Acentuando toda la composici\u00f3n hay delicados motivos florales que evocan el tema de la primavera.<\/p>\n<p><strong>LA COLECCI\u00d3N SICILY IS MY LOVE<\/strong><br \/>\nLa colecci\u00f3n Sicily is my Love se enriquece con nuevas piezas realizadas a escala industrial, a trav\u00e9s de un proceso de reproducci\u00f3n de prototipos pintados a mano creados por maestros artesanos y artistas sicilianos.<\/p>\n<p><strong>EST\u00c9TICA<\/strong><br \/>\n<strong>Color:<\/strong> Decorado \/ Especial<br \/>\n<strong>Decoraci\u00f3n\/Color especial:<\/strong> Sicily is my love<br \/>\n<strong>Acabado:<\/strong> Brillante<br \/>\n<strong>Est\u00e9tica:<\/strong> 50&#8217;s Style<br \/>\n<strong>Gama:<\/strong> Sicily is my love<br \/>\n<strong>Colaboraciones:<\/strong> Smeg &amp; Dolce&amp;Gabbana<br \/>\n<strong>Color de la cubierta frontal:<\/strong> Cromado<br \/>\n<strong>Material de cubierta frontal:<\/strong> Pl\u00e1stico<br \/>\n<strong>Material del cuerpo:<\/strong> Aluminio fundido a presi\u00f3n<br \/>\n<strong>Color base:<\/strong> Decorato \/ Speciale<br \/>\n<strong>Base material:<\/strong> Aluminio fundido a presi\u00f3n<br \/>\n<strong>Material Bol:<\/strong> Acero Inoxidable<\/p>\n<p><strong>PROGRAMAS\/FUNCIONES<\/strong><br \/>\n<strong>Velocidades:<\/strong> 10<br \/>\n<strong>Funci\u00f3n arranque suave:<\/strong> S\u00ed<\/p>\n<p><strong>MANDOS<\/strong><br \/>\n<strong>Controles:<\/strong> Palanca<br \/>\n<strong>Material palanca:<\/strong> Acero Inoxidable<\/p>\n<p><strong>CARACTER\u00cdSTICAS T\u00c9CNICAS<\/strong><br \/>\n<strong>Movimiento:<\/strong> Planetario<br \/>\n<strong>Control de velocidad:<\/strong> Electr\u00f3nico<br \/>\n<strong>Tipo motor:<\/strong> Direct drive<br \/>\n<strong>Potencia del motor:<\/strong> 800 W<br \/>\n<strong>Bloqueo de seguridad cuando la cabeza esta inclinada hacia arriba:<\/strong> S\u00ed<br \/>\n<strong>Protecci\u00f3n sobre carga motor:<\/strong> S\u00ed<br \/>\n<strong>Sistema para inclinaci\u00f3n de la cabeza:<\/strong> Bot\u00f3n<br \/>\n<strong>Instalaci\u00f3n accesorios opcionales:<\/strong> Frontal<br \/>\n<strong>Capacidad bol:<\/strong> 4,8 L<br \/>\n<strong>Asa del bol:<\/strong> S\u00ed<br \/>\n<strong>Base anti-deslizante:<\/strong> S\u00ed<br \/>\n<strong>Color cable:<\/strong> Gris<\/p>\n<p><strong>CAPACIDAD<\/strong><br \/>\n<strong>Max. claras de huevo:<\/strong> 12<br \/>\n<strong>Min, Claras de huevo:<\/strong> 3<br \/>\n<strong>Varillas para postres:<\/strong> 2,6 Kg<br \/>\n<strong>Capacidad Max. masa:<\/strong> 2.0 Kg<br \/>\n<strong>Masa para pasta con huevo:<\/strong> 500 g de masa total con 3 huevos (peso medio del huevo: 53-63 g)<br \/>\n<strong>Masa pan \/ pizza \/ masa de la pasta:<\/strong> 1,8 kg de masa total (m\u00e1x. 1,2 kg de harina)<br \/>\n<strong>Max. crema batida:<\/strong> 1 l<br \/>\n<strong>Crema Batida min:<\/strong> 100 ml<\/p>\n<p><strong>CONEXI\u00d3N EL\u00c9CTRICA<\/strong><br \/>\n<strong>Voltaje:<\/strong> 220-240 V<br \/>\n<strong>Frecuencia (Hz):<\/strong> 50 Hz<br \/>\n<strong>Longitud cable alimentaci\u00f3n:<\/strong> 1 m<\/p>\n<p><span style=\"text-decoration: underline;\"><strong>No se puede vender fuera de Europa<\/strong><\/span><\/p>\n","protected":false},"excerpt":{"rendered":"<p>EL ROBOT DE COCINA SICILY IS MY LOVE Una explosi\u00f3n de color y vivacidad: el amarillo dorado de los limones,<\/p>\n","protected":false},"featured_media":452028,"template":"","meta":{"_acf_changed":false,"inline_featured_image":false},"product_cat":[16082,16073],"product_tag":[24682,16307,19969],"acf":[],"yoast_head":"<!-- This site is optimized with the Yoast SEO Premium plugin v18.6 (Yoast SEO v19.13) - https:\/\/yoast.com\/wordpress\/plugins\/seo\/ -->\n<title>SMEG Dolce e Gabbana Robot de Cocina SMF03 - Erresse Shop<\/title>\n<meta name=\"description\" content=\"EL ROBOT DE COCINA SICILY IS MY LOVE Una explosi\u00f3n de color y vivacidad: el amarillo dorado de los limones, el rojo intenso de las cerezas, el intenso\" \/>\n<meta name=\"robots\" content=\"index, follow, max-snippet:-1, max-image-preview:large, max-video-preview:-1\" \/>\n<link rel=\"canonical\" href=\"https:\/\/www.erresse-shop.it\/es\/shop\/pequenos-electrodomesticos\/amasadores\/smeg-dolce-e-gabbana-robot-de-cocina-smf03\/\" \/>\n<meta property=\"og:locale\" content=\"es_ES\" \/>\n<meta property=\"og:type\" content=\"article\" \/>\n<meta property=\"og:title\" content=\"SMEG Dolce e Gabbana Robot de Cocina SMF03\" \/>\n<meta property=\"og:description\" content=\"EL ROBOT DE COCINA SICILY IS MY LOVE Una explosi\u00f3n de color y vivacidad: el amarillo dorado de los limones, el rojo intenso de las cerezas, el intenso\" \/>\n<meta property=\"og:url\" content=\"https:\/\/www.erresse-shop.it\/es\/shop\/pequenos-electrodomesticos\/amasadores\/smeg-dolce-e-gabbana-robot-de-cocina-smf03\/\" \/>\n<meta property=\"og:site_name\" content=\"Erresse Shop\" \/>\n<meta property=\"article:modified_time\" content=\"2022-07-21T07:44:57+00:00\" \/>\n<meta property=\"og:image\" content=\"https:\/\/www.erresse-shop.it\/wp-content\/uploads\/2022\/07\/SMEG-Dolce-e-Gabbana-Impastatrice-SMF03.png\" \/>\n\t<meta property=\"og:image:width\" content=\"800\" \/>\n\t<meta property=\"og:image:height\" content=\"800\" \/>\n\t<meta property=\"og:image:type\" content=\"image\/png\" \/>\n<meta name=\"twitter:card\" content=\"summary_large_image\" \/>\n<script type=\"application\/ld+json\" class=\"yoast-schema-graph\">{\"@context\":\"https:\/\/schema.org\",\"@graph\":[{\"@type\":\"WebPage\",\"@id\":\"https:\/\/www.erresse-shop.it\/es\/shop\/pequenos-electrodomesticos\/amasadores\/smeg-dolce-e-gabbana-robot-de-cocina-smf03\/\",\"url\":\"https:\/\/www.erresse-shop.it\/es\/shop\/pequenos-electrodomesticos\/amasadores\/smeg-dolce-e-gabbana-robot-de-cocina-smf03\/\",\"name\":\"SMEG Dolce e Gabbana Robot de Cocina SMF03 - Erresse Shop\",\"isPartOf\":{\"@id\":\"https:\/\/www.erresse-shop.it\/es\/#website\"},\"datePublished\":\"2022-07-20T12:51:48+00:00\",\"dateModified\":\"2022-07-21T07:44:57+00:00\",\"description\":\"EL ROBOT DE COCINA SICILY IS MY LOVE Una explosi\u00f3n de color y vivacidad: el amarillo dorado de los limones, el rojo intenso de las cerezas, el intenso\",\"breadcrumb\":{\"@id\":\"https:\/\/www.erresse-shop.it\/es\/shop\/pequenos-electrodomesticos\/amasadores\/smeg-dolce-e-gabbana-robot-de-cocina-smf03\/#breadcrumb\"},\"inLanguage\":\"es\",\"potentialAction\":[{\"@type\":\"ReadAction\",\"target\":[\"https:\/\/www.erresse-shop.it\/es\/shop\/pequenos-electrodomesticos\/amasadores\/smeg-dolce-e-gabbana-robot-de-cocina-smf03\/\"]}]},{\"@type\":\"BreadcrumbList\",\"@id\":\"https:\/\/www.erresse-shop.it\/es\/shop\/pequenos-electrodomesticos\/amasadores\/smeg-dolce-e-gabbana-robot-de-cocina-smf03\/#breadcrumb\",\"itemListElement\":[{\"@type\":\"ListItem\",\"position\":1,\"name\":\"Home\",\"item\":\"https:\/\/www.erresse-shop.it\/es\/\"},{\"@type\":\"ListItem\",\"position\":2,\"name\":\"Shop\",\"item\":\"https:\/\/www.erresse-shop.it\/es\/shop\/\"},{\"@type\":\"ListItem\",\"position\":3,\"name\":\"SMEG Dolce e Gabbana Robot de Cocina SMF03\"}]},{\"@type\":\"WebSite\",\"@id\":\"https:\/\/www.erresse-shop.it\/es\/#website\",\"url\":\"https:\/\/www.erresse-shop.it\/es\/\",\"name\":\"Erresse Shop\",\"description\":\"Articoli di qualit\u00e0 per la casa\",\"potentialAction\":[{\"@type\":\"SearchAction\",\"target\":{\"@type\":\"EntryPoint\",\"urlTemplate\":\"https:\/\/www.erresse-shop.it\/es\/?s={search_term_string}\"},\"query-input\":\"required name=search_term_string\"}],\"inLanguage\":\"es\"}]}<\/script>\n<!-- \/ Yoast SEO Premium plugin. -->","yoast_head_json":{"title":"SMEG Dolce e Gabbana Robot de Cocina SMF03 - Erresse Shop","description":"EL ROBOT DE COCINA SICILY IS MY LOVE Una explosi\u00f3n de color y vivacidad: el amarillo dorado de los limones, el rojo intenso de las cerezas, el intenso","robots":{"index":"index","follow":"follow","max-snippet":"max-snippet:-1","max-image-preview":"max-image-preview:large","max-video-preview":"max-video-preview:-1"},"canonical":"https:\/\/www.erresse-shop.it\/es\/shop\/pequenos-electrodomesticos\/amasadores\/smeg-dolce-e-gabbana-robot-de-cocina-smf03\/","og_locale":"es_ES","og_type":"article","og_title":"SMEG Dolce e Gabbana Robot de Cocina SMF03","og_description":"EL ROBOT DE COCINA SICILY IS MY LOVE Una explosi\u00f3n de color y vivacidad: el amarillo dorado de los limones, el rojo intenso de las cerezas, el intenso","og_url":"https:\/\/www.erresse-shop.it\/es\/shop\/pequenos-electrodomesticos\/amasadores\/smeg-dolce-e-gabbana-robot-de-cocina-smf03\/","og_site_name":"Erresse Shop","article_modified_time":"2022-07-21T07:44:57+00:00","og_image":[{"width":800,"height":800,"url":"https:\/\/www.erresse-shop.it\/wp-content\/uploads\/2022\/07\/SMEG-Dolce-e-Gabbana-Impastatrice-SMF03.png","type":"image\/png"}],"twitter_card":"summary_large_image","schema":{"@context":"https:\/\/schema.org","@graph":[{"@type":"WebPage","@id":"https:\/\/www.erresse-shop.it\/es\/shop\/pequenos-electrodomesticos\/amasadores\/smeg-dolce-e-gabbana-robot-de-cocina-smf03\/","url":"https:\/\/www.erresse-shop.it\/es\/shop\/pequenos-electrodomesticos\/amasadores\/smeg-dolce-e-gabbana-robot-de-cocina-smf03\/","name":"SMEG Dolce e Gabbana Robot de Cocina SMF03 - Erresse Shop","isPartOf":{"@id":"https:\/\/www.erresse-shop.it\/es\/#website"},"datePublished":"2022-07-20T12:51:48+00:00","dateModified":"2022-07-21T07:44:57+00:00","description":"EL ROBOT DE COCINA SICILY IS MY LOVE Una explosi\u00f3n de color y vivacidad: el amarillo dorado de los limones, el rojo intenso de las cerezas, el intenso","breadcrumb":{"@id":"https:\/\/www.erresse-shop.it\/es\/shop\/pequenos-electrodomesticos\/amasadores\/smeg-dolce-e-gabbana-robot-de-cocina-smf03\/#breadcrumb"},"inLanguage":"es","potentialAction":[{"@type":"ReadAction","target":["https:\/\/www.erresse-shop.it\/es\/shop\/pequenos-electrodomesticos\/amasadores\/smeg-dolce-e-gabbana-robot-de-cocina-smf03\/"]}]},{"@type":"BreadcrumbList","@id":"https:\/\/www.erresse-shop.it\/es\/shop\/pequenos-electrodomesticos\/amasadores\/smeg-dolce-e-gabbana-robot-de-cocina-smf03\/#breadcrumb","itemListElement":[{"@type":"ListItem","position":1,"name":"Home","item":"https:\/\/www.erresse-shop.it\/es\/"},{"@type":"ListItem","position":2,"name":"Shop","item":"https:\/\/www.erresse-shop.it\/es\/shop\/"},{"@type":"ListItem","position":3,"name":"SMEG Dolce e Gabbana Robot de Cocina SMF03"}]},{"@type":"WebSite","@id":"https:\/\/www.erresse-shop.it\/es\/#website","url":"https:\/\/www.erresse-shop.it\/es\/","name":"Erresse Shop","description":"Articoli di qualit\u00e0 per la casa","potentialAction":[{"@type":"SearchAction","target":{"@type":"EntryPoint","urlTemplate":"https:\/\/www.erresse-shop.it\/es\/?s={search_term_string}"},"query-input":"required name=search_term_string"}],"inLanguage":"es"}]}},"df_price":1119,"df_sale_price":1119,"df_regular_price":1299.9,"df_image_link":"https:\/\/www.erresse-shop.it\/wp-content\/uploads\/2022\/07\/SMEG-Dolce-e-Gabbana-Impastatrice-SMF03-300x300.jpg","_links":{"self":[{"href":"https:\/\/www.erresse-shop.it\/es\/wp-json\/wp\/v2\/product\/171464"}],"collection":[{"href":"https:\/\/www.erresse-shop.it\/es\/wp-json\/wp\/v2\/product"}],"about":[{"href":"https:\/\/www.erresse-shop.it\/es\/wp-json\/wp\/v2\/types\/product"}],"wp:featuredmedia":[{"embeddable":true,"href":"https:\/\/www.erresse-shop.it\/es\/wp-json\/wp\/v2\/media\/452028"}],"wp:attachment":[{"href":"https:\/\/www.erresse-shop.it\/es\/wp-json\/wp\/v2\/media?parent=171464"}],"wp:term":[{"taxonomy":"product_cat","embeddable":true,"href":"https:\/\/www.erresse-shop.it\/es\/wp-json\/wp\/v2\/product_cat?post=171464"},{"taxonomy":"product_tag","embeddable":true,"href":"https:\/\/www.erresse-shop.it\/es\/wp-json\/wp\/v2\/product_tag?post=171464"}],"curies":[{"name":"wp","href":"https:\/\/api.w.org\/{rel}","templated":true}]}}