{"id":171073,"date":"2022-07-19T07:55:36","date_gmt":"2022-07-19T07:55:37","guid":{"rendered":"https:\/\/www.erresse-shop.it\/?post_type=product&#038;p=171073"},"modified":"2022-07-19T09:56:35","modified_gmt":"2022-07-19T09:56:35","slug":"smeg-50s-style-amasadora-blanco","status":"publish","type":"product","link":"https:\/\/www.erresse-shop.it\/es\/shop\/pequenos-electrodomesticos\/amasadores\/smeg-50s-style-amasadora-blanco\/","title":{"rendered":"SMEG 50&#8217;s Style Amasadora Blanco"},"content":{"rendered":"<p>Serie SMEG 50s<\/p>\n<p>Objetos de encuentro simb\u00f3lico, iconos que transforman el espacio que ocupan, los nuevos peque\u00f1os de la l\u00ednea Anni &#8217;50s, dise\u00f1ados en colaboraci\u00f3n con Matteo Bazzicalupo y Raffaella Mangiarotti de deepdesign, evocan otros tiempos y dan forma a los lugares cotidianos, invirtiendo lo que ya existe o ha existido con un nuevo significado, como ocurre en el arte y la memoria.<br \/>\nProductos con formas redondeadas y compactas, son protagonistas de la cocina, dise\u00f1ados para quienes desean tener una experiencia de chef pero no s\u00f3lo. Para los que les gusta rodearse de objetos con un fuerte car\u00e1cter est\u00e9tico sin perder de vista las prestaciones de alta calidad.<\/p>\n<p>Producto premiado por los Good Design Awards 2014<br \/>\nProducto premiado con el iF Design Award 2015<\/p>\n<p>Potencia: 800 W<\/p>\n<p>EST\u00c9TICA<br \/>\nEst\u00e9tica: a\u00f1os 50<br \/>\nColor de la carrocer\u00eda: Blanco<br \/>\nColor de la cubierta frontal: Cromado<br \/>\nMaterial de la cubierta frontal: pl\u00e1stico<br \/>\nMaterial del cuerpo: aluminio fundido a presi\u00f3n<br \/>\nColor de la base: Blanco<br \/>\nMaterial de la base: aluminio fundido a presi\u00f3n<br \/>\nMaterial de la cubeta: Vidrio<br \/>\nTipo de logotipo: Aplicado<\/p>\n<p>CONTROLES<br \/>\nTipo de mando: Palanca<br \/>\nMaterial de la palanca: acero inoxidable<\/p>\n<p>PROGRAMAS \/ FUNCIONES<br \/>\nNiveles de velocidad: 10<br \/>\nFunci\u00f3n de arranque suave: S\u00ed<\/p>\n<p>CARACTER\u00cdSTICAS T\u00c9CNICAS<br \/>\nMovimiento: Planetario<br \/>\nControl de velocidad: Electr\u00f3nico<br \/>\nTipo de motor: Accionamiento directo<br \/>\nPotencia del motor: 800 W<br \/>\nSeguridad de bloqueo del motor: S\u00ed<br \/>\nProtecci\u00f3n contra sobrecarga del motor: S\u00ed<br \/>\nFijaci\u00f3n para accesorios opcionales: Frontal<br \/>\nModo de levantamiento de la cabeza: Bot\u00f3n<br \/>\nCapacidad de la cubeta: 4,8 L<br \/>\nAsa de la cubeta: S\u00ed<br \/>\nBase antideslizante: S\u00ed<br \/>\nColor del cable de alimentaci\u00f3n: Gris<\/p>\n<p>CAPACIDAD<br \/>\nM\u00e1ximo de claras de huevo: 12<br \/>\nClaras de huevo m\u00ednimas: 3<br \/>\nMezcla para tartas m\u00e1x.: 2,0 Kg.<br \/>\nMezcla para tartas m\u00e1x.: 2,6 Kg.<br \/>\nMasa de pan\/pizza: 1,8 kg de masa total (m\u00e1ximo 1,2 kg de harina)<br \/>\nMasa de huevo: 500 g de masa total con 3 huevos (mediana 53-63 g)<br \/>\nNata montada m\u00e1x:1 l<br \/>\nNata montada min: 100 ml<\/p>\n<p>CONEXI\u00d3N EL\u00c9CTRICA<br \/>\nTensi\u00f3n: 220-240 V<br \/>\nFrecuencia: 50 Hz<br \/>\nTipo de enchufe: Schuko<br \/>\nLongitud del cable: 1 m<\/p>\n<p>ACCESORIOS INCLUIDOS<br \/>\nBatidora con bordes flexibles: S\u00ed<br \/>\nBatidor de alambre: S\u00ed<br \/>\nBatidor plano: S\u00ed<br \/>\nGancho mezclador apto para el lavavajillas: S\u00ed<br \/>\nTaz\u00f3n: S\u00ed<\/p>\n<p>INFORMACI\u00d3N LOG\u00cdSTICA<br \/>\nDimensiones del producto: 378 (490 cabeza levantada) x 402 x 221 mm<br \/>\nPeso neto (kg): 11.000 kgPeso bruto (kg)13.420 kg<br \/>\nAnchura del producto embalado: 460 mm<br \/>\nProfundidad del producto envasado: 340 mmA<br \/>\nAltura del producto embalado: 460 mm<\/p>\n<p><span style=\"text-decoration: underline;\"><strong>No se vende fuera de Europa<\/strong><\/span><\/p>\n","protected":false},"excerpt":{"rendered":"<p>Serie SMEG 50s Objetos de encuentro simb\u00f3lico, iconos que transforman el espacio que ocupan, los nuevos peque\u00f1os de la l\u00ednea<\/p>\n","protected":false},"featured_media":507968,"template":"","meta":{"_acf_changed":false,"inline_featured_image":false},"product_cat":[16082,16073],"product_tag":[23912,16307,16279,19956,19877,19957],"acf":[],"yoast_head":"<!-- This site is optimized with the Yoast SEO Premium plugin v18.6 (Yoast SEO v19.13) - https:\/\/yoast.com\/wordpress\/plugins\/seo\/ -->\n<title>SMEG 50&#039;s Style Amasadora Blanco - Erresse Shop<\/title>\n<meta name=\"description\" content=\"Serie SMEG 50s Objetos de encuentro simb\u00f3lico, iconos que transforman el espacio que ocupan, los nuevos peque\u00f1os de la l\u00ednea Anni &#039;50s, dise\u00f1ados en\" \/>\n<meta name=\"robots\" content=\"index, follow, max-snippet:-1, max-image-preview:large, max-video-preview:-1\" \/>\n<link rel=\"canonical\" href=\"https:\/\/www.erresse-shop.it\/es\/shop\/pequenos-electrodomesticos\/amasadores\/smeg-50s-style-amasadora-blanco\/\" \/>\n<meta property=\"og:locale\" content=\"es_ES\" \/>\n<meta property=\"og:type\" content=\"article\" \/>\n<meta property=\"og:title\" content=\"SMEG 50&#039;s Style Amasadora Blanco\" \/>\n<meta property=\"og:description\" content=\"Serie SMEG 50s Objetos de encuentro simb\u00f3lico, iconos que transforman el espacio que ocupan, los nuevos peque\u00f1os de la l\u00ednea Anni &#039;50s, dise\u00f1ados en\" \/>\n<meta property=\"og:url\" content=\"https:\/\/www.erresse-shop.it\/es\/shop\/pequenos-electrodomesticos\/amasadores\/smeg-50s-style-amasadora-blanco\/\" \/>\n<meta property=\"og:site_name\" content=\"Erresse Shop\" \/>\n<meta property=\"article:modified_time\" content=\"2022-07-19T09:56:35+00:00\" \/>\n<meta property=\"og:image\" content=\"https:\/\/www.erresse-shop.it\/wp-content\/uploads\/2022\/07\/SMEG-Estetica-Anni-50-Impastatrice-SMF03-Bianco.png\" \/>\n\t<meta property=\"og:image:width\" content=\"800\" \/>\n\t<meta property=\"og:image:height\" content=\"800\" \/>\n\t<meta property=\"og:image:type\" content=\"image\/png\" \/>\n<meta name=\"twitter:card\" content=\"summary_large_image\" \/>\n<script type=\"application\/ld+json\" class=\"yoast-schema-graph\">{\"@context\":\"https:\/\/schema.org\",\"@graph\":[{\"@type\":\"WebPage\",\"@id\":\"https:\/\/www.erresse-shop.it\/es\/shop\/pequenos-electrodomesticos\/amasadores\/smeg-50s-style-amasadora-blanco\/\",\"url\":\"https:\/\/www.erresse-shop.it\/es\/shop\/pequenos-electrodomesticos\/amasadores\/smeg-50s-style-amasadora-blanco\/\",\"name\":\"SMEG 50's Style Amasadora Blanco - Erresse Shop\",\"isPartOf\":{\"@id\":\"https:\/\/www.erresse-shop.it\/es\/#website\"},\"datePublished\":\"2022-07-19T07:55:37+00:00\",\"dateModified\":\"2022-07-19T09:56:35+00:00\",\"description\":\"Serie SMEG 50s Objetos de encuentro simb\u00f3lico, iconos que transforman el espacio que ocupan, los nuevos peque\u00f1os de la l\u00ednea Anni '50s, dise\u00f1ados en\",\"breadcrumb\":{\"@id\":\"https:\/\/www.erresse-shop.it\/es\/shop\/pequenos-electrodomesticos\/amasadores\/smeg-50s-style-amasadora-blanco\/#breadcrumb\"},\"inLanguage\":\"es\",\"potentialAction\":[{\"@type\":\"ReadAction\",\"target\":[\"https:\/\/www.erresse-shop.it\/es\/shop\/pequenos-electrodomesticos\/amasadores\/smeg-50s-style-amasadora-blanco\/\"]}]},{\"@type\":\"BreadcrumbList\",\"@id\":\"https:\/\/www.erresse-shop.it\/es\/shop\/pequenos-electrodomesticos\/amasadores\/smeg-50s-style-amasadora-blanco\/#breadcrumb\",\"itemListElement\":[{\"@type\":\"ListItem\",\"position\":1,\"name\":\"Home\",\"item\":\"https:\/\/www.erresse-shop.it\/es\/\"},{\"@type\":\"ListItem\",\"position\":2,\"name\":\"Shop\",\"item\":\"https:\/\/www.erresse-shop.it\/es\/shop\/\"},{\"@type\":\"ListItem\",\"position\":3,\"name\":\"SMEG 50&#8217;s Style Amasadora Blanco\"}]},{\"@type\":\"WebSite\",\"@id\":\"https:\/\/www.erresse-shop.it\/es\/#website\",\"url\":\"https:\/\/www.erresse-shop.it\/es\/\",\"name\":\"Erresse Shop\",\"description\":\"Articoli di qualit\u00e0 per la casa\",\"potentialAction\":[{\"@type\":\"SearchAction\",\"target\":{\"@type\":\"EntryPoint\",\"urlTemplate\":\"https:\/\/www.erresse-shop.it\/es\/?s={search_term_string}\"},\"query-input\":\"required name=search_term_string\"}],\"inLanguage\":\"es\"}]}<\/script>\n<!-- \/ Yoast SEO Premium plugin. -->","yoast_head_json":{"title":"SMEG 50's Style Amasadora Blanco - Erresse Shop","description":"Serie SMEG 50s Objetos de encuentro simb\u00f3lico, iconos que transforman el espacio que ocupan, los nuevos peque\u00f1os de la l\u00ednea Anni '50s, dise\u00f1ados en","robots":{"index":"index","follow":"follow","max-snippet":"max-snippet:-1","max-image-preview":"max-image-preview:large","max-video-preview":"max-video-preview:-1"},"canonical":"https:\/\/www.erresse-shop.it\/es\/shop\/pequenos-electrodomesticos\/amasadores\/smeg-50s-style-amasadora-blanco\/","og_locale":"es_ES","og_type":"article","og_title":"SMEG 50's Style Amasadora Blanco","og_description":"Serie SMEG 50s Objetos de encuentro simb\u00f3lico, iconos que transforman el espacio que ocupan, los nuevos peque\u00f1os de la l\u00ednea Anni '50s, dise\u00f1ados en","og_url":"https:\/\/www.erresse-shop.it\/es\/shop\/pequenos-electrodomesticos\/amasadores\/smeg-50s-style-amasadora-blanco\/","og_site_name":"Erresse Shop","article_modified_time":"2022-07-19T09:56:35+00:00","og_image":[{"width":800,"height":800,"url":"https:\/\/www.erresse-shop.it\/wp-content\/uploads\/2022\/07\/SMEG-Estetica-Anni-50-Impastatrice-SMF03-Bianco.png","type":"image\/png"}],"twitter_card":"summary_large_image","schema":{"@context":"https:\/\/schema.org","@graph":[{"@type":"WebPage","@id":"https:\/\/www.erresse-shop.it\/es\/shop\/pequenos-electrodomesticos\/amasadores\/smeg-50s-style-amasadora-blanco\/","url":"https:\/\/www.erresse-shop.it\/es\/shop\/pequenos-electrodomesticos\/amasadores\/smeg-50s-style-amasadora-blanco\/","name":"SMEG 50's Style Amasadora Blanco - Erresse Shop","isPartOf":{"@id":"https:\/\/www.erresse-shop.it\/es\/#website"},"datePublished":"2022-07-19T07:55:37+00:00","dateModified":"2022-07-19T09:56:35+00:00","description":"Serie SMEG 50s Objetos de encuentro simb\u00f3lico, iconos que transforman el espacio que ocupan, los nuevos peque\u00f1os de la l\u00ednea Anni '50s, dise\u00f1ados en","breadcrumb":{"@id":"https:\/\/www.erresse-shop.it\/es\/shop\/pequenos-electrodomesticos\/amasadores\/smeg-50s-style-amasadora-blanco\/#breadcrumb"},"inLanguage":"es","potentialAction":[{"@type":"ReadAction","target":["https:\/\/www.erresse-shop.it\/es\/shop\/pequenos-electrodomesticos\/amasadores\/smeg-50s-style-amasadora-blanco\/"]}]},{"@type":"BreadcrumbList","@id":"https:\/\/www.erresse-shop.it\/es\/shop\/pequenos-electrodomesticos\/amasadores\/smeg-50s-style-amasadora-blanco\/#breadcrumb","itemListElement":[{"@type":"ListItem","position":1,"name":"Home","item":"https:\/\/www.erresse-shop.it\/es\/"},{"@type":"ListItem","position":2,"name":"Shop","item":"https:\/\/www.erresse-shop.it\/es\/shop\/"},{"@type":"ListItem","position":3,"name":"SMEG 50&#8217;s Style Amasadora Blanco"}]},{"@type":"WebSite","@id":"https:\/\/www.erresse-shop.it\/es\/#website","url":"https:\/\/www.erresse-shop.it\/es\/","name":"Erresse Shop","description":"Articoli di qualit\u00e0 per la casa","potentialAction":[{"@type":"SearchAction","target":{"@type":"EntryPoint","urlTemplate":"https:\/\/www.erresse-shop.it\/es\/?s={search_term_string}"},"query-input":"required name=search_term_string"}],"inLanguage":"es"}]}},"df_price":405.29999999999995,"df_sale_price":405.29999999999995,"df_regular_price":579,"df_image_link":"https:\/\/www.erresse-shop.it\/wp-content\/uploads\/2022\/07\/SMEG-Estetica-Anni-50-Impastatrice-SMF03-Bianco-300x300.jpg","_links":{"self":[{"href":"https:\/\/www.erresse-shop.it\/es\/wp-json\/wp\/v2\/product\/171073"}],"collection":[{"href":"https:\/\/www.erresse-shop.it\/es\/wp-json\/wp\/v2\/product"}],"about":[{"href":"https:\/\/www.erresse-shop.it\/es\/wp-json\/wp\/v2\/types\/product"}],"wp:featuredmedia":[{"embeddable":true,"href":"https:\/\/www.erresse-shop.it\/es\/wp-json\/wp\/v2\/media\/507968"}],"wp:attachment":[{"href":"https:\/\/www.erresse-shop.it\/es\/wp-json\/wp\/v2\/media?parent=171073"}],"wp:term":[{"taxonomy":"product_cat","embeddable":true,"href":"https:\/\/www.erresse-shop.it\/es\/wp-json\/wp\/v2\/product_cat?post=171073"},{"taxonomy":"product_tag","embeddable":true,"href":"https:\/\/www.erresse-shop.it\/es\/wp-json\/wp\/v2\/product_tag?post=171073"}],"curies":[{"name":"wp","href":"https:\/\/api.w.org\/{rel}","templated":true}]}}