{"id":170667,"date":"2020-12-10T11:47:10","date_gmt":"2020-12-10T11:47:10","guid":{"rendered":"https:\/\/www.erresse-shop.it\/shop\/sin%20categor\u00eda\/emile-henry-panera-grand-cru\/"},"modified":"2025-05-25T22:38:01","modified_gmt":"2025-05-25T22:38:01","slug":"emile-henry-panera-grand-cru","status":"publish","type":"product","link":"https:\/\/www.erresse-shop.it\/es\/shop\/sartenes-y-ollas\/cocina-de-pan\/emile-henry-panera-grand-cru\/","title":{"rendered":"EMILE HENRY Panera Grand Cru"},"content":{"rendered":"<p>Emile Henry fue fundada en 1850.<br \/>\nLa cer\u00e1mica de Emile Henry permite difundir gradualmente el calor durante la cocci\u00f3n de los alimentos a baja temperatura para mantener inalterados los sabores y aromas, as\u00ed como los elementos naturales presentes en los alimentos.<br \/>\nLa cocci\u00f3n saludable a baja temperatura de la cer\u00e1mica de Emile Henry mantiene los sabores, preserva las vitaminas y las cualidades nutricionales.<br \/>\nLos productos de Emile Henry se fabrican con componentes naturales: arcilla sin tratar para la mezcla, arena, agua filtrada y \u00f3xidos minerales naturales para los colores. Los productos de Emile Henry no contienen metales pesados \u200b\u200bperjudiciales para la salud: no contienen plomo, cadmio ni n\u00edquel.<br \/>\nLos productos Emile Henry son resistentes a los golpes y pueden usarse con grandes cambios de temperatura. Se pueden utilizar en el lavavajillas.<\/p>\n<p><strong>34 x 34 x 16,5 cm<\/strong><br \/>\n<strong>El aliado del buen pan casero<\/strong><br \/>\n<strong>La curva de su campana recrea exactamente la c\u00fapula de los hornos tradicionales.<\/strong><br \/>\n<strong>Garantiza que el pan tenga un buen nivel de humedad, fundamental durante la cocci\u00f3n.<\/strong><br \/>\n<strong>La cer\u00e1mica refractaria permite obtener una corteza perfecta y una miga firme y aireada<\/strong><\/p>\n<p>Francia. Garant\u00eda de 10 a\u00f1os.<\/p>\n","protected":false},"excerpt":{"rendered":"<p>Emile Henry fue fundada en 1850. La cer\u00e1mica de Emile Henry permite difundir gradualmente el calor durante la cocci\u00f3n de<\/p>\n","protected":false},"featured_media":170668,"template":"","meta":{"_acf_changed":false,"inline_featured_image":false},"product_cat":[26049,16058],"product_tag":[16467,16442,19944,16465],"acf":[],"yoast_head":"<!-- This site is optimized with the Yoast SEO Premium plugin v18.6 (Yoast SEO v19.13) - https:\/\/yoast.com\/wordpress\/plugins\/seo\/ -->\n<title>EMILE HENRY Panera Grand Cru - Erresse Shop<\/title>\n<meta name=\"description\" content=\"Emile Henry fue fundada en 1850. La cer\u00e1mica de Emile Henry permite difundir gradualmente el calor durante la cocci\u00f3n de los alimentos a baja temperatura\" \/>\n<meta name=\"robots\" content=\"index, follow, max-snippet:-1, max-image-preview:large, max-video-preview:-1\" \/>\n<link rel=\"canonical\" href=\"https:\/\/www.erresse-shop.it\/es\/shop\/sartenes-y-ollas\/cocina-de-pan\/emile-henry-panera-grand-cru\/\" \/>\n<meta property=\"og:locale\" content=\"es_ES\" \/>\n<meta property=\"og:type\" content=\"article\" \/>\n<meta property=\"og:title\" content=\"EMILE HENRY Panera Grand Cru\" \/>\n<meta property=\"og:description\" content=\"Emile Henry fue fundada en 1850. La cer\u00e1mica de Emile Henry permite difundir gradualmente el calor durante la cocci\u00f3n de los alimentos a baja temperatura\" \/>\n<meta property=\"og:url\" content=\"https:\/\/www.erresse-shop.it\/es\/shop\/sartenes-y-ollas\/cocina-de-pan\/emile-henry-panera-grand-cru\/\" \/>\n<meta property=\"og:site_name\" content=\"Erresse Shop\" \/>\n<meta property=\"article:modified_time\" content=\"2025-05-25T22:38:01+00:00\" \/>\n<meta property=\"og:image\" content=\"https:\/\/www.erresse-shop.it\/wp-content\/uploads\/2020\/12\/EH349508.jpg\" \/>\n\t<meta property=\"og:image:width\" content=\"1500\" \/>\n\t<meta property=\"og:image:height\" content=\"857\" \/>\n\t<meta property=\"og:image:type\" content=\"image\/jpeg\" \/>\n<meta name=\"twitter:card\" content=\"summary_large_image\" \/>\n<script type=\"application\/ld+json\" class=\"yoast-schema-graph\">{\"@context\":\"https:\/\/schema.org\",\"@graph\":[{\"@type\":\"WebPage\",\"@id\":\"https:\/\/www.erresse-shop.it\/es\/shop\/sartenes-y-ollas\/cocina-de-pan\/emile-henry-panera-grand-cru\/\",\"url\":\"https:\/\/www.erresse-shop.it\/es\/shop\/sartenes-y-ollas\/cocina-de-pan\/emile-henry-panera-grand-cru\/\",\"name\":\"EMILE HENRY Panera Grand Cru - Erresse Shop\",\"isPartOf\":{\"@id\":\"https:\/\/www.erresse-shop.it\/es\/#website\"},\"datePublished\":\"2020-12-10T11:47:10+00:00\",\"dateModified\":\"2025-05-25T22:38:01+00:00\",\"description\":\"Emile Henry fue fundada en 1850. La cer\u00e1mica de Emile Henry permite difundir gradualmente el calor durante la cocci\u00f3n de los alimentos a baja temperatura\",\"breadcrumb\":{\"@id\":\"https:\/\/www.erresse-shop.it\/es\/shop\/sartenes-y-ollas\/cocina-de-pan\/emile-henry-panera-grand-cru\/#breadcrumb\"},\"inLanguage\":\"es\",\"potentialAction\":[{\"@type\":\"ReadAction\",\"target\":[\"https:\/\/www.erresse-shop.it\/es\/shop\/sartenes-y-ollas\/cocina-de-pan\/emile-henry-panera-grand-cru\/\"]}]},{\"@type\":\"BreadcrumbList\",\"@id\":\"https:\/\/www.erresse-shop.it\/es\/shop\/sartenes-y-ollas\/cocina-de-pan\/emile-henry-panera-grand-cru\/#breadcrumb\",\"itemListElement\":[{\"@type\":\"ListItem\",\"position\":1,\"name\":\"Home\",\"item\":\"https:\/\/www.erresse-shop.it\/es\/\"},{\"@type\":\"ListItem\",\"position\":2,\"name\":\"Shop\",\"item\":\"https:\/\/www.erresse-shop.it\/es\/shop\/\"},{\"@type\":\"ListItem\",\"position\":3,\"name\":\"EMILE HENRY Panera Grand Cru\"}]},{\"@type\":\"WebSite\",\"@id\":\"https:\/\/www.erresse-shop.it\/es\/#website\",\"url\":\"https:\/\/www.erresse-shop.it\/es\/\",\"name\":\"Erresse Shop\",\"description\":\"Articoli di qualit\u00e0 per la casa\",\"potentialAction\":[{\"@type\":\"SearchAction\",\"target\":{\"@type\":\"EntryPoint\",\"urlTemplate\":\"https:\/\/www.erresse-shop.it\/es\/?s={search_term_string}\"},\"query-input\":\"required name=search_term_string\"}],\"inLanguage\":\"es\"}]}<\/script>\n<!-- \/ Yoast SEO Premium plugin. -->","yoast_head_json":{"title":"EMILE HENRY Panera Grand Cru - Erresse Shop","description":"Emile Henry fue fundada en 1850. La cer\u00e1mica de Emile Henry permite difundir gradualmente el calor durante la cocci\u00f3n de los alimentos a baja temperatura","robots":{"index":"index","follow":"follow","max-snippet":"max-snippet:-1","max-image-preview":"max-image-preview:large","max-video-preview":"max-video-preview:-1"},"canonical":"https:\/\/www.erresse-shop.it\/es\/shop\/sartenes-y-ollas\/cocina-de-pan\/emile-henry-panera-grand-cru\/","og_locale":"es_ES","og_type":"article","og_title":"EMILE HENRY Panera Grand Cru","og_description":"Emile Henry fue fundada en 1850. La cer\u00e1mica de Emile Henry permite difundir gradualmente el calor durante la cocci\u00f3n de los alimentos a baja temperatura","og_url":"https:\/\/www.erresse-shop.it\/es\/shop\/sartenes-y-ollas\/cocina-de-pan\/emile-henry-panera-grand-cru\/","og_site_name":"Erresse Shop","article_modified_time":"2025-05-25T22:38:01+00:00","og_image":[{"width":1500,"height":857,"url":"https:\/\/www.erresse-shop.it\/wp-content\/uploads\/2020\/12\/EH349508.jpg","type":"image\/jpeg"}],"twitter_card":"summary_large_image","schema":{"@context":"https:\/\/schema.org","@graph":[{"@type":"WebPage","@id":"https:\/\/www.erresse-shop.it\/es\/shop\/sartenes-y-ollas\/cocina-de-pan\/emile-henry-panera-grand-cru\/","url":"https:\/\/www.erresse-shop.it\/es\/shop\/sartenes-y-ollas\/cocina-de-pan\/emile-henry-panera-grand-cru\/","name":"EMILE HENRY Panera Grand Cru - Erresse Shop","isPartOf":{"@id":"https:\/\/www.erresse-shop.it\/es\/#website"},"datePublished":"2020-12-10T11:47:10+00:00","dateModified":"2025-05-25T22:38:01+00:00","description":"Emile Henry fue fundada en 1850. La cer\u00e1mica de Emile Henry permite difundir gradualmente el calor durante la cocci\u00f3n de los alimentos a baja temperatura","breadcrumb":{"@id":"https:\/\/www.erresse-shop.it\/es\/shop\/sartenes-y-ollas\/cocina-de-pan\/emile-henry-panera-grand-cru\/#breadcrumb"},"inLanguage":"es","potentialAction":[{"@type":"ReadAction","target":["https:\/\/www.erresse-shop.it\/es\/shop\/sartenes-y-ollas\/cocina-de-pan\/emile-henry-panera-grand-cru\/"]}]},{"@type":"BreadcrumbList","@id":"https:\/\/www.erresse-shop.it\/es\/shop\/sartenes-y-ollas\/cocina-de-pan\/emile-henry-panera-grand-cru\/#breadcrumb","itemListElement":[{"@type":"ListItem","position":1,"name":"Home","item":"https:\/\/www.erresse-shop.it\/es\/"},{"@type":"ListItem","position":2,"name":"Shop","item":"https:\/\/www.erresse-shop.it\/es\/shop\/"},{"@type":"ListItem","position":3,"name":"EMILE HENRY Panera Grand Cru"}]},{"@type":"WebSite","@id":"https:\/\/www.erresse-shop.it\/es\/#website","url":"https:\/\/www.erresse-shop.it\/es\/","name":"Erresse Shop","description":"Articoli di qualit\u00e0 per la casa","potentialAction":[{"@type":"SearchAction","target":{"@type":"EntryPoint","urlTemplate":"https:\/\/www.erresse-shop.it\/es\/?s={search_term_string}"},"query-input":"required name=search_term_string"}],"inLanguage":"es"}]}},"df_price":96.95,"df_sale_price":96.95,"df_regular_price":152.5,"df_image_link":"https:\/\/www.erresse-shop.it\/wp-content\/uploads\/2020\/12\/EH349508-300x171.jpg","_links":{"self":[{"href":"https:\/\/www.erresse-shop.it\/es\/wp-json\/wp\/v2\/product\/170667"}],"collection":[{"href":"https:\/\/www.erresse-shop.it\/es\/wp-json\/wp\/v2\/product"}],"about":[{"href":"https:\/\/www.erresse-shop.it\/es\/wp-json\/wp\/v2\/types\/product"}],"wp:featuredmedia":[{"embeddable":true,"href":"https:\/\/www.erresse-shop.it\/es\/wp-json\/wp\/v2\/media\/170668"}],"wp:attachment":[{"href":"https:\/\/www.erresse-shop.it\/es\/wp-json\/wp\/v2\/media?parent=170667"}],"wp:term":[{"taxonomy":"product_cat","embeddable":true,"href":"https:\/\/www.erresse-shop.it\/es\/wp-json\/wp\/v2\/product_cat?post=170667"},{"taxonomy":"product_tag","embeddable":true,"href":"https:\/\/www.erresse-shop.it\/es\/wp-json\/wp\/v2\/product_tag?post=170667"}],"curies":[{"name":"wp","href":"https:\/\/api.w.org\/{rel}","templated":true}]}}