{"id":169842,"date":"2022-07-14T06:17:06","date_gmt":"2022-07-14T06:18:05","guid":{"rendered":"https:\/\/www.erresse-shop.it\/?post_type=product&#038;p=169842"},"modified":"2025-07-09T15:00:08","modified_gmt":"2025-07-09T15:00:08","slug":"instant-pot-pro-8l","status":"publish","type":"product","link":"https:\/\/www.erresse-shop.it\/es\/shop\/pequenos-electrodomesticos\/procesadores-de-alimentos\/instant-pot-pro-8l\/","title":{"rendered":"INSTANT POT Pro 8L Negro"},"content":{"rendered":"<p><strong>Pasar menos tiempo en la cocina<\/strong><br \/>\nPrecalentamiento un 20% m\u00e1s r\u00e1pido y tiempos de cocci\u00f3n hasta un 70% m\u00e1s r\u00e1pidos en general<\/p>\n<p><strong>28 programas de cocci\u00f3n personalizables<\/strong><br \/>\nEs f\u00e1cil empezar con algunas recetas conocidas, como el pollo, la pasta, la sopa y otras.<\/p>\n<p><strong>Panel de control intuitivo para facilitar el control<\/strong><br \/>\nPrograme 5 comidas favoritas para la cena con s\u00f3lo pulsar un bot\u00f3n.<\/p>\n<p>La olla a presi\u00f3n pro hace pr\u00e1cticamente de todo:<\/p>\n<ul>\n<li>Olla a presi\u00f3n;<\/li>\n<li>Cocina lenta;<\/li>\n<li>El vac\u00edo;<\/li>\n<li>Sart\u00e9n;<\/li>\n<li>Esterilizador;<\/li>\n<li>M\u00e1quina de hacer yogur;<\/li>\n<li>Calentador de alimentos;<\/li>\n<li>Pastelero;<\/li>\n<li>Vaporizador<\/li>\n<\/ul>\n<p>Cocinar sus platos favoritos nunca ha sido tan f\u00e1cil y r\u00e1pido; los 5 programas personalizables se pueden guardar y seleccionar a trav\u00e9s de los botones correspondientes. La olla interior con fondo reforzado y asas de silicona se puede transferir a las cocinas, incluidas las de inducci\u00f3n. Por otro lado, la tapa de sellado avanzado permite que el calor se distribuya uniformemente, amortiguando el ruido y la intensidad de la salida de vapor y evitando que el l\u00edquido salpique las encimeras. En resumen, al Pro Pot no le falta nada. \u00bfY t\u00fa? \u00bfEst\u00e1s preparado para convertirte en el chef m\u00e1s r\u00e1pido que existe?<\/p>\n<p><strong>Capacidad:<\/strong> 8 litros<br \/>\n<strong>Material:<\/strong> acero<\/p>\n<p><span style=\"text-decoration: underline;\"><strong>No se vende fuera de Europa<\/strong><\/span><\/p>\n","protected":false},"excerpt":{"rendered":"<p>Pasar menos tiempo en la cocina Precalentamiento un 20% m\u00e1s r\u00e1pido y tiempos de cocci\u00f3n hasta un 70% m\u00e1s r\u00e1pidos<\/p>\n","protected":false},"featured_media":169856,"template":"","meta":{"_acf_changed":false,"inline_featured_image":false},"product_cat":[16073,16077],"product_tag":[24417,24456,22484],"acf":[],"yoast_head":"<!-- This site is optimized with the Yoast SEO Premium plugin v18.6 (Yoast SEO v19.13) - https:\/\/yoast.com\/wordpress\/plugins\/seo\/ -->\n<title>INSTANT POT Pro 8L Negro - Erresse Shop<\/title>\n<meta name=\"description\" content=\"Pasar menos tiempo en la cocina Precalentamiento un 20% m\u00e1s r\u00e1pido y tiempos de cocci\u00f3n hasta un 70% m\u00e1s r\u00e1pidos en general 28 programas de cocci\u00f3n\" \/>\n<meta name=\"robots\" content=\"index, follow, max-snippet:-1, max-image-preview:large, max-video-preview:-1\" \/>\n<link rel=\"canonical\" href=\"https:\/\/www.erresse-shop.it\/es\/shop\/pequenos-electrodomesticos\/procesadores-de-alimentos\/instant-pot-pro-8l\/\" \/>\n<meta property=\"og:locale\" content=\"es_ES\" \/>\n<meta property=\"og:type\" content=\"article\" \/>\n<meta property=\"og:title\" content=\"INSTANT POT Pro 8L Negro\" \/>\n<meta property=\"og:description\" content=\"Pasar menos tiempo en la cocina Precalentamiento un 20% m\u00e1s r\u00e1pido y tiempos de cocci\u00f3n hasta un 70% m\u00e1s r\u00e1pidos en general 28 programas de cocci\u00f3n\" \/>\n<meta property=\"og:url\" content=\"https:\/\/www.erresse-shop.it\/es\/shop\/pequenos-electrodomesticos\/procesadores-de-alimentos\/instant-pot-pro-8l\/\" \/>\n<meta property=\"og:site_name\" content=\"Erresse Shop\" \/>\n<meta property=\"article:modified_time\" content=\"2025-07-09T15:00:08+00:00\" \/>\n<meta property=\"og:image\" content=\"https:\/\/www.erresse-shop.it\/wp-content\/uploads\/2022\/07\/INSTANT-POT-Pro-8L-2.jpg\" \/>\n\t<meta property=\"og:image:width\" content=\"800\" \/>\n\t<meta property=\"og:image:height\" content=\"800\" \/>\n\t<meta property=\"og:image:type\" content=\"image\/jpeg\" \/>\n<meta name=\"twitter:card\" content=\"summary_large_image\" \/>\n<script type=\"application\/ld+json\" class=\"yoast-schema-graph\">{\"@context\":\"https:\/\/schema.org\",\"@graph\":[{\"@type\":\"WebPage\",\"@id\":\"https:\/\/www.erresse-shop.it\/es\/shop\/pequenos-electrodomesticos\/procesadores-de-alimentos\/instant-pot-pro-8l\/\",\"url\":\"https:\/\/www.erresse-shop.it\/es\/shop\/pequenos-electrodomesticos\/procesadores-de-alimentos\/instant-pot-pro-8l\/\",\"name\":\"INSTANT POT Pro 8L Negro - Erresse Shop\",\"isPartOf\":{\"@id\":\"https:\/\/www.erresse-shop.it\/es\/#website\"},\"datePublished\":\"2022-07-14T06:18:05+00:00\",\"dateModified\":\"2025-07-09T15:00:08+00:00\",\"description\":\"Pasar menos tiempo en la cocina Precalentamiento un 20% m\u00e1s r\u00e1pido y tiempos de cocci\u00f3n hasta un 70% m\u00e1s r\u00e1pidos en general 28 programas de cocci\u00f3n\",\"breadcrumb\":{\"@id\":\"https:\/\/www.erresse-shop.it\/es\/shop\/pequenos-electrodomesticos\/procesadores-de-alimentos\/instant-pot-pro-8l\/#breadcrumb\"},\"inLanguage\":\"es\",\"potentialAction\":[{\"@type\":\"ReadAction\",\"target\":[\"https:\/\/www.erresse-shop.it\/es\/shop\/pequenos-electrodomesticos\/procesadores-de-alimentos\/instant-pot-pro-8l\/\"]}]},{\"@type\":\"BreadcrumbList\",\"@id\":\"https:\/\/www.erresse-shop.it\/es\/shop\/pequenos-electrodomesticos\/procesadores-de-alimentos\/instant-pot-pro-8l\/#breadcrumb\",\"itemListElement\":[{\"@type\":\"ListItem\",\"position\":1,\"name\":\"Home\",\"item\":\"https:\/\/www.erresse-shop.it\/es\/\"},{\"@type\":\"ListItem\",\"position\":2,\"name\":\"Shop\",\"item\":\"https:\/\/www.erresse-shop.it\/es\/shop\/\"},{\"@type\":\"ListItem\",\"position\":3,\"name\":\"INSTANT POT Pro 8L Negro\"}]},{\"@type\":\"WebSite\",\"@id\":\"https:\/\/www.erresse-shop.it\/es\/#website\",\"url\":\"https:\/\/www.erresse-shop.it\/es\/\",\"name\":\"Erresse Shop\",\"description\":\"Articoli di qualit\u00e0 per la casa\",\"potentialAction\":[{\"@type\":\"SearchAction\",\"target\":{\"@type\":\"EntryPoint\",\"urlTemplate\":\"https:\/\/www.erresse-shop.it\/es\/?s={search_term_string}\"},\"query-input\":\"required name=search_term_string\"}],\"inLanguage\":\"es\"}]}<\/script>\n<!-- \/ Yoast SEO Premium plugin. -->","yoast_head_json":{"title":"INSTANT POT Pro 8L Negro - Erresse Shop","description":"Pasar menos tiempo en la cocina Precalentamiento un 20% m\u00e1s r\u00e1pido y tiempos de cocci\u00f3n hasta un 70% m\u00e1s r\u00e1pidos en general 28 programas de cocci\u00f3n","robots":{"index":"index","follow":"follow","max-snippet":"max-snippet:-1","max-image-preview":"max-image-preview:large","max-video-preview":"max-video-preview:-1"},"canonical":"https:\/\/www.erresse-shop.it\/es\/shop\/pequenos-electrodomesticos\/procesadores-de-alimentos\/instant-pot-pro-8l\/","og_locale":"es_ES","og_type":"article","og_title":"INSTANT POT Pro 8L Negro","og_description":"Pasar menos tiempo en la cocina Precalentamiento un 20% m\u00e1s r\u00e1pido y tiempos de cocci\u00f3n hasta un 70% m\u00e1s r\u00e1pidos en general 28 programas de cocci\u00f3n","og_url":"https:\/\/www.erresse-shop.it\/es\/shop\/pequenos-electrodomesticos\/procesadores-de-alimentos\/instant-pot-pro-8l\/","og_site_name":"Erresse Shop","article_modified_time":"2025-07-09T15:00:08+00:00","og_image":[{"width":800,"height":800,"url":"https:\/\/www.erresse-shop.it\/wp-content\/uploads\/2022\/07\/INSTANT-POT-Pro-8L-2.jpg","type":"image\/jpeg"}],"twitter_card":"summary_large_image","schema":{"@context":"https:\/\/schema.org","@graph":[{"@type":"WebPage","@id":"https:\/\/www.erresse-shop.it\/es\/shop\/pequenos-electrodomesticos\/procesadores-de-alimentos\/instant-pot-pro-8l\/","url":"https:\/\/www.erresse-shop.it\/es\/shop\/pequenos-electrodomesticos\/procesadores-de-alimentos\/instant-pot-pro-8l\/","name":"INSTANT POT Pro 8L Negro - Erresse Shop","isPartOf":{"@id":"https:\/\/www.erresse-shop.it\/es\/#website"},"datePublished":"2022-07-14T06:18:05+00:00","dateModified":"2025-07-09T15:00:08+00:00","description":"Pasar menos tiempo en la cocina Precalentamiento un 20% m\u00e1s r\u00e1pido y tiempos de cocci\u00f3n hasta un 70% m\u00e1s r\u00e1pidos en general 28 programas de cocci\u00f3n","breadcrumb":{"@id":"https:\/\/www.erresse-shop.it\/es\/shop\/pequenos-electrodomesticos\/procesadores-de-alimentos\/instant-pot-pro-8l\/#breadcrumb"},"inLanguage":"es","potentialAction":[{"@type":"ReadAction","target":["https:\/\/www.erresse-shop.it\/es\/shop\/pequenos-electrodomesticos\/procesadores-de-alimentos\/instant-pot-pro-8l\/"]}]},{"@type":"BreadcrumbList","@id":"https:\/\/www.erresse-shop.it\/es\/shop\/pequenos-electrodomesticos\/procesadores-de-alimentos\/instant-pot-pro-8l\/#breadcrumb","itemListElement":[{"@type":"ListItem","position":1,"name":"Home","item":"https:\/\/www.erresse-shop.it\/es\/"},{"@type":"ListItem","position":2,"name":"Shop","item":"https:\/\/www.erresse-shop.it\/es\/shop\/"},{"@type":"ListItem","position":3,"name":"INSTANT POT Pro 8L Negro"}]},{"@type":"WebSite","@id":"https:\/\/www.erresse-shop.it\/es\/#website","url":"https:\/\/www.erresse-shop.it\/es\/","name":"Erresse Shop","description":"Articoli di qualit\u00e0 per la casa","potentialAction":[{"@type":"SearchAction","target":{"@type":"EntryPoint","urlTemplate":"https:\/\/www.erresse-shop.it\/es\/?s={search_term_string}"},"query-input":"required name=search_term_string"}],"inLanguage":"es"}]}},"df_price":192.95,"df_sale_price":192.95,"df_regular_price":209,"df_image_link":"https:\/\/www.erresse-shop.it\/wp-content\/uploads\/2022\/07\/INSTANT-POT-Pro-8L-2-300x300.jpg","_links":{"self":[{"href":"https:\/\/www.erresse-shop.it\/es\/wp-json\/wp\/v2\/product\/169842"}],"collection":[{"href":"https:\/\/www.erresse-shop.it\/es\/wp-json\/wp\/v2\/product"}],"about":[{"href":"https:\/\/www.erresse-shop.it\/es\/wp-json\/wp\/v2\/types\/product"}],"wp:featuredmedia":[{"embeddable":true,"href":"https:\/\/www.erresse-shop.it\/es\/wp-json\/wp\/v2\/media\/169856"}],"wp:attachment":[{"href":"https:\/\/www.erresse-shop.it\/es\/wp-json\/wp\/v2\/media?parent=169842"}],"wp:term":[{"taxonomy":"product_cat","embeddable":true,"href":"https:\/\/www.erresse-shop.it\/es\/wp-json\/wp\/v2\/product_cat?post=169842"},{"taxonomy":"product_tag","embeddable":true,"href":"https:\/\/www.erresse-shop.it\/es\/wp-json\/wp\/v2\/product_tag?post=169842"}],"curies":[{"name":"wp","href":"https:\/\/api.w.org\/{rel}","templated":true}]}}