{"id":169372,"date":"2019-03-14T15:54:44","date_gmt":"2019-03-14T15:54:44","guid":{"rendered":"https:\/\/www.erresse-shop.it\/shop\/sin categor\u00eda\/smeg-aesthetic-50s-maquina-de-cafe-de-filtro-azul\/"},"modified":"2019-03-14T15:54:44","modified_gmt":"2019-03-14T15:54:44","slug":"smeg-aesthetic-50s-maquina-de-cafe-de-filtro-azul","status":"publish","type":"product","link":"https:\/\/www.erresse-shop.it\/es\/shop\/pequenos-electrodomesticos\/maquinas-de-cafe\/filtro\/smeg-aesthetic-50s-maquina-de-cafe-de-filtro-azul\/","title":{"rendered":"SMEG Aesthetic 50s M\u00e1quina de caf\u00e9 de filtro Azul"},"content":{"rendered":"<p>Serie SMEG 50s<\/p>\n<p>Objetos de encuentro simb\u00f3lico, iconos que transforman el espacio que ocupan, los nuevos peque\u00f1os de la l\u00ednea Anni &#8217;50s, dise\u00f1ados en colaboraci\u00f3n con Matteo Bazzicalupo y Raffaella Mangiarotti de deepdesign, evocan otros tiempos y dan forma a los lugares cotidianos, invirtiendo lo que ya existe o ha existido con un nuevo significado, como ocurre en el arte y la memoria.<br \/>\nProductos con formas redondeadas y compactas, son protagonistas de la cocina, dise\u00f1ados para quienes desean tener una experiencia de chef pero no s\u00f3lo. Para los que les gusta rodearse de objetos con un fuerte car\u00e1cter est\u00e9tico sin perder de vista las prestaciones de alta calidad.<\/p>\n<p>El caf\u00e9 a la americana se asocia a menudo con la idea de una pausa tranquila y prolongada, el compa\u00f1ero ideal para una jornada de trabajo, con la taza apoyada en el escritorio, para disfrutarla en el desayuno, durante la comida o para llevarla de viaje como agradable compa\u00f1era en el ajetreo de la vida cotidiana.<br \/>\nLa cafetera de filtro Smeg es c\u00f3mplice de este peque\u00f1o lujo cotidiano y permite preparar un caf\u00e9 excelente, arom\u00e1tico y de rico sabor, ofreciendo la posibilidad de elegir el grado de intensidad del aroma, para satisfacer por igual a los paladares m\u00e1s delicados o a los amantes del sabor intenso.<\/p>\n<p>Est\u00e9ticamente, un objeto elegante, en plena armon\u00eda con el dise\u00f1o que caracteriza a la L\u00ednea 50s, pero con un concentrado de tecnolog\u00eda, preparado para garantizar el m\u00e1ximo rendimiento, para disfrutar plenamente de una experiencia sensorial \u00fanica y personalizada.<br \/>\nUn electrodom\u00e9stico que combina altas prestaciones con un dise\u00f1o \u00fanico, convirti\u00e9ndolo en un objeto de exposici\u00f3n y confirmando la cuidadosa investigaci\u00f3n de Smeg para crear iconos de estilo en los que la armon\u00eda de la forma dialoga perfectamente con el componente funcional y tecnol\u00f3gico.<br \/>\nGracias a la funci\u00f3n de 4 tazas, es posible elegir si disfrutar de un caf\u00e9 solo o en compa\u00f1\u00eda, pero eso no es todo: la cafetera de filtro tambi\u00e9n est\u00e1 equipada con una jarra de cristal, con capacidad para 10 tazas y la funci\u00f3n Keep Warm que garantiza una temperatura \u00f3ptima del caf\u00e9 durante 20 minutos para poder disfrutarlo incluso mucho despu\u00e9s de haberlo preparado.<\/p>\n<p>TIPOLOG\u00cdA<\/p>\n<p>&#8211; Familia: M\u00e1quina de caf\u00e9 de filtro<br \/>\n&#8211; Tipolog\u00eda: Para el caf\u00e9 de filtro<br \/>\n&#8211; Potencia: 1050 W<\/p>\n<p>EST\u00c9TICA<\/p>\n<p>&#8211; Est\u00e9tica: a\u00f1os 50<br \/>\n&#8211; Color de la carrocer\u00eda: Azul claro<br \/>\n&#8211; Material del cuerpo: Acero inoxidable\/pl\u00e1stico<br \/>\n&#8211; Material de la jarra: Vidrio<br \/>\n&#8211; Material del asa de la jarra: pl\u00e1stico<br \/>\n&#8211; Material de la tapa de la jarra: pl\u00e1stico<br \/>\n&#8211; Color del asa de la jarra: Gris\/Cromo<br \/>\n&#8211; Color de la tapa de la jarra: Gris<br \/>\n&#8211; Color de la base: Cromo pulido<br \/>\n&#8211; Material de la base: pl\u00e1stico<br \/>\n&#8211; Material del portafiltro: Pl\u00e1stico<br \/>\n&#8211; Material de la base calefactora: Acero inoxidable<br \/>\n&#8211; Material del filtro permanente: acero inoxidable\/pl\u00e1stico<br \/>\n&#8211; Color del filtro permanente: Gris<br \/>\n&#8211; Material de la palanca de ajuste de tiempo: aleaci\u00f3n de zinc<\/p>\n<p>COMANDOS<\/p>\n<p>&#8211; Tipo de control: Botones, Palanca<br \/>\n&#8211; Pantalla: S\u00cd<br \/>\n&#8211; N\u00famero de botones: 4<br \/>\n&#8211; Color de los botones: Plata<br \/>\n&#8211; Material de los botones: pl\u00e1stico<\/p>\n<p>PROGRAMAS \/ FUNCIONES<\/p>\n<p>&#8211; Intensidad del caf\u00e9 ajustable: 2 niveles (Delicado \/ Intenso)<br \/>\n&#8211; Funci\u00f3n de 4 tazas: S\u00ed<br \/>\n&#8211; Modo de mantenimiento del calor: S\u00ed, autom\u00e1tico<br \/>\n&#8211; Duraci\u00f3n del calentamiento: 20 minutos<br \/>\n&#8211; Encendido autom\u00e1tico programable: S\u00ed<br \/>\n&#8211; Aviso sonoro al final de la cocci\u00f3n: S\u00ed<br \/>\n&#8211; Dureza del agua programable: ligera\/media\/dura<br \/>\n&#8211; Aviso de descalcificaci\u00f3n: S\u00ed<\/p>\n<p>CARACTER\u00cdSTICAS T\u00c9CNICAS<\/p>\n<p>&#8211; Capacidad del dep\u00f3sito de agua: 1,4 l<br \/>\n&#8211; Capacidad de la jarra: 1,25 l<br \/>\n&#8211; Capacidad: 10 tazas<br \/>\n&#8211; Indicador de nivel de agua: S\u00ed<br \/>\n&#8211; Sistema de calefacci\u00f3n: Resistencia el\u00e9ctrica<br \/>\n&#8211; Base antideslizante: S\u00ed<\/p>\n<p>CONEXI\u00d3N EL\u00c9CTRICA<\/p>\n<p>&#8211; Tipo de enchufe: Schuko<br \/>\n&#8211; Tensi\u00f3n (V): 220-240 V<br \/>\n&#8211; Frecuencia Hz: 50\/60 Hz<br \/>\n&#8211; Longitud del cable de alimentaci\u00f3n: 100 cm<\/p>\n<p>INFORMACI\u00d3N LOG\u00cdSTICA<\/p>\n<p>&#8211; Dimensiones del producto: HxAxP 361x245x256 mm<br \/>\n&#8211; Peso neto (kg): 3.400 kg<br \/>\n&#8211; Peso bruto (kg): 5.400 kg<br \/>\n&#8211; Profundidad del producto envasado: 291 mm<br \/>\n&#8211; Anchura del producto envasado: 325 mm<br \/>\n&#8211; Altura del producto embalado: 437 mm<\/p>\n<p><span style=\"text-decoration: underline;\"><strong>No se vende fuera de Europa<\/strong><\/span><\/p>\n","protected":false},"excerpt":{"rendered":"<p>Serie SMEG 50s Objetos de encuentro simb\u00f3lico, iconos que transforman el espacio que ocupan, los nuevos peque\u00f1os de la l\u00ednea<\/p>\n","protected":false},"featured_media":475875,"template":"","meta":{"_acf_changed":false,"inline_featured_image":false},"product_cat":[25377,16076,16073],"product_tag":[25183,23912,23574,19876,16307,16395,16399,25023],"acf":[],"yoast_head":"<!-- This site is optimized with the Yoast SEO Premium plugin v18.6 (Yoast SEO v19.13) - https:\/\/yoast.com\/wordpress\/plugins\/seo\/ -->\n<title>SMEG Aesthetic 50s M\u00e1quina de caf\u00e9 de filtro Azul - Erresse Shop<\/title>\n<meta name=\"description\" content=\"Serie SMEG 50s Objetos de encuentro simb\u00f3lico, iconos que transforman el espacio que ocupan, los nuevos peque\u00f1os de la l\u00ednea Anni &#039;50s, dise\u00f1ados en\" \/>\n<meta name=\"robots\" content=\"index, follow, max-snippet:-1, max-image-preview:large, max-video-preview:-1\" \/>\n<link rel=\"canonical\" href=\"https:\/\/www.erresse-shop.it\/es\/shop\/pequenos-electrodomesticos\/maquinas-de-cafe\/filtro\/smeg-aesthetic-50s-maquina-de-cafe-de-filtro-azul\/\" \/>\n<meta property=\"og:locale\" content=\"es_ES\" \/>\n<meta property=\"og:type\" content=\"article\" \/>\n<meta property=\"og:title\" content=\"SMEG Aesthetic 50s M\u00e1quina de caf\u00e9 de filtro Azul\" \/>\n<meta property=\"og:description\" content=\"Serie SMEG 50s Objetos de encuentro simb\u00f3lico, iconos que transforman el espacio que ocupan, los nuevos peque\u00f1os de la l\u00ednea Anni &#039;50s, dise\u00f1ados en\" \/>\n<meta property=\"og:url\" content=\"https:\/\/www.erresse-shop.it\/es\/shop\/pequenos-electrodomesticos\/maquinas-de-cafe\/filtro\/smeg-aesthetic-50s-maquina-de-cafe-de-filtro-azul\/\" \/>\n<meta property=\"og:site_name\" content=\"Erresse Shop\" \/>\n<meta property=\"og:image\" content=\"https:\/\/www.erresse-shop.it\/wp-content\/uploads\/2019\/03\/SMEG-Estetica-Anni-50-Macchina-da-caffe-Filtro-Azzurro.png\" \/>\n\t<meta property=\"og:image:width\" content=\"800\" \/>\n\t<meta property=\"og:image:height\" content=\"800\" \/>\n\t<meta property=\"og:image:type\" content=\"image\/png\" \/>\n<meta name=\"twitter:card\" content=\"summary_large_image\" \/>\n<script type=\"application\/ld+json\" class=\"yoast-schema-graph\">{\"@context\":\"https:\/\/schema.org\",\"@graph\":[{\"@type\":\"WebPage\",\"@id\":\"https:\/\/www.erresse-shop.it\/es\/shop\/pequenos-electrodomesticos\/maquinas-de-cafe\/filtro\/smeg-aesthetic-50s-maquina-de-cafe-de-filtro-azul\/\",\"url\":\"https:\/\/www.erresse-shop.it\/es\/shop\/pequenos-electrodomesticos\/maquinas-de-cafe\/filtro\/smeg-aesthetic-50s-maquina-de-cafe-de-filtro-azul\/\",\"name\":\"SMEG Aesthetic 50s M\u00e1quina de caf\u00e9 de filtro Azul - Erresse Shop\",\"isPartOf\":{\"@id\":\"https:\/\/www.erresse-shop.it\/es\/#website\"},\"datePublished\":\"2019-03-14T15:54:44+00:00\",\"dateModified\":\"2019-03-14T15:54:44+00:00\",\"description\":\"Serie SMEG 50s Objetos de encuentro simb\u00f3lico, iconos que transforman el espacio que ocupan, los nuevos peque\u00f1os de la l\u00ednea Anni '50s, dise\u00f1ados en\",\"breadcrumb\":{\"@id\":\"https:\/\/www.erresse-shop.it\/es\/shop\/pequenos-electrodomesticos\/maquinas-de-cafe\/filtro\/smeg-aesthetic-50s-maquina-de-cafe-de-filtro-azul\/#breadcrumb\"},\"inLanguage\":\"es\",\"potentialAction\":[{\"@type\":\"ReadAction\",\"target\":[\"https:\/\/www.erresse-shop.it\/es\/shop\/pequenos-electrodomesticos\/maquinas-de-cafe\/filtro\/smeg-aesthetic-50s-maquina-de-cafe-de-filtro-azul\/\"]}]},{\"@type\":\"BreadcrumbList\",\"@id\":\"https:\/\/www.erresse-shop.it\/es\/shop\/pequenos-electrodomesticos\/maquinas-de-cafe\/filtro\/smeg-aesthetic-50s-maquina-de-cafe-de-filtro-azul\/#breadcrumb\",\"itemListElement\":[{\"@type\":\"ListItem\",\"position\":1,\"name\":\"Home\",\"item\":\"https:\/\/www.erresse-shop.it\/es\/\"},{\"@type\":\"ListItem\",\"position\":2,\"name\":\"Shop\",\"item\":\"https:\/\/www.erresse-shop.it\/es\/shop\/\"},{\"@type\":\"ListItem\",\"position\":3,\"name\":\"SMEG Aesthetic 50s M\u00e1quina de caf\u00e9 de filtro Azul\"}]},{\"@type\":\"WebSite\",\"@id\":\"https:\/\/www.erresse-shop.it\/es\/#website\",\"url\":\"https:\/\/www.erresse-shop.it\/es\/\",\"name\":\"Erresse Shop\",\"description\":\"Articoli di qualit\u00e0 per la casa\",\"potentialAction\":[{\"@type\":\"SearchAction\",\"target\":{\"@type\":\"EntryPoint\",\"urlTemplate\":\"https:\/\/www.erresse-shop.it\/es\/?s={search_term_string}\"},\"query-input\":\"required name=search_term_string\"}],\"inLanguage\":\"es\"}]}<\/script>\n<!-- \/ Yoast SEO Premium plugin. -->","yoast_head_json":{"title":"SMEG Aesthetic 50s M\u00e1quina de caf\u00e9 de filtro Azul - Erresse Shop","description":"Serie SMEG 50s Objetos de encuentro simb\u00f3lico, iconos que transforman el espacio que ocupan, los nuevos peque\u00f1os de la l\u00ednea Anni '50s, dise\u00f1ados en","robots":{"index":"index","follow":"follow","max-snippet":"max-snippet:-1","max-image-preview":"max-image-preview:large","max-video-preview":"max-video-preview:-1"},"canonical":"https:\/\/www.erresse-shop.it\/es\/shop\/pequenos-electrodomesticos\/maquinas-de-cafe\/filtro\/smeg-aesthetic-50s-maquina-de-cafe-de-filtro-azul\/","og_locale":"es_ES","og_type":"article","og_title":"SMEG Aesthetic 50s M\u00e1quina de caf\u00e9 de filtro Azul","og_description":"Serie SMEG 50s Objetos de encuentro simb\u00f3lico, iconos que transforman el espacio que ocupan, los nuevos peque\u00f1os de la l\u00ednea Anni '50s, dise\u00f1ados en","og_url":"https:\/\/www.erresse-shop.it\/es\/shop\/pequenos-electrodomesticos\/maquinas-de-cafe\/filtro\/smeg-aesthetic-50s-maquina-de-cafe-de-filtro-azul\/","og_site_name":"Erresse Shop","og_image":[{"width":800,"height":800,"url":"https:\/\/www.erresse-shop.it\/wp-content\/uploads\/2019\/03\/SMEG-Estetica-Anni-50-Macchina-da-caffe-Filtro-Azzurro.png","type":"image\/png"}],"twitter_card":"summary_large_image","schema":{"@context":"https:\/\/schema.org","@graph":[{"@type":"WebPage","@id":"https:\/\/www.erresse-shop.it\/es\/shop\/pequenos-electrodomesticos\/maquinas-de-cafe\/filtro\/smeg-aesthetic-50s-maquina-de-cafe-de-filtro-azul\/","url":"https:\/\/www.erresse-shop.it\/es\/shop\/pequenos-electrodomesticos\/maquinas-de-cafe\/filtro\/smeg-aesthetic-50s-maquina-de-cafe-de-filtro-azul\/","name":"SMEG Aesthetic 50s M\u00e1quina de caf\u00e9 de filtro Azul - Erresse Shop","isPartOf":{"@id":"https:\/\/www.erresse-shop.it\/es\/#website"},"datePublished":"2019-03-14T15:54:44+00:00","dateModified":"2019-03-14T15:54:44+00:00","description":"Serie SMEG 50s Objetos de encuentro simb\u00f3lico, iconos que transforman el espacio que ocupan, los nuevos peque\u00f1os de la l\u00ednea Anni '50s, dise\u00f1ados en","breadcrumb":{"@id":"https:\/\/www.erresse-shop.it\/es\/shop\/pequenos-electrodomesticos\/maquinas-de-cafe\/filtro\/smeg-aesthetic-50s-maquina-de-cafe-de-filtro-azul\/#breadcrumb"},"inLanguage":"es","potentialAction":[{"@type":"ReadAction","target":["https:\/\/www.erresse-shop.it\/es\/shop\/pequenos-electrodomesticos\/maquinas-de-cafe\/filtro\/smeg-aesthetic-50s-maquina-de-cafe-de-filtro-azul\/"]}]},{"@type":"BreadcrumbList","@id":"https:\/\/www.erresse-shop.it\/es\/shop\/pequenos-electrodomesticos\/maquinas-de-cafe\/filtro\/smeg-aesthetic-50s-maquina-de-cafe-de-filtro-azul\/#breadcrumb","itemListElement":[{"@type":"ListItem","position":1,"name":"Home","item":"https:\/\/www.erresse-shop.it\/es\/"},{"@type":"ListItem","position":2,"name":"Shop","item":"https:\/\/www.erresse-shop.it\/es\/shop\/"},{"@type":"ListItem","position":3,"name":"SMEG Aesthetic 50s M\u00e1quina de caf\u00e9 de filtro Azul"}]},{"@type":"WebSite","@id":"https:\/\/www.erresse-shop.it\/es\/#website","url":"https:\/\/www.erresse-shop.it\/es\/","name":"Erresse Shop","description":"Articoli di qualit\u00e0 per la casa","potentialAction":[{"@type":"SearchAction","target":{"@type":"EntryPoint","urlTemplate":"https:\/\/www.erresse-shop.it\/es\/?s={search_term_string}"},"query-input":"required name=search_term_string"}],"inLanguage":"es"}]}},"df_price":139.29999999999998,"df_sale_price":139.29999999999998,"df_regular_price":199,"df_image_link":"https:\/\/www.erresse-shop.it\/wp-content\/uploads\/2019\/03\/SMEG-Estetica-Anni-50-Macchina-da-caffe-Filtro-Azzurro-300x300.jpg","_links":{"self":[{"href":"https:\/\/www.erresse-shop.it\/es\/wp-json\/wp\/v2\/product\/169372"}],"collection":[{"href":"https:\/\/www.erresse-shop.it\/es\/wp-json\/wp\/v2\/product"}],"about":[{"href":"https:\/\/www.erresse-shop.it\/es\/wp-json\/wp\/v2\/types\/product"}],"wp:featuredmedia":[{"embeddable":true,"href":"https:\/\/www.erresse-shop.it\/es\/wp-json\/wp\/v2\/media\/475875"}],"wp:attachment":[{"href":"https:\/\/www.erresse-shop.it\/es\/wp-json\/wp\/v2\/media?parent=169372"}],"wp:term":[{"taxonomy":"product_cat","embeddable":true,"href":"https:\/\/www.erresse-shop.it\/es\/wp-json\/wp\/v2\/product_cat?post=169372"},{"taxonomy":"product_tag","embeddable":true,"href":"https:\/\/www.erresse-shop.it\/es\/wp-json\/wp\/v2\/product_tag?post=169372"}],"curies":[{"name":"wp","href":"https:\/\/api.w.org\/{rel}","templated":true}]}}