{"id":169361,"date":"2019-11-12T14:33:49","date_gmt":"2019-11-12T14:33:49","guid":{"rendered":"https:\/\/www.erresse-shop.it\/shop\/sin categor\u00eda\/smeg-50s-aesthetics-smf03-amasadora-negra\/"},"modified":"2019-11-12T14:33:49","modified_gmt":"2019-11-12T14:33:49","slug":"smeg-50s-aesthetics-smf03-amasadora-negra","status":"publish","type":"product","link":"https:\/\/www.erresse-shop.it\/es\/shop\/pequenos-electrodomesticos\/amasadores\/smeg-50s-aesthetics-smf03-amasadora-negra\/","title":{"rendered":"SMEG 50s Aesthetics SMF03 Amasadora Negra"},"content":{"rendered":"<p>Serie SMEG 50s<\/p>\n<p>Objetos de encuentro simb\u00f3lico, iconos que transforman el espacio que ocupan, los nuevos peque\u00f1os de la l\u00ednea Anni &#8217;50s, dise\u00f1ados en colaboraci\u00f3n con Matteo Bazzicalupo y Raffaella Mangiarotti de deepdesign, evocan otros tiempos y dan forma a los lugares cotidianos, invirtiendo lo que ya existe o ha existido con un nuevo significado, como ocurre en el arte y la memoria.<br \/>\nProductos con formas redondeadas y compactas, son protagonistas de la cocina, dise\u00f1ados para quienes desean tener una experiencia de chef pero no s\u00f3lo. Para los amantes de rodearse de objetos con un fuerte car\u00e1cter est\u00e9tico sin perder de vista las prestaciones de alta calidad.<\/p>\n<p>Amasadora SMF03<\/p>\n<p>Producto premiado por los Good Design Awards 2014<br \/>\nProducto premiado con el iF Design Award 2015<\/p>\n<p>Potencia: 800 W<\/p>\n<p>EST\u00c9TICA<\/p>\n<p>Acabado: Brillante<br \/>\nSerie: 50&#8217;s Style<br \/>\nEst\u00e9tica: 50&#8217;s<br \/>\nColor del cuerpo: crema<br \/>\nColor de la cubierta frontal: Cromado<br \/>\nMaterial de la cubierta frontal: pl\u00e1stico<br \/>\nMaterial del cuerpo: aluminio fundido a presi\u00f3n<br \/>\nColor base: crema<br \/>\nMaterial de base: Aleaci\u00f3n de zinc<br \/>\nMaterial de la cubeta: Acero inoxidable<br \/>\nTipo de logotipo: Aplicado<\/p>\n<p>CONTROLES<\/p>\n<p>Tipo de mando: Palanca<br \/>\nMaterial de la palanca: acero inoxidable<\/p>\n<p>PROGRAMAS\/FUNCIONES<\/p>\n<p>Niveles de velocidad: 10<br \/>\nFunci\u00f3n de arranque suave: S\u00ed<\/p>\n<p>CARACTER\u00cdSTICAS T\u00c9CNICAS<\/p>\n<p>Movimiento: Planetario<br \/>\nControl de velocidad: Electr\u00f3nico<br \/>\nTipo de motor: Accionamiento directo<br \/>\nPotencia del motor: 800 W<br \/>\nSeguridad de bloqueo del motor: S\u00ed<br \/>\nProtecci\u00f3n contra sobrecarga del motor: S\u00ed<br \/>\nFijaci\u00f3n para accesorios opcionales: Frontal<br \/>\nModo de levantamiento de la cabeza: Bot\u00f3n<br \/>\nCapacidad de la cubeta: 4,8 L<br \/>\nAsa de la cubeta: S\u00ed<br \/>\nBase antideslizante: S\u00ed<br \/>\nColor del cable de alimentaci\u00f3n: Gris<\/p>\n<p>CAPACIDAD<\/p>\n<p>M\u00e1ximo de claras de huevo: 12<br \/>\nClaras de huevo m\u00ednimas: 3<br \/>\nMezcla para tartas m\u00e1x.: 2,0 Kg.<br \/>\nMezcla para tartas m\u00e1x.: 2,6 Kg.<br \/>\nMasa de pan\/pizza: 1,8 kg de masa total (m\u00e1ximo 1,2 kg de harina)<br \/>\nMasa de huevo: 500 g de masa total con 3 huevos (mediana 53-63 g)<br \/>\nNata montada m\u00e1x.: 1 l<br \/>\nNata montada min: 100 ml<\/p>\n<p>CONEXI\u00d3N EL\u00c9CTRICA<\/p>\n<p>Enchufe: (F;E) Schuko<br \/>\nTensi\u00f3n: 220-240 V<br \/>\nFrecuencia: 50 Hz<br \/>\nTipo de enchufe: Schuko<br \/>\nLongitud del cable: 1 m<\/p>\n<p>ACCESORIOS<\/p>\n<p>Batidora con bordes flexibles: S\u00ed<br \/>\nBatidor de alambre: S\u00ed<br \/>\nBatidor plano: S\u00ed<br \/>\nGancho mezclador apto para el lavavajillas: S\u00ed<br \/>\nTaz\u00f3n: S\u00ed<br \/>\nTapa vertedora: S\u00ed<\/p>\n<p><span style=\"text-decoration: underline;\"><strong>No se vende fuera de Europa<\/strong><\/span><\/p>\n","protected":false},"excerpt":{"rendered":"<p>Serie SMEG 50s Objetos de encuentro simb\u00f3lico, iconos que transforman el espacio que ocupan, los nuevos peque\u00f1os de la l\u00ednea<\/p>\n","protected":false},"featured_media":467669,"template":"","meta":{"_acf_changed":false,"inline_featured_image":false},"product_cat":[16082,16073],"product_tag":[25183,23912,16307,16279,19956,19877,19957,25023],"acf":[],"yoast_head":"<!-- This site is optimized with the Yoast SEO Premium plugin v18.6 (Yoast SEO v19.13) - https:\/\/yoast.com\/wordpress\/plugins\/seo\/ -->\n<title>SMEG 50s Aesthetics SMF03 Amasadora Negra - Erresse Shop<\/title>\n<meta name=\"description\" content=\"Serie SMEG 50s Objetos de encuentro simb\u00f3lico, iconos que transforman el espacio que ocupan, los nuevos peque\u00f1os de la l\u00ednea Anni &#039;50s, dise\u00f1ados en\" \/>\n<meta name=\"robots\" content=\"index, follow, max-snippet:-1, max-image-preview:large, max-video-preview:-1\" \/>\n<link rel=\"canonical\" href=\"https:\/\/www.erresse-shop.it\/es\/shop\/pequenos-electrodomesticos\/amasadores\/smeg-50s-aesthetics-smf03-amasadora-negra\/\" \/>\n<meta property=\"og:locale\" content=\"es_ES\" \/>\n<meta property=\"og:type\" content=\"article\" \/>\n<meta property=\"og:title\" content=\"SMEG 50s Aesthetics SMF03 Amasadora Negra\" \/>\n<meta property=\"og:description\" content=\"Serie SMEG 50s Objetos de encuentro simb\u00f3lico, iconos que transforman el espacio que ocupan, los nuevos peque\u00f1os de la l\u00ednea Anni &#039;50s, dise\u00f1ados en\" \/>\n<meta property=\"og:url\" content=\"https:\/\/www.erresse-shop.it\/es\/shop\/pequenos-electrodomesticos\/amasadores\/smeg-50s-aesthetics-smf03-amasadora-negra\/\" \/>\n<meta property=\"og:site_name\" content=\"Erresse Shop\" \/>\n<meta property=\"og:image\" content=\"https:\/\/www.erresse-shop.it\/wp-content\/uploads\/2019\/11\/SMEG-Estetica-Anni-50-Impastatrice-SMF03-Nero.png\" \/>\n\t<meta property=\"og:image:width\" content=\"800\" \/>\n\t<meta property=\"og:image:height\" content=\"800\" \/>\n\t<meta property=\"og:image:type\" content=\"image\/png\" \/>\n<meta name=\"twitter:card\" content=\"summary_large_image\" \/>\n<script type=\"application\/ld+json\" class=\"yoast-schema-graph\">{\"@context\":\"https:\/\/schema.org\",\"@graph\":[{\"@type\":\"WebPage\",\"@id\":\"https:\/\/www.erresse-shop.it\/es\/shop\/pequenos-electrodomesticos\/amasadores\/smeg-50s-aesthetics-smf03-amasadora-negra\/\",\"url\":\"https:\/\/www.erresse-shop.it\/es\/shop\/pequenos-electrodomesticos\/amasadores\/smeg-50s-aesthetics-smf03-amasadora-negra\/\",\"name\":\"SMEG 50s Aesthetics SMF03 Amasadora Negra - Erresse Shop\",\"isPartOf\":{\"@id\":\"https:\/\/www.erresse-shop.it\/es\/#website\"},\"datePublished\":\"2019-11-12T14:33:49+00:00\",\"dateModified\":\"2019-11-12T14:33:49+00:00\",\"description\":\"Serie SMEG 50s Objetos de encuentro simb\u00f3lico, iconos que transforman el espacio que ocupan, los nuevos peque\u00f1os de la l\u00ednea Anni '50s, dise\u00f1ados en\",\"breadcrumb\":{\"@id\":\"https:\/\/www.erresse-shop.it\/es\/shop\/pequenos-electrodomesticos\/amasadores\/smeg-50s-aesthetics-smf03-amasadora-negra\/#breadcrumb\"},\"inLanguage\":\"es\",\"potentialAction\":[{\"@type\":\"ReadAction\",\"target\":[\"https:\/\/www.erresse-shop.it\/es\/shop\/pequenos-electrodomesticos\/amasadores\/smeg-50s-aesthetics-smf03-amasadora-negra\/\"]}]},{\"@type\":\"BreadcrumbList\",\"@id\":\"https:\/\/www.erresse-shop.it\/es\/shop\/pequenos-electrodomesticos\/amasadores\/smeg-50s-aesthetics-smf03-amasadora-negra\/#breadcrumb\",\"itemListElement\":[{\"@type\":\"ListItem\",\"position\":1,\"name\":\"Home\",\"item\":\"https:\/\/www.erresse-shop.it\/es\/\"},{\"@type\":\"ListItem\",\"position\":2,\"name\":\"Shop\",\"item\":\"https:\/\/www.erresse-shop.it\/es\/shop\/\"},{\"@type\":\"ListItem\",\"position\":3,\"name\":\"SMEG 50s Aesthetics SMF03 Amasadora Negra\"}]},{\"@type\":\"WebSite\",\"@id\":\"https:\/\/www.erresse-shop.it\/es\/#website\",\"url\":\"https:\/\/www.erresse-shop.it\/es\/\",\"name\":\"Erresse Shop\",\"description\":\"Articoli di qualit\u00e0 per la casa\",\"potentialAction\":[{\"@type\":\"SearchAction\",\"target\":{\"@type\":\"EntryPoint\",\"urlTemplate\":\"https:\/\/www.erresse-shop.it\/es\/?s={search_term_string}\"},\"query-input\":\"required name=search_term_string\"}],\"inLanguage\":\"es\"}]}<\/script>\n<!-- \/ Yoast SEO Premium plugin. -->","yoast_head_json":{"title":"SMEG 50s Aesthetics SMF03 Amasadora Negra - Erresse Shop","description":"Serie SMEG 50s Objetos de encuentro simb\u00f3lico, iconos que transforman el espacio que ocupan, los nuevos peque\u00f1os de la l\u00ednea Anni '50s, dise\u00f1ados en","robots":{"index":"index","follow":"follow","max-snippet":"max-snippet:-1","max-image-preview":"max-image-preview:large","max-video-preview":"max-video-preview:-1"},"canonical":"https:\/\/www.erresse-shop.it\/es\/shop\/pequenos-electrodomesticos\/amasadores\/smeg-50s-aesthetics-smf03-amasadora-negra\/","og_locale":"es_ES","og_type":"article","og_title":"SMEG 50s Aesthetics SMF03 Amasadora Negra","og_description":"Serie SMEG 50s Objetos de encuentro simb\u00f3lico, iconos que transforman el espacio que ocupan, los nuevos peque\u00f1os de la l\u00ednea Anni '50s, dise\u00f1ados en","og_url":"https:\/\/www.erresse-shop.it\/es\/shop\/pequenos-electrodomesticos\/amasadores\/smeg-50s-aesthetics-smf03-amasadora-negra\/","og_site_name":"Erresse Shop","og_image":[{"width":800,"height":800,"url":"https:\/\/www.erresse-shop.it\/wp-content\/uploads\/2019\/11\/SMEG-Estetica-Anni-50-Impastatrice-SMF03-Nero.png","type":"image\/png"}],"twitter_card":"summary_large_image","schema":{"@context":"https:\/\/schema.org","@graph":[{"@type":"WebPage","@id":"https:\/\/www.erresse-shop.it\/es\/shop\/pequenos-electrodomesticos\/amasadores\/smeg-50s-aesthetics-smf03-amasadora-negra\/","url":"https:\/\/www.erresse-shop.it\/es\/shop\/pequenos-electrodomesticos\/amasadores\/smeg-50s-aesthetics-smf03-amasadora-negra\/","name":"SMEG 50s Aesthetics SMF03 Amasadora Negra - Erresse Shop","isPartOf":{"@id":"https:\/\/www.erresse-shop.it\/es\/#website"},"datePublished":"2019-11-12T14:33:49+00:00","dateModified":"2019-11-12T14:33:49+00:00","description":"Serie SMEG 50s Objetos de encuentro simb\u00f3lico, iconos que transforman el espacio que ocupan, los nuevos peque\u00f1os de la l\u00ednea Anni '50s, dise\u00f1ados en","breadcrumb":{"@id":"https:\/\/www.erresse-shop.it\/es\/shop\/pequenos-electrodomesticos\/amasadores\/smeg-50s-aesthetics-smf03-amasadora-negra\/#breadcrumb"},"inLanguage":"es","potentialAction":[{"@type":"ReadAction","target":["https:\/\/www.erresse-shop.it\/es\/shop\/pequenos-electrodomesticos\/amasadores\/smeg-50s-aesthetics-smf03-amasadora-negra\/"]}]},{"@type":"BreadcrumbList","@id":"https:\/\/www.erresse-shop.it\/es\/shop\/pequenos-electrodomesticos\/amasadores\/smeg-50s-aesthetics-smf03-amasadora-negra\/#breadcrumb","itemListElement":[{"@type":"ListItem","position":1,"name":"Home","item":"https:\/\/www.erresse-shop.it\/es\/"},{"@type":"ListItem","position":2,"name":"Shop","item":"https:\/\/www.erresse-shop.it\/es\/shop\/"},{"@type":"ListItem","position":3,"name":"SMEG 50s Aesthetics SMF03 Amasadora Negra"}]},{"@type":"WebSite","@id":"https:\/\/www.erresse-shop.it\/es\/#website","url":"https:\/\/www.erresse-shop.it\/es\/","name":"Erresse Shop","description":"Articoli di qualit\u00e0 per la casa","potentialAction":[{"@type":"SearchAction","target":{"@type":"EntryPoint","urlTemplate":"https:\/\/www.erresse-shop.it\/es\/?s={search_term_string}"},"query-input":"required name=search_term_string"}],"inLanguage":"es"}]}},"df_price":405.29999999999995,"df_sale_price":405.29999999999995,"df_regular_price":579,"df_image_link":"https:\/\/www.erresse-shop.it\/wp-content\/uploads\/2019\/11\/SMEG-Estetica-Anni-50-Impastatrice-SMF03-Nero-300x300.jpg","_links":{"self":[{"href":"https:\/\/www.erresse-shop.it\/es\/wp-json\/wp\/v2\/product\/169361"}],"collection":[{"href":"https:\/\/www.erresse-shop.it\/es\/wp-json\/wp\/v2\/product"}],"about":[{"href":"https:\/\/www.erresse-shop.it\/es\/wp-json\/wp\/v2\/types\/product"}],"wp:featuredmedia":[{"embeddable":true,"href":"https:\/\/www.erresse-shop.it\/es\/wp-json\/wp\/v2\/media\/467669"}],"wp:attachment":[{"href":"https:\/\/www.erresse-shop.it\/es\/wp-json\/wp\/v2\/media?parent=169361"}],"wp:term":[{"taxonomy":"product_cat","embeddable":true,"href":"https:\/\/www.erresse-shop.it\/es\/wp-json\/wp\/v2\/product_cat?post=169361"},{"taxonomy":"product_tag","embeddable":true,"href":"https:\/\/www.erresse-shop.it\/es\/wp-json\/wp\/v2\/product_tag?post=169361"}],"curies":[{"name":"wp","href":"https:\/\/api.w.org\/{rel}","templated":true}]}}