{"id":169355,"date":"2019-11-22T09:25:05","date_gmt":"2019-11-22T09:25:05","guid":{"rendered":"https:\/\/www.erresse-shop.it\/shop\/sin categor\u00eda\/smeg-aesthetic-50s-molinillo-de-cafe-verde-pastel\/"},"modified":"2019-11-22T09:25:05","modified_gmt":"2019-11-22T09:25:05","slug":"smeg-aesthetic-50s-molinillo-de-cafe-verde-pastel","status":"publish","type":"product","link":"https:\/\/www.erresse-shop.it\/es\/shop\/pequenos-electrodomesticos\/molinillos-de-cafe\/smeg-aesthetic-50s-molinillo-de-cafe-verde-pastel\/","title":{"rendered":"SMEG Aesthetic 50s Molinillo de caf\u00e9 Verde Pastel"},"content":{"rendered":"<p>EST\u00c9TICA<br \/>\nAcabado: Brillante<br \/>\nSerie: 50&#8217;s Style<br \/>\nEst\u00e9tica: a\u00f1os 50<br \/>\nMaterial del cuerpo: aluminio fundido a presi\u00f3n<br \/>\nColor de la base: Cromo pulido<br \/>\nMaterial del envase de los granos: Tritan\u2122.<br \/>\nMaterial de la tapa del recipiente de jud\u00edas: Tritan\u2122.<br \/>\nMaterial de la amoladora: Acero inoxidable<br \/>\nTipo de molienda: C\u00f3nica<br \/>\nMaterial de la tapa del recipiente de caf\u00e9 molido: pl\u00e1stico y silicona<br \/>\nMaterial del recipiente de caf\u00e9 molido: Tritan\u2122.<br \/>\nMaterial de la base: pl\u00e1stico<br \/>\nMaterial de la palanca de ajuste de la molienda: SUS 304<\/p>\n<p>COMANDOS<br \/>\nTipo de mandos: Pomo, Bot\u00f3n, Palanca<br \/>\nMaterial del cepillo de limpieza: pl\u00e1stico<br \/>\nMaterial de centrado del filtro: pl\u00e1stico<br \/>\nMaterial del pomo: Pl\u00e1stico<br \/>\nMaterial del platillo: Acero<br \/>\nMaterial de los botones: pl\u00e1stico<\/p>\n<p>PROGRAMAS \/ FUNCIONES<br \/>\nPersonalizaci\u00f3n de la cantidad de caf\u00e9: S\u00ed<br \/>\nContenedor de jud\u00edas con sistema Twist &amp; Lock: S\u00ed<br \/>\nNivel de molido de caf\u00e9 ajustable: S\u00ed<br \/>\nNiveles de molienda disponibles: 30<br \/>\nPasos de rectificado disponibles: FINO , MEDIO , GRUESO<br \/>\nFunciones de espresso: 2<br \/>\nFunciones para el caf\u00e9 americano\/prensa francesa: 6<br \/>\nFunci\u00f3n manual: S\u00ed<\/p>\n<p>CARACTER\u00cdSTICAS T\u00c9CNICAS<br \/>\nBase antideslizante: S\u00ed<br \/>\nSistema antiest\u00e1tico: S\u00ed<br \/>\nCapacidad del contenedor de caf\u00e9 en grano: 350 gr.<br \/>\nCapacidad del recipiente de caf\u00e9 molido: 130 gr.<br \/>\nMolinillo superior extra\u00edble: S\u00ed<br \/>\nPlato extra\u00edble: S\u00ed<br \/>\nRPM: 450<br \/>\nEnrollador de cables integrado: S\u00ed<br \/>\nPotencia: 150 W<\/p>\n<p>CONEXI\u00d3N EL\u00c9CTRICA<br \/>\nEnchufe: (F;E) Schuko<br \/>\nTipo de enchufe: Schuko<br \/>\nTensi\u00f3n (V): 220-240 V<br \/>\nFrecuencia Hz: 50-60 Hz<br \/>\nLongitud del cable de alimentaci\u00f3n: 1 m<\/p>\n<p>INFORMACI\u00d3N LOG\u00cdSTICA<br \/>\nDimensiones del producto Ancho x Alto x Fondo: 250 x 460 x 170 mm<br \/>\nPeso neto (kg): 3.100 kg<br \/>\nPeso bruto (kg): 4.780 kg<br \/>\nProfundidad del producto envasado: 204 mm<br \/>\nAnchura del producto embalado: 288 mm<br \/>\nAltura del producto embalado: 506 mm<\/p>\n<p>ACCESORIOS INCLUIDOS<br \/>\nCepillo de limpieza: S\u00ed<br \/>\nDispositivo de centrado del portafiltro: S\u00ed<br \/>\nContenedor de caf\u00e9 molido: S\u00ed<\/p>\n<p><span style=\"text-decoration: underline;\"><strong>No se vende fuera de Europa<\/strong><\/span><\/p>\n","protected":false},"excerpt":{"rendered":"<p>EST\u00c9TICA Acabado: Brillante Serie: 50&#8217;s Style Est\u00e9tica: a\u00f1os 50 Material del cuerpo: aluminio fundido a presi\u00f3n Color de la base:<\/p>\n","protected":false},"featured_media":488648,"template":"","meta":{"_acf_changed":false,"inline_featured_image":false},"product_cat":[25387,16073],"product_tag":[25183,23912,23574,16307,16591,23625,25023],"acf":[],"yoast_head":"<!-- This site is optimized with the Yoast SEO Premium plugin v18.6 (Yoast SEO v19.13) - https:\/\/yoast.com\/wordpress\/plugins\/seo\/ -->\n<title>SMEG Aesthetic 50s Molinillo de caf\u00e9 Verde Pastel - Erresse Shop<\/title>\n<meta name=\"description\" content=\"EST\u00c9TICA Acabado: Brillante Serie: 50&#039;s Style Est\u00e9tica: a\u00f1os 50 Material del cuerpo: aluminio fundido a presi\u00f3n Color de la base: Cromo pulido Material\" \/>\n<meta name=\"robots\" content=\"index, follow, max-snippet:-1, max-image-preview:large, max-video-preview:-1\" \/>\n<link rel=\"canonical\" href=\"https:\/\/www.erresse-shop.it\/es\/shop\/pequenos-electrodomesticos\/molinillos-de-cafe\/smeg-aesthetic-50s-molinillo-de-cafe-verde-pastel\/\" \/>\n<meta property=\"og:locale\" content=\"es_ES\" \/>\n<meta property=\"og:type\" content=\"article\" \/>\n<meta property=\"og:title\" content=\"SMEG Aesthetic 50s Molinillo de caf\u00e9 Verde Pastel\" \/>\n<meta property=\"og:description\" content=\"EST\u00c9TICA Acabado: Brillante Serie: 50&#039;s Style Est\u00e9tica: a\u00f1os 50 Material del cuerpo: aluminio fundido a presi\u00f3n Color de la base: Cromo pulido Material\" \/>\n<meta property=\"og:url\" content=\"https:\/\/www.erresse-shop.it\/es\/shop\/pequenos-electrodomesticos\/molinillos-de-cafe\/smeg-aesthetic-50s-molinillo-de-cafe-verde-pastel\/\" \/>\n<meta property=\"og:site_name\" content=\"Erresse Shop\" \/>\n<meta property=\"og:image\" content=\"https:\/\/www.erresse-shop.it\/wp-content\/uploads\/2019\/11\/SMEG-Estetica-Anni-50-Macinacaffe-Verde-Pastello.png\" \/>\n\t<meta property=\"og:image:width\" content=\"800\" \/>\n\t<meta property=\"og:image:height\" content=\"800\" \/>\n\t<meta property=\"og:image:type\" content=\"image\/png\" \/>\n<meta name=\"twitter:card\" content=\"summary_large_image\" \/>\n<script type=\"application\/ld+json\" class=\"yoast-schema-graph\">{\"@context\":\"https:\/\/schema.org\",\"@graph\":[{\"@type\":\"WebPage\",\"@id\":\"https:\/\/www.erresse-shop.it\/es\/shop\/pequenos-electrodomesticos\/molinillos-de-cafe\/smeg-aesthetic-50s-molinillo-de-cafe-verde-pastel\/\",\"url\":\"https:\/\/www.erresse-shop.it\/es\/shop\/pequenos-electrodomesticos\/molinillos-de-cafe\/smeg-aesthetic-50s-molinillo-de-cafe-verde-pastel\/\",\"name\":\"SMEG Aesthetic 50s Molinillo de caf\u00e9 Verde Pastel - Erresse Shop\",\"isPartOf\":{\"@id\":\"https:\/\/www.erresse-shop.it\/es\/#website\"},\"datePublished\":\"2019-11-22T09:25:05+00:00\",\"dateModified\":\"2019-11-22T09:25:05+00:00\",\"description\":\"EST\u00c9TICA Acabado: Brillante Serie: 50's Style Est\u00e9tica: a\u00f1os 50 Material del cuerpo: aluminio fundido a presi\u00f3n Color de la base: Cromo pulido Material\",\"breadcrumb\":{\"@id\":\"https:\/\/www.erresse-shop.it\/es\/shop\/pequenos-electrodomesticos\/molinillos-de-cafe\/smeg-aesthetic-50s-molinillo-de-cafe-verde-pastel\/#breadcrumb\"},\"inLanguage\":\"es\",\"potentialAction\":[{\"@type\":\"ReadAction\",\"target\":[\"https:\/\/www.erresse-shop.it\/es\/shop\/pequenos-electrodomesticos\/molinillos-de-cafe\/smeg-aesthetic-50s-molinillo-de-cafe-verde-pastel\/\"]}]},{\"@type\":\"BreadcrumbList\",\"@id\":\"https:\/\/www.erresse-shop.it\/es\/shop\/pequenos-electrodomesticos\/molinillos-de-cafe\/smeg-aesthetic-50s-molinillo-de-cafe-verde-pastel\/#breadcrumb\",\"itemListElement\":[{\"@type\":\"ListItem\",\"position\":1,\"name\":\"Home\",\"item\":\"https:\/\/www.erresse-shop.it\/es\/\"},{\"@type\":\"ListItem\",\"position\":2,\"name\":\"Shop\",\"item\":\"https:\/\/www.erresse-shop.it\/es\/shop\/\"},{\"@type\":\"ListItem\",\"position\":3,\"name\":\"SMEG Aesthetic 50s Molinillo de caf\u00e9 Verde Pastel\"}]},{\"@type\":\"WebSite\",\"@id\":\"https:\/\/www.erresse-shop.it\/es\/#website\",\"url\":\"https:\/\/www.erresse-shop.it\/es\/\",\"name\":\"Erresse Shop\",\"description\":\"Articoli di qualit\u00e0 per la casa\",\"potentialAction\":[{\"@type\":\"SearchAction\",\"target\":{\"@type\":\"EntryPoint\",\"urlTemplate\":\"https:\/\/www.erresse-shop.it\/es\/?s={search_term_string}\"},\"query-input\":\"required name=search_term_string\"}],\"inLanguage\":\"es\"}]}<\/script>\n<!-- \/ Yoast SEO Premium plugin. -->","yoast_head_json":{"title":"SMEG Aesthetic 50s Molinillo de caf\u00e9 Verde Pastel - Erresse Shop","description":"EST\u00c9TICA Acabado: Brillante Serie: 50's Style Est\u00e9tica: a\u00f1os 50 Material del cuerpo: aluminio fundido a presi\u00f3n Color de la base: Cromo pulido Material","robots":{"index":"index","follow":"follow","max-snippet":"max-snippet:-1","max-image-preview":"max-image-preview:large","max-video-preview":"max-video-preview:-1"},"canonical":"https:\/\/www.erresse-shop.it\/es\/shop\/pequenos-electrodomesticos\/molinillos-de-cafe\/smeg-aesthetic-50s-molinillo-de-cafe-verde-pastel\/","og_locale":"es_ES","og_type":"article","og_title":"SMEG Aesthetic 50s Molinillo de caf\u00e9 Verde Pastel","og_description":"EST\u00c9TICA Acabado: Brillante Serie: 50's Style Est\u00e9tica: a\u00f1os 50 Material del cuerpo: aluminio fundido a presi\u00f3n Color de la base: Cromo pulido Material","og_url":"https:\/\/www.erresse-shop.it\/es\/shop\/pequenos-electrodomesticos\/molinillos-de-cafe\/smeg-aesthetic-50s-molinillo-de-cafe-verde-pastel\/","og_site_name":"Erresse Shop","og_image":[{"width":800,"height":800,"url":"https:\/\/www.erresse-shop.it\/wp-content\/uploads\/2019\/11\/SMEG-Estetica-Anni-50-Macinacaffe-Verde-Pastello.png","type":"image\/png"}],"twitter_card":"summary_large_image","schema":{"@context":"https:\/\/schema.org","@graph":[{"@type":"WebPage","@id":"https:\/\/www.erresse-shop.it\/es\/shop\/pequenos-electrodomesticos\/molinillos-de-cafe\/smeg-aesthetic-50s-molinillo-de-cafe-verde-pastel\/","url":"https:\/\/www.erresse-shop.it\/es\/shop\/pequenos-electrodomesticos\/molinillos-de-cafe\/smeg-aesthetic-50s-molinillo-de-cafe-verde-pastel\/","name":"SMEG Aesthetic 50s Molinillo de caf\u00e9 Verde Pastel - Erresse Shop","isPartOf":{"@id":"https:\/\/www.erresse-shop.it\/es\/#website"},"datePublished":"2019-11-22T09:25:05+00:00","dateModified":"2019-11-22T09:25:05+00:00","description":"EST\u00c9TICA Acabado: Brillante Serie: 50's Style Est\u00e9tica: a\u00f1os 50 Material del cuerpo: aluminio fundido a presi\u00f3n Color de la base: Cromo pulido Material","breadcrumb":{"@id":"https:\/\/www.erresse-shop.it\/es\/shop\/pequenos-electrodomesticos\/molinillos-de-cafe\/smeg-aesthetic-50s-molinillo-de-cafe-verde-pastel\/#breadcrumb"},"inLanguage":"es","potentialAction":[{"@type":"ReadAction","target":["https:\/\/www.erresse-shop.it\/es\/shop\/pequenos-electrodomesticos\/molinillos-de-cafe\/smeg-aesthetic-50s-molinillo-de-cafe-verde-pastel\/"]}]},{"@type":"BreadcrumbList","@id":"https:\/\/www.erresse-shop.it\/es\/shop\/pequenos-electrodomesticos\/molinillos-de-cafe\/smeg-aesthetic-50s-molinillo-de-cafe-verde-pastel\/#breadcrumb","itemListElement":[{"@type":"ListItem","position":1,"name":"Home","item":"https:\/\/www.erresse-shop.it\/es\/"},{"@type":"ListItem","position":2,"name":"Shop","item":"https:\/\/www.erresse-shop.it\/es\/shop\/"},{"@type":"ListItem","position":3,"name":"SMEG Aesthetic 50s Molinillo de caf\u00e9 Verde Pastel"}]},{"@type":"WebSite","@id":"https:\/\/www.erresse-shop.it\/es\/#website","url":"https:\/\/www.erresse-shop.it\/es\/","name":"Erresse Shop","description":"Articoli di qualit\u00e0 per la casa","potentialAction":[{"@type":"SearchAction","target":{"@type":"EntryPoint","urlTemplate":"https:\/\/www.erresse-shop.it\/es\/?s={search_term_string}"},"query-input":"required name=search_term_string"}],"inLanguage":"es"}]}},"df_price":188.29999999999998,"df_sale_price":188.29999999999998,"df_regular_price":269,"df_image_link":"https:\/\/www.erresse-shop.it\/wp-content\/uploads\/2019\/11\/SMEG-Estetica-Anni-50-Macinacaffe-Verde-Pastello-300x300.jpg","_links":{"self":[{"href":"https:\/\/www.erresse-shop.it\/es\/wp-json\/wp\/v2\/product\/169355"}],"collection":[{"href":"https:\/\/www.erresse-shop.it\/es\/wp-json\/wp\/v2\/product"}],"about":[{"href":"https:\/\/www.erresse-shop.it\/es\/wp-json\/wp\/v2\/types\/product"}],"wp:featuredmedia":[{"embeddable":true,"href":"https:\/\/www.erresse-shop.it\/es\/wp-json\/wp\/v2\/media\/488648"}],"wp:attachment":[{"href":"https:\/\/www.erresse-shop.it\/es\/wp-json\/wp\/v2\/media?parent=169355"}],"wp:term":[{"taxonomy":"product_cat","embeddable":true,"href":"https:\/\/www.erresse-shop.it\/es\/wp-json\/wp\/v2\/product_cat?post=169355"},{"taxonomy":"product_tag","embeddable":true,"href":"https:\/\/www.erresse-shop.it\/es\/wp-json\/wp\/v2\/product_tag?post=169355"}],"curies":[{"name":"wp","href":"https:\/\/api.w.org\/{rel}","templated":true}]}}