{"id":169349,"date":"2019-11-22T10:34:13","date_gmt":"2019-11-22T10:34:13","guid":{"rendered":"https:\/\/www.erresse-shop.it\/shop\/sin categor\u00eda\/smeg-aesthetic-50s-espumador-de-leche\/"},"modified":"2025-04-10T14:00:10","modified_gmt":"2025-04-10T14:00:10","slug":"smeg-aesthetic-50s-espumador-de-leche","status":"publish","type":"product","link":"https:\/\/www.erresse-shop.it\/es\/shop\/pequenos-electrodomesticos\/espumadores-de-leche\/smeg-aesthetic-50s-espumador-de-leche\/","title":{"rendered":"SMEG Aesthetic 50s Espumador de leche Rosa"},"content":{"rendered":"<p>EST\u00c9TICA<br \/>\nAcabado: Brillante<br \/>\nSerie: 50&#8217;s Style<br \/>\nEst\u00e9tica: a\u00f1os 50<br \/>\nMaterial del cuerpo: acero inoxidable<br \/>\nMaterial de la tapa: Tritan\u2122 &#8211; transparente<br \/>\nMaterial del tap\u00f3n medidor: Tritan\u2122 &#8211; transparente<br \/>\nMaterial de la jarra: Acero inoxidable<br \/>\nColor del tirador: Gris en el interior \/ Cromo pulido en el exterior<br \/>\nMaterial del mango: Pl\u00e1stico en el interior\/ Acero inoxidable en el exterior<br \/>\nMaterial del cuello Pl\u00e1stico<br \/>\nColor de la base: Cromo pulido<br \/>\nColor del cuello: Cromo pulido<br \/>\nMaterial de la base: pl\u00e1stico<br \/>\nTipo de logotipo: Aplicado<br \/>\nColor del cable de alimentaci\u00f3n: Gris<\/p>\n<p>COMANDOS<br \/>\nTipo de control: Bot\u00f3n, Pomo<br \/>\nMaterial del pomo: Pl\u00e1stico<br \/>\nMaterial de los botones: pl\u00e1stico<\/p>\n<p>PROGRAMAS \/ FUNCIONES<br \/>\nFunci\u00f3n de chocolate caliente: S\u00ed<br \/>\nFunci\u00f3n de leche caliente: S\u00ed<br \/>\nFunci\u00f3n de leche caliente con espuma ligera: S\u00ed<br \/>\nFunci\u00f3n de leche caliente con espuma gruesa: S\u00ed<br \/>\nLeche fr\u00eda con funci\u00f3n de espuma ligera: S\u00ed<br \/>\nFunci\u00f3n de leche fr\u00eda con espuma espesa: S\u00ed<br \/>\nFunci\u00f3n manual de calor: S\u00ed<br \/>\nFunci\u00f3n de fr\u00edo manual: S\u00ed<\/p>\n<p>CARACTER\u00cdSTICAS T\u00c9CNICAS<br \/>\nSistema de inducci\u00f3n con apagado autom\u00e1tico: S\u00ed<br \/>\nTapa medidora extra\u00edble: S\u00ed<br \/>\nJarra extra\u00edble: S\u00ed<br \/>\nCapacidad del espumador de leche: 250 ml \/ 1 taza<br \/>\nCapacidad de la jarra para calentar leche y chocolate: 600 ml \/ 2,5 tazas<br \/>\nBase antideslizante: S\u00ed<br \/>\nEnrollador de cables integrado: S\u00ed<\/p>\n<p>CONEXI\u00d3N EL\u00c9CTRICA<br \/>\nEnchufe: (F;E) Schuko<br \/>\nTensi\u00f3n: 220-240 V<br \/>\nFrecuencia: 50\/60 Hz<br \/>\nTipo de enchufe: Schuko<br \/>\nPotencia: 500 W<br \/>\nLongitud del cable de alimentaci\u00f3n: 1 m<\/p>\n<p>INFORMACI\u00d3N LOG\u00cdSTICA<br \/>\nDimensiones del producto: HxAxP 251 x 184 x 142 mm<br \/>\nAnchura del producto: 184 mm<br \/>\nPeso neto (kg): 1.780 kg<br \/>\nPeso bruto (kg): 3.030 kg<br \/>\nProfundidad del producto: 142 mm<br \/>\nAltura del producto: 251 mm<br \/>\nAnchura del producto embalado: 233 mm<br \/>\nProfundidad del producto embalado: 233 mm<br \/>\nAltura del producto embalado: 337 mm<\/p>\n<p>ACCESORIOS INCLUIDOS<br \/>\nBatidor suave para leche caliente y funci\u00f3n de leche manual: S\u00ed<br \/>\nBatidor con muescas para el espumador de leche y funci\u00f3n manual: S\u00ed<br \/>\nMaterial del batidor: Pl\u00e1stico<br \/>\nBatidora Color: Gris<\/p>\n<p><span style=\"text-decoration: underline;\"><strong>No se vende fuera de Europa<\/strong><\/span><\/p>\n","protected":false},"excerpt":{"rendered":"<p>EST\u00c9TICA Acabado: Brillante Serie: 50&#8217;s Style Est\u00e9tica: a\u00f1os 50 Material del cuerpo: acero inoxidable Material de la tapa: Tritan\u2122 &#8211;<\/p>\n","protected":false},"featured_media":488080,"template":"","meta":{"_acf_changed":false,"inline_featured_image":false},"product_cat":[20621,16073],"product_tag":[25183,23912,16390,23574,16392,16307,23625,25023],"acf":[],"yoast_head":"<!-- This site is optimized with the Yoast SEO Premium plugin v18.6 (Yoast SEO v19.13) - https:\/\/yoast.com\/wordpress\/plugins\/seo\/ -->\n<title>SMEG Aesthetic 50s Espumador de leche Rosa - Erresse Shop<\/title>\n<meta name=\"description\" content=\"EST\u00c9TICA Acabado: Brillante Serie: 50&#039;s Style Est\u00e9tica: a\u00f1os 50 Material del cuerpo: acero inoxidable Material de la tapa: Tritan\u2122 - transparente Material\" \/>\n<meta name=\"robots\" content=\"index, follow, max-snippet:-1, max-image-preview:large, max-video-preview:-1\" \/>\n<link rel=\"canonical\" href=\"https:\/\/www.erresse-shop.it\/es\/shop\/pequenos-electrodomesticos\/espumadores-de-leche\/smeg-aesthetic-50s-espumador-de-leche\/\" \/>\n<meta property=\"og:locale\" content=\"es_ES\" \/>\n<meta property=\"og:type\" content=\"article\" \/>\n<meta property=\"og:title\" content=\"SMEG Aesthetic 50s Espumador de leche Rosa\" \/>\n<meta property=\"og:description\" content=\"EST\u00c9TICA Acabado: Brillante Serie: 50&#039;s Style Est\u00e9tica: a\u00f1os 50 Material del cuerpo: acero inoxidable Material de la tapa: Tritan\u2122 - transparente Material\" \/>\n<meta property=\"og:url\" content=\"https:\/\/www.erresse-shop.it\/es\/shop\/pequenos-electrodomesticos\/espumadores-de-leche\/smeg-aesthetic-50s-espumador-de-leche\/\" \/>\n<meta property=\"og:site_name\" content=\"Erresse Shop\" \/>\n<meta property=\"article:modified_time\" content=\"2025-04-10T14:00:10+00:00\" \/>\n<meta property=\"og:image\" content=\"https:\/\/www.erresse-shop.it\/wp-content\/uploads\/2019\/11\/SMEG-Estetica-Anni-50-Montalatte-Rosa.png\" \/>\n\t<meta property=\"og:image:width\" content=\"800\" \/>\n\t<meta property=\"og:image:height\" content=\"800\" \/>\n\t<meta property=\"og:image:type\" content=\"image\/png\" \/>\n<meta name=\"twitter:card\" content=\"summary_large_image\" \/>\n<script type=\"application\/ld+json\" class=\"yoast-schema-graph\">{\"@context\":\"https:\/\/schema.org\",\"@graph\":[{\"@type\":\"WebPage\",\"@id\":\"https:\/\/www.erresse-shop.it\/es\/shop\/pequenos-electrodomesticos\/espumadores-de-leche\/smeg-aesthetic-50s-espumador-de-leche\/\",\"url\":\"https:\/\/www.erresse-shop.it\/es\/shop\/pequenos-electrodomesticos\/espumadores-de-leche\/smeg-aesthetic-50s-espumador-de-leche\/\",\"name\":\"SMEG Aesthetic 50s Espumador de leche Rosa - Erresse Shop\",\"isPartOf\":{\"@id\":\"https:\/\/www.erresse-shop.it\/es\/#website\"},\"datePublished\":\"2019-11-22T10:34:13+00:00\",\"dateModified\":\"2025-04-10T14:00:10+00:00\",\"description\":\"EST\u00c9TICA Acabado: Brillante Serie: 50's Style Est\u00e9tica: a\u00f1os 50 Material del cuerpo: acero inoxidable Material de la tapa: Tritan\u2122 - transparente Material\",\"breadcrumb\":{\"@id\":\"https:\/\/www.erresse-shop.it\/es\/shop\/pequenos-electrodomesticos\/espumadores-de-leche\/smeg-aesthetic-50s-espumador-de-leche\/#breadcrumb\"},\"inLanguage\":\"es\",\"potentialAction\":[{\"@type\":\"ReadAction\",\"target\":[\"https:\/\/www.erresse-shop.it\/es\/shop\/pequenos-electrodomesticos\/espumadores-de-leche\/smeg-aesthetic-50s-espumador-de-leche\/\"]}]},{\"@type\":\"BreadcrumbList\",\"@id\":\"https:\/\/www.erresse-shop.it\/es\/shop\/pequenos-electrodomesticos\/espumadores-de-leche\/smeg-aesthetic-50s-espumador-de-leche\/#breadcrumb\",\"itemListElement\":[{\"@type\":\"ListItem\",\"position\":1,\"name\":\"Home\",\"item\":\"https:\/\/www.erresse-shop.it\/es\/\"},{\"@type\":\"ListItem\",\"position\":2,\"name\":\"Shop\",\"item\":\"https:\/\/www.erresse-shop.it\/es\/shop\/\"},{\"@type\":\"ListItem\",\"position\":3,\"name\":\"SMEG Aesthetic 50s Espumador de leche Rosa\"}]},{\"@type\":\"WebSite\",\"@id\":\"https:\/\/www.erresse-shop.it\/es\/#website\",\"url\":\"https:\/\/www.erresse-shop.it\/es\/\",\"name\":\"Erresse Shop\",\"description\":\"Articoli di qualit\u00e0 per la casa\",\"potentialAction\":[{\"@type\":\"SearchAction\",\"target\":{\"@type\":\"EntryPoint\",\"urlTemplate\":\"https:\/\/www.erresse-shop.it\/es\/?s={search_term_string}\"},\"query-input\":\"required name=search_term_string\"}],\"inLanguage\":\"es\"}]}<\/script>\n<!-- \/ Yoast SEO Premium plugin. -->","yoast_head_json":{"title":"SMEG Aesthetic 50s Espumador de leche Rosa - Erresse Shop","description":"EST\u00c9TICA Acabado: Brillante Serie: 50's Style Est\u00e9tica: a\u00f1os 50 Material del cuerpo: acero inoxidable Material de la tapa: Tritan\u2122 - transparente Material","robots":{"index":"index","follow":"follow","max-snippet":"max-snippet:-1","max-image-preview":"max-image-preview:large","max-video-preview":"max-video-preview:-1"},"canonical":"https:\/\/www.erresse-shop.it\/es\/shop\/pequenos-electrodomesticos\/espumadores-de-leche\/smeg-aesthetic-50s-espumador-de-leche\/","og_locale":"es_ES","og_type":"article","og_title":"SMEG Aesthetic 50s Espumador de leche Rosa","og_description":"EST\u00c9TICA Acabado: Brillante Serie: 50's Style Est\u00e9tica: a\u00f1os 50 Material del cuerpo: acero inoxidable Material de la tapa: Tritan\u2122 - transparente Material","og_url":"https:\/\/www.erresse-shop.it\/es\/shop\/pequenos-electrodomesticos\/espumadores-de-leche\/smeg-aesthetic-50s-espumador-de-leche\/","og_site_name":"Erresse Shop","article_modified_time":"2025-04-10T14:00:10+00:00","og_image":[{"width":800,"height":800,"url":"https:\/\/www.erresse-shop.it\/wp-content\/uploads\/2019\/11\/SMEG-Estetica-Anni-50-Montalatte-Rosa.png","type":"image\/png"}],"twitter_card":"summary_large_image","schema":{"@context":"https:\/\/schema.org","@graph":[{"@type":"WebPage","@id":"https:\/\/www.erresse-shop.it\/es\/shop\/pequenos-electrodomesticos\/espumadores-de-leche\/smeg-aesthetic-50s-espumador-de-leche\/","url":"https:\/\/www.erresse-shop.it\/es\/shop\/pequenos-electrodomesticos\/espumadores-de-leche\/smeg-aesthetic-50s-espumador-de-leche\/","name":"SMEG Aesthetic 50s Espumador de leche Rosa - Erresse Shop","isPartOf":{"@id":"https:\/\/www.erresse-shop.it\/es\/#website"},"datePublished":"2019-11-22T10:34:13+00:00","dateModified":"2025-04-10T14:00:10+00:00","description":"EST\u00c9TICA Acabado: Brillante Serie: 50's Style Est\u00e9tica: a\u00f1os 50 Material del cuerpo: acero inoxidable Material de la tapa: Tritan\u2122 - transparente Material","breadcrumb":{"@id":"https:\/\/www.erresse-shop.it\/es\/shop\/pequenos-electrodomesticos\/espumadores-de-leche\/smeg-aesthetic-50s-espumador-de-leche\/#breadcrumb"},"inLanguage":"es","potentialAction":[{"@type":"ReadAction","target":["https:\/\/www.erresse-shop.it\/es\/shop\/pequenos-electrodomesticos\/espumadores-de-leche\/smeg-aesthetic-50s-espumador-de-leche\/"]}]},{"@type":"BreadcrumbList","@id":"https:\/\/www.erresse-shop.it\/es\/shop\/pequenos-electrodomesticos\/espumadores-de-leche\/smeg-aesthetic-50s-espumador-de-leche\/#breadcrumb","itemListElement":[{"@type":"ListItem","position":1,"name":"Home","item":"https:\/\/www.erresse-shop.it\/es\/"},{"@type":"ListItem","position":2,"name":"Shop","item":"https:\/\/www.erresse-shop.it\/es\/shop\/"},{"@type":"ListItem","position":3,"name":"SMEG Aesthetic 50s Espumador de leche Rosa"}]},{"@type":"WebSite","@id":"https:\/\/www.erresse-shop.it\/es\/#website","url":"https:\/\/www.erresse-shop.it\/es\/","name":"Erresse Shop","description":"Articoli di qualit\u00e0 per la casa","potentialAction":[{"@type":"SearchAction","target":{"@type":"EntryPoint","urlTemplate":"https:\/\/www.erresse-shop.it\/es\/?s={search_term_string}"},"query-input":"required name=search_term_string"}],"inLanguage":"es"}]}},"df_price":139.29999999999998,"df_sale_price":139.29999999999998,"df_regular_price":199,"df_image_link":"https:\/\/www.erresse-shop.it\/wp-content\/uploads\/2019\/11\/SMEG-Estetica-Anni-50-Montalatte-Rosa-300x300.jpg","_links":{"self":[{"href":"https:\/\/www.erresse-shop.it\/es\/wp-json\/wp\/v2\/product\/169349"}],"collection":[{"href":"https:\/\/www.erresse-shop.it\/es\/wp-json\/wp\/v2\/product"}],"about":[{"href":"https:\/\/www.erresse-shop.it\/es\/wp-json\/wp\/v2\/types\/product"}],"wp:featuredmedia":[{"embeddable":true,"href":"https:\/\/www.erresse-shop.it\/es\/wp-json\/wp\/v2\/media\/488080"}],"wp:attachment":[{"href":"https:\/\/www.erresse-shop.it\/es\/wp-json\/wp\/v2\/media?parent=169349"}],"wp:term":[{"taxonomy":"product_cat","embeddable":true,"href":"https:\/\/www.erresse-shop.it\/es\/wp-json\/wp\/v2\/product_cat?post=169349"},{"taxonomy":"product_tag","embeddable":true,"href":"https:\/\/www.erresse-shop.it\/es\/wp-json\/wp\/v2\/product_tag?post=169349"}],"curies":[{"name":"wp","href":"https:\/\/api.w.org\/{rel}","templated":true}]}}