{"id":169347,"date":"2019-11-22T10:44:35","date_gmt":"2019-11-22T10:44:35","guid":{"rendered":"https:\/\/www.erresse-shop.it\/shop\/sin%20categor\u00eda\/smeg-aesthetic-50s-espumador-de-leche-blanco\/"},"modified":"2024-05-17T12:57:47","modified_gmt":"2024-05-17T12:57:47","slug":"smeg-aesthetic-50s-espumador-de-leche-blanco","status":"publish","type":"product","link":"https:\/\/www.erresse-shop.it\/es\/shop\/pequenos-electrodomesticos\/espumadores-de-leche\/smeg-aesthetic-50s-espumador-de-leche-blanco\/","title":{"rendered":"SMEG Aesthetic 50s Espumador de Leche Blanco"},"content":{"rendered":"<p>Serie <b>SMEG<\/b>a\u00f1os 50<\/p>\n<p>Objetos de encuentro simb\u00f3licos, iconos que transforman el espacio, los nuevos peque\u00f1os de la l\u00ednea Anni &#8217;50s, dise\u00f1ados en colaboraci\u00f3n con Matteo Bazzicalupo y Raffaella Mangiarotti de deepdesign, evocan otros tiempos y dan forma a lugares cotidianos, dando un nuevo significado a lo que ya existe o ha existido, como ocurre en el arte y la memoria.<br \/>\nProductos de formas redondeadas y compactas son los protagonistas de la cocina, pensados \u200b\u200bpara quienes quieren vivir la experiencia de un chef pero no solo eso. Para quienes aman rodearse de objetos con un fuerte car\u00e1cter est\u00e9tico sin perder de vista las prestaciones de alta calidad.<\/p>\n<p><strong>UN OBJETO DE DISE\u00d1O RICO EN TECNOLOG\u00cdA<\/strong><br \/>\nDise\u00f1ado para garantizar un alto rendimiento, facilidad, seguridad y comodidad de uso. El sistema de calentamiento por inducci\u00f3n r\u00e1pido y seguro se activa solo despu\u00e9s de seleccionar el tipo de preparaci\u00f3n requerida y se apaga autom\u00e1ticamente una vez finalizado el programa.<\/p>\n<p><strong>CAPPUCCINO, \u00bfLECHE CALIENTE O CHOCOLATE CALIENTE? NO LIMITES EL PLACER DEL DESCANSO<\/strong><br \/>\nMFF01 no es s\u00f3lo un fabricante de capuchinos. Gracias a los 6 programas autom\u00e1ticos y una funci\u00f3n manual puede preparar bebidas fr\u00edas y calientes con o sin espuma, satisfaciendo completamente los gustos personales de cada hu\u00e9sped. Simplemente cambie los batidores suministrados para utilizar el espumador de leche tambi\u00e9n para preparar t\u00e9, infusiones y otras bebidas calientes instant\u00e1neas, como el caf\u00e9 de cebada.<\/p>\n<p><strong>PROGRAMA DE CHOCOLATE<\/strong><br \/>\nSeleccionando la funci\u00f3n chocolate y utilizando ingredientes de la receta tradicional &#8211; leche y trozos de chocolate &#8211; gracias al movimiento uniforme del batidor y a la temperatura \u00f3ptima preestablecida, es posible obtener sin esfuerzo un chocolate con mucho cuerpo, suave y genuino. .<\/p>\n<p><strong>EST\u00c9TICA<\/strong><br \/>\n<strong>Acabado:<\/strong> Pulido<br \/>\n<strong>Serie:<\/strong> Estilo a\u00f1os 50<br \/>\n<strong>Material del cuerpo:<\/strong> Acero inoxidable<br \/>\n<strong>Material de la tapa:<\/strong> pl\u00e1stico sin BPA<br \/>\n<strong>Material de la tapa del medidor:<\/strong> pl\u00e1stico sin BPA<br \/>\n<strong>Material de la jarra:<\/strong> Acero inoxidable<br \/>\n<strong>Color del tirador:<\/strong> Interior gris \/ Exterior cromado pulido<br \/>\n<strong>Material del mango:<\/strong> Pl\u00e1stico interior \/ Acero inoxidable exterior<br \/>\n<strong>Material del cuello:<\/strong> Pl\u00e1stico<br \/>\n<strong>Color soporte:<\/strong> Cromo pulido<br \/>\n<strong>Color del cuello:<\/strong> Cromo pulido<br \/>\n<strong>Material base soporte:<\/strong> Pl\u00e1stico<br \/>\n<strong>Color del cable de alimentaci\u00f3n:<\/strong> Gris<\/p>\n<p><strong>COMANDOS<\/strong><br \/>\n<strong>Tipo de controles:<\/strong> Bot\u00f3n, Perilla<br \/>\n<strong>Material del pomo:<\/strong> Pl\u00e1stico<br \/>\n<strong>Material del bot\u00f3n:<\/strong> Pl\u00e1stico<\/p>\n<p><strong>PROGRAMAS \/ FUNCIONES<\/strong><br \/>\n<strong>Funci\u00f3n chocolate caliente:<\/strong> S\u00ed<br \/>\n<strong>Funci\u00f3n de leche caliente:<\/strong> S\u00ed<br \/>\n<strong>Funci\u00f3n de leche caliente con espuma ligera:<\/strong> S\u00ed<br \/>\n<strong>Funci\u00f3n de leche caliente con espuma densa:<\/strong> S\u00ed<br \/>\n<strong>Funci\u00f3n leche fr\u00eda con espuma ligera:<\/strong> S\u00ed<br \/>\n<strong>Funci\u00f3n de leche fr\u00eda con espuma densa:<\/strong> S\u00ed<br \/>\n<strong>Funci\u00f3n de calentamiento manual:<\/strong> S\u00ed<br \/>\n<strong>Funci\u00f3n Manual de Fr\u00edo:<\/strong> S\u00ed<\/p>\n<p><strong>CARACTER\u00cdSTICAS T\u00c9CNICAS<\/strong><br \/>\n<strong>Sistema de inducci\u00f3n con apagado autom\u00e1tico:<\/strong> S\u00ed<br \/>\n<strong>Tapa medidora extra\u00edble:<\/strong> S\u00ed<br \/>\n<strong>Jarra extra\u00edble:<\/strong> S\u00ed<br \/>\n<strong>Capacidad de la jarra para espumar leche:<\/strong> 250 ml \/ 1 taza<br \/>\n<strong>Capacidad de la jarra para calentar leche y chocolate:<\/strong> 600 ml \/ 2,5 taza<br \/>\n<strong>Base antideslizante:<\/strong> S\u00ed<br \/>\n<strong>Enrollador de cable integrado:<\/strong> S\u00ed<\/p>\n<p><strong>CONEXI\u00d3N EL\u00c9CTRICA<\/strong><br \/>\n<strong>Voltaje:<\/strong> 220-240 V<br \/>\n<strong>Frecuencia:<\/strong> 50\/60 Hz<br \/>\n<strong>Tipo de enchufe:<\/strong> Schuko<br \/>\n<strong>Potencia:<\/strong> 500W<br \/>\n<strong>Longitud del cable de alimentaci\u00f3n:<\/strong> 1 m<\/p>\n<p><strong>ACCESORIOS SUMINISTRADOS<\/strong><br \/>\n<strong>Batidor suave para leche caliente y funciones manuales:<\/strong> S\u00ed<br \/>\n<strong>Batidor con muescas para espumar leche y funci\u00f3n manual:<\/strong> S\u00ed<br \/>\n<strong>Material de los batidores:<\/strong> Pl\u00e1stico<br \/>\n<strong>Color l\u00e1tigos:<\/strong> Gris<\/p>\n<p><u style=\"font-size: 13px; line-height: 20.8px;\"><strong>No est\u00e1 a la venta fuera de Europa<\/strong><\/u><\/p>\n","protected":false},"excerpt":{"rendered":"<p>Serie SMEGa\u00f1os 50 Objetos de encuentro simb\u00f3licos, iconos que transforman el espacio, los nuevos peque\u00f1os de la l\u00ednea Anni &#8217;50s,<\/p>\n","protected":false},"featured_media":491498,"template":"","meta":{"_acf_changed":false,"inline_featured_image":false},"product_cat":[20621,16073],"product_tag":[25183,16390,23574,16392,16307,23625,25023],"acf":[],"yoast_head":"<!-- This site is optimized with the Yoast SEO Premium plugin v18.6 (Yoast SEO v19.13) - https:\/\/yoast.com\/wordpress\/plugins\/seo\/ -->\n<title>SMEG Aesthetic 50s Espumador de Leche Blanco - Erresse Shop<\/title>\n<meta name=\"description\" content=\"Serie SMEGa\u00f1os 50 Objetos de encuentro simb\u00f3licos, iconos que transforman el espacio, los nuevos peque\u00f1os de la l\u00ednea Anni &#039;50s, dise\u00f1ados en colaboraci\u00f3n\" \/>\n<meta name=\"robots\" content=\"index, follow, max-snippet:-1, max-image-preview:large, max-video-preview:-1\" \/>\n<link rel=\"canonical\" href=\"https:\/\/www.erresse-shop.it\/es\/shop\/pequenos-electrodomesticos\/espumadores-de-leche\/smeg-aesthetic-50s-espumador-de-leche-blanco\/\" \/>\n<meta property=\"og:locale\" content=\"es_ES\" \/>\n<meta property=\"og:type\" content=\"article\" \/>\n<meta property=\"og:title\" content=\"SMEG Aesthetic 50s Espumador de Leche Blanco\" \/>\n<meta property=\"og:description\" content=\"Serie SMEGa\u00f1os 50 Objetos de encuentro simb\u00f3licos, iconos que transforman el espacio, los nuevos peque\u00f1os de la l\u00ednea Anni &#039;50s, dise\u00f1ados en colaboraci\u00f3n\" \/>\n<meta property=\"og:url\" content=\"https:\/\/www.erresse-shop.it\/es\/shop\/pequenos-electrodomesticos\/espumadores-de-leche\/smeg-aesthetic-50s-espumador-de-leche-blanco\/\" \/>\n<meta property=\"og:site_name\" content=\"Erresse Shop\" \/>\n<meta property=\"article:modified_time\" content=\"2024-05-17T12:57:47+00:00\" \/>\n<meta property=\"og:image\" content=\"https:\/\/www.erresse-shop.it\/wp-content\/uploads\/2019\/11\/SMEG-Estetica-Anni-50-Montalatte-Bianco.png\" \/>\n\t<meta property=\"og:image:width\" content=\"800\" \/>\n\t<meta property=\"og:image:height\" content=\"800\" \/>\n\t<meta property=\"og:image:type\" content=\"image\/png\" \/>\n<meta name=\"twitter:card\" content=\"summary_large_image\" \/>\n<script type=\"application\/ld+json\" class=\"yoast-schema-graph\">{\"@context\":\"https:\/\/schema.org\",\"@graph\":[{\"@type\":\"WebPage\",\"@id\":\"https:\/\/www.erresse-shop.it\/es\/shop\/pequenos-electrodomesticos\/espumadores-de-leche\/smeg-aesthetic-50s-espumador-de-leche-blanco\/\",\"url\":\"https:\/\/www.erresse-shop.it\/es\/shop\/pequenos-electrodomesticos\/espumadores-de-leche\/smeg-aesthetic-50s-espumador-de-leche-blanco\/\",\"name\":\"SMEG Aesthetic 50s Espumador de Leche Blanco - Erresse Shop\",\"isPartOf\":{\"@id\":\"https:\/\/www.erresse-shop.it\/es\/#website\"},\"datePublished\":\"2019-11-22T10:44:35+00:00\",\"dateModified\":\"2024-05-17T12:57:47+00:00\",\"description\":\"Serie SMEGa\u00f1os 50 Objetos de encuentro simb\u00f3licos, iconos que transforman el espacio, los nuevos peque\u00f1os de la l\u00ednea Anni '50s, dise\u00f1ados en colaboraci\u00f3n\",\"breadcrumb\":{\"@id\":\"https:\/\/www.erresse-shop.it\/es\/shop\/pequenos-electrodomesticos\/espumadores-de-leche\/smeg-aesthetic-50s-espumador-de-leche-blanco\/#breadcrumb\"},\"inLanguage\":\"es\",\"potentialAction\":[{\"@type\":\"ReadAction\",\"target\":[\"https:\/\/www.erresse-shop.it\/es\/shop\/pequenos-electrodomesticos\/espumadores-de-leche\/smeg-aesthetic-50s-espumador-de-leche-blanco\/\"]}]},{\"@type\":\"BreadcrumbList\",\"@id\":\"https:\/\/www.erresse-shop.it\/es\/shop\/pequenos-electrodomesticos\/espumadores-de-leche\/smeg-aesthetic-50s-espumador-de-leche-blanco\/#breadcrumb\",\"itemListElement\":[{\"@type\":\"ListItem\",\"position\":1,\"name\":\"Home\",\"item\":\"https:\/\/www.erresse-shop.it\/es\/\"},{\"@type\":\"ListItem\",\"position\":2,\"name\":\"Shop\",\"item\":\"https:\/\/www.erresse-shop.it\/es\/shop\/\"},{\"@type\":\"ListItem\",\"position\":3,\"name\":\"SMEG Aesthetic 50s Espumador de Leche Blanco\"}]},{\"@type\":\"WebSite\",\"@id\":\"https:\/\/www.erresse-shop.it\/es\/#website\",\"url\":\"https:\/\/www.erresse-shop.it\/es\/\",\"name\":\"Erresse Shop\",\"description\":\"Articoli di qualit\u00e0 per la casa\",\"potentialAction\":[{\"@type\":\"SearchAction\",\"target\":{\"@type\":\"EntryPoint\",\"urlTemplate\":\"https:\/\/www.erresse-shop.it\/es\/?s={search_term_string}\"},\"query-input\":\"required name=search_term_string\"}],\"inLanguage\":\"es\"}]}<\/script>\n<!-- \/ Yoast SEO Premium plugin. -->","yoast_head_json":{"title":"SMEG Aesthetic 50s Espumador de Leche Blanco - Erresse Shop","description":"Serie SMEGa\u00f1os 50 Objetos de encuentro simb\u00f3licos, iconos que transforman el espacio, los nuevos peque\u00f1os de la l\u00ednea Anni '50s, dise\u00f1ados en colaboraci\u00f3n","robots":{"index":"index","follow":"follow","max-snippet":"max-snippet:-1","max-image-preview":"max-image-preview:large","max-video-preview":"max-video-preview:-1"},"canonical":"https:\/\/www.erresse-shop.it\/es\/shop\/pequenos-electrodomesticos\/espumadores-de-leche\/smeg-aesthetic-50s-espumador-de-leche-blanco\/","og_locale":"es_ES","og_type":"article","og_title":"SMEG Aesthetic 50s Espumador de Leche Blanco","og_description":"Serie SMEGa\u00f1os 50 Objetos de encuentro simb\u00f3licos, iconos que transforman el espacio, los nuevos peque\u00f1os de la l\u00ednea Anni '50s, dise\u00f1ados en colaboraci\u00f3n","og_url":"https:\/\/www.erresse-shop.it\/es\/shop\/pequenos-electrodomesticos\/espumadores-de-leche\/smeg-aesthetic-50s-espumador-de-leche-blanco\/","og_site_name":"Erresse Shop","article_modified_time":"2024-05-17T12:57:47+00:00","og_image":[{"width":800,"height":800,"url":"https:\/\/www.erresse-shop.it\/wp-content\/uploads\/2019\/11\/SMEG-Estetica-Anni-50-Montalatte-Bianco.png","type":"image\/png"}],"twitter_card":"summary_large_image","schema":{"@context":"https:\/\/schema.org","@graph":[{"@type":"WebPage","@id":"https:\/\/www.erresse-shop.it\/es\/shop\/pequenos-electrodomesticos\/espumadores-de-leche\/smeg-aesthetic-50s-espumador-de-leche-blanco\/","url":"https:\/\/www.erresse-shop.it\/es\/shop\/pequenos-electrodomesticos\/espumadores-de-leche\/smeg-aesthetic-50s-espumador-de-leche-blanco\/","name":"SMEG Aesthetic 50s Espumador de Leche Blanco - Erresse Shop","isPartOf":{"@id":"https:\/\/www.erresse-shop.it\/es\/#website"},"datePublished":"2019-11-22T10:44:35+00:00","dateModified":"2024-05-17T12:57:47+00:00","description":"Serie SMEGa\u00f1os 50 Objetos de encuentro simb\u00f3licos, iconos que transforman el espacio, los nuevos peque\u00f1os de la l\u00ednea Anni '50s, dise\u00f1ados en colaboraci\u00f3n","breadcrumb":{"@id":"https:\/\/www.erresse-shop.it\/es\/shop\/pequenos-electrodomesticos\/espumadores-de-leche\/smeg-aesthetic-50s-espumador-de-leche-blanco\/#breadcrumb"},"inLanguage":"es","potentialAction":[{"@type":"ReadAction","target":["https:\/\/www.erresse-shop.it\/es\/shop\/pequenos-electrodomesticos\/espumadores-de-leche\/smeg-aesthetic-50s-espumador-de-leche-blanco\/"]}]},{"@type":"BreadcrumbList","@id":"https:\/\/www.erresse-shop.it\/es\/shop\/pequenos-electrodomesticos\/espumadores-de-leche\/smeg-aesthetic-50s-espumador-de-leche-blanco\/#breadcrumb","itemListElement":[{"@type":"ListItem","position":1,"name":"Home","item":"https:\/\/www.erresse-shop.it\/es\/"},{"@type":"ListItem","position":2,"name":"Shop","item":"https:\/\/www.erresse-shop.it\/es\/shop\/"},{"@type":"ListItem","position":3,"name":"SMEG Aesthetic 50s Espumador de Leche Blanco"}]},{"@type":"WebSite","@id":"https:\/\/www.erresse-shop.it\/es\/#website","url":"https:\/\/www.erresse-shop.it\/es\/","name":"Erresse Shop","description":"Articoli di qualit\u00e0 per la casa","potentialAction":[{"@type":"SearchAction","target":{"@type":"EntryPoint","urlTemplate":"https:\/\/www.erresse-shop.it\/es\/?s={search_term_string}"},"query-input":"required name=search_term_string"}],"inLanguage":"es"}]}},"df_price":139.29999999999998,"df_sale_price":139.29999999999998,"df_regular_price":199,"df_image_link":"https:\/\/www.erresse-shop.it\/wp-content\/uploads\/2019\/11\/SMEG-Estetica-Anni-50-Montalatte-Bianco-300x300.jpg","_links":{"self":[{"href":"https:\/\/www.erresse-shop.it\/es\/wp-json\/wp\/v2\/product\/169347"}],"collection":[{"href":"https:\/\/www.erresse-shop.it\/es\/wp-json\/wp\/v2\/product"}],"about":[{"href":"https:\/\/www.erresse-shop.it\/es\/wp-json\/wp\/v2\/types\/product"}],"wp:featuredmedia":[{"embeddable":true,"href":"https:\/\/www.erresse-shop.it\/es\/wp-json\/wp\/v2\/media\/491498"}],"wp:attachment":[{"href":"https:\/\/www.erresse-shop.it\/es\/wp-json\/wp\/v2\/media?parent=169347"}],"wp:term":[{"taxonomy":"product_cat","embeddable":true,"href":"https:\/\/www.erresse-shop.it\/es\/wp-json\/wp\/v2\/product_cat?post=169347"},{"taxonomy":"product_tag","embeddable":true,"href":"https:\/\/www.erresse-shop.it\/es\/wp-json\/wp\/v2\/product_tag?post=169347"}],"curies":[{"name":"wp","href":"https:\/\/api.w.org\/{rel}","templated":true}]}}