{"id":169340,"date":"2020-05-22T10:42:45","date_gmt":"2020-05-22T10:42:45","guid":{"rendered":"https:\/\/www.erresse-shop.it\/shop\/sin%20categor\u00eda\/smeg-aesthetic-50s-amasadora-blanca\/"},"modified":"2024-05-17T13:09:27","modified_gmt":"2024-05-17T13:09:27","slug":"smeg-aesthetic-50s-amasadora-blanca","status":"publish","type":"product","link":"https:\/\/www.erresse-shop.it\/es\/shop\/pequenos-electrodomesticos\/amasadores\/smeg-aesthetic-50s-amasadora-blanca\/","title":{"rendered":"Amasadora SMEG 50s Aesthetics SMF03 Blanca"},"content":{"rendered":"<p>Serie <b>SMEG<\/b>a\u00f1os 50<\/p>\n<p>Objetos de encuentro simb\u00f3licos, iconos que transforman el espacio que ocupan, los nuevos peque\u00f1os de la l\u00ednea Anni &#8217;50s, dise\u00f1ados en colaboraci\u00f3n con Matteo Bazzicalupo y Raffaella Mangiarotti de deepdesign, evocan otros tiempos y dan forma a lugares cotidianos, dot\u00e1ndolos de un nuevo significado que ya existe o ha existido, como ocurre en el arte y la memoria.<br \/>\nProductos de formas redondeadas y compactas son los protagonistas de la cocina, pensados \u200b\u200bpara quienes quieren vivir la experiencia de un chef pero no solo eso. Para quienes aman rodearse de objetos con un fuerte car\u00e1cter est\u00e9tico sin perder de vista las prestaciones de alta calidad.<\/p>\n<p><strong>BOL DE VIDRIO<\/strong><br \/>\nEl bol de cristal permite seguir el procesamiento de los ingredientes mientras la batidora est\u00e1 en funcionamiento y garantiza el m\u00e1ximo rendimiento: una capacidad de 4,8 litros para masas voluminosas y marcaci\u00f3n del nivel de l\u00edquido.<\/p>\n<p><strong>L\u00c1TIGO CON BORDES FLEXIBLES<\/strong><br \/>\nEl accesorio suministrado dise\u00f1ado para obtener mezclas cremosas y homog\u00e9neas gracias al dise\u00f1o espec\u00edficamente dise\u00f1ado con 3 brazos, permite mezclar de forma \u00f3ptima los ingredientes durante el batido, haciendo que la preparaci\u00f3n sea m\u00e1s r\u00e1pida y eficaz.<\/p>\n<p><strong>APTO PARA CADA NECESIDAD<\/strong><\/p>\n<ul>\n<li>Accesorios incluidos: batidor con bordes flexibles, gancho para amasar, batidor plano, batidor de alambre, bol de vidrio.<\/li>\n<li>Accesorios opcionales: hojaldre, fettuccine, tagliolini, espagueti, picadora, cortador de verduras, heladera.<\/li>\n<\/ul>\n<p><strong>EST\u00c9TICA<\/strong><\/p>\n<ul>\n<li>Est\u00e9tica: a\u00f1os 50<\/li>\n<li>Color del cuerpo: Blanco<\/li>\n<li>Color de la cubierta frontal: Cromo<\/li>\n<li>Material de la cubierta frontal: Pl\u00e1stico<\/li>\n<li>Material del cuerpo: aluminio fundido<\/li>\n<li>Color base: Blanco<\/li>\n<li>Material base: aluminio fundido<\/li>\n<li>Material del arco: Vidrio<\/li>\n<li>Tipo de logotipo: Aplicado<\/li>\n<\/ul>\n<p><strong>COMANDOS<\/strong><\/p>\n<ul>\n<li>Tipo de controles: Palanca<\/li>\n<li>Material de la palanca: Acero inoxidable<\/li>\n<\/ul>\n<p><strong>PROGRAMAS \/ FUNCIONES<\/strong><\/p>\n<ul>\n<li>Niveles de velocidad: 10<\/li>\n<li>Funci\u00f3n de inicio suave: S\u00ed<\/li>\n<\/ul>\n<p><strong>CARACTER\u00cdSTICAS T\u00c9CNICAS<\/strong><\/p>\n<ul>\n<li>Movimiento: Planetario<\/li>\n<li>Control de velocidad: Electr\u00f3nico<\/li>\n<li>Tipo de motor: accionamiento directo<\/li>\n<li>Potencia del motor: 800 W<\/li>\n<li>Seguridad del bloque del motor: S\u00ed<\/li>\n<li>Protecci\u00f3n contra sobrecarga del motor: S\u00ed<\/li>\n<li>Montaje para accesorios opcionales: Frontal<\/li>\n<li>Modo de elevaci\u00f3n del cabezal: Bot\u00f3n<\/li>\n<li>Capacidad del arco: 4,8 L<\/li>\n<li>Mango de proa: S\u00ed<\/li>\n<li>Base antideslizante: S\u00ed<\/li>\n<li>Color del cable de alimentaci\u00f3n: Gris<\/li>\n<\/ul>\n<p><strong>CAPACIDAD<\/strong><\/p>\n<ul>\n<li>\u00c1lbumes m\u00e1ximo: 12<\/li>\n<li>\u00c1lbumes m\u00ednimo: 2<\/li>\n<li>Masa lista para bizcocho m\u00e1x: 2,0 Kg<\/li>\n<li>Masa m\u00e1xima para bizcocho: 2,6 kg<\/li>\n<li>Masa de pan\/pizza: 1,8 kg de masa total (m\u00e1ximo 1,2 kg de harina)<\/li>\n<li>Masa para pasta al huevo: 500g de masa total con 3 huevos (tama\u00f1o mediano 53-63 g)<\/li>\n<li>Nata montada m\u00e1x.: 1 l<\/li>\n<li>Nata montada min: 100 ml<\/li>\n<\/ul>\n<p><strong>CONEXI\u00d3N EL\u00c9CTRICA<\/strong><\/p>\n<ul>\n<li>Voltaje: 220-240V<\/li>\n<li>Frecuencia: 50 Hz<\/li>\n<li>Tipo de enchufe: Schuko<\/li>\n<li>Longitud del cable: 1 m<\/li>\n<\/ul>\n<p><strong>ACCESORIOS SUMINISTRADOS<\/strong><\/p>\n<ul>\n<li>L\u00e1tigo con bordes flexibles: S\u00ed<\/li>\n<li>Batidor de alambre: S\u00ed<\/li>\n<li>Batidor plano: s\u00ed<\/li>\n<li>Gancho para masa APTO PARA LAVAVAJILLAS: S\u00ed<\/li>\n<li>Cuenco: S\u00ed<\/li>\n<\/ul>\n<p><span style=\"text-decoration: underline;\"><strong>No est\u00e1 a la venta fuera de Europa<\/strong><\/span><\/p>\n","protected":false},"excerpt":{"rendered":"<p>Serie SMEGa\u00f1os 50 Objetos de encuentro simb\u00f3licos, iconos que transforman el espacio que ocupan, los nuevos peque\u00f1os de la l\u00ednea<\/p>\n","protected":false},"featured_media":489645,"template":"","meta":{"_acf_changed":false,"inline_featured_image":false},"product_cat":[16082,16073],"product_tag":[23912,16307,16279,19956,19877,19957],"acf":[],"yoast_head":"<!-- This site is optimized with the Yoast SEO Premium plugin v18.6 (Yoast SEO v19.13) - https:\/\/yoast.com\/wordpress\/plugins\/seo\/ -->\n<title>Amasadora SMEG 50s Aesthetics SMF03 Blanca - Erresse Shop<\/title>\n<meta name=\"description\" content=\"Serie SMEGa\u00f1os 50 Objetos de encuentro simb\u00f3licos, iconos que transforman el espacio que ocupan, los nuevos peque\u00f1os de la l\u00ednea Anni &#039;50s, dise\u00f1ados en\" \/>\n<meta name=\"robots\" content=\"index, follow, max-snippet:-1, max-image-preview:large, max-video-preview:-1\" \/>\n<link rel=\"canonical\" href=\"https:\/\/www.erresse-shop.it\/es\/shop\/pequenos-electrodomesticos\/amasadores\/smeg-aesthetic-50s-amasadora-blanca\/\" \/>\n<meta property=\"og:locale\" content=\"es_ES\" \/>\n<meta property=\"og:type\" content=\"article\" \/>\n<meta property=\"og:title\" content=\"Amasadora SMEG 50s Aesthetics SMF03 Blanca\" \/>\n<meta property=\"og:description\" content=\"Serie SMEGa\u00f1os 50 Objetos de encuentro simb\u00f3licos, iconos que transforman el espacio que ocupan, los nuevos peque\u00f1os de la l\u00ednea Anni &#039;50s, dise\u00f1ados en\" \/>\n<meta property=\"og:url\" content=\"https:\/\/www.erresse-shop.it\/es\/shop\/pequenos-electrodomesticos\/amasadores\/smeg-aesthetic-50s-amasadora-blanca\/\" \/>\n<meta property=\"og:site_name\" content=\"Erresse Shop\" \/>\n<meta property=\"article:modified_time\" content=\"2024-05-17T13:09:27+00:00\" \/>\n<meta property=\"og:image\" content=\"https:\/\/www.erresse-shop.it\/wp-content\/uploads\/2020\/05\/SMEG-Estetica-Anni-50-Impastatrice-SMF03-Bianco-1.png\" \/>\n\t<meta property=\"og:image:width\" content=\"800\" \/>\n\t<meta property=\"og:image:height\" content=\"800\" \/>\n\t<meta property=\"og:image:type\" content=\"image\/png\" \/>\n<meta name=\"twitter:card\" content=\"summary_large_image\" \/>\n<script type=\"application\/ld+json\" class=\"yoast-schema-graph\">{\"@context\":\"https:\/\/schema.org\",\"@graph\":[{\"@type\":\"WebPage\",\"@id\":\"https:\/\/www.erresse-shop.it\/es\/shop\/pequenos-electrodomesticos\/amasadores\/smeg-aesthetic-50s-amasadora-blanca\/\",\"url\":\"https:\/\/www.erresse-shop.it\/es\/shop\/pequenos-electrodomesticos\/amasadores\/smeg-aesthetic-50s-amasadora-blanca\/\",\"name\":\"Amasadora SMEG 50s Aesthetics SMF03 Blanca - Erresse Shop\",\"isPartOf\":{\"@id\":\"https:\/\/www.erresse-shop.it\/es\/#website\"},\"datePublished\":\"2020-05-22T10:42:45+00:00\",\"dateModified\":\"2024-05-17T13:09:27+00:00\",\"description\":\"Serie SMEGa\u00f1os 50 Objetos de encuentro simb\u00f3licos, iconos que transforman el espacio que ocupan, los nuevos peque\u00f1os de la l\u00ednea Anni '50s, dise\u00f1ados en\",\"breadcrumb\":{\"@id\":\"https:\/\/www.erresse-shop.it\/es\/shop\/pequenos-electrodomesticos\/amasadores\/smeg-aesthetic-50s-amasadora-blanca\/#breadcrumb\"},\"inLanguage\":\"es\",\"potentialAction\":[{\"@type\":\"ReadAction\",\"target\":[\"https:\/\/www.erresse-shop.it\/es\/shop\/pequenos-electrodomesticos\/amasadores\/smeg-aesthetic-50s-amasadora-blanca\/\"]}]},{\"@type\":\"BreadcrumbList\",\"@id\":\"https:\/\/www.erresse-shop.it\/es\/shop\/pequenos-electrodomesticos\/amasadores\/smeg-aesthetic-50s-amasadora-blanca\/#breadcrumb\",\"itemListElement\":[{\"@type\":\"ListItem\",\"position\":1,\"name\":\"Home\",\"item\":\"https:\/\/www.erresse-shop.it\/es\/\"},{\"@type\":\"ListItem\",\"position\":2,\"name\":\"Shop\",\"item\":\"https:\/\/www.erresse-shop.it\/es\/shop\/\"},{\"@type\":\"ListItem\",\"position\":3,\"name\":\"Amasadora SMEG 50s Aesthetics SMF03 Blanca\"}]},{\"@type\":\"WebSite\",\"@id\":\"https:\/\/www.erresse-shop.it\/es\/#website\",\"url\":\"https:\/\/www.erresse-shop.it\/es\/\",\"name\":\"Erresse Shop\",\"description\":\"Articoli di qualit\u00e0 per la casa\",\"potentialAction\":[{\"@type\":\"SearchAction\",\"target\":{\"@type\":\"EntryPoint\",\"urlTemplate\":\"https:\/\/www.erresse-shop.it\/es\/?s={search_term_string}\"},\"query-input\":\"required name=search_term_string\"}],\"inLanguage\":\"es\"}]}<\/script>\n<!-- \/ Yoast SEO Premium plugin. -->","yoast_head_json":{"title":"Amasadora SMEG 50s Aesthetics SMF03 Blanca - Erresse Shop","description":"Serie SMEGa\u00f1os 50 Objetos de encuentro simb\u00f3licos, iconos que transforman el espacio que ocupan, los nuevos peque\u00f1os de la l\u00ednea Anni '50s, dise\u00f1ados en","robots":{"index":"index","follow":"follow","max-snippet":"max-snippet:-1","max-image-preview":"max-image-preview:large","max-video-preview":"max-video-preview:-1"},"canonical":"https:\/\/www.erresse-shop.it\/es\/shop\/pequenos-electrodomesticos\/amasadores\/smeg-aesthetic-50s-amasadora-blanca\/","og_locale":"es_ES","og_type":"article","og_title":"Amasadora SMEG 50s Aesthetics SMF03 Blanca","og_description":"Serie SMEGa\u00f1os 50 Objetos de encuentro simb\u00f3licos, iconos que transforman el espacio que ocupan, los nuevos peque\u00f1os de la l\u00ednea Anni '50s, dise\u00f1ados en","og_url":"https:\/\/www.erresse-shop.it\/es\/shop\/pequenos-electrodomesticos\/amasadores\/smeg-aesthetic-50s-amasadora-blanca\/","og_site_name":"Erresse Shop","article_modified_time":"2024-05-17T13:09:27+00:00","og_image":[{"width":800,"height":800,"url":"https:\/\/www.erresse-shop.it\/wp-content\/uploads\/2020\/05\/SMEG-Estetica-Anni-50-Impastatrice-SMF03-Bianco-1.png","type":"image\/png"}],"twitter_card":"summary_large_image","schema":{"@context":"https:\/\/schema.org","@graph":[{"@type":"WebPage","@id":"https:\/\/www.erresse-shop.it\/es\/shop\/pequenos-electrodomesticos\/amasadores\/smeg-aesthetic-50s-amasadora-blanca\/","url":"https:\/\/www.erresse-shop.it\/es\/shop\/pequenos-electrodomesticos\/amasadores\/smeg-aesthetic-50s-amasadora-blanca\/","name":"Amasadora SMEG 50s Aesthetics SMF03 Blanca - Erresse Shop","isPartOf":{"@id":"https:\/\/www.erresse-shop.it\/es\/#website"},"datePublished":"2020-05-22T10:42:45+00:00","dateModified":"2024-05-17T13:09:27+00:00","description":"Serie SMEGa\u00f1os 50 Objetos de encuentro simb\u00f3licos, iconos que transforman el espacio que ocupan, los nuevos peque\u00f1os de la l\u00ednea Anni '50s, dise\u00f1ados en","breadcrumb":{"@id":"https:\/\/www.erresse-shop.it\/es\/shop\/pequenos-electrodomesticos\/amasadores\/smeg-aesthetic-50s-amasadora-blanca\/#breadcrumb"},"inLanguage":"es","potentialAction":[{"@type":"ReadAction","target":["https:\/\/www.erresse-shop.it\/es\/shop\/pequenos-electrodomesticos\/amasadores\/smeg-aesthetic-50s-amasadora-blanca\/"]}]},{"@type":"BreadcrumbList","@id":"https:\/\/www.erresse-shop.it\/es\/shop\/pequenos-electrodomesticos\/amasadores\/smeg-aesthetic-50s-amasadora-blanca\/#breadcrumb","itemListElement":[{"@type":"ListItem","position":1,"name":"Home","item":"https:\/\/www.erresse-shop.it\/es\/"},{"@type":"ListItem","position":2,"name":"Shop","item":"https:\/\/www.erresse-shop.it\/es\/shop\/"},{"@type":"ListItem","position":3,"name":"Amasadora SMEG 50s Aesthetics SMF03 Blanca"}]},{"@type":"WebSite","@id":"https:\/\/www.erresse-shop.it\/es\/#website","url":"https:\/\/www.erresse-shop.it\/es\/","name":"Erresse Shop","description":"Articoli di qualit\u00e0 per la casa","potentialAction":[{"@type":"SearchAction","target":{"@type":"EntryPoint","urlTemplate":"https:\/\/www.erresse-shop.it\/es\/?s={search_term_string}"},"query-input":"required name=search_term_string"}],"inLanguage":"es"}]}},"df_price":419.29999999999995,"df_sale_price":419.29999999999995,"df_regular_price":599,"df_image_link":"https:\/\/www.erresse-shop.it\/wp-content\/uploads\/2020\/05\/SMEG-Estetica-Anni-50-Impastatrice-SMF03-Bianco-300x300.jpg","_links":{"self":[{"href":"https:\/\/www.erresse-shop.it\/es\/wp-json\/wp\/v2\/product\/169340"}],"collection":[{"href":"https:\/\/www.erresse-shop.it\/es\/wp-json\/wp\/v2\/product"}],"about":[{"href":"https:\/\/www.erresse-shop.it\/es\/wp-json\/wp\/v2\/types\/product"}],"wp:featuredmedia":[{"embeddable":true,"href":"https:\/\/www.erresse-shop.it\/es\/wp-json\/wp\/v2\/media\/489645"}],"wp:attachment":[{"href":"https:\/\/www.erresse-shop.it\/es\/wp-json\/wp\/v2\/media?parent=169340"}],"wp:term":[{"taxonomy":"product_cat","embeddable":true,"href":"https:\/\/www.erresse-shop.it\/es\/wp-json\/wp\/v2\/product_cat?post=169340"},{"taxonomy":"product_tag","embeddable":true,"href":"https:\/\/www.erresse-shop.it\/es\/wp-json\/wp\/v2\/product_tag?post=169340"}],"curies":[{"name":"wp","href":"https:\/\/api.w.org\/{rel}","templated":true}]}}