{"id":166318,"date":"2022-07-05T06:32:30","date_gmt":"2022-07-05T06:32:33","guid":{"rendered":"https:\/\/www.erresse-shop.it\/?post_type=product&#038;p=166318"},"modified":"2024-04-08T00:04:58","modified_gmt":"2024-04-08T00:04:58","slug":"zafferano-poldina-pro-micro-lampara-de-mesa-blanco","status":"publish","type":"product","link":"https:\/\/www.erresse-shop.it\/es\/shop\/mobiliario\/lamparas\/zafferano-poldina-pro-micro-lampara-de-mesa-blanco\/","title":{"rendered":"ZAFFERANO Poldina PRO Micro L\u00e1mpara de Mesa Blanco"},"content":{"rendered":"<p>L\u00e1mpara de mesa recargable, con base de carga por contacto, con cuerpo de aluminio pintado, difusor de policarbonato y fuente de luz LED.<\/p>\n<p>La l\u00e1mpara se enciende y apaga mediante un bot\u00f3n t\u00e1ctil situado en la parte superior del difusor; con el mismo bot\u00f3n es posible ajustar la temperatura de color de la luz (2200, 2700 o 3000K) y la intensidad del flujo luminoso. La l\u00e1mpara tambi\u00e9n tiene un grado de protecci\u00f3n IP65, lo que la hace adecuada para su uso en interiores y exteriores. <strong>La duraci\u00f3n de la bater\u00eda est\u00e1 garantizada durante 7\/8 horas<\/strong><\/p>\n<p><strong>FUNCI\u00d3N DE SELECCI\u00d3N DE LA TEMPERATURA DEL COLOR<\/strong><br \/>\nPuede elegir una luz m\u00e1s o menos c\u00e1lida, entre las opciones 2700 y 3000K. La diferente tonalidad de la luz se denomina &#8220;temperatura de color&#8221; y se mide con grados Kelvin (K): 2700K significa luz c\u00e1lida, 4000K corresponde a una luz completamente blanca, 6500K significa luz fr\u00eda, blanca azulada.<\/p>\n<ul>\n<li>Con la l\u00e1mpara apagada, pulse ligeramente durante 4 segundos hasta que se encienda un LED azul fijo.<\/li>\n<li>Un toque r\u00e1pido en el panel t\u00e1ctil cambia la temperatura del color de la l\u00e1mpara.<\/li>\n<li>Presiona la luz durante 4 segundos para memorizar la nueva temperatura de color y apaga la l\u00e1mpara.<\/li>\n<\/ul>\n<p><strong>Grado de protecci\u00f3n IP65<\/strong><br \/>\nEl \u00edndice de protecci\u00f3n IP es un par\u00e1metro internacional que clasifica el grado de protecci\u00f3n de una luminaria contra la intrusi\u00f3n de part\u00edculas s\u00f3lidas y l\u00edquidas. La nueva Poldina ha superado las nuevas pruebas de laboratorio y, por lo tanto, ahora tiene una clase de protecci\u00f3n superior: IP65.<\/p>\n<p><strong>Funci\u00f3n de memoria de regulaci\u00f3n<\/strong><br \/>\nEsta funci\u00f3n almacena los pasos de regulaci\u00f3n: cada vez que se encienda la luminaria, la intensidad de la luz no ser\u00e1 la m\u00e1xima, sino que corresponder\u00e1 a la previamente ajustada.<\/p>\n<p><strong>DIMENSIONES<\/strong><br \/>\n<strong>Altura:<\/strong> 380 mm<br \/>\n<strong>Di\u00e1metro:<\/strong> 110 mm<\/p>\n","protected":false},"excerpt":{"rendered":"<p>L\u00e1mpara de mesa recargable, con base de carga por contacto, con cuerpo de aluminio pintado, difusor de policarbonato y fuente<\/p>\n","protected":false},"featured_media":166332,"template":"","meta":{"_acf_changed":false,"inline_featured_image":false},"product_cat":[16017,16016],"product_tag":[16110,16149,16236,16237,16327,16328,24605,21823],"acf":[],"yoast_head":"<!-- This site is optimized with the Yoast SEO Premium plugin v18.6 (Yoast SEO v19.13) - https:\/\/yoast.com\/wordpress\/plugins\/seo\/ -->\n<title>ZAFFERANO Poldina PRO Micro L\u00e1mpara de Mesa Blanco - Erresse Shop<\/title>\n<meta name=\"description\" content=\"L\u00e1mpara de mesa recargable, con base de carga por contacto, con cuerpo de aluminio pintado, difusor de policarbonato y fuente de luz LED. La l\u00e1mpara se\" \/>\n<meta name=\"robots\" content=\"index, follow, max-snippet:-1, max-image-preview:large, max-video-preview:-1\" \/>\n<link rel=\"canonical\" href=\"https:\/\/www.erresse-shop.it\/es\/shop\/mobiliario\/lamparas\/zafferano-poldina-pro-micro-lampara-de-mesa-blanco\/\" \/>\n<meta property=\"og:locale\" content=\"es_ES\" \/>\n<meta property=\"og:type\" content=\"article\" \/>\n<meta property=\"og:title\" content=\"ZAFFERANO Poldina PRO Micro L\u00e1mpara de Mesa Blanco\" \/>\n<meta property=\"og:description\" content=\"L\u00e1mpara de mesa recargable, con base de carga por contacto, con cuerpo de aluminio pintado, difusor de policarbonato y fuente de luz LED. La l\u00e1mpara se\" \/>\n<meta property=\"og:url\" content=\"https:\/\/www.erresse-shop.it\/es\/shop\/mobiliario\/lamparas\/zafferano-poldina-pro-micro-lampara-de-mesa-blanco\/\" \/>\n<meta property=\"og:site_name\" content=\"Erresse Shop\" \/>\n<meta property=\"article:modified_time\" content=\"2024-04-08T00:04:58+00:00\" \/>\n<meta property=\"og:image\" content=\"https:\/\/www.erresse-shop.it\/wp-content\/uploads\/2022\/07\/ZAFFERANO-Poldina-Pro-Micro-Bianco.jpg\" \/>\n\t<meta property=\"og:image:width\" content=\"800\" \/>\n\t<meta property=\"og:image:height\" content=\"800\" \/>\n\t<meta property=\"og:image:type\" content=\"image\/jpeg\" \/>\n<meta name=\"twitter:card\" content=\"summary_large_image\" \/>\n<script type=\"application\/ld+json\" class=\"yoast-schema-graph\">{\"@context\":\"https:\/\/schema.org\",\"@graph\":[{\"@type\":\"WebPage\",\"@id\":\"https:\/\/www.erresse-shop.it\/es\/shop\/mobiliario\/lamparas\/zafferano-poldina-pro-micro-lampara-de-mesa-blanco\/\",\"url\":\"https:\/\/www.erresse-shop.it\/es\/shop\/mobiliario\/lamparas\/zafferano-poldina-pro-micro-lampara-de-mesa-blanco\/\",\"name\":\"ZAFFERANO Poldina PRO Micro L\u00e1mpara de Mesa Blanco - Erresse Shop\",\"isPartOf\":{\"@id\":\"https:\/\/www.erresse-shop.it\/es\/#website\"},\"datePublished\":\"2022-07-05T06:32:33+00:00\",\"dateModified\":\"2024-04-08T00:04:58+00:00\",\"description\":\"L\u00e1mpara de mesa recargable, con base de carga por contacto, con cuerpo de aluminio pintado, difusor de policarbonato y fuente de luz LED. La l\u00e1mpara se\",\"breadcrumb\":{\"@id\":\"https:\/\/www.erresse-shop.it\/es\/shop\/mobiliario\/lamparas\/zafferano-poldina-pro-micro-lampara-de-mesa-blanco\/#breadcrumb\"},\"inLanguage\":\"es\",\"potentialAction\":[{\"@type\":\"ReadAction\",\"target\":[\"https:\/\/www.erresse-shop.it\/es\/shop\/mobiliario\/lamparas\/zafferano-poldina-pro-micro-lampara-de-mesa-blanco\/\"]}]},{\"@type\":\"BreadcrumbList\",\"@id\":\"https:\/\/www.erresse-shop.it\/es\/shop\/mobiliario\/lamparas\/zafferano-poldina-pro-micro-lampara-de-mesa-blanco\/#breadcrumb\",\"itemListElement\":[{\"@type\":\"ListItem\",\"position\":1,\"name\":\"Home\",\"item\":\"https:\/\/www.erresse-shop.it\/es\/\"},{\"@type\":\"ListItem\",\"position\":2,\"name\":\"Shop\",\"item\":\"https:\/\/www.erresse-shop.it\/es\/shop\/\"},{\"@type\":\"ListItem\",\"position\":3,\"name\":\"ZAFFERANO Poldina PRO Micro L\u00e1mpara de Mesa Blanco\"}]},{\"@type\":\"WebSite\",\"@id\":\"https:\/\/www.erresse-shop.it\/es\/#website\",\"url\":\"https:\/\/www.erresse-shop.it\/es\/\",\"name\":\"Erresse Shop\",\"description\":\"Articoli di qualit\u00e0 per la casa\",\"potentialAction\":[{\"@type\":\"SearchAction\",\"target\":{\"@type\":\"EntryPoint\",\"urlTemplate\":\"https:\/\/www.erresse-shop.it\/es\/?s={search_term_string}\"},\"query-input\":\"required name=search_term_string\"}],\"inLanguage\":\"es\"}]}<\/script>\n<!-- \/ Yoast SEO Premium plugin. -->","yoast_head_json":{"title":"ZAFFERANO Poldina PRO Micro L\u00e1mpara de Mesa Blanco - Erresse Shop","description":"L\u00e1mpara de mesa recargable, con base de carga por contacto, con cuerpo de aluminio pintado, difusor de policarbonato y fuente de luz LED. La l\u00e1mpara se","robots":{"index":"index","follow":"follow","max-snippet":"max-snippet:-1","max-image-preview":"max-image-preview:large","max-video-preview":"max-video-preview:-1"},"canonical":"https:\/\/www.erresse-shop.it\/es\/shop\/mobiliario\/lamparas\/zafferano-poldina-pro-micro-lampara-de-mesa-blanco\/","og_locale":"es_ES","og_type":"article","og_title":"ZAFFERANO Poldina PRO Micro L\u00e1mpara de Mesa Blanco","og_description":"L\u00e1mpara de mesa recargable, con base de carga por contacto, con cuerpo de aluminio pintado, difusor de policarbonato y fuente de luz LED. La l\u00e1mpara se","og_url":"https:\/\/www.erresse-shop.it\/es\/shop\/mobiliario\/lamparas\/zafferano-poldina-pro-micro-lampara-de-mesa-blanco\/","og_site_name":"Erresse Shop","article_modified_time":"2024-04-08T00:04:58+00:00","og_image":[{"width":800,"height":800,"url":"https:\/\/www.erresse-shop.it\/wp-content\/uploads\/2022\/07\/ZAFFERANO-Poldina-Pro-Micro-Bianco.jpg","type":"image\/jpeg"}],"twitter_card":"summary_large_image","schema":{"@context":"https:\/\/schema.org","@graph":[{"@type":"WebPage","@id":"https:\/\/www.erresse-shop.it\/es\/shop\/mobiliario\/lamparas\/zafferano-poldina-pro-micro-lampara-de-mesa-blanco\/","url":"https:\/\/www.erresse-shop.it\/es\/shop\/mobiliario\/lamparas\/zafferano-poldina-pro-micro-lampara-de-mesa-blanco\/","name":"ZAFFERANO Poldina PRO Micro L\u00e1mpara de Mesa Blanco - Erresse Shop","isPartOf":{"@id":"https:\/\/www.erresse-shop.it\/es\/#website"},"datePublished":"2022-07-05T06:32:33+00:00","dateModified":"2024-04-08T00:04:58+00:00","description":"L\u00e1mpara de mesa recargable, con base de carga por contacto, con cuerpo de aluminio pintado, difusor de policarbonato y fuente de luz LED. La l\u00e1mpara se","breadcrumb":{"@id":"https:\/\/www.erresse-shop.it\/es\/shop\/mobiliario\/lamparas\/zafferano-poldina-pro-micro-lampara-de-mesa-blanco\/#breadcrumb"},"inLanguage":"es","potentialAction":[{"@type":"ReadAction","target":["https:\/\/www.erresse-shop.it\/es\/shop\/mobiliario\/lamparas\/zafferano-poldina-pro-micro-lampara-de-mesa-blanco\/"]}]},{"@type":"BreadcrumbList","@id":"https:\/\/www.erresse-shop.it\/es\/shop\/mobiliario\/lamparas\/zafferano-poldina-pro-micro-lampara-de-mesa-blanco\/#breadcrumb","itemListElement":[{"@type":"ListItem","position":1,"name":"Home","item":"https:\/\/www.erresse-shop.it\/es\/"},{"@type":"ListItem","position":2,"name":"Shop","item":"https:\/\/www.erresse-shop.it\/es\/shop\/"},{"@type":"ListItem","position":3,"name":"ZAFFERANO Poldina PRO Micro L\u00e1mpara de Mesa Blanco"}]},{"@type":"WebSite","@id":"https:\/\/www.erresse-shop.it\/es\/#website","url":"https:\/\/www.erresse-shop.it\/es\/","name":"Erresse Shop","description":"Articoli di qualit\u00e0 per la casa","potentialAction":[{"@type":"SearchAction","target":{"@type":"EntryPoint","urlTemplate":"https:\/\/www.erresse-shop.it\/es\/?s={search_term_string}"},"query-input":"required name=search_term_string"}],"inLanguage":"es"}]}},"df_price":44.1,"df_sale_price":44.1,"df_regular_price":98,"df_image_link":"https:\/\/www.erresse-shop.it\/wp-content\/uploads\/2022\/07\/ZAFFERANO-Poldina-Pro-Micro-Bianco-300x300.jpg","_links":{"self":[{"href":"https:\/\/www.erresse-shop.it\/es\/wp-json\/wp\/v2\/product\/166318"}],"collection":[{"href":"https:\/\/www.erresse-shop.it\/es\/wp-json\/wp\/v2\/product"}],"about":[{"href":"https:\/\/www.erresse-shop.it\/es\/wp-json\/wp\/v2\/types\/product"}],"wp:featuredmedia":[{"embeddable":true,"href":"https:\/\/www.erresse-shop.it\/es\/wp-json\/wp\/v2\/media\/166332"}],"wp:attachment":[{"href":"https:\/\/www.erresse-shop.it\/es\/wp-json\/wp\/v2\/media?parent=166318"}],"wp:term":[{"taxonomy":"product_cat","embeddable":true,"href":"https:\/\/www.erresse-shop.it\/es\/wp-json\/wp\/v2\/product_cat?post=166318"},{"taxonomy":"product_tag","embeddable":true,"href":"https:\/\/www.erresse-shop.it\/es\/wp-json\/wp\/v2\/product_tag?post=166318"}],"curies":[{"name":"wp","href":"https:\/\/api.w.org\/{rel}","templated":true}]}}