{"id":165222,"date":"2022-06-29T08:00:48","date_gmt":"2022-06-29T08:00:50","guid":{"rendered":"https:\/\/www.erresse-shop.it\/?post_type=product&#038;p=165222"},"modified":"2022-06-29T08:40:09","modified_gmt":"2022-06-29T08:40:09","slug":"le-creuset-marmita-24-cm-merengue","status":"publish","type":"product","link":"https:\/\/www.erresse-shop.it\/es\/shop\/sartenes-y-ollas\/marmitas-y-cocottes\/le-creuset-marmita-24-cm-merengue\/","title":{"rendered":"LE CREUSET Marmita 24 cm Merengue"},"content":{"rendered":"<p><strong>UN TESORO FAMILIAR PARA EL FUTURO<\/strong><\/p>\n<p>Nuestros utensilios de cocina de hierro fundido vitrificado se transmiten de una generaci\u00f3n a otra, al igual que las recetas de la abuela. Pr\u00e1ctica, elegante y ultrarresistente, esta bater\u00eda de cocina est\u00e1 preparada para pasar de mano en mano, durante a\u00f1os y a\u00f1os. Gracias a sus paredes redondeadas, remover ser\u00e1 un verdadero placer y podr\u00e1 cocinar todo sin necesidad de utilizar diferentes ollas. \u00bfFondue bourguignonne? \u00bfSopa de pescado? Puedes contar con ello.<\/p>\n<ul>\n<li>Nuestro pomo resistente al calor (hasta 260 \u00b0C) est\u00e1 dise\u00f1ado para un excelente agarre, incluso cuando se utiliza una agarradera para levantar la tapa.<\/li>\n<li>Limpieza r\u00e1pida: una fina capa interior vitrificada facilita la limpieza.<\/li>\n<li>Grandes asas: gracias a nuestras grandes asas, podr\u00e1 desplazarse f\u00e1cilmente de la placa de cocci\u00f3n a la mesa, incluso utilizando guantes de cocina.<\/li>\n<li>Versatilidad: este producto es apto para el modo horno, cocina y grill.<\/li>\n<li>Alimentos de gran sabor: el hierro fundido vitrificado retiene el calor para una cocci\u00f3n y un dorado uniformes. Sus deliciosas creaciones se mantendr\u00e1n calientes durante m\u00e1s tiempo en la mesa.<\/li>\n<li>Conserva la suculencia: nuestra tapa retiene el vapor generado por la cocci\u00f3n de los alimentos y realza los sabores para obtener resultados de cocci\u00f3n extraordinarios.<\/li>\n<li>F\u00e1cil de agarrar: las elegantes y c\u00f3modas asas permiten levantar el producto con seguridad.<\/li>\n<li>Movimientos suaves: los exclusivos laterales curvados permiten girar los alimentos con facilidad y eficacia.<\/li>\n<li>No demasiado caliente: cocine con un fuego constante de bajo a medio para cuidar su producto de hierro fundido vitrificado y lograr resultados deliciosos.<\/li>\n<li>Mejora con el tiempo: el interior vitrificado desarrolla una p\u00e1tina natural que act\u00faa casi como una superficie antiadherente. Su acabado tiene propiedades que evitan que los alimentos se peguen incluso con peque\u00f1as cantidades de aceite. Lave el producto s\u00f3lo con agua para que se desarrolle la p\u00e1tina.<\/li>\n<li>Nuestros productos se elaboran con los mejores materiales en f\u00e1bricas de todo el mundo para garantizar la calidad que usted espera de Le Creuset.<\/li>\n<li>Material: hierro fundido vitrificado<\/li>\n<li>Fabricado en: Francia<\/li>\n<li>Garant\u00eda: de por vida<\/li>\n<\/ul>\n<p><strong>Fuente de calor:<\/strong><\/p>\n<ul>\n<li>Horno<\/li>\n<li>Modo grill del horno<\/li>\n<li>Placa el\u00e9ctrica<\/li>\n<li>Vidrio cer\u00e1mico<\/li>\n<li>Placa de gas<\/li>\n<li>Placa de inducci\u00f3n<\/li>\n<\/ul>\n<p><strong>Limpieza y cuidado:<\/strong><\/p>\n<ul>\n<li>Espere a que el producto se enfr\u00ede antes de empezar a limpiarlo.<\/li>\n<li>Limpie los restos de la base y los lados del producto. Si hay comida pegada,<\/li>\n<li>llene el producto con agua tibia y jab\u00f3n y d\u00e9jelo en remojo durante 15-20 minutos antes de lavarlo como de costumbre.<\/li>\n<li>No utilice limpiadores abrasivos ni esponjas o cepillos met\u00e1licos muy duros en ninguna de las superficies.<\/li>\n<li>Secar bien despu\u00e9s del lavado y guardar en un lugar seco.<\/li>\n<\/ul>\n","protected":false},"excerpt":{"rendered":"<p>UN TESORO FAMILIAR PARA EL FUTURO Nuestros utensilios de cocina de hierro fundido vitrificado se transmiten de una generaci\u00f3n a<\/p>\n","protected":false},"featured_media":502161,"template":"","meta":{"_acf_changed":false,"inline_featured_image":false},"product_cat":[16065,16058],"product_tag":[25090,16211,16248,16158,16654,16249,25023],"acf":[],"yoast_head":"<!-- This site is optimized with the Yoast SEO Premium plugin v18.6 (Yoast SEO v19.13) - https:\/\/yoast.com\/wordpress\/plugins\/seo\/ -->\n<title>LE CREUSET Marmita 24 cm Merengue - Erresse Shop<\/title>\n<meta name=\"description\" content=\"UN TESORO FAMILIAR PARA EL FUTURO Nuestros utensilios de cocina de hierro fundido vitrificado se transmiten de una generaci\u00f3n a otra, al igual que las\" \/>\n<meta name=\"robots\" content=\"index, follow, max-snippet:-1, max-image-preview:large, max-video-preview:-1\" \/>\n<link rel=\"canonical\" href=\"https:\/\/www.erresse-shop.it\/es\/shop\/sartenes-y-ollas\/marmitas-y-cocottes\/le-creuset-marmita-24-cm-merengue\/\" \/>\n<meta property=\"og:locale\" content=\"es_ES\" \/>\n<meta property=\"og:type\" content=\"article\" \/>\n<meta property=\"og:title\" content=\"LE CREUSET Marmita 24 cm Merengue\" \/>\n<meta property=\"og:description\" content=\"UN TESORO FAMILIAR PARA EL FUTURO Nuestros utensilios de cocina de hierro fundido vitrificado se transmiten de una generaci\u00f3n a otra, al igual que las\" \/>\n<meta property=\"og:url\" content=\"https:\/\/www.erresse-shop.it\/es\/shop\/sartenes-y-ollas\/marmitas-y-cocottes\/le-creuset-marmita-24-cm-merengue\/\" \/>\n<meta property=\"og:site_name\" content=\"Erresse Shop\" \/>\n<meta property=\"article:modified_time\" content=\"2022-06-29T08:40:09+00:00\" \/>\n<meta property=\"og:image\" content=\"https:\/\/www.erresse-shop.it\/wp-content\/uploads\/2022\/06\/LE-CREUSET-Marmitta-24-cm-Meringa.png\" \/>\n\t<meta property=\"og:image:width\" content=\"800\" \/>\n\t<meta property=\"og:image:height\" content=\"800\" \/>\n\t<meta property=\"og:image:type\" content=\"image\/png\" \/>\n<meta name=\"twitter:card\" content=\"summary_large_image\" \/>\n<script type=\"application\/ld+json\" class=\"yoast-schema-graph\">{\"@context\":\"https:\/\/schema.org\",\"@graph\":[{\"@type\":\"WebPage\",\"@id\":\"https:\/\/www.erresse-shop.it\/es\/shop\/sartenes-y-ollas\/marmitas-y-cocottes\/le-creuset-marmita-24-cm-merengue\/\",\"url\":\"https:\/\/www.erresse-shop.it\/es\/shop\/sartenes-y-ollas\/marmitas-y-cocottes\/le-creuset-marmita-24-cm-merengue\/\",\"name\":\"LE CREUSET Marmita 24 cm Merengue - Erresse Shop\",\"isPartOf\":{\"@id\":\"https:\/\/www.erresse-shop.it\/es\/#website\"},\"datePublished\":\"2022-06-29T08:00:50+00:00\",\"dateModified\":\"2022-06-29T08:40:09+00:00\",\"description\":\"UN TESORO FAMILIAR PARA EL FUTURO Nuestros utensilios de cocina de hierro fundido vitrificado se transmiten de una generaci\u00f3n a otra, al igual que las\",\"breadcrumb\":{\"@id\":\"https:\/\/www.erresse-shop.it\/es\/shop\/sartenes-y-ollas\/marmitas-y-cocottes\/le-creuset-marmita-24-cm-merengue\/#breadcrumb\"},\"inLanguage\":\"es\",\"potentialAction\":[{\"@type\":\"ReadAction\",\"target\":[\"https:\/\/www.erresse-shop.it\/es\/shop\/sartenes-y-ollas\/marmitas-y-cocottes\/le-creuset-marmita-24-cm-merengue\/\"]}]},{\"@type\":\"BreadcrumbList\",\"@id\":\"https:\/\/www.erresse-shop.it\/es\/shop\/sartenes-y-ollas\/marmitas-y-cocottes\/le-creuset-marmita-24-cm-merengue\/#breadcrumb\",\"itemListElement\":[{\"@type\":\"ListItem\",\"position\":1,\"name\":\"Home\",\"item\":\"https:\/\/www.erresse-shop.it\/es\/\"},{\"@type\":\"ListItem\",\"position\":2,\"name\":\"Shop\",\"item\":\"https:\/\/www.erresse-shop.it\/es\/shop\/\"},{\"@type\":\"ListItem\",\"position\":3,\"name\":\"LE CREUSET Marmita 24 cm Merengue\"}]},{\"@type\":\"WebSite\",\"@id\":\"https:\/\/www.erresse-shop.it\/es\/#website\",\"url\":\"https:\/\/www.erresse-shop.it\/es\/\",\"name\":\"Erresse Shop\",\"description\":\"Articoli di qualit\u00e0 per la casa\",\"potentialAction\":[{\"@type\":\"SearchAction\",\"target\":{\"@type\":\"EntryPoint\",\"urlTemplate\":\"https:\/\/www.erresse-shop.it\/es\/?s={search_term_string}\"},\"query-input\":\"required name=search_term_string\"}],\"inLanguage\":\"es\"}]}<\/script>\n<!-- \/ Yoast SEO Premium plugin. -->","yoast_head_json":{"title":"LE CREUSET Marmita 24 cm Merengue - Erresse Shop","description":"UN TESORO FAMILIAR PARA EL FUTURO Nuestros utensilios de cocina de hierro fundido vitrificado se transmiten de una generaci\u00f3n a otra, al igual que las","robots":{"index":"index","follow":"follow","max-snippet":"max-snippet:-1","max-image-preview":"max-image-preview:large","max-video-preview":"max-video-preview:-1"},"canonical":"https:\/\/www.erresse-shop.it\/es\/shop\/sartenes-y-ollas\/marmitas-y-cocottes\/le-creuset-marmita-24-cm-merengue\/","og_locale":"es_ES","og_type":"article","og_title":"LE CREUSET Marmita 24 cm Merengue","og_description":"UN TESORO FAMILIAR PARA EL FUTURO Nuestros utensilios de cocina de hierro fundido vitrificado se transmiten de una generaci\u00f3n a otra, al igual que las","og_url":"https:\/\/www.erresse-shop.it\/es\/shop\/sartenes-y-ollas\/marmitas-y-cocottes\/le-creuset-marmita-24-cm-merengue\/","og_site_name":"Erresse Shop","article_modified_time":"2022-06-29T08:40:09+00:00","og_image":[{"width":800,"height":800,"url":"https:\/\/www.erresse-shop.it\/wp-content\/uploads\/2022\/06\/LE-CREUSET-Marmitta-24-cm-Meringa.png","type":"image\/png"}],"twitter_card":"summary_large_image","schema":{"@context":"https:\/\/schema.org","@graph":[{"@type":"WebPage","@id":"https:\/\/www.erresse-shop.it\/es\/shop\/sartenes-y-ollas\/marmitas-y-cocottes\/le-creuset-marmita-24-cm-merengue\/","url":"https:\/\/www.erresse-shop.it\/es\/shop\/sartenes-y-ollas\/marmitas-y-cocottes\/le-creuset-marmita-24-cm-merengue\/","name":"LE CREUSET Marmita 24 cm Merengue - Erresse Shop","isPartOf":{"@id":"https:\/\/www.erresse-shop.it\/es\/#website"},"datePublished":"2022-06-29T08:00:50+00:00","dateModified":"2022-06-29T08:40:09+00:00","description":"UN TESORO FAMILIAR PARA EL FUTURO Nuestros utensilios de cocina de hierro fundido vitrificado se transmiten de una generaci\u00f3n a otra, al igual que las","breadcrumb":{"@id":"https:\/\/www.erresse-shop.it\/es\/shop\/sartenes-y-ollas\/marmitas-y-cocottes\/le-creuset-marmita-24-cm-merengue\/#breadcrumb"},"inLanguage":"es","potentialAction":[{"@type":"ReadAction","target":["https:\/\/www.erresse-shop.it\/es\/shop\/sartenes-y-ollas\/marmitas-y-cocottes\/le-creuset-marmita-24-cm-merengue\/"]}]},{"@type":"BreadcrumbList","@id":"https:\/\/www.erresse-shop.it\/es\/shop\/sartenes-y-ollas\/marmitas-y-cocottes\/le-creuset-marmita-24-cm-merengue\/#breadcrumb","itemListElement":[{"@type":"ListItem","position":1,"name":"Home","item":"https:\/\/www.erresse-shop.it\/es\/"},{"@type":"ListItem","position":2,"name":"Shop","item":"https:\/\/www.erresse-shop.it\/es\/shop\/"},{"@type":"ListItem","position":3,"name":"LE CREUSET Marmita 24 cm Merengue"}]},{"@type":"WebSite","@id":"https:\/\/www.erresse-shop.it\/es\/#website","url":"https:\/\/www.erresse-shop.it\/es\/","name":"Erresse Shop","description":"Articoli di qualit\u00e0 per la casa","potentialAction":[{"@type":"SearchAction","target":{"@type":"EntryPoint","urlTemplate":"https:\/\/www.erresse-shop.it\/es\/?s={search_term_string}"},"query-input":"required name=search_term_string"}],"inLanguage":"es"}]}},"df_price":119.25,"df_sale_price":119.25,"df_regular_price":265,"df_image_link":"https:\/\/www.erresse-shop.it\/wp-content\/uploads\/2022\/06\/LE-CREUSET-Marmitta-24-cm-Meringa-300x300.jpg","_links":{"self":[{"href":"https:\/\/www.erresse-shop.it\/es\/wp-json\/wp\/v2\/product\/165222"}],"collection":[{"href":"https:\/\/www.erresse-shop.it\/es\/wp-json\/wp\/v2\/product"}],"about":[{"href":"https:\/\/www.erresse-shop.it\/es\/wp-json\/wp\/v2\/types\/product"}],"wp:featuredmedia":[{"embeddable":true,"href":"https:\/\/www.erresse-shop.it\/es\/wp-json\/wp\/v2\/media\/502161"}],"wp:attachment":[{"href":"https:\/\/www.erresse-shop.it\/es\/wp-json\/wp\/v2\/media?parent=165222"}],"wp:term":[{"taxonomy":"product_cat","embeddable":true,"href":"https:\/\/www.erresse-shop.it\/es\/wp-json\/wp\/v2\/product_cat?post=165222"},{"taxonomy":"product_tag","embeddable":true,"href":"https:\/\/www.erresse-shop.it\/es\/wp-json\/wp\/v2\/product_tag?post=165222"}],"curies":[{"name":"wp","href":"https:\/\/api.w.org\/{rel}","templated":true}]}}