{"id":162786,"date":"2022-06-15T10:27:23","date_gmt":"2022-06-15T10:27:26","guid":{"rendered":"https:\/\/www.erresse-shop.it\/?post_type=product&#038;p=162786"},"modified":"2023-09-25T10:55:15","modified_gmt":"2023-09-25T10:55:15","slug":"baci-milano-optical-cabeza-de-caballo-negro-32cm","status":"publish","type":"product","link":"https:\/\/www.erresse-shop.it\/es\/shop\/mobiliario\/articulos-de-decoracion\/baci-milano-optical-cabeza-de-caballo-negro-32cm\/","title":{"rendered":"BACI MILANO Optical Cabeza de Caballo Negro 32cm"},"content":{"rendered":"<p>Optical es una colecci\u00f3n aut\u00e9ntica y refinada.<\/p>\n<p>Gracias al riguroso juego de las dos dimensiones, crea un efecto emblem\u00e1tico que se acerca a la tridimensionalidad, dando lugar a alteraciones visuales capaces de ocultar im\u00e1genes imaginativas que resultan exponencialmente atractivas.<\/p>\n<p>Las formas geom\u00e9tricas, las uniones perfectas y el fuerte contraste entre el blanco y el negro hacen de la colecci\u00f3n Optical un sugestivo encuentro entre la elegancia y el surrealismo.<br \/>\nUna l\u00ednea vers\u00e1til que se adapta tanto a los ambientes cl\u00e1sicos como a los m\u00e1s modernos y que dar\u00e1 un toque original y elegante para embellecer el hogar y los exteriores.<\/p>\n","protected":false},"excerpt":{"rendered":"<p>Optical es una colecci\u00f3n aut\u00e9ntica y refinada. Gracias al riguroso juego de las dos dimensiones, crea un efecto emblem\u00e1tico que<\/p>\n","protected":false},"featured_media":506842,"template":"","meta":{"_acf_changed":false,"inline_featured_image":false},"product_cat":[16026,16016],"product_tag":[19370,19371,17413],"acf":[],"yoast_head":"<!-- This site is optimized with the Yoast SEO Premium plugin v18.6 (Yoast SEO v19.13) - https:\/\/yoast.com\/wordpress\/plugins\/seo\/ -->\n<title>BACI MILANO Optical Cabeza de Caballo Negro 32cm - Erresse Shop<\/title>\n<meta name=\"description\" content=\"Optical es una colecci\u00f3n aut\u00e9ntica y refinada. Gracias al riguroso juego de las dos dimensiones, crea un efecto emblem\u00e1tico que se acerca a la\" \/>\n<meta name=\"robots\" content=\"index, follow, max-snippet:-1, max-image-preview:large, max-video-preview:-1\" \/>\n<link rel=\"canonical\" href=\"https:\/\/www.erresse-shop.it\/es\/shop\/mobiliario\/articulos-de-decoracion\/baci-milano-optical-cabeza-de-caballo-negro-32cm\/\" \/>\n<meta property=\"og:locale\" content=\"es_ES\" \/>\n<meta property=\"og:type\" content=\"article\" \/>\n<meta property=\"og:title\" content=\"BACI MILANO Optical Cabeza de Caballo Negro 32cm\" \/>\n<meta property=\"og:description\" content=\"Optical es una colecci\u00f3n aut\u00e9ntica y refinada. Gracias al riguroso juego de las dos dimensiones, crea un efecto emblem\u00e1tico que se acerca a la\" \/>\n<meta property=\"og:url\" content=\"https:\/\/www.erresse-shop.it\/es\/shop\/mobiliario\/articulos-de-decoracion\/baci-milano-optical-cabeza-de-caballo-negro-32cm\/\" \/>\n<meta property=\"og:site_name\" content=\"Erresse Shop\" \/>\n<meta property=\"article:modified_time\" content=\"2023-09-25T10:55:15+00:00\" \/>\n<meta property=\"og:image\" content=\"https:\/\/www.erresse-shop.it\/wp-content\/uploads\/2022\/04\/Baci-Milano-Testa-Cavallo-M-Nero.jpg\" \/>\n\t<meta property=\"og:image:width\" content=\"800\" \/>\n\t<meta property=\"og:image:height\" content=\"800\" \/>\n\t<meta property=\"og:image:type\" content=\"image\/jpeg\" \/>\n<meta name=\"twitter:card\" content=\"summary_large_image\" \/>\n<script type=\"application\/ld+json\" class=\"yoast-schema-graph\">{\"@context\":\"https:\/\/schema.org\",\"@graph\":[{\"@type\":\"WebPage\",\"@id\":\"https:\/\/www.erresse-shop.it\/es\/shop\/mobiliario\/articulos-de-decoracion\/baci-milano-optical-cabeza-de-caballo-negro-32cm\/\",\"url\":\"https:\/\/www.erresse-shop.it\/es\/shop\/mobiliario\/articulos-de-decoracion\/baci-milano-optical-cabeza-de-caballo-negro-32cm\/\",\"name\":\"BACI MILANO Optical Cabeza de Caballo Negro 32cm - Erresse Shop\",\"isPartOf\":{\"@id\":\"https:\/\/www.erresse-shop.it\/es\/#website\"},\"datePublished\":\"2022-06-15T10:27:26+00:00\",\"dateModified\":\"2023-09-25T10:55:15+00:00\",\"description\":\"Optical es una colecci\u00f3n aut\u00e9ntica y refinada. Gracias al riguroso juego de las dos dimensiones, crea un efecto emblem\u00e1tico que se acerca a la\",\"breadcrumb\":{\"@id\":\"https:\/\/www.erresse-shop.it\/es\/shop\/mobiliario\/articulos-de-decoracion\/baci-milano-optical-cabeza-de-caballo-negro-32cm\/#breadcrumb\"},\"inLanguage\":\"es\",\"potentialAction\":[{\"@type\":\"ReadAction\",\"target\":[\"https:\/\/www.erresse-shop.it\/es\/shop\/mobiliario\/articulos-de-decoracion\/baci-milano-optical-cabeza-de-caballo-negro-32cm\/\"]}]},{\"@type\":\"BreadcrumbList\",\"@id\":\"https:\/\/www.erresse-shop.it\/es\/shop\/mobiliario\/articulos-de-decoracion\/baci-milano-optical-cabeza-de-caballo-negro-32cm\/#breadcrumb\",\"itemListElement\":[{\"@type\":\"ListItem\",\"position\":1,\"name\":\"Home\",\"item\":\"https:\/\/www.erresse-shop.it\/es\/\"},{\"@type\":\"ListItem\",\"position\":2,\"name\":\"Shop\",\"item\":\"https:\/\/www.erresse-shop.it\/es\/shop\/\"},{\"@type\":\"ListItem\",\"position\":3,\"name\":\"BACI MILANO Optical Cabeza de Caballo Negro 32cm\"}]},{\"@type\":\"WebSite\",\"@id\":\"https:\/\/www.erresse-shop.it\/es\/#website\",\"url\":\"https:\/\/www.erresse-shop.it\/es\/\",\"name\":\"Erresse Shop\",\"description\":\"Articoli di qualit\u00e0 per la casa\",\"potentialAction\":[{\"@type\":\"SearchAction\",\"target\":{\"@type\":\"EntryPoint\",\"urlTemplate\":\"https:\/\/www.erresse-shop.it\/es\/?s={search_term_string}\"},\"query-input\":\"required name=search_term_string\"}],\"inLanguage\":\"es\"}]}<\/script>\n<!-- \/ Yoast SEO Premium plugin. -->","yoast_head_json":{"title":"BACI MILANO Optical Cabeza de Caballo Negro 32cm - Erresse Shop","description":"Optical es una colecci\u00f3n aut\u00e9ntica y refinada. Gracias al riguroso juego de las dos dimensiones, crea un efecto emblem\u00e1tico que se acerca a la","robots":{"index":"index","follow":"follow","max-snippet":"max-snippet:-1","max-image-preview":"max-image-preview:large","max-video-preview":"max-video-preview:-1"},"canonical":"https:\/\/www.erresse-shop.it\/es\/shop\/mobiliario\/articulos-de-decoracion\/baci-milano-optical-cabeza-de-caballo-negro-32cm\/","og_locale":"es_ES","og_type":"article","og_title":"BACI MILANO Optical Cabeza de Caballo Negro 32cm","og_description":"Optical es una colecci\u00f3n aut\u00e9ntica y refinada. Gracias al riguroso juego de las dos dimensiones, crea un efecto emblem\u00e1tico que se acerca a la","og_url":"https:\/\/www.erresse-shop.it\/es\/shop\/mobiliario\/articulos-de-decoracion\/baci-milano-optical-cabeza-de-caballo-negro-32cm\/","og_site_name":"Erresse Shop","article_modified_time":"2023-09-25T10:55:15+00:00","og_image":[{"width":800,"height":800,"url":"https:\/\/www.erresse-shop.it\/wp-content\/uploads\/2022\/04\/Baci-Milano-Testa-Cavallo-M-Nero.jpg","type":"image\/jpeg"}],"twitter_card":"summary_large_image","schema":{"@context":"https:\/\/schema.org","@graph":[{"@type":"WebPage","@id":"https:\/\/www.erresse-shop.it\/es\/shop\/mobiliario\/articulos-de-decoracion\/baci-milano-optical-cabeza-de-caballo-negro-32cm\/","url":"https:\/\/www.erresse-shop.it\/es\/shop\/mobiliario\/articulos-de-decoracion\/baci-milano-optical-cabeza-de-caballo-negro-32cm\/","name":"BACI MILANO Optical Cabeza de Caballo Negro 32cm - Erresse Shop","isPartOf":{"@id":"https:\/\/www.erresse-shop.it\/es\/#website"},"datePublished":"2022-06-15T10:27:26+00:00","dateModified":"2023-09-25T10:55:15+00:00","description":"Optical es una colecci\u00f3n aut\u00e9ntica y refinada. Gracias al riguroso juego de las dos dimensiones, crea un efecto emblem\u00e1tico que se acerca a la","breadcrumb":{"@id":"https:\/\/www.erresse-shop.it\/es\/shop\/mobiliario\/articulos-de-decoracion\/baci-milano-optical-cabeza-de-caballo-negro-32cm\/#breadcrumb"},"inLanguage":"es","potentialAction":[{"@type":"ReadAction","target":["https:\/\/www.erresse-shop.it\/es\/shop\/mobiliario\/articulos-de-decoracion\/baci-milano-optical-cabeza-de-caballo-negro-32cm\/"]}]},{"@type":"BreadcrumbList","@id":"https:\/\/www.erresse-shop.it\/es\/shop\/mobiliario\/articulos-de-decoracion\/baci-milano-optical-cabeza-de-caballo-negro-32cm\/#breadcrumb","itemListElement":[{"@type":"ListItem","position":1,"name":"Home","item":"https:\/\/www.erresse-shop.it\/es\/"},{"@type":"ListItem","position":2,"name":"Shop","item":"https:\/\/www.erresse-shop.it\/es\/shop\/"},{"@type":"ListItem","position":3,"name":"BACI MILANO Optical Cabeza de Caballo Negro 32cm"}]},{"@type":"WebSite","@id":"https:\/\/www.erresse-shop.it\/es\/#website","url":"https:\/\/www.erresse-shop.it\/es\/","name":"Erresse Shop","description":"Articoli di qualit\u00e0 per la casa","potentialAction":[{"@type":"SearchAction","target":{"@type":"EntryPoint","urlTemplate":"https:\/\/www.erresse-shop.it\/es\/?s={search_term_string}"},"query-input":"required name=search_term_string"}],"inLanguage":"es"}]}},"df_price":80,"df_sale_price":80,"df_regular_price":160,"df_image_link":"https:\/\/www.erresse-shop.it\/wp-content\/uploads\/2022\/06\/BACI-MILANO-Optical-Testa-Cavallo-Nero-32cm-300x300.jpg","_links":{"self":[{"href":"https:\/\/www.erresse-shop.it\/es\/wp-json\/wp\/v2\/product\/162786"}],"collection":[{"href":"https:\/\/www.erresse-shop.it\/es\/wp-json\/wp\/v2\/product"}],"about":[{"href":"https:\/\/www.erresse-shop.it\/es\/wp-json\/wp\/v2\/types\/product"}],"wp:featuredmedia":[{"embeddable":true,"href":"https:\/\/www.erresse-shop.it\/es\/wp-json\/wp\/v2\/media\/506842"}],"wp:attachment":[{"href":"https:\/\/www.erresse-shop.it\/es\/wp-json\/wp\/v2\/media?parent=162786"}],"wp:term":[{"taxonomy":"product_cat","embeddable":true,"href":"https:\/\/www.erresse-shop.it\/es\/wp-json\/wp\/v2\/product_cat?post=162786"},{"taxonomy":"product_tag","embeddable":true,"href":"https:\/\/www.erresse-shop.it\/es\/wp-json\/wp\/v2\/product_tag?post=162786"}],"curies":[{"name":"wp","href":"https:\/\/api.w.org\/{rel}","templated":true}]}}