{"id":160956,"date":"2022-06-03T13:50:55","date_gmt":"2022-06-03T13:51:03","guid":{"rendered":"https:\/\/www.erresse-shop.it\/?post_type=product&#038;p=160956"},"modified":"2022-06-03T14:06:11","modified_gmt":"2022-06-03T14:06:11","slug":"bordallo-pinheiro-bandeja-alcachofa-41-cm","status":"publish","type":"product","link":"https:\/\/www.erresse-shop.it\/es\/shop\/tabla\/bandejas\/bordallo-pinheiro-bandeja-alcachofa-41-cm\/","title":{"rendered":"BORDALLO PINHEIRO Bandeja Alcachofa 41 cm"},"content":{"rendered":"<p>A\u00f1ade un toque art\u00edstico con este hermoso recipiente en forma de alcachofa de Bordallo Pinheiro. Pintada a mano con un dise\u00f1o encantador, la superficie presenta detalles intrincados.<\/p>\n<p>Desarrollando la actual gama de verduras, Bordallo Pinheiro presenta una colecci\u00f3n pr\u00e1ctica y decorativa completamente nueva.<br \/>\nUna excelente idea de regalo que es funcional, elegante y original.<\/p>\n<p>Adem\u00e1s, es una pieza de coleccionista: hecha a mano en Portugal, cada pieza de Bordallo Pinheiro no decepciona.<\/p>\n<p><strong>Material:<\/strong> terracota<\/p>\n","protected":false},"excerpt":{"rendered":"<p>A\u00f1ade un toque art\u00edstico con este hermoso recipiente en forma de alcachofa de Bordallo Pinheiro. Pintada a mano con un<\/p>\n","protected":false},"featured_media":457159,"template":"","meta":{"_acf_changed":false,"inline_featured_image":false},"product_cat":[16036,16027],"product_tag":[18300,16377,23912,23667,24605,16406],"acf":[],"yoast_head":"<!-- This site is optimized with the Yoast SEO Premium plugin v18.6 (Yoast SEO v19.13) - https:\/\/yoast.com\/wordpress\/plugins\/seo\/ -->\n<title>BORDALLO PINHEIRO Bandeja Alcachofa 41 cm - Erresse Shop<\/title>\n<meta name=\"description\" content=\"A\u00f1ade un toque art\u00edstico con este hermoso recipiente en forma de alcachofa de Bordallo Pinheiro. Pintada a mano con un dise\u00f1o encantador, la superficie\" \/>\n<meta name=\"robots\" content=\"index, follow, max-snippet:-1, max-image-preview:large, max-video-preview:-1\" \/>\n<link rel=\"canonical\" href=\"https:\/\/www.erresse-shop.it\/es\/shop\/tabla\/bandejas\/bordallo-pinheiro-bandeja-alcachofa-41-cm\/\" \/>\n<meta property=\"og:locale\" content=\"es_ES\" \/>\n<meta property=\"og:type\" content=\"article\" \/>\n<meta property=\"og:title\" content=\"BORDALLO PINHEIRO Bandeja Alcachofa 41 cm\" \/>\n<meta property=\"og:description\" content=\"A\u00f1ade un toque art\u00edstico con este hermoso recipiente en forma de alcachofa de Bordallo Pinheiro. Pintada a mano con un dise\u00f1o encantador, la superficie\" \/>\n<meta property=\"og:url\" content=\"https:\/\/www.erresse-shop.it\/es\/shop\/tabla\/bandejas\/bordallo-pinheiro-bandeja-alcachofa-41-cm\/\" \/>\n<meta property=\"og:site_name\" content=\"Erresse Shop\" \/>\n<meta property=\"article:modified_time\" content=\"2022-06-03T14:06:11+00:00\" \/>\n<meta property=\"og:image\" content=\"https:\/\/www.erresse-shop.it\/wp-content\/uploads\/2022\/06\/BORDALLO-PINHEIRO-Vassoio-Carciofo-41-cm.png\" \/>\n\t<meta property=\"og:image:width\" content=\"800\" \/>\n\t<meta property=\"og:image:height\" content=\"800\" \/>\n\t<meta property=\"og:image:type\" content=\"image\/png\" \/>\n<meta name=\"twitter:card\" content=\"summary_large_image\" \/>\n<script type=\"application\/ld+json\" class=\"yoast-schema-graph\">{\"@context\":\"https:\/\/schema.org\",\"@graph\":[{\"@type\":\"WebPage\",\"@id\":\"https:\/\/www.erresse-shop.it\/es\/shop\/tabla\/bandejas\/bordallo-pinheiro-bandeja-alcachofa-41-cm\/\",\"url\":\"https:\/\/www.erresse-shop.it\/es\/shop\/tabla\/bandejas\/bordallo-pinheiro-bandeja-alcachofa-41-cm\/\",\"name\":\"BORDALLO PINHEIRO Bandeja Alcachofa 41 cm - Erresse Shop\",\"isPartOf\":{\"@id\":\"https:\/\/www.erresse-shop.it\/es\/#website\"},\"datePublished\":\"2022-06-03T13:51:03+00:00\",\"dateModified\":\"2022-06-03T14:06:11+00:00\",\"description\":\"A\u00f1ade un toque art\u00edstico con este hermoso recipiente en forma de alcachofa de Bordallo Pinheiro. Pintada a mano con un dise\u00f1o encantador, la superficie\",\"breadcrumb\":{\"@id\":\"https:\/\/www.erresse-shop.it\/es\/shop\/tabla\/bandejas\/bordallo-pinheiro-bandeja-alcachofa-41-cm\/#breadcrumb\"},\"inLanguage\":\"es\",\"potentialAction\":[{\"@type\":\"ReadAction\",\"target\":[\"https:\/\/www.erresse-shop.it\/es\/shop\/tabla\/bandejas\/bordallo-pinheiro-bandeja-alcachofa-41-cm\/\"]}]},{\"@type\":\"BreadcrumbList\",\"@id\":\"https:\/\/www.erresse-shop.it\/es\/shop\/tabla\/bandejas\/bordallo-pinheiro-bandeja-alcachofa-41-cm\/#breadcrumb\",\"itemListElement\":[{\"@type\":\"ListItem\",\"position\":1,\"name\":\"Home\",\"item\":\"https:\/\/www.erresse-shop.it\/es\/\"},{\"@type\":\"ListItem\",\"position\":2,\"name\":\"Shop\",\"item\":\"https:\/\/www.erresse-shop.it\/es\/shop\/\"},{\"@type\":\"ListItem\",\"position\":3,\"name\":\"BORDALLO PINHEIRO Bandeja Alcachofa 41 cm\"}]},{\"@type\":\"WebSite\",\"@id\":\"https:\/\/www.erresse-shop.it\/es\/#website\",\"url\":\"https:\/\/www.erresse-shop.it\/es\/\",\"name\":\"Erresse Shop\",\"description\":\"Articoli di qualit\u00e0 per la casa\",\"potentialAction\":[{\"@type\":\"SearchAction\",\"target\":{\"@type\":\"EntryPoint\",\"urlTemplate\":\"https:\/\/www.erresse-shop.it\/es\/?s={search_term_string}\"},\"query-input\":\"required name=search_term_string\"}],\"inLanguage\":\"es\"}]}<\/script>\n<!-- \/ Yoast SEO Premium plugin. -->","yoast_head_json":{"title":"BORDALLO PINHEIRO Bandeja Alcachofa 41 cm - Erresse Shop","description":"A\u00f1ade un toque art\u00edstico con este hermoso recipiente en forma de alcachofa de Bordallo Pinheiro. Pintada a mano con un dise\u00f1o encantador, la superficie","robots":{"index":"index","follow":"follow","max-snippet":"max-snippet:-1","max-image-preview":"max-image-preview:large","max-video-preview":"max-video-preview:-1"},"canonical":"https:\/\/www.erresse-shop.it\/es\/shop\/tabla\/bandejas\/bordallo-pinheiro-bandeja-alcachofa-41-cm\/","og_locale":"es_ES","og_type":"article","og_title":"BORDALLO PINHEIRO Bandeja Alcachofa 41 cm","og_description":"A\u00f1ade un toque art\u00edstico con este hermoso recipiente en forma de alcachofa de Bordallo Pinheiro. Pintada a mano con un dise\u00f1o encantador, la superficie","og_url":"https:\/\/www.erresse-shop.it\/es\/shop\/tabla\/bandejas\/bordallo-pinheiro-bandeja-alcachofa-41-cm\/","og_site_name":"Erresse Shop","article_modified_time":"2022-06-03T14:06:11+00:00","og_image":[{"width":800,"height":800,"url":"https:\/\/www.erresse-shop.it\/wp-content\/uploads\/2022\/06\/BORDALLO-PINHEIRO-Vassoio-Carciofo-41-cm.png","type":"image\/png"}],"twitter_card":"summary_large_image","schema":{"@context":"https:\/\/schema.org","@graph":[{"@type":"WebPage","@id":"https:\/\/www.erresse-shop.it\/es\/shop\/tabla\/bandejas\/bordallo-pinheiro-bandeja-alcachofa-41-cm\/","url":"https:\/\/www.erresse-shop.it\/es\/shop\/tabla\/bandejas\/bordallo-pinheiro-bandeja-alcachofa-41-cm\/","name":"BORDALLO PINHEIRO Bandeja Alcachofa 41 cm - Erresse Shop","isPartOf":{"@id":"https:\/\/www.erresse-shop.it\/es\/#website"},"datePublished":"2022-06-03T13:51:03+00:00","dateModified":"2022-06-03T14:06:11+00:00","description":"A\u00f1ade un toque art\u00edstico con este hermoso recipiente en forma de alcachofa de Bordallo Pinheiro. Pintada a mano con un dise\u00f1o encantador, la superficie","breadcrumb":{"@id":"https:\/\/www.erresse-shop.it\/es\/shop\/tabla\/bandejas\/bordallo-pinheiro-bandeja-alcachofa-41-cm\/#breadcrumb"},"inLanguage":"es","potentialAction":[{"@type":"ReadAction","target":["https:\/\/www.erresse-shop.it\/es\/shop\/tabla\/bandejas\/bordallo-pinheiro-bandeja-alcachofa-41-cm\/"]}]},{"@type":"BreadcrumbList","@id":"https:\/\/www.erresse-shop.it\/es\/shop\/tabla\/bandejas\/bordallo-pinheiro-bandeja-alcachofa-41-cm\/#breadcrumb","itemListElement":[{"@type":"ListItem","position":1,"name":"Home","item":"https:\/\/www.erresse-shop.it\/es\/"},{"@type":"ListItem","position":2,"name":"Shop","item":"https:\/\/www.erresse-shop.it\/es\/shop\/"},{"@type":"ListItem","position":3,"name":"BORDALLO PINHEIRO Bandeja Alcachofa 41 cm"}]},{"@type":"WebSite","@id":"https:\/\/www.erresse-shop.it\/es\/#website","url":"https:\/\/www.erresse-shop.it\/es\/","name":"Erresse Shop","description":"Articoli di qualit\u00e0 per la casa","potentialAction":[{"@type":"SearchAction","target":{"@type":"EntryPoint","urlTemplate":"https:\/\/www.erresse-shop.it\/es\/?s={search_term_string}"},"query-input":"required name=search_term_string"}],"inLanguage":"es"}]}},"df_price":20.25,"df_sale_price":20.25,"df_regular_price":45,"df_image_link":"https:\/\/www.erresse-shop.it\/wp-content\/uploads\/2022\/06\/BORDALLO-PINHEIRO-Vassoio-Carciofo-41-cm-300x300.jpg","_links":{"self":[{"href":"https:\/\/www.erresse-shop.it\/es\/wp-json\/wp\/v2\/product\/160956"}],"collection":[{"href":"https:\/\/www.erresse-shop.it\/es\/wp-json\/wp\/v2\/product"}],"about":[{"href":"https:\/\/www.erresse-shop.it\/es\/wp-json\/wp\/v2\/types\/product"}],"wp:featuredmedia":[{"embeddable":true,"href":"https:\/\/www.erresse-shop.it\/es\/wp-json\/wp\/v2\/media\/457159"}],"wp:attachment":[{"href":"https:\/\/www.erresse-shop.it\/es\/wp-json\/wp\/v2\/media?parent=160956"}],"wp:term":[{"taxonomy":"product_cat","embeddable":true,"href":"https:\/\/www.erresse-shop.it\/es\/wp-json\/wp\/v2\/product_cat?post=160956"},{"taxonomy":"product_tag","embeddable":true,"href":"https:\/\/www.erresse-shop.it\/es\/wp-json\/wp\/v2\/product_tag?post=160956"}],"curies":[{"name":"wp","href":"https:\/\/api.w.org\/{rel}","templated":true}]}}