{"id":160414,"date":"2022-05-26T12:53:45","date_gmt":"2022-05-26T12:53:48","guid":{"rendered":"https:\/\/www.erresse-shop.it\/?post_type=product&#038;p=160414"},"modified":"2024-06-11T00:02:52","modified_gmt":"2024-06-11T00:02:52","slug":"rosenthal-jarron-fast-30-cm-blanco","status":"publish","type":"product","link":"https:\/\/www.erresse-shop.it\/es\/shop\/mobiliario\/jarrones\/rosenthal-jarron-fast-30-cm-blanco\/","title":{"rendered":"ROSENTHAL Jarr\u00f3n Fast 30 cm Blanco"},"content":{"rendered":"<p>Fast Weiss es un jarr\u00f3n decorativo dise\u00f1ado por C\u00e9dric Ragot para Rosenthal. Es un objeto de porcelana con una superficie lisa y luminosa.<br \/>\nEl mensaje de la colecci\u00f3n Fast es una interpretaci\u00f3n fascinante de los cambios sociales de la era digital. En estos objetos, cristalizaci\u00f3n de una reproducci\u00f3n digital acelerada, encontramos el arquetipo de los jarrones de la dinast\u00eda Ming.<\/p>\n<p>Sus inusuales decoraciones y formas sugieren al ojo una idea de movimiento que recuerda los ritmos fren\u00e9ticos de nuestro tiempo.<br \/>\nEste jarr\u00f3n fue dise\u00f1ado en 2003 y gan\u00f3 el premio TM AWARD al buen dise\u00f1o en 2007.<\/p>\n<p>Material: porcelana<br \/>\nColecci\u00f3n: Fast Weiss<\/p>\n","protected":false},"excerpt":{"rendered":"<p>Fast Weiss es un jarr\u00f3n decorativo dise\u00f1ado por C\u00e9dric Ragot para Rosenthal. Es un objeto de porcelana con una superficie<\/p>\n","protected":false},"featured_media":148352,"template":"","meta":{"_acf_changed":false,"inline_featured_image":false},"product_cat":[16024,16016],"product_tag":[23912,23692,19136,16122,19137],"acf":[],"yoast_head":"<!-- This site is optimized with the Yoast SEO Premium plugin v18.6 (Yoast SEO v19.13) - https:\/\/yoast.com\/wordpress\/plugins\/seo\/ -->\n<title>ROSENTHAL Jarr\u00f3n Fast 30 cm Blanco - Erresse Shop<\/title>\n<meta name=\"description\" content=\"Fast Weiss es un jarr\u00f3n decorativo dise\u00f1ado por C\u00e9dric Ragot para Rosenthal. Es un objeto de porcelana con una superficie lisa y luminosa. El mensaje de\" \/>\n<meta name=\"robots\" content=\"index, follow, max-snippet:-1, max-image-preview:large, max-video-preview:-1\" \/>\n<link rel=\"canonical\" href=\"https:\/\/www.erresse-shop.it\/es\/shop\/mobiliario\/jarrones\/rosenthal-jarron-fast-30-cm-blanco\/\" \/>\n<meta property=\"og:locale\" content=\"es_ES\" \/>\n<meta property=\"og:type\" content=\"article\" \/>\n<meta property=\"og:title\" content=\"ROSENTHAL Jarr\u00f3n Fast 30 cm Blanco\" \/>\n<meta property=\"og:description\" content=\"Fast Weiss es un jarr\u00f3n decorativo dise\u00f1ado por C\u00e9dric Ragot para Rosenthal. Es un objeto de porcelana con una superficie lisa y luminosa. El mensaje de\" \/>\n<meta property=\"og:url\" content=\"https:\/\/www.erresse-shop.it\/es\/shop\/mobiliario\/jarrones\/rosenthal-jarron-fast-30-cm-blanco\/\" \/>\n<meta property=\"og:site_name\" content=\"Erresse Shop\" \/>\n<meta property=\"article:modified_time\" content=\"2024-06-11T00:02:52+00:00\" \/>\n<meta property=\"og:image\" content=\"https:\/\/www.erresse-shop.it\/wp-content\/uploads\/2022\/04\/Vaso-Fast-Weiss-30cm.jpg\" \/>\n\t<meta property=\"og:image:width\" content=\"1000\" \/>\n\t<meta property=\"og:image:height\" content=\"1000\" \/>\n\t<meta property=\"og:image:type\" content=\"image\/jpeg\" \/>\n<meta name=\"twitter:card\" content=\"summary_large_image\" \/>\n<script type=\"application\/ld+json\" class=\"yoast-schema-graph\">{\"@context\":\"https:\/\/schema.org\",\"@graph\":[{\"@type\":\"WebPage\",\"@id\":\"https:\/\/www.erresse-shop.it\/es\/shop\/mobiliario\/jarrones\/rosenthal-jarron-fast-30-cm-blanco\/\",\"url\":\"https:\/\/www.erresse-shop.it\/es\/shop\/mobiliario\/jarrones\/rosenthal-jarron-fast-30-cm-blanco\/\",\"name\":\"ROSENTHAL Jarr\u00f3n Fast 30 cm Blanco - Erresse Shop\",\"isPartOf\":{\"@id\":\"https:\/\/www.erresse-shop.it\/es\/#website\"},\"datePublished\":\"2022-05-26T12:53:48+00:00\",\"dateModified\":\"2024-06-11T00:02:52+00:00\",\"description\":\"Fast Weiss es un jarr\u00f3n decorativo dise\u00f1ado por C\u00e9dric Ragot para Rosenthal. Es un objeto de porcelana con una superficie lisa y luminosa. El mensaje de\",\"breadcrumb\":{\"@id\":\"https:\/\/www.erresse-shop.it\/es\/shop\/mobiliario\/jarrones\/rosenthal-jarron-fast-30-cm-blanco\/#breadcrumb\"},\"inLanguage\":\"es\",\"potentialAction\":[{\"@type\":\"ReadAction\",\"target\":[\"https:\/\/www.erresse-shop.it\/es\/shop\/mobiliario\/jarrones\/rosenthal-jarron-fast-30-cm-blanco\/\"]}]},{\"@type\":\"BreadcrumbList\",\"@id\":\"https:\/\/www.erresse-shop.it\/es\/shop\/mobiliario\/jarrones\/rosenthal-jarron-fast-30-cm-blanco\/#breadcrumb\",\"itemListElement\":[{\"@type\":\"ListItem\",\"position\":1,\"name\":\"Home\",\"item\":\"https:\/\/www.erresse-shop.it\/es\/\"},{\"@type\":\"ListItem\",\"position\":2,\"name\":\"Shop\",\"item\":\"https:\/\/www.erresse-shop.it\/es\/shop\/\"},{\"@type\":\"ListItem\",\"position\":3,\"name\":\"ROSENTHAL Jarr\u00f3n Fast 30 cm Blanco\"}]},{\"@type\":\"WebSite\",\"@id\":\"https:\/\/www.erresse-shop.it\/es\/#website\",\"url\":\"https:\/\/www.erresse-shop.it\/es\/\",\"name\":\"Erresse Shop\",\"description\":\"Articoli di qualit\u00e0 per la casa\",\"potentialAction\":[{\"@type\":\"SearchAction\",\"target\":{\"@type\":\"EntryPoint\",\"urlTemplate\":\"https:\/\/www.erresse-shop.it\/es\/?s={search_term_string}\"},\"query-input\":\"required name=search_term_string\"}],\"inLanguage\":\"es\"}]}<\/script>\n<!-- \/ Yoast SEO Premium plugin. -->","yoast_head_json":{"title":"ROSENTHAL Jarr\u00f3n Fast 30 cm Blanco - Erresse Shop","description":"Fast Weiss es un jarr\u00f3n decorativo dise\u00f1ado por C\u00e9dric Ragot para Rosenthal. Es un objeto de porcelana con una superficie lisa y luminosa. El mensaje de","robots":{"index":"index","follow":"follow","max-snippet":"max-snippet:-1","max-image-preview":"max-image-preview:large","max-video-preview":"max-video-preview:-1"},"canonical":"https:\/\/www.erresse-shop.it\/es\/shop\/mobiliario\/jarrones\/rosenthal-jarron-fast-30-cm-blanco\/","og_locale":"es_ES","og_type":"article","og_title":"ROSENTHAL Jarr\u00f3n Fast 30 cm Blanco","og_description":"Fast Weiss es un jarr\u00f3n decorativo dise\u00f1ado por C\u00e9dric Ragot para Rosenthal. Es un objeto de porcelana con una superficie lisa y luminosa. El mensaje de","og_url":"https:\/\/www.erresse-shop.it\/es\/shop\/mobiliario\/jarrones\/rosenthal-jarron-fast-30-cm-blanco\/","og_site_name":"Erresse Shop","article_modified_time":"2024-06-11T00:02:52+00:00","og_image":[{"width":1000,"height":1000,"url":"https:\/\/www.erresse-shop.it\/wp-content\/uploads\/2022\/04\/Vaso-Fast-Weiss-30cm.jpg","type":"image\/jpeg"}],"twitter_card":"summary_large_image","schema":{"@context":"https:\/\/schema.org","@graph":[{"@type":"WebPage","@id":"https:\/\/www.erresse-shop.it\/es\/shop\/mobiliario\/jarrones\/rosenthal-jarron-fast-30-cm-blanco\/","url":"https:\/\/www.erresse-shop.it\/es\/shop\/mobiliario\/jarrones\/rosenthal-jarron-fast-30-cm-blanco\/","name":"ROSENTHAL Jarr\u00f3n Fast 30 cm Blanco - Erresse Shop","isPartOf":{"@id":"https:\/\/www.erresse-shop.it\/es\/#website"},"datePublished":"2022-05-26T12:53:48+00:00","dateModified":"2024-06-11T00:02:52+00:00","description":"Fast Weiss es un jarr\u00f3n decorativo dise\u00f1ado por C\u00e9dric Ragot para Rosenthal. Es un objeto de porcelana con una superficie lisa y luminosa. El mensaje de","breadcrumb":{"@id":"https:\/\/www.erresse-shop.it\/es\/shop\/mobiliario\/jarrones\/rosenthal-jarron-fast-30-cm-blanco\/#breadcrumb"},"inLanguage":"es","potentialAction":[{"@type":"ReadAction","target":["https:\/\/www.erresse-shop.it\/es\/shop\/mobiliario\/jarrones\/rosenthal-jarron-fast-30-cm-blanco\/"]}]},{"@type":"BreadcrumbList","@id":"https:\/\/www.erresse-shop.it\/es\/shop\/mobiliario\/jarrones\/rosenthal-jarron-fast-30-cm-blanco\/#breadcrumb","itemListElement":[{"@type":"ListItem","position":1,"name":"Home","item":"https:\/\/www.erresse-shop.it\/es\/"},{"@type":"ListItem","position":2,"name":"Shop","item":"https:\/\/www.erresse-shop.it\/es\/shop\/"},{"@type":"ListItem","position":3,"name":"ROSENTHAL Jarr\u00f3n Fast 30 cm Blanco"}]},{"@type":"WebSite","@id":"https:\/\/www.erresse-shop.it\/es\/#website","url":"https:\/\/www.erresse-shop.it\/es\/","name":"Erresse Shop","description":"Articoli di qualit\u00e0 per la casa","potentialAction":[{"@type":"SearchAction","target":{"@type":"EntryPoint","urlTemplate":"https:\/\/www.erresse-shop.it\/es\/?s={search_term_string}"},"query-input":"required name=search_term_string"}],"inLanguage":"es"}]}},"df_price":147.95000000000002,"df_sale_price":147.95000000000002,"df_regular_price":269,"df_image_link":"https:\/\/www.erresse-shop.it\/wp-content\/uploads\/2022\/04\/Vaso-Fast-Weiss-30cm-300x300.jpg","_links":{"self":[{"href":"https:\/\/www.erresse-shop.it\/es\/wp-json\/wp\/v2\/product\/160414"}],"collection":[{"href":"https:\/\/www.erresse-shop.it\/es\/wp-json\/wp\/v2\/product"}],"about":[{"href":"https:\/\/www.erresse-shop.it\/es\/wp-json\/wp\/v2\/types\/product"}],"wp:featuredmedia":[{"embeddable":true,"href":"https:\/\/www.erresse-shop.it\/es\/wp-json\/wp\/v2\/media\/148352"}],"wp:attachment":[{"href":"https:\/\/www.erresse-shop.it\/es\/wp-json\/wp\/v2\/media?parent=160414"}],"wp:term":[{"taxonomy":"product_cat","embeddable":true,"href":"https:\/\/www.erresse-shop.it\/es\/wp-json\/wp\/v2\/product_cat?post=160414"},{"taxonomy":"product_tag","embeddable":true,"href":"https:\/\/www.erresse-shop.it\/es\/wp-json\/wp\/v2\/product_tag?post=160414"}],"curies":[{"name":"wp","href":"https:\/\/api.w.org\/{rel}","templated":true}]}}