{"id":159732,"date":"2022-05-23T12:02:54","date_gmt":"2022-05-23T12:03:18","guid":{"rendered":"https:\/\/www.erresse-shop.it\/?post_type=product&#038;p=159732"},"modified":"2023-07-17T00:06:46","modified_gmt":"2023-07-17T00:06:46","slug":"emile-henry-cheese-baker-molde-de-queso-rojo","status":"publish","type":"product","link":"https:\/\/www.erresse-shop.it\/es\/shop\/sartenes-y-ollas\/ollas-y-bandejas-de-horno\/emile-henry-cheese-baker-molde-de-queso-rojo\/","title":{"rendered":"EMILE HENRY Cheese Baker Molde de Queso Rojo"},"content":{"rendered":"<p>El Cheese Baker le permite hornear cualquier tipo de queso en el horno: brie, camembert, gorgonzola&#8230; Para cocinarlos, atr\u00e9vase a variar los placeres: \u00a1a\u00f1ada fruta (manzanas, peras), hierbas arom\u00e1ticas o incluso saz\u00f3nelo con vino blanco!<\/p>\n<p>Cuando salga del horno, disfrute de su queso como aperitivo con peque\u00f1as galletas, como raclette con patatas, o simplemente vi\u00e9rtalo sobre carnes fr\u00edas y verduras. Hay tantas formas de cocinar el queso en el Cheese Baker como de probarlo. Depende de ti dar rienda suelta a tu imaginaci\u00f3n y mimarte.<\/p>\n<p>Se puede lavar en el lavavajillas.<br \/>\n10 a\u00f1os de garant\u00eda.<\/p>\n<p><strong>Longitud\/di\u00e1metro:<\/strong> 19,5 cm<br \/>\n<strong>Anchura:<\/strong> 17,5 cm<br \/>\n<strong>Altura:<\/strong> 4,5 cm<br \/>\n<strong>Peso &#8211; KG:<\/strong> 1,1 KG<\/p>\n","protected":false},"excerpt":{"rendered":"<p>El Cheese Baker le permite hornear cualquier tipo de queso en el horno: brie, camembert, gorgonzola&#8230; Para cocinarlos, atr\u00e9vase a<\/p>\n","protected":false},"featured_media":159740,"template":"","meta":{"_acf_changed":false,"inline_featured_image":false},"product_cat":[16068,16058],"product_tag":[16781,16256,19077],"acf":[],"yoast_head":"<!-- This site is optimized with the Yoast SEO Premium plugin v18.6 (Yoast SEO v19.13) - https:\/\/yoast.com\/wordpress\/plugins\/seo\/ -->\n<title>EMILE HENRY Cheese Baker Molde de Queso Rojo - Erresse Shop<\/title>\n<meta name=\"description\" content=\"El Cheese Baker le permite hornear cualquier tipo de queso en el horno: brie, camembert, gorgonzola... Para cocinarlos, atr\u00e9vase a variar los placeres:\" \/>\n<meta name=\"robots\" content=\"index, follow, max-snippet:-1, max-image-preview:large, max-video-preview:-1\" \/>\n<link rel=\"canonical\" href=\"https:\/\/www.erresse-shop.it\/es\/shop\/sartenes-y-ollas\/ollas-y-bandejas-de-horno\/emile-henry-cheese-baker-molde-de-queso-rojo\/\" \/>\n<meta property=\"og:locale\" content=\"es_ES\" \/>\n<meta property=\"og:type\" content=\"article\" \/>\n<meta property=\"og:title\" content=\"EMILE HENRY Cheese Baker Molde de Queso Rojo\" \/>\n<meta property=\"og:description\" content=\"El Cheese Baker le permite hornear cualquier tipo de queso en el horno: brie, camembert, gorgonzola... Para cocinarlos, atr\u00e9vase a variar los placeres:\" \/>\n<meta property=\"og:url\" content=\"https:\/\/www.erresse-shop.it\/es\/shop\/sartenes-y-ollas\/ollas-y-bandejas-de-horno\/emile-henry-cheese-baker-molde-de-queso-rojo\/\" \/>\n<meta property=\"og:site_name\" content=\"Erresse Shop\" \/>\n<meta property=\"article:modified_time\" content=\"2023-07-17T00:06:46+00:00\" \/>\n<meta property=\"og:image\" content=\"https:\/\/www.erresse-shop.it\/wp-content\/uploads\/2022\/05\/EMILE-HENRY-Cheese-Baker-Rosso.jpg\" \/>\n\t<meta property=\"og:image:width\" content=\"800\" \/>\n\t<meta property=\"og:image:height\" content=\"800\" \/>\n\t<meta property=\"og:image:type\" content=\"image\/jpeg\" \/>\n<meta name=\"twitter:card\" content=\"summary_large_image\" \/>\n<script type=\"application\/ld+json\" class=\"yoast-schema-graph\">{\"@context\":\"https:\/\/schema.org\",\"@graph\":[{\"@type\":\"WebPage\",\"@id\":\"https:\/\/www.erresse-shop.it\/es\/shop\/sartenes-y-ollas\/ollas-y-bandejas-de-horno\/emile-henry-cheese-baker-molde-de-queso-rojo\/\",\"url\":\"https:\/\/www.erresse-shop.it\/es\/shop\/sartenes-y-ollas\/ollas-y-bandejas-de-horno\/emile-henry-cheese-baker-molde-de-queso-rojo\/\",\"name\":\"EMILE HENRY Cheese Baker Molde de Queso Rojo - Erresse Shop\",\"isPartOf\":{\"@id\":\"https:\/\/www.erresse-shop.it\/es\/#website\"},\"datePublished\":\"2022-05-23T12:03:18+00:00\",\"dateModified\":\"2023-07-17T00:06:46+00:00\",\"description\":\"El Cheese Baker le permite hornear cualquier tipo de queso en el horno: brie, camembert, gorgonzola... Para cocinarlos, atr\u00e9vase a variar los placeres:\",\"breadcrumb\":{\"@id\":\"https:\/\/www.erresse-shop.it\/es\/shop\/sartenes-y-ollas\/ollas-y-bandejas-de-horno\/emile-henry-cheese-baker-molde-de-queso-rojo\/#breadcrumb\"},\"inLanguage\":\"es\",\"potentialAction\":[{\"@type\":\"ReadAction\",\"target\":[\"https:\/\/www.erresse-shop.it\/es\/shop\/sartenes-y-ollas\/ollas-y-bandejas-de-horno\/emile-henry-cheese-baker-molde-de-queso-rojo\/\"]}]},{\"@type\":\"BreadcrumbList\",\"@id\":\"https:\/\/www.erresse-shop.it\/es\/shop\/sartenes-y-ollas\/ollas-y-bandejas-de-horno\/emile-henry-cheese-baker-molde-de-queso-rojo\/#breadcrumb\",\"itemListElement\":[{\"@type\":\"ListItem\",\"position\":1,\"name\":\"Home\",\"item\":\"https:\/\/www.erresse-shop.it\/es\/\"},{\"@type\":\"ListItem\",\"position\":2,\"name\":\"Shop\",\"item\":\"https:\/\/www.erresse-shop.it\/es\/shop\/\"},{\"@type\":\"ListItem\",\"position\":3,\"name\":\"EMILE HENRY Cheese Baker Molde de Queso Rojo\"}]},{\"@type\":\"WebSite\",\"@id\":\"https:\/\/www.erresse-shop.it\/es\/#website\",\"url\":\"https:\/\/www.erresse-shop.it\/es\/\",\"name\":\"Erresse Shop\",\"description\":\"Articoli di qualit\u00e0 per la casa\",\"potentialAction\":[{\"@type\":\"SearchAction\",\"target\":{\"@type\":\"EntryPoint\",\"urlTemplate\":\"https:\/\/www.erresse-shop.it\/es\/?s={search_term_string}\"},\"query-input\":\"required name=search_term_string\"}],\"inLanguage\":\"es\"}]}<\/script>\n<!-- \/ Yoast SEO Premium plugin. -->","yoast_head_json":{"title":"EMILE HENRY Cheese Baker Molde de Queso Rojo - Erresse Shop","description":"El Cheese Baker le permite hornear cualquier tipo de queso en el horno: brie, camembert, gorgonzola... Para cocinarlos, atr\u00e9vase a variar los placeres:","robots":{"index":"index","follow":"follow","max-snippet":"max-snippet:-1","max-image-preview":"max-image-preview:large","max-video-preview":"max-video-preview:-1"},"canonical":"https:\/\/www.erresse-shop.it\/es\/shop\/sartenes-y-ollas\/ollas-y-bandejas-de-horno\/emile-henry-cheese-baker-molde-de-queso-rojo\/","og_locale":"es_ES","og_type":"article","og_title":"EMILE HENRY Cheese Baker Molde de Queso Rojo","og_description":"El Cheese Baker le permite hornear cualquier tipo de queso en el horno: brie, camembert, gorgonzola... Para cocinarlos, atr\u00e9vase a variar los placeres:","og_url":"https:\/\/www.erresse-shop.it\/es\/shop\/sartenes-y-ollas\/ollas-y-bandejas-de-horno\/emile-henry-cheese-baker-molde-de-queso-rojo\/","og_site_name":"Erresse Shop","article_modified_time":"2023-07-17T00:06:46+00:00","og_image":[{"width":800,"height":800,"url":"https:\/\/www.erresse-shop.it\/wp-content\/uploads\/2022\/05\/EMILE-HENRY-Cheese-Baker-Rosso.jpg","type":"image\/jpeg"}],"twitter_card":"summary_large_image","schema":{"@context":"https:\/\/schema.org","@graph":[{"@type":"WebPage","@id":"https:\/\/www.erresse-shop.it\/es\/shop\/sartenes-y-ollas\/ollas-y-bandejas-de-horno\/emile-henry-cheese-baker-molde-de-queso-rojo\/","url":"https:\/\/www.erresse-shop.it\/es\/shop\/sartenes-y-ollas\/ollas-y-bandejas-de-horno\/emile-henry-cheese-baker-molde-de-queso-rojo\/","name":"EMILE HENRY Cheese Baker Molde de Queso Rojo - Erresse Shop","isPartOf":{"@id":"https:\/\/www.erresse-shop.it\/es\/#website"},"datePublished":"2022-05-23T12:03:18+00:00","dateModified":"2023-07-17T00:06:46+00:00","description":"El Cheese Baker le permite hornear cualquier tipo de queso en el horno: brie, camembert, gorgonzola... Para cocinarlos, atr\u00e9vase a variar los placeres:","breadcrumb":{"@id":"https:\/\/www.erresse-shop.it\/es\/shop\/sartenes-y-ollas\/ollas-y-bandejas-de-horno\/emile-henry-cheese-baker-molde-de-queso-rojo\/#breadcrumb"},"inLanguage":"es","potentialAction":[{"@type":"ReadAction","target":["https:\/\/www.erresse-shop.it\/es\/shop\/sartenes-y-ollas\/ollas-y-bandejas-de-horno\/emile-henry-cheese-baker-molde-de-queso-rojo\/"]}]},{"@type":"BreadcrumbList","@id":"https:\/\/www.erresse-shop.it\/es\/shop\/sartenes-y-ollas\/ollas-y-bandejas-de-horno\/emile-henry-cheese-baker-molde-de-queso-rojo\/#breadcrumb","itemListElement":[{"@type":"ListItem","position":1,"name":"Home","item":"https:\/\/www.erresse-shop.it\/es\/"},{"@type":"ListItem","position":2,"name":"Shop","item":"https:\/\/www.erresse-shop.it\/es\/shop\/"},{"@type":"ListItem","position":3,"name":"EMILE HENRY Cheese Baker Molde de Queso Rojo"}]},{"@type":"WebSite","@id":"https:\/\/www.erresse-shop.it\/es\/#website","url":"https:\/\/www.erresse-shop.it\/es\/","name":"Erresse Shop","description":"Articoli di qualit\u00e0 per la casa","potentialAction":[{"@type":"SearchAction","target":{"@type":"EntryPoint","urlTemplate":"https:\/\/www.erresse-shop.it\/es\/?s={search_term_string}"},"query-input":"required name=search_term_string"}],"inLanguage":"es"}]}},"df_price":48.75,"df_sale_price":48.75,"df_regular_price":62.5,"df_image_link":"https:\/\/www.erresse-shop.it\/wp-content\/uploads\/2022\/05\/EMILE-HENRY-Cheese-Baker-Rosso-300x300.jpg","_links":{"self":[{"href":"https:\/\/www.erresse-shop.it\/es\/wp-json\/wp\/v2\/product\/159732"}],"collection":[{"href":"https:\/\/www.erresse-shop.it\/es\/wp-json\/wp\/v2\/product"}],"about":[{"href":"https:\/\/www.erresse-shop.it\/es\/wp-json\/wp\/v2\/types\/product"}],"wp:featuredmedia":[{"embeddable":true,"href":"https:\/\/www.erresse-shop.it\/es\/wp-json\/wp\/v2\/media\/159740"}],"wp:attachment":[{"href":"https:\/\/www.erresse-shop.it\/es\/wp-json\/wp\/v2\/media?parent=159732"}],"wp:term":[{"taxonomy":"product_cat","embeddable":true,"href":"https:\/\/www.erresse-shop.it\/es\/wp-json\/wp\/v2\/product_cat?post=159732"},{"taxonomy":"product_tag","embeddable":true,"href":"https:\/\/www.erresse-shop.it\/es\/wp-json\/wp\/v2\/product_tag?post=159732"}],"curies":[{"name":"wp","href":"https:\/\/api.w.org\/{rel}","templated":true}]}}