{"id":156464,"date":"2022-05-04T08:12:13","date_gmt":"2022-05-04T08:12:16","guid":{"rendered":"https:\/\/www.erresse-shop.it\/?post_type=product&#038;p=156464"},"modified":"2022-05-04T09:44:44","modified_gmt":"2022-05-04T09:44:44","slug":"brabantia-mindset-caja-de-almacenaje-blanco","status":"publish","type":"product","link":"https:\/\/www.erresse-shop.it\/es\/shop\/mobiliario\/cuarto-de-bano\/brabantia-mindset-caja-de-almacenaje-blanco\/","title":{"rendered":"BRABANTIA MindSet Caja de almacenaje Blanco"},"content":{"rendered":"<p>Son las peque\u00f1as cosas las que nos hacen felices. Como esta bonita caja de almacenamiento MindSet de Brabantia con tapa. Un precioso contenedor met\u00e1lico para todas esas peque\u00f1as cosas que quieres mantener juntas. Perfecto para los bastoncillos de algod\u00f3n o las toallitas desmaquillantes: la tapa los mantiene secos y los protege del polvo. Un contenedor perfecto.<\/p>\n<p><strong>Ventajas y caracter\u00edsticas<\/strong><\/p>\n<ul>\n<li>Organizaci\u00f3n para objetos peque\u00f1os: ideal para bastoncillos, toallitas, joyas o accesorios para el pelo.<\/li>\n<li>Higi\u00e9nico: la tapa de tacto suave mantiene el polvo fuera.<\/li>\n<li>F\u00e1cil de limpiar: cuerpo met\u00e1lico con tapa de silicona extra\u00edble.<\/li>\n<li>Estable, a prueba de ara\u00f1azos &#8211; base s\u00f3lida.<\/li>\n<li>Acabado rugoso &#8211; revestimiento mineral moderno.<\/li>\n<li>Ideal para zonas h\u00famedas &#8211; fabricado con materiales libres de corrosi\u00f3n.<\/li>\n<li>Uso sin preocupaciones: 5 a\u00f1os de garant\u00eda y servicio.<\/li>\n<li>Una opci\u00f3n m\u00e1s sostenible: fabricado con un 32% de material reciclado, 81% reciclable despu\u00e9s de su uso.<\/li>\n<\/ul>\n<p><strong>Dimensiones<\/strong><br \/>\nAltura: 9,5 cm<br \/>\nLongitud: 8 cm<br \/>\nAncho: 9,5 cm<\/p>\n<p><strong>Garant\u00eda<\/strong><br \/>\n5 a\u00f1os<\/p>\n","protected":false},"excerpt":{"rendered":"<p>Son las peque\u00f1as cosas las que nos hacen felices. Como esta bonita caja de almacenamiento MindSet de Brabantia con tapa.<\/p>\n","protected":false},"featured_media":156472,"template":"","meta":{"_acf_changed":false,"inline_featured_image":false},"product_cat":[19017,16016],"product_tag":[25090,21373,24399,25023],"acf":[],"yoast_head":"<!-- This site is optimized with the Yoast SEO Premium plugin v18.6 (Yoast SEO v19.13) - https:\/\/yoast.com\/wordpress\/plugins\/seo\/ -->\n<title>BRABANTIA MindSet Caja de almacenaje Blanco - Erresse Shop<\/title>\n<meta name=\"description\" content=\"Son las peque\u00f1as cosas las que nos hacen felices. Como esta bonita caja de almacenamiento MindSet de Brabantia con tapa. Un precioso contenedor met\u00e1lico\" \/>\n<meta name=\"robots\" content=\"index, follow, max-snippet:-1, max-image-preview:large, max-video-preview:-1\" \/>\n<link rel=\"canonical\" href=\"https:\/\/www.erresse-shop.it\/es\/shop\/mobiliario\/cuarto-de-bano\/brabantia-mindset-caja-de-almacenaje-blanco\/\" \/>\n<meta property=\"og:locale\" content=\"es_ES\" \/>\n<meta property=\"og:type\" content=\"article\" \/>\n<meta property=\"og:title\" content=\"BRABANTIA MindSet Caja de almacenaje Blanco\" \/>\n<meta property=\"og:description\" content=\"Son las peque\u00f1as cosas las que nos hacen felices. Como esta bonita caja de almacenamiento MindSet de Brabantia con tapa. Un precioso contenedor met\u00e1lico\" \/>\n<meta property=\"og:url\" content=\"https:\/\/www.erresse-shop.it\/es\/shop\/mobiliario\/cuarto-de-bano\/brabantia-mindset-caja-de-almacenaje-blanco\/\" \/>\n<meta property=\"og:site_name\" content=\"Erresse Shop\" \/>\n<meta property=\"article:modified_time\" content=\"2022-05-04T09:44:44+00:00\" \/>\n<meta property=\"og:image\" content=\"https:\/\/www.erresse-shop.it\/wp-content\/uploads\/2022\/05\/BRABANTIA-MindSet-Contenitore-Portaoggetti.jpg\" \/>\n\t<meta property=\"og:image:width\" content=\"1000\" \/>\n\t<meta property=\"og:image:height\" content=\"1000\" \/>\n\t<meta property=\"og:image:type\" content=\"image\/jpeg\" \/>\n<meta name=\"twitter:card\" content=\"summary_large_image\" \/>\n<script type=\"application\/ld+json\" class=\"yoast-schema-graph\">{\"@context\":\"https:\/\/schema.org\",\"@graph\":[{\"@type\":\"WebPage\",\"@id\":\"https:\/\/www.erresse-shop.it\/es\/shop\/mobiliario\/cuarto-de-bano\/brabantia-mindset-caja-de-almacenaje-blanco\/\",\"url\":\"https:\/\/www.erresse-shop.it\/es\/shop\/mobiliario\/cuarto-de-bano\/brabantia-mindset-caja-de-almacenaje-blanco\/\",\"name\":\"BRABANTIA MindSet Caja de almacenaje Blanco - Erresse Shop\",\"isPartOf\":{\"@id\":\"https:\/\/www.erresse-shop.it\/es\/#website\"},\"datePublished\":\"2022-05-04T08:12:16+00:00\",\"dateModified\":\"2022-05-04T09:44:44+00:00\",\"description\":\"Son las peque\u00f1as cosas las que nos hacen felices. Como esta bonita caja de almacenamiento MindSet de Brabantia con tapa. Un precioso contenedor met\u00e1lico\",\"breadcrumb\":{\"@id\":\"https:\/\/www.erresse-shop.it\/es\/shop\/mobiliario\/cuarto-de-bano\/brabantia-mindset-caja-de-almacenaje-blanco\/#breadcrumb\"},\"inLanguage\":\"es\",\"potentialAction\":[{\"@type\":\"ReadAction\",\"target\":[\"https:\/\/www.erresse-shop.it\/es\/shop\/mobiliario\/cuarto-de-bano\/brabantia-mindset-caja-de-almacenaje-blanco\/\"]}]},{\"@type\":\"BreadcrumbList\",\"@id\":\"https:\/\/www.erresse-shop.it\/es\/shop\/mobiliario\/cuarto-de-bano\/brabantia-mindset-caja-de-almacenaje-blanco\/#breadcrumb\",\"itemListElement\":[{\"@type\":\"ListItem\",\"position\":1,\"name\":\"Home\",\"item\":\"https:\/\/www.erresse-shop.it\/es\/\"},{\"@type\":\"ListItem\",\"position\":2,\"name\":\"Shop\",\"item\":\"https:\/\/www.erresse-shop.it\/es\/shop\/\"},{\"@type\":\"ListItem\",\"position\":3,\"name\":\"BRABANTIA MindSet Caja de almacenaje Blanco\"}]},{\"@type\":\"WebSite\",\"@id\":\"https:\/\/www.erresse-shop.it\/es\/#website\",\"url\":\"https:\/\/www.erresse-shop.it\/es\/\",\"name\":\"Erresse Shop\",\"description\":\"Articoli di qualit\u00e0 per la casa\",\"potentialAction\":[{\"@type\":\"SearchAction\",\"target\":{\"@type\":\"EntryPoint\",\"urlTemplate\":\"https:\/\/www.erresse-shop.it\/es\/?s={search_term_string}\"},\"query-input\":\"required name=search_term_string\"}],\"inLanguage\":\"es\"}]}<\/script>\n<!-- \/ Yoast SEO Premium plugin. -->","yoast_head_json":{"title":"BRABANTIA MindSet Caja de almacenaje Blanco - Erresse Shop","description":"Son las peque\u00f1as cosas las que nos hacen felices. Como esta bonita caja de almacenamiento MindSet de Brabantia con tapa. Un precioso contenedor met\u00e1lico","robots":{"index":"index","follow":"follow","max-snippet":"max-snippet:-1","max-image-preview":"max-image-preview:large","max-video-preview":"max-video-preview:-1"},"canonical":"https:\/\/www.erresse-shop.it\/es\/shop\/mobiliario\/cuarto-de-bano\/brabantia-mindset-caja-de-almacenaje-blanco\/","og_locale":"es_ES","og_type":"article","og_title":"BRABANTIA MindSet Caja de almacenaje Blanco","og_description":"Son las peque\u00f1as cosas las que nos hacen felices. Como esta bonita caja de almacenamiento MindSet de Brabantia con tapa. Un precioso contenedor met\u00e1lico","og_url":"https:\/\/www.erresse-shop.it\/es\/shop\/mobiliario\/cuarto-de-bano\/brabantia-mindset-caja-de-almacenaje-blanco\/","og_site_name":"Erresse Shop","article_modified_time":"2022-05-04T09:44:44+00:00","og_image":[{"width":1000,"height":1000,"url":"https:\/\/www.erresse-shop.it\/wp-content\/uploads\/2022\/05\/BRABANTIA-MindSet-Contenitore-Portaoggetti.jpg","type":"image\/jpeg"}],"twitter_card":"summary_large_image","schema":{"@context":"https:\/\/schema.org","@graph":[{"@type":"WebPage","@id":"https:\/\/www.erresse-shop.it\/es\/shop\/mobiliario\/cuarto-de-bano\/brabantia-mindset-caja-de-almacenaje-blanco\/","url":"https:\/\/www.erresse-shop.it\/es\/shop\/mobiliario\/cuarto-de-bano\/brabantia-mindset-caja-de-almacenaje-blanco\/","name":"BRABANTIA MindSet Caja de almacenaje Blanco - Erresse Shop","isPartOf":{"@id":"https:\/\/www.erresse-shop.it\/es\/#website"},"datePublished":"2022-05-04T08:12:16+00:00","dateModified":"2022-05-04T09:44:44+00:00","description":"Son las peque\u00f1as cosas las que nos hacen felices. Como esta bonita caja de almacenamiento MindSet de Brabantia con tapa. Un precioso contenedor met\u00e1lico","breadcrumb":{"@id":"https:\/\/www.erresse-shop.it\/es\/shop\/mobiliario\/cuarto-de-bano\/brabantia-mindset-caja-de-almacenaje-blanco\/#breadcrumb"},"inLanguage":"es","potentialAction":[{"@type":"ReadAction","target":["https:\/\/www.erresse-shop.it\/es\/shop\/mobiliario\/cuarto-de-bano\/brabantia-mindset-caja-de-almacenaje-blanco\/"]}]},{"@type":"BreadcrumbList","@id":"https:\/\/www.erresse-shop.it\/es\/shop\/mobiliario\/cuarto-de-bano\/brabantia-mindset-caja-de-almacenaje-blanco\/#breadcrumb","itemListElement":[{"@type":"ListItem","position":1,"name":"Home","item":"https:\/\/www.erresse-shop.it\/es\/"},{"@type":"ListItem","position":2,"name":"Shop","item":"https:\/\/www.erresse-shop.it\/es\/shop\/"},{"@type":"ListItem","position":3,"name":"BRABANTIA MindSet Caja de almacenaje Blanco"}]},{"@type":"WebSite","@id":"https:\/\/www.erresse-shop.it\/es\/#website","url":"https:\/\/www.erresse-shop.it\/es\/","name":"Erresse Shop","description":"Articoli di qualit\u00e0 per la casa","potentialAction":[{"@type":"SearchAction","target":{"@type":"EntryPoint","urlTemplate":"https:\/\/www.erresse-shop.it\/es\/?s={search_term_string}"},"query-input":"required name=search_term_string"}],"inLanguage":"es"}]}},"df_price":12,"df_sale_price":12,"df_regular_price":21.9,"df_image_link":"https:\/\/www.erresse-shop.it\/wp-content\/uploads\/2022\/05\/BRABANTIA-MindSet-Contenitore-Portaoggetti-300x300.jpg","_links":{"self":[{"href":"https:\/\/www.erresse-shop.it\/es\/wp-json\/wp\/v2\/product\/156464"}],"collection":[{"href":"https:\/\/www.erresse-shop.it\/es\/wp-json\/wp\/v2\/product"}],"about":[{"href":"https:\/\/www.erresse-shop.it\/es\/wp-json\/wp\/v2\/types\/product"}],"wp:featuredmedia":[{"embeddable":true,"href":"https:\/\/www.erresse-shop.it\/es\/wp-json\/wp\/v2\/media\/156472"}],"wp:attachment":[{"href":"https:\/\/www.erresse-shop.it\/es\/wp-json\/wp\/v2\/media?parent=156464"}],"wp:term":[{"taxonomy":"product_cat","embeddable":true,"href":"https:\/\/www.erresse-shop.it\/es\/wp-json\/wp\/v2\/product_cat?post=156464"},{"taxonomy":"product_tag","embeddable":true,"href":"https:\/\/www.erresse-shop.it\/es\/wp-json\/wp\/v2\/product_tag?post=156464"}],"curies":[{"name":"wp","href":"https:\/\/api.w.org\/{rel}","templated":true}]}}