{"id":156420,"date":"2022-05-04T07:27:34","date_gmt":"2022-05-04T07:27:36","guid":{"rendered":"https:\/\/www.erresse-shop.it\/?post_type=product&#038;p=156420"},"modified":"2023-09-25T13:29:38","modified_gmt":"2023-09-25T13:29:38","slug":"brabantia-mindset-portacepillos-blanco","status":"publish","type":"product","link":"https:\/\/www.erresse-shop.it\/es\/shop\/mobiliario\/cuarto-de-bano\/brabantia-mindset-portacepillos-blanco\/","title":{"rendered":"BRABANTIA MindSet Portacepillos Blanco"},"content":{"rendered":"<p>\u00bfPensando en un fregadero organizado? El robusto y estable soporte para cepillos de dientes MindSet de Brabantia mantiene los cepillos de dientes y la pasta de dientes juntos, bien alineados, secos y limpios. Tambi\u00e9n funciona muy bien con los cepillos de dientes el\u00e9ctricos.<\/p>\n<p><strong>Ventajas y caracter\u00edsticas<\/strong><\/p>\n<ul>\n<li>Grande &#8211; tiene capacidad para varios cepillos de dientes y un tubo de pasta de dientes, o 2 cepillos de dientes el\u00e9ctricos.<\/li>\n<li>F\u00e1cil de limpiar: cuerpo met\u00e1lico con vaso de pl\u00e1stico extra\u00edble en el interior.<\/li>\n<li>Estable, resistente a los ara\u00f1azos &#8211; base s\u00f3lida.<\/li>\n<li>Acabado rugoso &#8211; revestimiento mineral moderno.<\/li>\n<li>Ideal para zonas h\u00famedas &#8211; fabricado con materiales libres de corrosi\u00f3n.<\/li>\n<li>Uso sin preocupaciones: 5 a\u00f1os de garant\u00eda y servicio.<\/li>\n<li>Una opci\u00f3n m\u00e1s sostenible: fabricado con un 28% de material reciclado, 96% reciclable despu\u00e9s de su uso.<\/li>\n<\/ul>\n<p><strong>Dimensiones<\/strong><br \/>\nAltura: 9,4 cm<br \/>\nLongitud: 8,1 cm<br \/>\nAnchura: 8,1 cm<\/p>\n<p><strong>Garant\u00eda<\/strong><br \/>\n5 a\u00f1os de garant\u00eda<\/p>\n","protected":false},"excerpt":{"rendered":"<p>\u00bfPensando en un fregadero organizado? El robusto y estable soporte para cepillos de dientes MindSet de Brabantia mantiene los cepillos<\/p>\n","protected":false},"featured_media":156428,"template":"","meta":{"_acf_changed":false,"inline_featured_image":false},"product_cat":[19017,16016],"product_tag":[25090,23912,21373,24399,25023],"acf":[],"yoast_head":"<!-- This site is optimized with the Yoast SEO Premium plugin v18.6 (Yoast SEO v19.13) - https:\/\/yoast.com\/wordpress\/plugins\/seo\/ -->\n<title>BRABANTIA MindSet Portacepillos Blanco - Erresse Shop<\/title>\n<meta name=\"description\" content=\"\u00bfPensando en un fregadero organizado? El robusto y estable soporte para cepillos de dientes MindSet de Brabantia mantiene los cepillos de dientes y la\" \/>\n<meta name=\"robots\" content=\"index, follow, max-snippet:-1, max-image-preview:large, max-video-preview:-1\" \/>\n<link rel=\"canonical\" href=\"https:\/\/www.erresse-shop.it\/es\/shop\/mobiliario\/cuarto-de-bano\/brabantia-mindset-portacepillos-blanco\/\" \/>\n<meta property=\"og:locale\" content=\"es_ES\" \/>\n<meta property=\"og:type\" content=\"article\" \/>\n<meta property=\"og:title\" content=\"BRABANTIA MindSet Portacepillos Blanco\" \/>\n<meta property=\"og:description\" content=\"\u00bfPensando en un fregadero organizado? El robusto y estable soporte para cepillos de dientes MindSet de Brabantia mantiene los cepillos de dientes y la\" \/>\n<meta property=\"og:url\" content=\"https:\/\/www.erresse-shop.it\/es\/shop\/mobiliario\/cuarto-de-bano\/brabantia-mindset-portacepillos-blanco\/\" \/>\n<meta property=\"og:site_name\" content=\"Erresse Shop\" \/>\n<meta property=\"article:modified_time\" content=\"2023-09-25T13:29:38+00:00\" \/>\n<meta property=\"og:image\" content=\"https:\/\/www.erresse-shop.it\/wp-content\/uploads\/2022\/05\/BRABANTIA-MindSet-Portaspazzolino-bianco-2.jpg\" \/>\n\t<meta property=\"og:image:width\" content=\"1000\" \/>\n\t<meta property=\"og:image:height\" content=\"1000\" \/>\n\t<meta property=\"og:image:type\" content=\"image\/jpeg\" \/>\n<meta name=\"twitter:card\" content=\"summary_large_image\" \/>\n<script type=\"application\/ld+json\" class=\"yoast-schema-graph\">{\"@context\":\"https:\/\/schema.org\",\"@graph\":[{\"@type\":\"WebPage\",\"@id\":\"https:\/\/www.erresse-shop.it\/es\/shop\/mobiliario\/cuarto-de-bano\/brabantia-mindset-portacepillos-blanco\/\",\"url\":\"https:\/\/www.erresse-shop.it\/es\/shop\/mobiliario\/cuarto-de-bano\/brabantia-mindset-portacepillos-blanco\/\",\"name\":\"BRABANTIA MindSet Portacepillos Blanco - Erresse Shop\",\"isPartOf\":{\"@id\":\"https:\/\/www.erresse-shop.it\/es\/#website\"},\"datePublished\":\"2022-05-04T07:27:36+00:00\",\"dateModified\":\"2023-09-25T13:29:38+00:00\",\"description\":\"\u00bfPensando en un fregadero organizado? El robusto y estable soporte para cepillos de dientes MindSet de Brabantia mantiene los cepillos de dientes y la\",\"breadcrumb\":{\"@id\":\"https:\/\/www.erresse-shop.it\/es\/shop\/mobiliario\/cuarto-de-bano\/brabantia-mindset-portacepillos-blanco\/#breadcrumb\"},\"inLanguage\":\"es\",\"potentialAction\":[{\"@type\":\"ReadAction\",\"target\":[\"https:\/\/www.erresse-shop.it\/es\/shop\/mobiliario\/cuarto-de-bano\/brabantia-mindset-portacepillos-blanco\/\"]}]},{\"@type\":\"BreadcrumbList\",\"@id\":\"https:\/\/www.erresse-shop.it\/es\/shop\/mobiliario\/cuarto-de-bano\/brabantia-mindset-portacepillos-blanco\/#breadcrumb\",\"itemListElement\":[{\"@type\":\"ListItem\",\"position\":1,\"name\":\"Home\",\"item\":\"https:\/\/www.erresse-shop.it\/es\/\"},{\"@type\":\"ListItem\",\"position\":2,\"name\":\"Shop\",\"item\":\"https:\/\/www.erresse-shop.it\/es\/shop\/\"},{\"@type\":\"ListItem\",\"position\":3,\"name\":\"BRABANTIA MindSet Portacepillos Blanco\"}]},{\"@type\":\"WebSite\",\"@id\":\"https:\/\/www.erresse-shop.it\/es\/#website\",\"url\":\"https:\/\/www.erresse-shop.it\/es\/\",\"name\":\"Erresse Shop\",\"description\":\"Articoli di qualit\u00e0 per la casa\",\"potentialAction\":[{\"@type\":\"SearchAction\",\"target\":{\"@type\":\"EntryPoint\",\"urlTemplate\":\"https:\/\/www.erresse-shop.it\/es\/?s={search_term_string}\"},\"query-input\":\"required name=search_term_string\"}],\"inLanguage\":\"es\"}]}<\/script>\n<!-- \/ Yoast SEO Premium plugin. -->","yoast_head_json":{"title":"BRABANTIA MindSet Portacepillos Blanco - Erresse Shop","description":"\u00bfPensando en un fregadero organizado? El robusto y estable soporte para cepillos de dientes MindSet de Brabantia mantiene los cepillos de dientes y la","robots":{"index":"index","follow":"follow","max-snippet":"max-snippet:-1","max-image-preview":"max-image-preview:large","max-video-preview":"max-video-preview:-1"},"canonical":"https:\/\/www.erresse-shop.it\/es\/shop\/mobiliario\/cuarto-de-bano\/brabantia-mindset-portacepillos-blanco\/","og_locale":"es_ES","og_type":"article","og_title":"BRABANTIA MindSet Portacepillos Blanco","og_description":"\u00bfPensando en un fregadero organizado? El robusto y estable soporte para cepillos de dientes MindSet de Brabantia mantiene los cepillos de dientes y la","og_url":"https:\/\/www.erresse-shop.it\/es\/shop\/mobiliario\/cuarto-de-bano\/brabantia-mindset-portacepillos-blanco\/","og_site_name":"Erresse Shop","article_modified_time":"2023-09-25T13:29:38+00:00","og_image":[{"width":1000,"height":1000,"url":"https:\/\/www.erresse-shop.it\/wp-content\/uploads\/2022\/05\/BRABANTIA-MindSet-Portaspazzolino-bianco-2.jpg","type":"image\/jpeg"}],"twitter_card":"summary_large_image","schema":{"@context":"https:\/\/schema.org","@graph":[{"@type":"WebPage","@id":"https:\/\/www.erresse-shop.it\/es\/shop\/mobiliario\/cuarto-de-bano\/brabantia-mindset-portacepillos-blanco\/","url":"https:\/\/www.erresse-shop.it\/es\/shop\/mobiliario\/cuarto-de-bano\/brabantia-mindset-portacepillos-blanco\/","name":"BRABANTIA MindSet Portacepillos Blanco - Erresse Shop","isPartOf":{"@id":"https:\/\/www.erresse-shop.it\/es\/#website"},"datePublished":"2022-05-04T07:27:36+00:00","dateModified":"2023-09-25T13:29:38+00:00","description":"\u00bfPensando en un fregadero organizado? El robusto y estable soporte para cepillos de dientes MindSet de Brabantia mantiene los cepillos de dientes y la","breadcrumb":{"@id":"https:\/\/www.erresse-shop.it\/es\/shop\/mobiliario\/cuarto-de-bano\/brabantia-mindset-portacepillos-blanco\/#breadcrumb"},"inLanguage":"es","potentialAction":[{"@type":"ReadAction","target":["https:\/\/www.erresse-shop.it\/es\/shop\/mobiliario\/cuarto-de-bano\/brabantia-mindset-portacepillos-blanco\/"]}]},{"@type":"BreadcrumbList","@id":"https:\/\/www.erresse-shop.it\/es\/shop\/mobiliario\/cuarto-de-bano\/brabantia-mindset-portacepillos-blanco\/#breadcrumb","itemListElement":[{"@type":"ListItem","position":1,"name":"Home","item":"https:\/\/www.erresse-shop.it\/es\/"},{"@type":"ListItem","position":2,"name":"Shop","item":"https:\/\/www.erresse-shop.it\/es\/shop\/"},{"@type":"ListItem","position":3,"name":"BRABANTIA MindSet Portacepillos Blanco"}]},{"@type":"WebSite","@id":"https:\/\/www.erresse-shop.it\/es\/#website","url":"https:\/\/www.erresse-shop.it\/es\/","name":"Erresse Shop","description":"Articoli di qualit\u00e0 per la casa","potentialAction":[{"@type":"SearchAction","target":{"@type":"EntryPoint","urlTemplate":"https:\/\/www.erresse-shop.it\/es\/?s={search_term_string}"},"query-input":"required name=search_term_string"}],"inLanguage":"es"}]}},"df_price":10.975,"df_sale_price":10.975,"df_regular_price":21.95,"df_image_link":"https:\/\/www.erresse-shop.it\/wp-content\/uploads\/2022\/05\/BRABANTIA-MindSet-Portaspazzolino-bianco-2-300x300.jpg","_links":{"self":[{"href":"https:\/\/www.erresse-shop.it\/es\/wp-json\/wp\/v2\/product\/156420"}],"collection":[{"href":"https:\/\/www.erresse-shop.it\/es\/wp-json\/wp\/v2\/product"}],"about":[{"href":"https:\/\/www.erresse-shop.it\/es\/wp-json\/wp\/v2\/types\/product"}],"wp:featuredmedia":[{"embeddable":true,"href":"https:\/\/www.erresse-shop.it\/es\/wp-json\/wp\/v2\/media\/156428"}],"wp:attachment":[{"href":"https:\/\/www.erresse-shop.it\/es\/wp-json\/wp\/v2\/media?parent=156420"}],"wp:term":[{"taxonomy":"product_cat","embeddable":true,"href":"https:\/\/www.erresse-shop.it\/es\/wp-json\/wp\/v2\/product_cat?post=156420"},{"taxonomy":"product_tag","embeddable":true,"href":"https:\/\/www.erresse-shop.it\/es\/wp-json\/wp\/v2\/product_tag?post=156420"}],"curies":[{"name":"wp","href":"https:\/\/api.w.org\/{rel}","templated":true}]}}