{"id":155734,"date":"2022-04-29T14:09:10","date_gmt":"2022-04-29T14:09:43","guid":{"rendered":"https:\/\/www.erresse-shop.it\/?post_type=product&#038;p=155734"},"modified":"2023-09-25T13:29:20","modified_gmt":"2023-09-25T13:29:20","slug":"brabantia-mindset-plato-de-ducha-con-escobilla-de-goma-gris","status":"publish","type":"product","link":"https:\/\/www.erresse-shop.it\/es\/shop\/mobiliario\/cuarto-de-bano\/brabantia-mindset-plato-de-ducha-con-escobilla-de-goma-gris\/","title":{"rendered":"BRABANTIA MindSet Plato de ducha con escobilla de goma Gris"},"content":{"rendered":"<p>Organice completamente su ducha de un solo golpe: reg\u00e1lese este ingenioso plato de ducha MindSet con escobilla de goma de Brabantia. El soporte puede sostener alegremente su champ\u00fa o gel para el cabello. La peque\u00f1a escobilla de goma tiene un dise\u00f1o minimalista y est\u00e1 hecha para limpiar sin esfuerzo la puerta de la ducha y los azulejos. \u00bfTodo limpio? Vuelve a ponerlo en el soporte.<\/p>\n<p><strong>Ventajas y caracter\u00edsticas<\/strong><\/p>\n<ul>\n<li>Todo al alcance de la mano: guarde el champ\u00fa, el gel de ducha o la gomina en el soporte.<\/li>\n<li>Higi\u00e9nico: el agua se escurre por los pr\u00e1cticos agujeros del fondo.<\/li>\n<li>Sin tiras &#8211; escobilla de goma de silicona incluida.<\/li>\n<li>F\u00e1cil de guardar: s\u00f3lo hay que poner la escobilla de goma en el soporte.<\/li>\n<li>F\u00e1cil de colgar: soporte de pared, instrucciones y materiales de montaje incluidos.<\/li>\n<li>Ideal para zonas h\u00famedas: fabricado con materiales libres de corrosi\u00f3n.<\/li>\n<li>Resistente: puede soportar hasta 2 kg.<\/li>\n<li>Uso sin preocupaciones: 10 a\u00f1os de garant\u00eda y servicio en el soporte y 5 a\u00f1os en la escobilla de goma.<\/li>\n<li>Una opci\u00f3n m\u00e1s sostenible: fabricado con un 10% de material reciclado, 90% reciclable despu\u00e9s de su uso.<\/li>\n<\/ul>\n<p><strong>Dimensiones<\/strong><br \/>\nAltura: 7,3 cm<br \/>\nLongitud: 9 cm<br \/>\nAnchura: 42,1 cm<\/p>\n<p><strong>Meses de garant\u00eda<\/strong><br \/>\n5 a\u00f1os<\/p>\n","protected":false},"excerpt":{"rendered":"<p>Organice completamente su ducha de un solo golpe: reg\u00e1lese este ingenioso plato de ducha MindSet con escobilla de goma de<\/p>\n","protected":false},"featured_media":155742,"template":"","meta":{"_acf_changed":false,"inline_featured_image":false},"product_cat":[19017,16016],"product_tag":[25090,21373,24399,25023],"acf":[],"yoast_head":"<!-- This site is optimized with the Yoast SEO Premium plugin v18.6 (Yoast SEO v19.13) - https:\/\/yoast.com\/wordpress\/plugins\/seo\/ -->\n<title>BRABANTIA MindSet Plato de ducha con escobilla de goma Gris - Erresse Shop<\/title>\n<meta name=\"description\" content=\"Organice completamente su ducha de un solo golpe: reg\u00e1lese este ingenioso plato de ducha MindSet con escobilla de goma de Brabantia. El soporte puede\" \/>\n<meta name=\"robots\" content=\"index, follow, max-snippet:-1, max-image-preview:large, max-video-preview:-1\" \/>\n<link rel=\"canonical\" href=\"https:\/\/www.erresse-shop.it\/es\/shop\/mobiliario\/cuarto-de-bano\/brabantia-mindset-plato-de-ducha-con-escobilla-de-goma-gris\/\" \/>\n<meta property=\"og:locale\" content=\"es_ES\" \/>\n<meta property=\"og:type\" content=\"article\" \/>\n<meta property=\"og:title\" content=\"BRABANTIA MindSet Plato de ducha con escobilla de goma Gris\" \/>\n<meta property=\"og:description\" content=\"Organice completamente su ducha de un solo golpe: reg\u00e1lese este ingenioso plato de ducha MindSet con escobilla de goma de Brabantia. El soporte puede\" \/>\n<meta property=\"og:url\" content=\"https:\/\/www.erresse-shop.it\/es\/shop\/mobiliario\/cuarto-de-bano\/brabantia-mindset-plato-de-ducha-con-escobilla-de-goma-gris\/\" \/>\n<meta property=\"og:site_name\" content=\"Erresse Shop\" \/>\n<meta property=\"article:modified_time\" content=\"2023-09-25T13:29:20+00:00\" \/>\n<meta property=\"og:image\" content=\"https:\/\/www.erresse-shop.it\/wp-content\/uploads\/2022\/04\/BRABANTIA-MindSet-Portaoggetti-da-doccia-nero-2.jpg\" \/>\n\t<meta property=\"og:image:width\" content=\"1000\" \/>\n\t<meta property=\"og:image:height\" content=\"1000\" \/>\n\t<meta property=\"og:image:type\" content=\"image\/jpeg\" \/>\n<meta name=\"twitter:card\" content=\"summary_large_image\" \/>\n<script type=\"application\/ld+json\" class=\"yoast-schema-graph\">{\"@context\":\"https:\/\/schema.org\",\"@graph\":[{\"@type\":\"WebPage\",\"@id\":\"https:\/\/www.erresse-shop.it\/es\/shop\/mobiliario\/cuarto-de-bano\/brabantia-mindset-plato-de-ducha-con-escobilla-de-goma-gris\/\",\"url\":\"https:\/\/www.erresse-shop.it\/es\/shop\/mobiliario\/cuarto-de-bano\/brabantia-mindset-plato-de-ducha-con-escobilla-de-goma-gris\/\",\"name\":\"BRABANTIA MindSet Plato de ducha con escobilla de goma Gris - Erresse Shop\",\"isPartOf\":{\"@id\":\"https:\/\/www.erresse-shop.it\/es\/#website\"},\"datePublished\":\"2022-04-29T14:09:43+00:00\",\"dateModified\":\"2023-09-25T13:29:20+00:00\",\"description\":\"Organice completamente su ducha de un solo golpe: reg\u00e1lese este ingenioso plato de ducha MindSet con escobilla de goma de Brabantia. El soporte puede\",\"breadcrumb\":{\"@id\":\"https:\/\/www.erresse-shop.it\/es\/shop\/mobiliario\/cuarto-de-bano\/brabantia-mindset-plato-de-ducha-con-escobilla-de-goma-gris\/#breadcrumb\"},\"inLanguage\":\"es\",\"potentialAction\":[{\"@type\":\"ReadAction\",\"target\":[\"https:\/\/www.erresse-shop.it\/es\/shop\/mobiliario\/cuarto-de-bano\/brabantia-mindset-plato-de-ducha-con-escobilla-de-goma-gris\/\"]}]},{\"@type\":\"BreadcrumbList\",\"@id\":\"https:\/\/www.erresse-shop.it\/es\/shop\/mobiliario\/cuarto-de-bano\/brabantia-mindset-plato-de-ducha-con-escobilla-de-goma-gris\/#breadcrumb\",\"itemListElement\":[{\"@type\":\"ListItem\",\"position\":1,\"name\":\"Home\",\"item\":\"https:\/\/www.erresse-shop.it\/es\/\"},{\"@type\":\"ListItem\",\"position\":2,\"name\":\"Shop\",\"item\":\"https:\/\/www.erresse-shop.it\/es\/shop\/\"},{\"@type\":\"ListItem\",\"position\":3,\"name\":\"BRABANTIA MindSet Plato de ducha con escobilla de goma Gris\"}]},{\"@type\":\"WebSite\",\"@id\":\"https:\/\/www.erresse-shop.it\/es\/#website\",\"url\":\"https:\/\/www.erresse-shop.it\/es\/\",\"name\":\"Erresse Shop\",\"description\":\"Articoli di qualit\u00e0 per la casa\",\"potentialAction\":[{\"@type\":\"SearchAction\",\"target\":{\"@type\":\"EntryPoint\",\"urlTemplate\":\"https:\/\/www.erresse-shop.it\/es\/?s={search_term_string}\"},\"query-input\":\"required name=search_term_string\"}],\"inLanguage\":\"es\"}]}<\/script>\n<!-- \/ Yoast SEO Premium plugin. -->","yoast_head_json":{"title":"BRABANTIA MindSet Plato de ducha con escobilla de goma Gris - Erresse Shop","description":"Organice completamente su ducha de un solo golpe: reg\u00e1lese este ingenioso plato de ducha MindSet con escobilla de goma de Brabantia. El soporte puede","robots":{"index":"index","follow":"follow","max-snippet":"max-snippet:-1","max-image-preview":"max-image-preview:large","max-video-preview":"max-video-preview:-1"},"canonical":"https:\/\/www.erresse-shop.it\/es\/shop\/mobiliario\/cuarto-de-bano\/brabantia-mindset-plato-de-ducha-con-escobilla-de-goma-gris\/","og_locale":"es_ES","og_type":"article","og_title":"BRABANTIA MindSet Plato de ducha con escobilla de goma Gris","og_description":"Organice completamente su ducha de un solo golpe: reg\u00e1lese este ingenioso plato de ducha MindSet con escobilla de goma de Brabantia. El soporte puede","og_url":"https:\/\/www.erresse-shop.it\/es\/shop\/mobiliario\/cuarto-de-bano\/brabantia-mindset-plato-de-ducha-con-escobilla-de-goma-gris\/","og_site_name":"Erresse Shop","article_modified_time":"2023-09-25T13:29:20+00:00","og_image":[{"width":1000,"height":1000,"url":"https:\/\/www.erresse-shop.it\/wp-content\/uploads\/2022\/04\/BRABANTIA-MindSet-Portaoggetti-da-doccia-nero-2.jpg","type":"image\/jpeg"}],"twitter_card":"summary_large_image","schema":{"@context":"https:\/\/schema.org","@graph":[{"@type":"WebPage","@id":"https:\/\/www.erresse-shop.it\/es\/shop\/mobiliario\/cuarto-de-bano\/brabantia-mindset-plato-de-ducha-con-escobilla-de-goma-gris\/","url":"https:\/\/www.erresse-shop.it\/es\/shop\/mobiliario\/cuarto-de-bano\/brabantia-mindset-plato-de-ducha-con-escobilla-de-goma-gris\/","name":"BRABANTIA MindSet Plato de ducha con escobilla de goma Gris - Erresse Shop","isPartOf":{"@id":"https:\/\/www.erresse-shop.it\/es\/#website"},"datePublished":"2022-04-29T14:09:43+00:00","dateModified":"2023-09-25T13:29:20+00:00","description":"Organice completamente su ducha de un solo golpe: reg\u00e1lese este ingenioso plato de ducha MindSet con escobilla de goma de Brabantia. El soporte puede","breadcrumb":{"@id":"https:\/\/www.erresse-shop.it\/es\/shop\/mobiliario\/cuarto-de-bano\/brabantia-mindset-plato-de-ducha-con-escobilla-de-goma-gris\/#breadcrumb"},"inLanguage":"es","potentialAction":[{"@type":"ReadAction","target":["https:\/\/www.erresse-shop.it\/es\/shop\/mobiliario\/cuarto-de-bano\/brabantia-mindset-plato-de-ducha-con-escobilla-de-goma-gris\/"]}]},{"@type":"BreadcrumbList","@id":"https:\/\/www.erresse-shop.it\/es\/shop\/mobiliario\/cuarto-de-bano\/brabantia-mindset-plato-de-ducha-con-escobilla-de-goma-gris\/#breadcrumb","itemListElement":[{"@type":"ListItem","position":1,"name":"Home","item":"https:\/\/www.erresse-shop.it\/es\/"},{"@type":"ListItem","position":2,"name":"Shop","item":"https:\/\/www.erresse-shop.it\/es\/shop\/"},{"@type":"ListItem","position":3,"name":"BRABANTIA MindSet Plato de ducha con escobilla de goma Gris"}]},{"@type":"WebSite","@id":"https:\/\/www.erresse-shop.it\/es\/#website","url":"https:\/\/www.erresse-shop.it\/es\/","name":"Erresse Shop","description":"Articoli di qualit\u00e0 per la casa","potentialAction":[{"@type":"SearchAction","target":{"@type":"EntryPoint","urlTemplate":"https:\/\/www.erresse-shop.it\/es\/?s={search_term_string}"},"query-input":"required name=search_term_string"}],"inLanguage":"es"}]}},"df_price":27.5,"df_sale_price":27.5,"df_regular_price":55,"df_image_link":"https:\/\/www.erresse-shop.it\/wp-content\/uploads\/2022\/04\/BRABANTIA-MindSet-Portaoggetti-da-doccia-nero-2-300x300.jpg","_links":{"self":[{"href":"https:\/\/www.erresse-shop.it\/es\/wp-json\/wp\/v2\/product\/155734"}],"collection":[{"href":"https:\/\/www.erresse-shop.it\/es\/wp-json\/wp\/v2\/product"}],"about":[{"href":"https:\/\/www.erresse-shop.it\/es\/wp-json\/wp\/v2\/types\/product"}],"wp:featuredmedia":[{"embeddable":true,"href":"https:\/\/www.erresse-shop.it\/es\/wp-json\/wp\/v2\/media\/155742"}],"wp:attachment":[{"href":"https:\/\/www.erresse-shop.it\/es\/wp-json\/wp\/v2\/media?parent=155734"}],"wp:term":[{"taxonomy":"product_cat","embeddable":true,"href":"https:\/\/www.erresse-shop.it\/es\/wp-json\/wp\/v2\/product_cat?post=155734"},{"taxonomy":"product_tag","embeddable":true,"href":"https:\/\/www.erresse-shop.it\/es\/wp-json\/wp\/v2\/product_tag?post=155734"}],"curies":[{"name":"wp","href":"https:\/\/api.w.org\/{rel}","templated":true}]}}