{"id":155234,"date":"2022-04-28T10:05:10","date_gmt":"2022-04-28T10:05:13","guid":{"rendered":"https:\/\/www.erresse-shop.it\/?post_type=product&#038;p=155234"},"modified":"2023-09-25T12:52:24","modified_gmt":"2023-09-25T12:52:24","slug":"berkel-tabla-de-cortar-con-placa-de-acero-inoxidable-red-line-220-y-250-2","status":"publish","type":"product","link":"https:\/\/www.erresse-shop.it\/es\/shop\/pequenos-electrodomesticos\/cortadoras\/berkel-tabla-de-cortar-con-placa-de-acero-inoxidable-red-line-220-y-250-2\/","title":{"rendered":"BERKEL Tabla de cortar con placa de acero inoxidable Red Line 220 y 250"},"content":{"rendered":"<p>La tabla de corte con placa de acero inoxidable est\u00e1 especialmente dise\u00f1ada para la Home Line 200-250 por los propios dise\u00f1adores. La tabla de cortar se desliza f\u00e1cilmente sobre el plato y encaja perfectamente en el espacio.<br \/>\nFabricado en madera, tambi\u00e9n est\u00e1 equipado con una placa de acero inoxidable. Las rebanadas se deslizan fuera de la cuchilla y se apoyan directamente en la tabla de cortar. En el borde encontramos la prestigiosa firma Berkel, que realza a\u00fan m\u00e1s el producto.<\/p>\n<p>Dimensiones: 280 x 261 x 23 mm<br \/>\nMaterial: madera tratada t\u00e9rmicamente con placa de acero inoxidable.<\/p>\n","protected":false},"excerpt":{"rendered":"<p>La tabla de corte con placa de acero inoxidable est\u00e1 especialmente dise\u00f1ada para la Home Line 200-250 por los propios<\/p>\n","protected":false},"featured_media":162443,"template":"","meta":{"_acf_changed":false,"inline_featured_image":false},"product_cat":[16040,17345,16073,16050],"product_tag":[17292,17356,16307,17357],"acf":[],"yoast_head":"<!-- This site is optimized with the Yoast SEO Premium plugin v18.6 (Yoast SEO v19.13) - https:\/\/yoast.com\/wordpress\/plugins\/seo\/ -->\n<title>BERKEL Tabla de cortar con placa de acero inoxidable Red Line 220 y 250 - Erresse Shop<\/title>\n<meta name=\"description\" content=\"La tabla de corte con placa de acero inoxidable est\u00e1 especialmente dise\u00f1ada para la Home Line 200-250 por los propios dise\u00f1adores. La tabla de cortar se\" \/>\n<meta name=\"robots\" content=\"index, follow, max-snippet:-1, max-image-preview:large, max-video-preview:-1\" \/>\n<link rel=\"canonical\" href=\"https:\/\/www.erresse-shop.it\/es\/shop\/pequenos-electrodomesticos\/cortadoras\/berkel-tabla-de-cortar-con-placa-de-acero-inoxidable-red-line-220-y-250-2\/\" \/>\n<meta property=\"og:locale\" content=\"es_ES\" \/>\n<meta property=\"og:type\" content=\"article\" \/>\n<meta property=\"og:title\" content=\"BERKEL Tabla de cortar con placa de acero inoxidable Red Line 220 y 250\" \/>\n<meta property=\"og:description\" content=\"La tabla de corte con placa de acero inoxidable est\u00e1 especialmente dise\u00f1ada para la Home Line 200-250 por los propios dise\u00f1adores. La tabla de cortar se\" \/>\n<meta property=\"og:url\" content=\"https:\/\/www.erresse-shop.it\/es\/shop\/pequenos-electrodomesticos\/cortadoras\/berkel-tabla-de-cortar-con-placa-de-acero-inoxidable-red-line-220-y-250-2\/\" \/>\n<meta property=\"og:site_name\" content=\"Erresse Shop\" \/>\n<meta property=\"article:modified_time\" content=\"2023-09-25T12:52:24+00:00\" \/>\n<meta property=\"og:image\" content=\"https:\/\/www.erresse-shop.it\/wp-content\/uploads\/2022\/04\/BERKEL-Tagliere-Con-Piastra-Inox-Home-Line-220-e-250-3.jpg\" \/>\n\t<meta property=\"og:image:width\" content=\"800\" \/>\n\t<meta property=\"og:image:height\" content=\"800\" \/>\n\t<meta property=\"og:image:type\" content=\"image\/jpeg\" \/>\n<meta name=\"twitter:card\" content=\"summary_large_image\" \/>\n<script type=\"application\/ld+json\" class=\"yoast-schema-graph\">{\"@context\":\"https:\/\/schema.org\",\"@graph\":[{\"@type\":\"WebPage\",\"@id\":\"https:\/\/www.erresse-shop.it\/es\/shop\/pequenos-electrodomesticos\/cortadoras\/berkel-tabla-de-cortar-con-placa-de-acero-inoxidable-red-line-220-y-250-2\/\",\"url\":\"https:\/\/www.erresse-shop.it\/es\/shop\/pequenos-electrodomesticos\/cortadoras\/berkel-tabla-de-cortar-con-placa-de-acero-inoxidable-red-line-220-y-250-2\/\",\"name\":\"BERKEL Tabla de cortar con placa de acero inoxidable Red Line 220 y 250 - Erresse Shop\",\"isPartOf\":{\"@id\":\"https:\/\/www.erresse-shop.it\/es\/#website\"},\"datePublished\":\"2022-04-28T10:05:13+00:00\",\"dateModified\":\"2023-09-25T12:52:24+00:00\",\"description\":\"La tabla de corte con placa de acero inoxidable est\u00e1 especialmente dise\u00f1ada para la Home Line 200-250 por los propios dise\u00f1adores. La tabla de cortar se\",\"breadcrumb\":{\"@id\":\"https:\/\/www.erresse-shop.it\/es\/shop\/pequenos-electrodomesticos\/cortadoras\/berkel-tabla-de-cortar-con-placa-de-acero-inoxidable-red-line-220-y-250-2\/#breadcrumb\"},\"inLanguage\":\"es\",\"potentialAction\":[{\"@type\":\"ReadAction\",\"target\":[\"https:\/\/www.erresse-shop.it\/es\/shop\/pequenos-electrodomesticos\/cortadoras\/berkel-tabla-de-cortar-con-placa-de-acero-inoxidable-red-line-220-y-250-2\/\"]}]},{\"@type\":\"BreadcrumbList\",\"@id\":\"https:\/\/www.erresse-shop.it\/es\/shop\/pequenos-electrodomesticos\/cortadoras\/berkel-tabla-de-cortar-con-placa-de-acero-inoxidable-red-line-220-y-250-2\/#breadcrumb\",\"itemListElement\":[{\"@type\":\"ListItem\",\"position\":1,\"name\":\"Home\",\"item\":\"https:\/\/www.erresse-shop.it\/es\/\"},{\"@type\":\"ListItem\",\"position\":2,\"name\":\"Shop\",\"item\":\"https:\/\/www.erresse-shop.it\/es\/shop\/\"},{\"@type\":\"ListItem\",\"position\":3,\"name\":\"BERKEL Tabla de cortar con placa de acero inoxidable Red Line 220 y 250\"}]},{\"@type\":\"WebSite\",\"@id\":\"https:\/\/www.erresse-shop.it\/es\/#website\",\"url\":\"https:\/\/www.erresse-shop.it\/es\/\",\"name\":\"Erresse Shop\",\"description\":\"Articoli di qualit\u00e0 per la casa\",\"potentialAction\":[{\"@type\":\"SearchAction\",\"target\":{\"@type\":\"EntryPoint\",\"urlTemplate\":\"https:\/\/www.erresse-shop.it\/es\/?s={search_term_string}\"},\"query-input\":\"required name=search_term_string\"}],\"inLanguage\":\"es\"}]}<\/script>\n<!-- \/ Yoast SEO Premium plugin. -->","yoast_head_json":{"title":"BERKEL Tabla de cortar con placa de acero inoxidable Red Line 220 y 250 - Erresse Shop","description":"La tabla de corte con placa de acero inoxidable est\u00e1 especialmente dise\u00f1ada para la Home Line 200-250 por los propios dise\u00f1adores. La tabla de cortar se","robots":{"index":"index","follow":"follow","max-snippet":"max-snippet:-1","max-image-preview":"max-image-preview:large","max-video-preview":"max-video-preview:-1"},"canonical":"https:\/\/www.erresse-shop.it\/es\/shop\/pequenos-electrodomesticos\/cortadoras\/berkel-tabla-de-cortar-con-placa-de-acero-inoxidable-red-line-220-y-250-2\/","og_locale":"es_ES","og_type":"article","og_title":"BERKEL Tabla de cortar con placa de acero inoxidable Red Line 220 y 250","og_description":"La tabla de corte con placa de acero inoxidable est\u00e1 especialmente dise\u00f1ada para la Home Line 200-250 por los propios dise\u00f1adores. La tabla de cortar se","og_url":"https:\/\/www.erresse-shop.it\/es\/shop\/pequenos-electrodomesticos\/cortadoras\/berkel-tabla-de-cortar-con-placa-de-acero-inoxidable-red-line-220-y-250-2\/","og_site_name":"Erresse Shop","article_modified_time":"2023-09-25T12:52:24+00:00","og_image":[{"width":800,"height":800,"url":"https:\/\/www.erresse-shop.it\/wp-content\/uploads\/2022\/04\/BERKEL-Tagliere-Con-Piastra-Inox-Home-Line-220-e-250-3.jpg","type":"image\/jpeg"}],"twitter_card":"summary_large_image","schema":{"@context":"https:\/\/schema.org","@graph":[{"@type":"WebPage","@id":"https:\/\/www.erresse-shop.it\/es\/shop\/pequenos-electrodomesticos\/cortadoras\/berkel-tabla-de-cortar-con-placa-de-acero-inoxidable-red-line-220-y-250-2\/","url":"https:\/\/www.erresse-shop.it\/es\/shop\/pequenos-electrodomesticos\/cortadoras\/berkel-tabla-de-cortar-con-placa-de-acero-inoxidable-red-line-220-y-250-2\/","name":"BERKEL Tabla de cortar con placa de acero inoxidable Red Line 220 y 250 - Erresse Shop","isPartOf":{"@id":"https:\/\/www.erresse-shop.it\/es\/#website"},"datePublished":"2022-04-28T10:05:13+00:00","dateModified":"2023-09-25T12:52:24+00:00","description":"La tabla de corte con placa de acero inoxidable est\u00e1 especialmente dise\u00f1ada para la Home Line 200-250 por los propios dise\u00f1adores. La tabla de cortar se","breadcrumb":{"@id":"https:\/\/www.erresse-shop.it\/es\/shop\/pequenos-electrodomesticos\/cortadoras\/berkel-tabla-de-cortar-con-placa-de-acero-inoxidable-red-line-220-y-250-2\/#breadcrumb"},"inLanguage":"es","potentialAction":[{"@type":"ReadAction","target":["https:\/\/www.erresse-shop.it\/es\/shop\/pequenos-electrodomesticos\/cortadoras\/berkel-tabla-de-cortar-con-placa-de-acero-inoxidable-red-line-220-y-250-2\/"]}]},{"@type":"BreadcrumbList","@id":"https:\/\/www.erresse-shop.it\/es\/shop\/pequenos-electrodomesticos\/cortadoras\/berkel-tabla-de-cortar-con-placa-de-acero-inoxidable-red-line-220-y-250-2\/#breadcrumb","itemListElement":[{"@type":"ListItem","position":1,"name":"Home","item":"https:\/\/www.erresse-shop.it\/es\/"},{"@type":"ListItem","position":2,"name":"Shop","item":"https:\/\/www.erresse-shop.it\/es\/shop\/"},{"@type":"ListItem","position":3,"name":"BERKEL Tabla de cortar con placa de acero inoxidable Red Line 220 y 250"}]},{"@type":"WebSite","@id":"https:\/\/www.erresse-shop.it\/es\/#website","url":"https:\/\/www.erresse-shop.it\/es\/","name":"Erresse Shop","description":"Articoli di qualit\u00e0 per la casa","potentialAction":[{"@type":"SearchAction","target":{"@type":"EntryPoint","urlTemplate":"https:\/\/www.erresse-shop.it\/es\/?s={search_term_string}"},"query-input":"required name=search_term_string"}],"inLanguage":"es"}]}},"df_price":64.5,"df_sale_price":64.5,"df_regular_price":129,"df_image_link":"https:\/\/www.erresse-shop.it\/wp-content\/uploads\/2022\/04\/BERKEL-Tagliere-Con-Piastra-Inox-Home-Line-220-e-250-3-300x300.jpg","_links":{"self":[{"href":"https:\/\/www.erresse-shop.it\/es\/wp-json\/wp\/v2\/product\/155234"}],"collection":[{"href":"https:\/\/www.erresse-shop.it\/es\/wp-json\/wp\/v2\/product"}],"about":[{"href":"https:\/\/www.erresse-shop.it\/es\/wp-json\/wp\/v2\/types\/product"}],"wp:featuredmedia":[{"embeddable":true,"href":"https:\/\/www.erresse-shop.it\/es\/wp-json\/wp\/v2\/media\/162443"}],"wp:attachment":[{"href":"https:\/\/www.erresse-shop.it\/es\/wp-json\/wp\/v2\/media?parent=155234"}],"wp:term":[{"taxonomy":"product_cat","embeddable":true,"href":"https:\/\/www.erresse-shop.it\/es\/wp-json\/wp\/v2\/product_cat?post=155234"},{"taxonomy":"product_tag","embeddable":true,"href":"https:\/\/www.erresse-shop.it\/es\/wp-json\/wp\/v2\/product_tag?post=155234"}],"curies":[{"name":"wp","href":"https:\/\/api.w.org\/{rel}","templated":true}]}}