{"id":154937,"date":"2022-04-28T06:14:16","date_gmt":"2022-04-28T06:14:38","guid":{"rendered":"https:\/\/www.erresse-shop.it\/?post_type=product&#038;p=154937"},"modified":"2024-04-08T00:03:48","modified_gmt":"2024-04-08T00:03:48","slug":"berkel-cortadora-de-volantes-b114-rojo","status":"publish","type":"product","link":"https:\/\/www.erresse-shop.it\/es\/shop\/pequenos-electrodomesticos\/cortadoras\/berkel-cortadora-de-volantes-b114-rojo\/","title":{"rendered":"BERKEL Cortadora de volantes B114 Rojo"},"content":{"rendered":"<p><strong>LA LEYENDA DE LA SERIE HIST\u00d3RICA DE BERKEL 1898 REVIVE.<\/strong><\/p>\n<p>Cortadora de fiambres B114, apta para todo tipo de embutidos. Equipada con una hoja de 31,9 cm, est\u00e1 hecha de aluminio pintado con detalles de acero inoxidable.<\/p>\n<p><strong>RENDIMIENTO<\/strong><\/p>\n<ul>\n<li>Estructura de la caja en aleaci\u00f3n especial de aluminio y acero inoxidable y pies de goma para una m\u00e1xima estabilidad durante el uso<\/li>\n<li>Los pies se pueden montar en diferentes configuraciones<\/li>\n<li>Cuchilla de 319 mm en acero cromado 100cr6 con perfil profesional: reduce el desperdicio y asegura cortes uniformes<\/li>\n<li>Sistema de alimentaci\u00f3n r\u00e1pida y pomo de ajuste milim\u00e9trico de la placa para un perfecto posicionamiento del producto<\/li>\n<li>Dise\u00f1o cl\u00e1sico de torre Berkel, construcci\u00f3n robusta y elegancia combinadas<\/li>\n<li>Las decoraciones doradas embellecen todas las partes pintadas<\/li>\n<li>Volante cl\u00e1sico de Berkel con perfil cuadrado y equilibrado internamente para bloquear la rotaci\u00f3n en cualquier posici\u00f3n<\/li>\n<li>El afilador extra\u00edble ya se suministra con un sistema de afilado de un solo movimiento para una m\u00e1xima fiabilidad<\/li>\n<li>Pomo de ajuste del grosor de las rebanadas con 11 posiciones que ajustan el grosor de las rebanadas entre 0 mm y 1,5 mm<\/li>\n<li>Espesor m\u00ednimo de la \u00faltima rebanada para minimizar el desperdicio de producto<\/li>\n<li>Gran protector de rebanada de acero con f\u00e1cil enganche para facilitar el desprendimiento de la rebanada<\/li>\n<li>TAG NFC incrustado en la fundici\u00f3n de la caja como garant\u00eda de originalidad<\/li>\n<\/ul>\n<p><strong>LIMPIEZA E HIGIENE<\/strong><\/p>\n<ul>\n<li>Placa y bajoplato de acero inoxidable profesional con sistema de liberaci\u00f3n para una m\u00e1xima limpieza<\/li>\n<li>Empujador asistido de acero cromado para un \u00f3ptimo bloqueo del producto<\/li>\n<li>Amplio espacio para la limpieza y recept\u00e1culo trasero para los desechos<\/li>\n<li>Sistema de extracci\u00f3n r\u00e1pida de la solapa para facilitar la limpieza<\/li>\n<li>Guantes de acero inoxidable extra\u00edbles y aptos para el lavavajillas<\/li>\n<\/ul>\n<p><strong>SEGURIDAD<\/strong><\/p>\n<ul>\n<li>Anillo de protecci\u00f3n total de la hoja de acero cromado<\/li>\n<li>Sistema de liberaci\u00f3n del anillo de protecci\u00f3n de la cuchilla con palanca situada bajo la torre para garantizar la m\u00e1xima seguridad<\/li>\n<li>Mandos ergon\u00f3micos de aluminio anodizado negro para facilitar el agarre y minimizar el esfuerzo del operador<\/li>\n<\/ul>\n<p><strong>ESPECIFICACIONES T\u00c9CNICAS<\/strong><\/p>\n<p>Peso 55 kg<br \/>\nAltura [B] 700 mm<br \/>\nProfundidad [C] 825 mm<br \/>\nAncho [A] 670 mm<br \/>\nDi\u00e1metro de la cuchilla 319 mm<br \/>\nMaterial de la cuchilla de corte 100Cr6<br \/>\nEspesor de corte 0 &#8211; 1,5 mm<br \/>\nCapacidad de corte (circular) 215 mm<br \/>\nCapacidad de corte (rectangular) 280&#215;215 mm<br \/>\nDetalles: c\u00f3moda palanca lateral para el movimiento de la protecci\u00f3n de la hoja; decoraciones de berkel pintadas y firma<br \/>\nPiezas desmontables: protector de la cuchilla; guantera; placa superpuesta<br \/>\nAfilador: incluido, de un solo movimiento<\/p>\n<p><span style=\"text-decoration: underline;\"><strong>No se vende fuera de Europa<\/strong><\/span><\/p>\n","protected":false},"excerpt":{"rendered":"<p>LA LEYENDA DE LA SERIE HIST\u00d3RICA DE BERKEL 1898 REVIVE. Cortadora de fiambres B114, apta para todo tipo de embutidos.<\/p>\n","protected":false},"featured_media":162265,"template":"","meta":{"_acf_changed":false,"inline_featured_image":false},"product_cat":[17345,16073],"product_tag":[17292,24682,16307],"acf":[],"yoast_head":"<!-- This site is optimized with the Yoast SEO Premium plugin v18.6 (Yoast SEO v19.13) - https:\/\/yoast.com\/wordpress\/plugins\/seo\/ -->\n<title>BERKEL Cortadora de volantes B114 Rojo - Erresse Shop<\/title>\n<meta name=\"description\" content=\"LA LEYENDA DE LA SERIE HIST\u00d3RICA DE BERKEL 1898 REVIVE. Cortadora de fiambres B114, apta para todo tipo de embutidos. Equipada con una hoja de 31,9 cm,\" \/>\n<meta name=\"robots\" content=\"index, follow, max-snippet:-1, max-image-preview:large, max-video-preview:-1\" \/>\n<link rel=\"canonical\" href=\"https:\/\/www.erresse-shop.it\/es\/shop\/pequenos-electrodomesticos\/cortadoras\/berkel-cortadora-de-volantes-b114-rojo\/\" \/>\n<meta property=\"og:locale\" content=\"es_ES\" \/>\n<meta property=\"og:type\" content=\"article\" \/>\n<meta property=\"og:title\" content=\"BERKEL Cortadora de volantes B114 Rojo\" \/>\n<meta property=\"og:description\" content=\"LA LEYENDA DE LA SERIE HIST\u00d3RICA DE BERKEL 1898 REVIVE. Cortadora de fiambres B114, apta para todo tipo de embutidos. Equipada con una hoja de 31,9 cm,\" \/>\n<meta property=\"og:url\" content=\"https:\/\/www.erresse-shop.it\/es\/shop\/pequenos-electrodomesticos\/cortadoras\/berkel-cortadora-de-volantes-b114-rojo\/\" \/>\n<meta property=\"og:site_name\" content=\"Erresse Shop\" \/>\n<meta property=\"article:modified_time\" content=\"2024-04-08T00:03:48+00:00\" \/>\n<meta property=\"og:image\" content=\"https:\/\/www.erresse-shop.it\/wp-content\/uploads\/2021\/11\/BERKEL-Affettatrice-Volano-B114-8.jpg\" \/>\n\t<meta property=\"og:image:width\" content=\"800\" \/>\n\t<meta property=\"og:image:height\" content=\"800\" \/>\n\t<meta property=\"og:image:type\" content=\"image\/jpeg\" \/>\n<meta name=\"twitter:card\" content=\"summary_large_image\" \/>\n<script type=\"application\/ld+json\" class=\"yoast-schema-graph\">{\"@context\":\"https:\/\/schema.org\",\"@graph\":[{\"@type\":\"WebPage\",\"@id\":\"https:\/\/www.erresse-shop.it\/es\/shop\/pequenos-electrodomesticos\/cortadoras\/berkel-cortadora-de-volantes-b114-rojo\/\",\"url\":\"https:\/\/www.erresse-shop.it\/es\/shop\/pequenos-electrodomesticos\/cortadoras\/berkel-cortadora-de-volantes-b114-rojo\/\",\"name\":\"BERKEL Cortadora de volantes B114 Rojo - Erresse Shop\",\"isPartOf\":{\"@id\":\"https:\/\/www.erresse-shop.it\/es\/#website\"},\"datePublished\":\"2022-04-28T06:14:38+00:00\",\"dateModified\":\"2024-04-08T00:03:48+00:00\",\"description\":\"LA LEYENDA DE LA SERIE HIST\u00d3RICA DE BERKEL 1898 REVIVE. Cortadora de fiambres B114, apta para todo tipo de embutidos. Equipada con una hoja de 31,9 cm,\",\"breadcrumb\":{\"@id\":\"https:\/\/www.erresse-shop.it\/es\/shop\/pequenos-electrodomesticos\/cortadoras\/berkel-cortadora-de-volantes-b114-rojo\/#breadcrumb\"},\"inLanguage\":\"es\",\"potentialAction\":[{\"@type\":\"ReadAction\",\"target\":[\"https:\/\/www.erresse-shop.it\/es\/shop\/pequenos-electrodomesticos\/cortadoras\/berkel-cortadora-de-volantes-b114-rojo\/\"]}]},{\"@type\":\"BreadcrumbList\",\"@id\":\"https:\/\/www.erresse-shop.it\/es\/shop\/pequenos-electrodomesticos\/cortadoras\/berkel-cortadora-de-volantes-b114-rojo\/#breadcrumb\",\"itemListElement\":[{\"@type\":\"ListItem\",\"position\":1,\"name\":\"Home\",\"item\":\"https:\/\/www.erresse-shop.it\/es\/\"},{\"@type\":\"ListItem\",\"position\":2,\"name\":\"Shop\",\"item\":\"https:\/\/www.erresse-shop.it\/es\/shop\/\"},{\"@type\":\"ListItem\",\"position\":3,\"name\":\"BERKEL Cortadora de volantes B114 Rojo\"}]},{\"@type\":\"WebSite\",\"@id\":\"https:\/\/www.erresse-shop.it\/es\/#website\",\"url\":\"https:\/\/www.erresse-shop.it\/es\/\",\"name\":\"Erresse Shop\",\"description\":\"Articoli di qualit\u00e0 per la casa\",\"potentialAction\":[{\"@type\":\"SearchAction\",\"target\":{\"@type\":\"EntryPoint\",\"urlTemplate\":\"https:\/\/www.erresse-shop.it\/es\/?s={search_term_string}\"},\"query-input\":\"required name=search_term_string\"}],\"inLanguage\":\"es\"}]}<\/script>\n<!-- \/ Yoast SEO Premium plugin. -->","yoast_head_json":{"title":"BERKEL Cortadora de volantes B114 Rojo - Erresse Shop","description":"LA LEYENDA DE LA SERIE HIST\u00d3RICA DE BERKEL 1898 REVIVE. Cortadora de fiambres B114, apta para todo tipo de embutidos. Equipada con una hoja de 31,9 cm,","robots":{"index":"index","follow":"follow","max-snippet":"max-snippet:-1","max-image-preview":"max-image-preview:large","max-video-preview":"max-video-preview:-1"},"canonical":"https:\/\/www.erresse-shop.it\/es\/shop\/pequenos-electrodomesticos\/cortadoras\/berkel-cortadora-de-volantes-b114-rojo\/","og_locale":"es_ES","og_type":"article","og_title":"BERKEL Cortadora de volantes B114 Rojo","og_description":"LA LEYENDA DE LA SERIE HIST\u00d3RICA DE BERKEL 1898 REVIVE. Cortadora de fiambres B114, apta para todo tipo de embutidos. Equipada con una hoja de 31,9 cm,","og_url":"https:\/\/www.erresse-shop.it\/es\/shop\/pequenos-electrodomesticos\/cortadoras\/berkel-cortadora-de-volantes-b114-rojo\/","og_site_name":"Erresse Shop","article_modified_time":"2024-04-08T00:03:48+00:00","og_image":[{"width":800,"height":800,"url":"https:\/\/www.erresse-shop.it\/wp-content\/uploads\/2021\/11\/BERKEL-Affettatrice-Volano-B114-8.jpg","type":"image\/jpeg"}],"twitter_card":"summary_large_image","schema":{"@context":"https:\/\/schema.org","@graph":[{"@type":"WebPage","@id":"https:\/\/www.erresse-shop.it\/es\/shop\/pequenos-electrodomesticos\/cortadoras\/berkel-cortadora-de-volantes-b114-rojo\/","url":"https:\/\/www.erresse-shop.it\/es\/shop\/pequenos-electrodomesticos\/cortadoras\/berkel-cortadora-de-volantes-b114-rojo\/","name":"BERKEL Cortadora de volantes B114 Rojo - Erresse Shop","isPartOf":{"@id":"https:\/\/www.erresse-shop.it\/es\/#website"},"datePublished":"2022-04-28T06:14:38+00:00","dateModified":"2024-04-08T00:03:48+00:00","description":"LA LEYENDA DE LA SERIE HIST\u00d3RICA DE BERKEL 1898 REVIVE. Cortadora de fiambres B114, apta para todo tipo de embutidos. Equipada con una hoja de 31,9 cm,","breadcrumb":{"@id":"https:\/\/www.erresse-shop.it\/es\/shop\/pequenos-electrodomesticos\/cortadoras\/berkel-cortadora-de-volantes-b114-rojo\/#breadcrumb"},"inLanguage":"es","potentialAction":[{"@type":"ReadAction","target":["https:\/\/www.erresse-shop.it\/es\/shop\/pequenos-electrodomesticos\/cortadoras\/berkel-cortadora-de-volantes-b114-rojo\/"]}]},{"@type":"BreadcrumbList","@id":"https:\/\/www.erresse-shop.it\/es\/shop\/pequenos-electrodomesticos\/cortadoras\/berkel-cortadora-de-volantes-b114-rojo\/#breadcrumb","itemListElement":[{"@type":"ListItem","position":1,"name":"Home","item":"https:\/\/www.erresse-shop.it\/es\/"},{"@type":"ListItem","position":2,"name":"Shop","item":"https:\/\/www.erresse-shop.it\/es\/shop\/"},{"@type":"ListItem","position":3,"name":"BERKEL Cortadora de volantes B114 Rojo"}]},{"@type":"WebSite","@id":"https:\/\/www.erresse-shop.it\/es\/#website","url":"https:\/\/www.erresse-shop.it\/es\/","name":"Erresse Shop","description":"Articoli di qualit\u00e0 per la casa","potentialAction":[{"@type":"SearchAction","target":{"@type":"EntryPoint","urlTemplate":"https:\/\/www.erresse-shop.it\/es\/?s={search_term_string}"},"query-input":"required name=search_term_string"}],"inLanguage":"es"}]}},"df_price":4869.5,"df_sale_price":4869.5,"df_regular_price":9739,"df_image_link":"https:\/\/www.erresse-shop.it\/wp-content\/uploads\/2021\/11\/BERKEL-Affettatrice-Volano-B114-8-300x300.jpg","_links":{"self":[{"href":"https:\/\/www.erresse-shop.it\/es\/wp-json\/wp\/v2\/product\/154937"}],"collection":[{"href":"https:\/\/www.erresse-shop.it\/es\/wp-json\/wp\/v2\/product"}],"about":[{"href":"https:\/\/www.erresse-shop.it\/es\/wp-json\/wp\/v2\/types\/product"}],"wp:featuredmedia":[{"embeddable":true,"href":"https:\/\/www.erresse-shop.it\/es\/wp-json\/wp\/v2\/media\/162265"}],"wp:attachment":[{"href":"https:\/\/www.erresse-shop.it\/es\/wp-json\/wp\/v2\/media?parent=154937"}],"wp:term":[{"taxonomy":"product_cat","embeddable":true,"href":"https:\/\/www.erresse-shop.it\/es\/wp-json\/wp\/v2\/product_cat?post=154937"},{"taxonomy":"product_tag","embeddable":true,"href":"https:\/\/www.erresse-shop.it\/es\/wp-json\/wp\/v2\/product_tag?post=154937"}],"curies":[{"name":"wp","href":"https:\/\/api.w.org\/{rel}","templated":true}]}}