{"id":154805,"date":"2022-04-27T13:40:40","date_gmt":"2022-04-27T13:40:45","guid":{"rendered":"https:\/\/www.erresse-shop.it\/?post_type=product&#038;p=154805"},"modified":"2024-07-30T00:00:05","modified_gmt":"2024-07-30T00:00:05","slug":"berkel-corta-volantes-domestico-b3-rojo","status":"publish","type":"product","link":"https:\/\/www.erresse-shop.it\/es\/shop\/pequenos-electrodomesticos\/cortadoras\/berkel-corta-volantes-domestico-b3-rojo\/","title":{"rendered":"BERKEL Corta Volantes Dom\u00e9stico B3 Rojo"},"content":{"rendered":"<p><strong>GRAN CAPACIDAD DE CORTE CON UN DISE\u00d1O ELEGANTE<\/strong><\/p>\n<p>Cortafiambres dom\u00e9stico con gran capacidad de corte y est\u00e9tica de inspiraci\u00f3n vintage, que garantiza un corte perfecto en un dise\u00f1o de \u00e9poca con un acabado de alta gama.<\/p>\n<p><strong>RENDIMIENTO<\/strong><\/p>\n<ul>\n<li>Pies de goma ajustables en diferentes configuraciones<\/li>\n<li>Cuchilla de 300mm en acero cromado 100cr6 con perfil profesional: reduce el desperdicio y garantiza cortes uniformes<\/li>\n<li>Sistema de alimentaci\u00f3n r\u00e1pida y pomo de ajuste milim\u00e9trico de la placa para un perfecto posicionamiento del producto<\/li>\n<li>Afilador extra\u00edble suministrado con sistema de afilado de movimiento independiente para una m\u00e1xima precisi\u00f3n<\/li>\n<li>Pomo de ajuste del grosor de las lonchas entre 0 mm y 1,5 mm<\/li>\n<li>Espesor m\u00ednimo de la \u00faltima rebanada para minimizar el desperdicio de producto<\/li>\n<li>Protector de acero con f\u00e1cil enganche para facilitar el desprendimiento de la rodaja<\/li>\n<li>TAG NFC incrustado en la fundici\u00f3n de la caja como garant\u00eda de originalidad<\/li>\n<\/ul>\n<p><strong>LIMPIEZA E HIGIENE<\/strong><\/p>\n<ul>\n<li>Placa con sistema de liberaci\u00f3n para una m\u00e1xima limpieza<\/li>\n<li>Amplio espacio para la limpieza y recept\u00e1culo trasero para desechos<\/li>\n<li>Sistema de extracci\u00f3n r\u00e1pida de la placa frontal para facilitar la limpieza<\/li>\n<li>Guantes de tecnopol\u00edmero extra\u00edbles y aptos para el lavavajillas<\/li>\n<\/ul>\n<p><strong>SEGURIDAD<\/strong><\/p>\n<ul>\n<li>Anillo de protecci\u00f3n de la hoja de acero total con sistema de liberaci\u00f3n manual para una m\u00e1xima seguridad<\/li>\n<li>Anillo de protecci\u00f3n de la cuchilla trasera fijo para mayor seguridad<\/li>\n<li>Controles ergon\u00f3micos para facilitar el agarre y minimizar el esfuerzo del operador<\/li>\n<\/ul>\n<p><strong>ESPECIFICACIONES T\u00c9CNICAS<\/strong><\/p>\n<p>Peso 46 kg<br \/>\nAltura [B] 700 mm<br \/>\nProfundidad [C] 805 mm<br \/>\nAnchura [A] 670 mm<br \/>\nDi\u00e1metro de la cuchilla 300 mm<br \/>\nMaterial de la cuchilla de corte 100Cr6<br \/>\nEspesor de corte 0 &#8211; 1,5 mm<br \/>\nCapacidad de corte (circular) 210 mm<br \/>\nCapacidad de corte (rectangular) 270&#215;210 mm<br \/>\nDetalles: Mecanismo de tornillo para el movimiento de la protecci\u00f3n de la hoja; decoraci\u00f3n de berkel pintada y firma<br \/>\nPiezas desmontables: protector de la cuchilla; guantera; placa superpuesta<br \/>\nAfilador: incluido, dos movimientos<\/p>\n<p><span style=\"text-decoration: underline;\"><strong>No se vende fuera de Europa<\/strong><\/span><\/p>\n","protected":false},"excerpt":{"rendered":"<p>GRAN CAPACIDAD DE CORTE CON UN DISE\u00d1O ELEGANTE Cortafiambres dom\u00e9stico con gran capacidad de corte y est\u00e9tica de inspiraci\u00f3n vintage,<\/p>\n","protected":false},"featured_media":162199,"template":"","meta":{"_acf_changed":false,"inline_featured_image":false},"product_cat":[17345,16073],"product_tag":[17292,17356,24682,16307,17357],"acf":[],"yoast_head":"<!-- This site is optimized with the Yoast SEO Premium plugin v18.6 (Yoast SEO v19.13) - https:\/\/yoast.com\/wordpress\/plugins\/seo\/ -->\n<title>BERKEL Corta Volantes Dom\u00e9stico B3 Rojo - Erresse Shop<\/title>\n<meta name=\"description\" content=\"GRAN CAPACIDAD DE CORTE CON UN DISE\u00d1O ELEGANTE Cortafiambres dom\u00e9stico con gran capacidad de corte y est\u00e9tica de inspiraci\u00f3n vintage, que garantiza un\" \/>\n<meta name=\"robots\" content=\"index, follow, max-snippet:-1, max-image-preview:large, max-video-preview:-1\" \/>\n<link rel=\"canonical\" href=\"https:\/\/www.erresse-shop.it\/es\/shop\/pequenos-electrodomesticos\/cortadoras\/berkel-corta-volantes-domestico-b3-rojo\/\" \/>\n<meta property=\"og:locale\" content=\"es_ES\" \/>\n<meta property=\"og:type\" content=\"article\" \/>\n<meta property=\"og:title\" content=\"BERKEL Corta Volantes Dom\u00e9stico B3 Rojo\" \/>\n<meta property=\"og:description\" content=\"GRAN CAPACIDAD DE CORTE CON UN DISE\u00d1O ELEGANTE Cortafiambres dom\u00e9stico con gran capacidad de corte y est\u00e9tica de inspiraci\u00f3n vintage, que garantiza un\" \/>\n<meta property=\"og:url\" content=\"https:\/\/www.erresse-shop.it\/es\/shop\/pequenos-electrodomesticos\/cortadoras\/berkel-corta-volantes-domestico-b3-rojo\/\" \/>\n<meta property=\"og:site_name\" content=\"Erresse Shop\" \/>\n<meta property=\"article:modified_time\" content=\"2024-07-30T00:00:05+00:00\" \/>\n<meta property=\"og:image\" content=\"https:\/\/www.erresse-shop.it\/wp-content\/uploads\/2021\/11\/BERKEL-Affettatrice-Volano-B3-Rosso-1.jpg\" \/>\n\t<meta property=\"og:image:width\" content=\"800\" \/>\n\t<meta property=\"og:image:height\" content=\"800\" \/>\n\t<meta property=\"og:image:type\" content=\"image\/jpeg\" \/>\n<meta name=\"twitter:card\" content=\"summary_large_image\" \/>\n<script type=\"application\/ld+json\" class=\"yoast-schema-graph\">{\"@context\":\"https:\/\/schema.org\",\"@graph\":[{\"@type\":\"WebPage\",\"@id\":\"https:\/\/www.erresse-shop.it\/es\/shop\/pequenos-electrodomesticos\/cortadoras\/berkel-corta-volantes-domestico-b3-rojo\/\",\"url\":\"https:\/\/www.erresse-shop.it\/es\/shop\/pequenos-electrodomesticos\/cortadoras\/berkel-corta-volantes-domestico-b3-rojo\/\",\"name\":\"BERKEL Corta Volantes Dom\u00e9stico B3 Rojo - Erresse Shop\",\"isPartOf\":{\"@id\":\"https:\/\/www.erresse-shop.it\/es\/#website\"},\"datePublished\":\"2022-04-27T13:40:45+00:00\",\"dateModified\":\"2024-07-30T00:00:05+00:00\",\"description\":\"GRAN CAPACIDAD DE CORTE CON UN DISE\u00d1O ELEGANTE Cortafiambres dom\u00e9stico con gran capacidad de corte y est\u00e9tica de inspiraci\u00f3n vintage, que garantiza un\",\"breadcrumb\":{\"@id\":\"https:\/\/www.erresse-shop.it\/es\/shop\/pequenos-electrodomesticos\/cortadoras\/berkel-corta-volantes-domestico-b3-rojo\/#breadcrumb\"},\"inLanguage\":\"es\",\"potentialAction\":[{\"@type\":\"ReadAction\",\"target\":[\"https:\/\/www.erresse-shop.it\/es\/shop\/pequenos-electrodomesticos\/cortadoras\/berkel-corta-volantes-domestico-b3-rojo\/\"]}]},{\"@type\":\"BreadcrumbList\",\"@id\":\"https:\/\/www.erresse-shop.it\/es\/shop\/pequenos-electrodomesticos\/cortadoras\/berkel-corta-volantes-domestico-b3-rojo\/#breadcrumb\",\"itemListElement\":[{\"@type\":\"ListItem\",\"position\":1,\"name\":\"Home\",\"item\":\"https:\/\/www.erresse-shop.it\/es\/\"},{\"@type\":\"ListItem\",\"position\":2,\"name\":\"Shop\",\"item\":\"https:\/\/www.erresse-shop.it\/es\/shop\/\"},{\"@type\":\"ListItem\",\"position\":3,\"name\":\"BERKEL Corta Volantes Dom\u00e9stico B3 Rojo\"}]},{\"@type\":\"WebSite\",\"@id\":\"https:\/\/www.erresse-shop.it\/es\/#website\",\"url\":\"https:\/\/www.erresse-shop.it\/es\/\",\"name\":\"Erresse Shop\",\"description\":\"Articoli di qualit\u00e0 per la casa\",\"potentialAction\":[{\"@type\":\"SearchAction\",\"target\":{\"@type\":\"EntryPoint\",\"urlTemplate\":\"https:\/\/www.erresse-shop.it\/es\/?s={search_term_string}\"},\"query-input\":\"required name=search_term_string\"}],\"inLanguage\":\"es\"}]}<\/script>\n<!-- \/ Yoast SEO Premium plugin. -->","yoast_head_json":{"title":"BERKEL Corta Volantes Dom\u00e9stico B3 Rojo - Erresse Shop","description":"GRAN CAPACIDAD DE CORTE CON UN DISE\u00d1O ELEGANTE Cortafiambres dom\u00e9stico con gran capacidad de corte y est\u00e9tica de inspiraci\u00f3n vintage, que garantiza un","robots":{"index":"index","follow":"follow","max-snippet":"max-snippet:-1","max-image-preview":"max-image-preview:large","max-video-preview":"max-video-preview:-1"},"canonical":"https:\/\/www.erresse-shop.it\/es\/shop\/pequenos-electrodomesticos\/cortadoras\/berkel-corta-volantes-domestico-b3-rojo\/","og_locale":"es_ES","og_type":"article","og_title":"BERKEL Corta Volantes Dom\u00e9stico B3 Rojo","og_description":"GRAN CAPACIDAD DE CORTE CON UN DISE\u00d1O ELEGANTE Cortafiambres dom\u00e9stico con gran capacidad de corte y est\u00e9tica de inspiraci\u00f3n vintage, que garantiza un","og_url":"https:\/\/www.erresse-shop.it\/es\/shop\/pequenos-electrodomesticos\/cortadoras\/berkel-corta-volantes-domestico-b3-rojo\/","og_site_name":"Erresse Shop","article_modified_time":"2024-07-30T00:00:05+00:00","og_image":[{"width":800,"height":800,"url":"https:\/\/www.erresse-shop.it\/wp-content\/uploads\/2021\/11\/BERKEL-Affettatrice-Volano-B3-Rosso-1.jpg","type":"image\/jpeg"}],"twitter_card":"summary_large_image","schema":{"@context":"https:\/\/schema.org","@graph":[{"@type":"WebPage","@id":"https:\/\/www.erresse-shop.it\/es\/shop\/pequenos-electrodomesticos\/cortadoras\/berkel-corta-volantes-domestico-b3-rojo\/","url":"https:\/\/www.erresse-shop.it\/es\/shop\/pequenos-electrodomesticos\/cortadoras\/berkel-corta-volantes-domestico-b3-rojo\/","name":"BERKEL Corta Volantes Dom\u00e9stico B3 Rojo - Erresse Shop","isPartOf":{"@id":"https:\/\/www.erresse-shop.it\/es\/#website"},"datePublished":"2022-04-27T13:40:45+00:00","dateModified":"2024-07-30T00:00:05+00:00","description":"GRAN CAPACIDAD DE CORTE CON UN DISE\u00d1O ELEGANTE Cortafiambres dom\u00e9stico con gran capacidad de corte y est\u00e9tica de inspiraci\u00f3n vintage, que garantiza un","breadcrumb":{"@id":"https:\/\/www.erresse-shop.it\/es\/shop\/pequenos-electrodomesticos\/cortadoras\/berkel-corta-volantes-domestico-b3-rojo\/#breadcrumb"},"inLanguage":"es","potentialAction":[{"@type":"ReadAction","target":["https:\/\/www.erresse-shop.it\/es\/shop\/pequenos-electrodomesticos\/cortadoras\/berkel-corta-volantes-domestico-b3-rojo\/"]}]},{"@type":"BreadcrumbList","@id":"https:\/\/www.erresse-shop.it\/es\/shop\/pequenos-electrodomesticos\/cortadoras\/berkel-corta-volantes-domestico-b3-rojo\/#breadcrumb","itemListElement":[{"@type":"ListItem","position":1,"name":"Home","item":"https:\/\/www.erresse-shop.it\/es\/"},{"@type":"ListItem","position":2,"name":"Shop","item":"https:\/\/www.erresse-shop.it\/es\/shop\/"},{"@type":"ListItem","position":3,"name":"BERKEL Corta Volantes Dom\u00e9stico B3 Rojo"}]},{"@type":"WebSite","@id":"https:\/\/www.erresse-shop.it\/es\/#website","url":"https:\/\/www.erresse-shop.it\/es\/","name":"Erresse Shop","description":"Articoli di qualit\u00e0 per la casa","potentialAction":[{"@type":"SearchAction","target":{"@type":"EntryPoint","urlTemplate":"https:\/\/www.erresse-shop.it\/es\/?s={search_term_string}"},"query-input":"required name=search_term_string"}],"inLanguage":"es"}]}},"df_price":3874.5,"df_sale_price":3874.5,"df_regular_price":7749,"df_image_link":"https:\/\/www.erresse-shop.it\/wp-content\/uploads\/2021\/11\/BERKEL-Affettatrice-Volano-B3-Rosso-1-300x300.jpg","_links":{"self":[{"href":"https:\/\/www.erresse-shop.it\/es\/wp-json\/wp\/v2\/product\/154805"}],"collection":[{"href":"https:\/\/www.erresse-shop.it\/es\/wp-json\/wp\/v2\/product"}],"about":[{"href":"https:\/\/www.erresse-shop.it\/es\/wp-json\/wp\/v2\/types\/product"}],"wp:featuredmedia":[{"embeddable":true,"href":"https:\/\/www.erresse-shop.it\/es\/wp-json\/wp\/v2\/media\/162199"}],"wp:attachment":[{"href":"https:\/\/www.erresse-shop.it\/es\/wp-json\/wp\/v2\/media?parent=154805"}],"wp:term":[{"taxonomy":"product_cat","embeddable":true,"href":"https:\/\/www.erresse-shop.it\/es\/wp-json\/wp\/v2\/product_cat?post=154805"},{"taxonomy":"product_tag","embeddable":true,"href":"https:\/\/www.erresse-shop.it\/es\/wp-json\/wp\/v2\/product_tag?post=154805"}],"curies":[{"name":"wp","href":"https:\/\/api.w.org\/{rel}","templated":true}]}}