{"id":151455,"date":"2022-04-13T08:32:39","date_gmt":"2022-04-13T08:32:42","guid":{"rendered":"https:\/\/www.erresse-shop.it\/?post_type=product&#038;p=151455"},"modified":"2022-04-15T12:14:25","modified_gmt":"2022-04-15T12:14:25","slug":"versace-home-jarron-34-cm-les-tresors-de-la-mer","status":"publish","type":"product","link":"https:\/\/www.erresse-shop.it\/es\/shop\/mobiliario\/jarrones\/versace-home-jarron-34-cm-les-tresors-de-la-mer\/","title":{"rendered":"VERSACE HOME Jarr\u00f3n 34 cm Les Tresors De La Mer"},"content":{"rendered":"<p>El jarr\u00f3n de 34 cm de Versace fue creado en colaboraci\u00f3n con Rosenthal y pertenece a la colecci\u00f3n Les Tresors De La Mer.<\/p>\n<p>El color dominante de este objeto es el azul. Perfecto para decorar un rinc\u00f3n de tu casa con estilo, tambi\u00e9n es una gran idea para regalar.<\/p>\n<p>Sus suntuosas decoraciones lo convierten en un &#8220;must have&#8221; apreciado por todos los enamorados de un dise\u00f1o que expresa riqueza y abundancia.<\/p>\n","protected":false},"excerpt":{"rendered":"<p>El jarr\u00f3n de 34 cm de Versace fue creado en colaboraci\u00f3n con Rosenthal y pertenece a la colecci\u00f3n Les Tresors<\/p>\n","protected":false},"featured_media":151463,"template":"","meta":{"_acf_changed":false,"inline_featured_image":false},"product_cat":[16024,16016],"product_tag":[23692,16122,24682,17842,17843],"acf":[],"yoast_head":"<!-- This site is optimized with the Yoast SEO Premium plugin v18.6 (Yoast SEO v19.13) - https:\/\/yoast.com\/wordpress\/plugins\/seo\/ -->\n<title>VERSACE HOME Jarr\u00f3n 34 cm Les Tresors De La Mer - Erresse Shop<\/title>\n<meta name=\"description\" content=\"El jarr\u00f3n de 34 cm de Versace fue creado en colaboraci\u00f3n con Rosenthal y pertenece a la colecci\u00f3n Les Tresors De La Mer. El color dominante de este objeto\" \/>\n<meta name=\"robots\" content=\"index, follow, max-snippet:-1, max-image-preview:large, max-video-preview:-1\" \/>\n<link rel=\"canonical\" href=\"https:\/\/www.erresse-shop.it\/es\/shop\/mobiliario\/jarrones\/versace-home-jarron-34-cm-les-tresors-de-la-mer\/\" \/>\n<meta property=\"og:locale\" content=\"es_ES\" \/>\n<meta property=\"og:type\" content=\"article\" \/>\n<meta property=\"og:title\" content=\"VERSACE HOME Jarr\u00f3n 34 cm Les Tresors De La Mer\" \/>\n<meta property=\"og:description\" content=\"El jarr\u00f3n de 34 cm de Versace fue creado en colaboraci\u00f3n con Rosenthal y pertenece a la colecci\u00f3n Les Tresors De La Mer. El color dominante de este objeto\" \/>\n<meta property=\"og:url\" content=\"https:\/\/www.erresse-shop.it\/es\/shop\/mobiliario\/jarrones\/versace-home-jarron-34-cm-les-tresors-de-la-mer\/\" \/>\n<meta property=\"og:site_name\" content=\"Erresse Shop\" \/>\n<meta property=\"article:modified_time\" content=\"2022-04-15T12:14:25+00:00\" \/>\n<meta property=\"og:image\" content=\"https:\/\/www.erresse-shop.it\/wp-content\/uploads\/2022\/04\/VERSACE-Vaso-Les-Tresors-De-La-Mer-34-cm.jpg\" \/>\n\t<meta property=\"og:image:width\" content=\"1000\" \/>\n\t<meta property=\"og:image:height\" content=\"1000\" \/>\n\t<meta property=\"og:image:type\" content=\"image\/jpeg\" \/>\n<meta name=\"twitter:card\" content=\"summary_large_image\" \/>\n<script type=\"application\/ld+json\" class=\"yoast-schema-graph\">{\"@context\":\"https:\/\/schema.org\",\"@graph\":[{\"@type\":\"WebPage\",\"@id\":\"https:\/\/www.erresse-shop.it\/es\/shop\/mobiliario\/jarrones\/versace-home-jarron-34-cm-les-tresors-de-la-mer\/\",\"url\":\"https:\/\/www.erresse-shop.it\/es\/shop\/mobiliario\/jarrones\/versace-home-jarron-34-cm-les-tresors-de-la-mer\/\",\"name\":\"VERSACE HOME Jarr\u00f3n 34 cm Les Tresors De La Mer - Erresse Shop\",\"isPartOf\":{\"@id\":\"https:\/\/www.erresse-shop.it\/es\/#website\"},\"datePublished\":\"2022-04-13T08:32:42+00:00\",\"dateModified\":\"2022-04-15T12:14:25+00:00\",\"description\":\"El jarr\u00f3n de 34 cm de Versace fue creado en colaboraci\u00f3n con Rosenthal y pertenece a la colecci\u00f3n Les Tresors De La Mer. El color dominante de este objeto\",\"breadcrumb\":{\"@id\":\"https:\/\/www.erresse-shop.it\/es\/shop\/mobiliario\/jarrones\/versace-home-jarron-34-cm-les-tresors-de-la-mer\/#breadcrumb\"},\"inLanguage\":\"es\",\"potentialAction\":[{\"@type\":\"ReadAction\",\"target\":[\"https:\/\/www.erresse-shop.it\/es\/shop\/mobiliario\/jarrones\/versace-home-jarron-34-cm-les-tresors-de-la-mer\/\"]}]},{\"@type\":\"BreadcrumbList\",\"@id\":\"https:\/\/www.erresse-shop.it\/es\/shop\/mobiliario\/jarrones\/versace-home-jarron-34-cm-les-tresors-de-la-mer\/#breadcrumb\",\"itemListElement\":[{\"@type\":\"ListItem\",\"position\":1,\"name\":\"Home\",\"item\":\"https:\/\/www.erresse-shop.it\/es\/\"},{\"@type\":\"ListItem\",\"position\":2,\"name\":\"Shop\",\"item\":\"https:\/\/www.erresse-shop.it\/es\/shop\/\"},{\"@type\":\"ListItem\",\"position\":3,\"name\":\"VERSACE HOME Jarr\u00f3n 34 cm Les Tresors De La Mer\"}]},{\"@type\":\"WebSite\",\"@id\":\"https:\/\/www.erresse-shop.it\/es\/#website\",\"url\":\"https:\/\/www.erresse-shop.it\/es\/\",\"name\":\"Erresse Shop\",\"description\":\"Articoli di qualit\u00e0 per la casa\",\"potentialAction\":[{\"@type\":\"SearchAction\",\"target\":{\"@type\":\"EntryPoint\",\"urlTemplate\":\"https:\/\/www.erresse-shop.it\/es\/?s={search_term_string}\"},\"query-input\":\"required name=search_term_string\"}],\"inLanguage\":\"es\"}]}<\/script>\n<!-- \/ Yoast SEO Premium plugin. -->","yoast_head_json":{"title":"VERSACE HOME Jarr\u00f3n 34 cm Les Tresors De La Mer - Erresse Shop","description":"El jarr\u00f3n de 34 cm de Versace fue creado en colaboraci\u00f3n con Rosenthal y pertenece a la colecci\u00f3n Les Tresors De La Mer. El color dominante de este objeto","robots":{"index":"index","follow":"follow","max-snippet":"max-snippet:-1","max-image-preview":"max-image-preview:large","max-video-preview":"max-video-preview:-1"},"canonical":"https:\/\/www.erresse-shop.it\/es\/shop\/mobiliario\/jarrones\/versace-home-jarron-34-cm-les-tresors-de-la-mer\/","og_locale":"es_ES","og_type":"article","og_title":"VERSACE HOME Jarr\u00f3n 34 cm Les Tresors De La Mer","og_description":"El jarr\u00f3n de 34 cm de Versace fue creado en colaboraci\u00f3n con Rosenthal y pertenece a la colecci\u00f3n Les Tresors De La Mer. El color dominante de este objeto","og_url":"https:\/\/www.erresse-shop.it\/es\/shop\/mobiliario\/jarrones\/versace-home-jarron-34-cm-les-tresors-de-la-mer\/","og_site_name":"Erresse Shop","article_modified_time":"2022-04-15T12:14:25+00:00","og_image":[{"width":1000,"height":1000,"url":"https:\/\/www.erresse-shop.it\/wp-content\/uploads\/2022\/04\/VERSACE-Vaso-Les-Tresors-De-La-Mer-34-cm.jpg","type":"image\/jpeg"}],"twitter_card":"summary_large_image","schema":{"@context":"https:\/\/schema.org","@graph":[{"@type":"WebPage","@id":"https:\/\/www.erresse-shop.it\/es\/shop\/mobiliario\/jarrones\/versace-home-jarron-34-cm-les-tresors-de-la-mer\/","url":"https:\/\/www.erresse-shop.it\/es\/shop\/mobiliario\/jarrones\/versace-home-jarron-34-cm-les-tresors-de-la-mer\/","name":"VERSACE HOME Jarr\u00f3n 34 cm Les Tresors De La Mer - Erresse Shop","isPartOf":{"@id":"https:\/\/www.erresse-shop.it\/es\/#website"},"datePublished":"2022-04-13T08:32:42+00:00","dateModified":"2022-04-15T12:14:25+00:00","description":"El jarr\u00f3n de 34 cm de Versace fue creado en colaboraci\u00f3n con Rosenthal y pertenece a la colecci\u00f3n Les Tresors De La Mer. El color dominante de este objeto","breadcrumb":{"@id":"https:\/\/www.erresse-shop.it\/es\/shop\/mobiliario\/jarrones\/versace-home-jarron-34-cm-les-tresors-de-la-mer\/#breadcrumb"},"inLanguage":"es","potentialAction":[{"@type":"ReadAction","target":["https:\/\/www.erresse-shop.it\/es\/shop\/mobiliario\/jarrones\/versace-home-jarron-34-cm-les-tresors-de-la-mer\/"]}]},{"@type":"BreadcrumbList","@id":"https:\/\/www.erresse-shop.it\/es\/shop\/mobiliario\/jarrones\/versace-home-jarron-34-cm-les-tresors-de-la-mer\/#breadcrumb","itemListElement":[{"@type":"ListItem","position":1,"name":"Home","item":"https:\/\/www.erresse-shop.it\/es\/"},{"@type":"ListItem","position":2,"name":"Shop","item":"https:\/\/www.erresse-shop.it\/es\/shop\/"},{"@type":"ListItem","position":3,"name":"VERSACE HOME Jarr\u00f3n 34 cm Les Tresors De La Mer"}]},{"@type":"WebSite","@id":"https:\/\/www.erresse-shop.it\/es\/#website","url":"https:\/\/www.erresse-shop.it\/es\/","name":"Erresse Shop","description":"Articoli di qualit\u00e0 per la casa","potentialAction":[{"@type":"SearchAction","target":{"@type":"EntryPoint","urlTemplate":"https:\/\/www.erresse-shop.it\/es\/?s={search_term_string}"},"query-input":"required name=search_term_string"}],"inLanguage":"es"}]}},"df_price":369.5,"df_sale_price":369.5,"df_regular_price":739,"df_image_link":"https:\/\/www.erresse-shop.it\/wp-content\/uploads\/2022\/04\/VERSACE-Vaso-Les-Tresors-De-La-Mer-34-cm-300x300.jpg","_links":{"self":[{"href":"https:\/\/www.erresse-shop.it\/es\/wp-json\/wp\/v2\/product\/151455"}],"collection":[{"href":"https:\/\/www.erresse-shop.it\/es\/wp-json\/wp\/v2\/product"}],"about":[{"href":"https:\/\/www.erresse-shop.it\/es\/wp-json\/wp\/v2\/types\/product"}],"wp:featuredmedia":[{"embeddable":true,"href":"https:\/\/www.erresse-shop.it\/es\/wp-json\/wp\/v2\/media\/151463"}],"wp:attachment":[{"href":"https:\/\/www.erresse-shop.it\/es\/wp-json\/wp\/v2\/media?parent=151455"}],"wp:term":[{"taxonomy":"product_cat","embeddable":true,"href":"https:\/\/www.erresse-shop.it\/es\/wp-json\/wp\/v2\/product_cat?post=151455"},{"taxonomy":"product_tag","embeddable":true,"href":"https:\/\/www.erresse-shop.it\/es\/wp-json\/wp\/v2\/product_tag?post=151455"}],"curies":[{"name":"wp","href":"https:\/\/api.w.org\/{rel}","templated":true}]}}