{"id":150960,"date":"2022-04-11T08:50:52","date_gmt":"2022-04-11T08:50:55","guid":{"rendered":"https:\/\/www.erresse-shop.it\/?post_type=product&#038;p=150960"},"modified":"2025-05-22T12:34:51","modified_gmt":"2025-05-22T12:34:51","slug":"sage-creatista-pro","status":"publish","type":"product","link":"https:\/\/www.erresse-shop.it\/es\/shop\/pequenos-electrodomesticos\/maquinas-de-cafe\/capsulas\/sage-creatista-pro\/","title":{"rendered":"SAGE Creatista Pro"},"content":{"rendered":"<p>Cree caf\u00e9s personalizados en casa tan buenos como en el bar. 2 capuchinos en 75 segundos: la extracci\u00f3n del caf\u00e9 y la espuma de leche autom\u00e1tica se realizan simult\u00e1neamente, mientras que el innovador sistema ThermoJet\u00ae calienta la m\u00e1quina en 3 segundos. Simplemente despl\u00e1cese y seleccione su caf\u00e9 con el men\u00fa intuitivo de una sola pulsaci\u00f3n. Ajuste f\u00e1cilmente la extracci\u00f3n, la consistencia de la leche y la temperatura para obtener un aroma m\u00e1s intenso. Crea el Nespresso perfecto, a tu manera.<\/p>\n<p><strong>2 Capuchinos en 75 segundos:<\/strong><\/p>\n<p>Prepare su caf\u00e9 favorito en un abrir y cerrar de ojos. Gracias al innovador sistema de doble calentamiento ThermoJet, la m\u00e1quina est\u00e1 lista en 3 segundos y permite preparar el caf\u00e9 y espumar la leche autom\u00e1ticamente al mismo tiempo.<\/p>\n<p><strong>Deslizar, seleccionar, disfrutar:<\/strong><\/p>\n<p>Basta con desplazarse y seleccionar para disfrutar de un caf\u00e9 tan bueno como en el bar de casa. La innovadora pantalla t\u00e1ctil en color facilita la selecci\u00f3n del caf\u00e9 que desea en el men\u00fa. La interfaz le gu\u00eda paso a paso en el proceso de configuraci\u00f3n de la m\u00e1quina, as\u00ed como durante el primer uso y la limpieza necesaria.<\/p>\n<p><strong>Caf\u00e9 de bar en casa:<\/strong><\/p>\n<p>Sabemos que cada uno tiene sus propios gustos, y esto tambi\u00e9n se aplica a la elecci\u00f3n del caf\u00e9. Con 8 preajustes diferentes, prepara tus caf\u00e9s favoritos en casa, como un aut\u00e9ntico barista. Creatista Pro permite una personalizaci\u00f3n completa: ajuste la cantidad de caf\u00e9 preparado, la temperatura y la consistencia de la leche. A continuaci\u00f3n, guarde su caf\u00e9 en el men\u00fa para seleccionarlo cuando quiera.<\/p>\n<p><strong>Espumado autom\u00e1tico de leche:<\/strong><\/p>\n<p>Gracias a la varilla de vapor totalmente autom\u00e1tica, Creatista Pro le permite ajustar la temperatura y la consistencia de la leche a su gusto. El resultado es una espuma de leche aterciopelada con microburbujas, perfecta para el arte del caf\u00e9 con leche.<\/p>\n<p><strong>Ca\u00f1o de agua caliente dedicado:<\/strong><\/p>\n<p>El agua caliente y el caf\u00e9 expreso salen de dos tubos independientes. El agua caliente se puede dispensar como se desee, para crear su propia Long Black con un solo toque o para calentar la taza. La salida de agua caliente dedicada tambi\u00e9n garantiza que el sabor del caf\u00e9 no se contamine para obtener resultados \u00f3ptimos.<\/p>\n<p><strong>Comodidad sin concesiones:<\/strong><\/p>\n<p>Toda la comodidad de una cafetera con c\u00e1psulas Nespresso combinada por primera vez con una interfaz de pantalla t\u00e1ctil y la avanzada tecnolog\u00eda de microespuma de leche de Sage.<\/p>\n<p><strong>Ajustes<\/strong>:<\/p>\n<ul>\n<li>8 bebidas preestablecidas<\/li>\n<li>volumen de caf\u00e9 (7 opciones)<\/li>\n<li>cantidad de agua caliente (7 opciones)<\/li>\n<li>temperatura de la leche (11 opciones)<\/li>\n<li>Nivel de espuma de leche (8 opciones)<\/li>\n<\/ul>\n<p><strong>Capacidad<\/strong>:<\/p>\n<ul>\n<li>Dep\u00f3sito de agua de 2 litros<\/li>\n<li>Contenedor grande para c\u00e1psulas usadas (12 c\u00e1psulas)<\/li>\n<\/ul>\n<p>Dimensiones (ancho x fondo x alto): 42,9 x 19,7 x 32,8 cm<\/p>\n<p>Fuente de alimentaci\u00f3n: 2300W<\/p>\n<p>Material de construcci\u00f3n: acero inoxidable<\/p>\n<p>Tensi\u00f3n: 220-240V<\/p>\n<p>Garant\u00eda: 2 a\u00f1os para reparaci\u00f3n o sustituci\u00f3n (cobertura proporcionada directamente por Nespresso)<\/p>\n<p><strong>No se vende fuera de Europa<\/strong><\/p>\n","protected":false},"excerpt":{"rendered":"<p>Cree caf\u00e9s personalizados en casa tan buenos como en el bar. 2 capuchinos en 75 segundos: la extracci\u00f3n del caf\u00e9<\/p>\n","protected":false},"featured_media":150969,"template":"","meta":{"_acf_changed":false,"inline_featured_image":false},"product_cat":[25382,16076,16073],"product_tag":[23574,23306,16395,23588],"acf":[],"yoast_head":"<!-- This site is optimized with the Yoast SEO Premium plugin v18.6 (Yoast SEO v19.13) - https:\/\/yoast.com\/wordpress\/plugins\/seo\/ -->\n<title>SAGE Creatista Pro - Erresse Shop<\/title>\n<meta name=\"description\" content=\"Cree caf\u00e9s personalizados en casa tan buenos como en el bar. 2 capuchinos en 75 segundos: la extracci\u00f3n del caf\u00e9 y la espuma de leche autom\u00e1tica se\" \/>\n<meta name=\"robots\" content=\"index, follow, max-snippet:-1, max-image-preview:large, max-video-preview:-1\" \/>\n<link rel=\"canonical\" href=\"https:\/\/www.erresse-shop.it\/es\/shop\/pequenos-electrodomesticos\/maquinas-de-cafe\/capsulas\/sage-creatista-pro\/\" \/>\n<meta property=\"og:locale\" content=\"es_ES\" \/>\n<meta property=\"og:type\" content=\"article\" \/>\n<meta property=\"og:title\" content=\"SAGE Creatista Pro\" \/>\n<meta property=\"og:description\" content=\"Cree caf\u00e9s personalizados en casa tan buenos como en el bar. 2 capuchinos en 75 segundos: la extracci\u00f3n del caf\u00e9 y la espuma de leche autom\u00e1tica se\" \/>\n<meta property=\"og:url\" content=\"https:\/\/www.erresse-shop.it\/es\/shop\/pequenos-electrodomesticos\/maquinas-de-cafe\/capsulas\/sage-creatista-pro\/\" \/>\n<meta property=\"og:site_name\" content=\"Erresse Shop\" \/>\n<meta property=\"article:modified_time\" content=\"2025-05-22T12:34:51+00:00\" \/>\n<meta property=\"og:image\" content=\"https:\/\/www.erresse-shop.it\/wp-content\/uploads\/2022\/04\/Creatista-Pro.jpg\" \/>\n\t<meta property=\"og:image:width\" content=\"1000\" \/>\n\t<meta property=\"og:image:height\" content=\"1000\" \/>\n\t<meta property=\"og:image:type\" content=\"image\/jpeg\" \/>\n<meta name=\"twitter:card\" content=\"summary_large_image\" \/>\n<script type=\"application\/ld+json\" class=\"yoast-schema-graph\">{\"@context\":\"https:\/\/schema.org\",\"@graph\":[{\"@type\":\"WebPage\",\"@id\":\"https:\/\/www.erresse-shop.it\/es\/shop\/pequenos-electrodomesticos\/maquinas-de-cafe\/capsulas\/sage-creatista-pro\/\",\"url\":\"https:\/\/www.erresse-shop.it\/es\/shop\/pequenos-electrodomesticos\/maquinas-de-cafe\/capsulas\/sage-creatista-pro\/\",\"name\":\"SAGE Creatista Pro - Erresse Shop\",\"isPartOf\":{\"@id\":\"https:\/\/www.erresse-shop.it\/es\/#website\"},\"datePublished\":\"2022-04-11T08:50:55+00:00\",\"dateModified\":\"2025-05-22T12:34:51+00:00\",\"description\":\"Cree caf\u00e9s personalizados en casa tan buenos como en el bar. 2 capuchinos en 75 segundos: la extracci\u00f3n del caf\u00e9 y la espuma de leche autom\u00e1tica se\",\"breadcrumb\":{\"@id\":\"https:\/\/www.erresse-shop.it\/es\/shop\/pequenos-electrodomesticos\/maquinas-de-cafe\/capsulas\/sage-creatista-pro\/#breadcrumb\"},\"inLanguage\":\"es\",\"potentialAction\":[{\"@type\":\"ReadAction\",\"target\":[\"https:\/\/www.erresse-shop.it\/es\/shop\/pequenos-electrodomesticos\/maquinas-de-cafe\/capsulas\/sage-creatista-pro\/\"]}]},{\"@type\":\"BreadcrumbList\",\"@id\":\"https:\/\/www.erresse-shop.it\/es\/shop\/pequenos-electrodomesticos\/maquinas-de-cafe\/capsulas\/sage-creatista-pro\/#breadcrumb\",\"itemListElement\":[{\"@type\":\"ListItem\",\"position\":1,\"name\":\"Home\",\"item\":\"https:\/\/www.erresse-shop.it\/es\/\"},{\"@type\":\"ListItem\",\"position\":2,\"name\":\"Shop\",\"item\":\"https:\/\/www.erresse-shop.it\/es\/shop\/\"},{\"@type\":\"ListItem\",\"position\":3,\"name\":\"SAGE Creatista Pro\"}]},{\"@type\":\"WebSite\",\"@id\":\"https:\/\/www.erresse-shop.it\/es\/#website\",\"url\":\"https:\/\/www.erresse-shop.it\/es\/\",\"name\":\"Erresse Shop\",\"description\":\"Articoli di qualit\u00e0 per la casa\",\"potentialAction\":[{\"@type\":\"SearchAction\",\"target\":{\"@type\":\"EntryPoint\",\"urlTemplate\":\"https:\/\/www.erresse-shop.it\/es\/?s={search_term_string}\"},\"query-input\":\"required name=search_term_string\"}],\"inLanguage\":\"es\"}]}<\/script>\n<!-- \/ Yoast SEO Premium plugin. -->","yoast_head_json":{"title":"SAGE Creatista Pro - Erresse Shop","description":"Cree caf\u00e9s personalizados en casa tan buenos como en el bar. 2 capuchinos en 75 segundos: la extracci\u00f3n del caf\u00e9 y la espuma de leche autom\u00e1tica se","robots":{"index":"index","follow":"follow","max-snippet":"max-snippet:-1","max-image-preview":"max-image-preview:large","max-video-preview":"max-video-preview:-1"},"canonical":"https:\/\/www.erresse-shop.it\/es\/shop\/pequenos-electrodomesticos\/maquinas-de-cafe\/capsulas\/sage-creatista-pro\/","og_locale":"es_ES","og_type":"article","og_title":"SAGE Creatista Pro","og_description":"Cree caf\u00e9s personalizados en casa tan buenos como en el bar. 2 capuchinos en 75 segundos: la extracci\u00f3n del caf\u00e9 y la espuma de leche autom\u00e1tica se","og_url":"https:\/\/www.erresse-shop.it\/es\/shop\/pequenos-electrodomesticos\/maquinas-de-cafe\/capsulas\/sage-creatista-pro\/","og_site_name":"Erresse Shop","article_modified_time":"2025-05-22T12:34:51+00:00","og_image":[{"width":1000,"height":1000,"url":"https:\/\/www.erresse-shop.it\/wp-content\/uploads\/2022\/04\/Creatista-Pro.jpg","type":"image\/jpeg"}],"twitter_card":"summary_large_image","schema":{"@context":"https:\/\/schema.org","@graph":[{"@type":"WebPage","@id":"https:\/\/www.erresse-shop.it\/es\/shop\/pequenos-electrodomesticos\/maquinas-de-cafe\/capsulas\/sage-creatista-pro\/","url":"https:\/\/www.erresse-shop.it\/es\/shop\/pequenos-electrodomesticos\/maquinas-de-cafe\/capsulas\/sage-creatista-pro\/","name":"SAGE Creatista Pro - Erresse Shop","isPartOf":{"@id":"https:\/\/www.erresse-shop.it\/es\/#website"},"datePublished":"2022-04-11T08:50:55+00:00","dateModified":"2025-05-22T12:34:51+00:00","description":"Cree caf\u00e9s personalizados en casa tan buenos como en el bar. 2 capuchinos en 75 segundos: la extracci\u00f3n del caf\u00e9 y la espuma de leche autom\u00e1tica se","breadcrumb":{"@id":"https:\/\/www.erresse-shop.it\/es\/shop\/pequenos-electrodomesticos\/maquinas-de-cafe\/capsulas\/sage-creatista-pro\/#breadcrumb"},"inLanguage":"es","potentialAction":[{"@type":"ReadAction","target":["https:\/\/www.erresse-shop.it\/es\/shop\/pequenos-electrodomesticos\/maquinas-de-cafe\/capsulas\/sage-creatista-pro\/"]}]},{"@type":"BreadcrumbList","@id":"https:\/\/www.erresse-shop.it\/es\/shop\/pequenos-electrodomesticos\/maquinas-de-cafe\/capsulas\/sage-creatista-pro\/#breadcrumb","itemListElement":[{"@type":"ListItem","position":1,"name":"Home","item":"https:\/\/www.erresse-shop.it\/es\/"},{"@type":"ListItem","position":2,"name":"Shop","item":"https:\/\/www.erresse-shop.it\/es\/shop\/"},{"@type":"ListItem","position":3,"name":"SAGE Creatista Pro"}]},{"@type":"WebSite","@id":"https:\/\/www.erresse-shop.it\/es\/#website","url":"https:\/\/www.erresse-shop.it\/es\/","name":"Erresse Shop","description":"Articoli di qualit\u00e0 per la casa","potentialAction":[{"@type":"SearchAction","target":{"@type":"EntryPoint","urlTemplate":"https:\/\/www.erresse-shop.it\/es\/?s={search_term_string}"},"query-input":"required name=search_term_string"}],"inLanguage":"es"}]}},"df_price":699.9,"df_sale_price":699.9,"df_regular_price":749.9,"df_image_link":"https:\/\/www.erresse-shop.it\/wp-content\/uploads\/2022\/04\/Creatista-Pro-300x300.jpg","_links":{"self":[{"href":"https:\/\/www.erresse-shop.it\/es\/wp-json\/wp\/v2\/product\/150960"}],"collection":[{"href":"https:\/\/www.erresse-shop.it\/es\/wp-json\/wp\/v2\/product"}],"about":[{"href":"https:\/\/www.erresse-shop.it\/es\/wp-json\/wp\/v2\/types\/product"}],"wp:featuredmedia":[{"embeddable":true,"href":"https:\/\/www.erresse-shop.it\/es\/wp-json\/wp\/v2\/media\/150969"}],"wp:attachment":[{"href":"https:\/\/www.erresse-shop.it\/es\/wp-json\/wp\/v2\/media?parent=150960"}],"wp:term":[{"taxonomy":"product_cat","embeddable":true,"href":"https:\/\/www.erresse-shop.it\/es\/wp-json\/wp\/v2\/product_cat?post=150960"},{"taxonomy":"product_tag","embeddable":true,"href":"https:\/\/www.erresse-shop.it\/es\/wp-json\/wp\/v2\/product_tag?post=150960"}],"curies":[{"name":"wp","href":"https:\/\/api.w.org\/{rel}","templated":true}]}}