{"id":150478,"date":"2022-04-08T07:55:35","date_gmt":"2022-04-08T07:55:35","guid":{"rendered":"https:\/\/www.erresse-shop.it\/shop\/sin%20categor\u00eda\/seletti-tumbona-plegable-lady-on-carpet\/"},"modified":"2023-07-31T00:11:07","modified_gmt":"2023-07-31T00:11:07","slug":"seletti-toiletpaper-tumbona-plegable-lady-on-carpet","status":"publish","type":"product","link":"https:\/\/www.erresse-shop.it\/es\/shop\/mobiliario\/sillas-y-sillones\/seletti-toiletpaper-tumbona-plegable-lady-on-carpet\/","title":{"rendered":"SELETTI Toiletpaper Tumbona plegable Lady on Carpet"},"content":{"rendered":"<p>Si\u00e9ntese, coja su revista favorita y d\u00e9 un sorbo a su bebida como si nadie le estuviera mirando. En las nuevas tumbonas se sentir\u00e1 siempre de vacaciones.<\/p>\n<p>Fabricado en la UE<br \/>\nResistente a los rayos UV<br \/>\nMadera de haya de alta calidad<br \/>\nDimensiones: cerrado 122 x 58 x 4 cm \/ apertura m\u00e1xima 87 x 58 x h. 81 cm<\/p>\n","protected":false},"excerpt":{"rendered":"<p>Si\u00e9ntese, coja su revista favorita y d\u00e9 un sorbo a su bebida como si nadie le estuviera mirando. En las<\/p>\n","protected":false},"featured_media":150230,"template":"","meta":{"_acf_changed":false,"inline_featured_image":false},"product_cat":[16016,16022],"product_tag":[24605,16335,21903,25023],"acf":[],"yoast_head":"<!-- This site is optimized with the Yoast SEO Premium plugin v18.6 (Yoast SEO v19.13) - https:\/\/yoast.com\/wordpress\/plugins\/seo\/ -->\n<title>SELETTI Toiletpaper Tumbona plegable Lady on Carpet - Erresse Shop<\/title>\n<meta name=\"description\" content=\"Si\u00e9ntese, coja su revista favorita y d\u00e9 un sorbo a su bebida como si nadie le estuviera mirando. En las nuevas tumbonas se sentir\u00e1 siempre de vacaciones.\" \/>\n<meta name=\"robots\" content=\"index, follow, max-snippet:-1, max-image-preview:large, max-video-preview:-1\" \/>\n<link rel=\"canonical\" href=\"https:\/\/www.erresse-shop.it\/es\/shop\/mobiliario\/sillas-y-sillones\/seletti-toiletpaper-tumbona-plegable-lady-on-carpet\/\" \/>\n<meta property=\"og:locale\" content=\"es_ES\" \/>\n<meta property=\"og:type\" content=\"article\" \/>\n<meta property=\"og:title\" content=\"SELETTI Toiletpaper Tumbona plegable Lady on Carpet\" \/>\n<meta property=\"og:description\" content=\"Si\u00e9ntese, coja su revista favorita y d\u00e9 un sorbo a su bebida como si nadie le estuviera mirando. En las nuevas tumbonas se sentir\u00e1 siempre de vacaciones.\" \/>\n<meta property=\"og:url\" content=\"https:\/\/www.erresse-shop.it\/es\/shop\/mobiliario\/sillas-y-sillones\/seletti-toiletpaper-tumbona-plegable-lady-on-carpet\/\" \/>\n<meta property=\"og:site_name\" content=\"Erresse Shop\" \/>\n<meta property=\"article:modified_time\" content=\"2023-07-31T00:11:07+00:00\" \/>\n<meta property=\"og:image\" content=\"https:\/\/www.erresse-shop.it\/wp-content\/uploads\/2022\/04\/Seletti-Sdraio-Pieghevole-lady-on-carpet.jpg\" \/>\n\t<meta property=\"og:image:width\" content=\"900\" \/>\n\t<meta property=\"og:image:height\" content=\"1200\" \/>\n\t<meta property=\"og:image:type\" content=\"image\/jpeg\" \/>\n<meta name=\"twitter:card\" content=\"summary_large_image\" \/>\n<script type=\"application\/ld+json\" class=\"yoast-schema-graph\">{\"@context\":\"https:\/\/schema.org\",\"@graph\":[{\"@type\":\"WebPage\",\"@id\":\"https:\/\/www.erresse-shop.it\/es\/shop\/mobiliario\/sillas-y-sillones\/seletti-toiletpaper-tumbona-plegable-lady-on-carpet\/\",\"url\":\"https:\/\/www.erresse-shop.it\/es\/shop\/mobiliario\/sillas-y-sillones\/seletti-toiletpaper-tumbona-plegable-lady-on-carpet\/\",\"name\":\"SELETTI Toiletpaper Tumbona plegable Lady on Carpet - Erresse Shop\",\"isPartOf\":{\"@id\":\"https:\/\/www.erresse-shop.it\/es\/#website\"},\"datePublished\":\"2022-04-08T07:55:35+00:00\",\"dateModified\":\"2023-07-31T00:11:07+00:00\",\"description\":\"Si\u00e9ntese, coja su revista favorita y d\u00e9 un sorbo a su bebida como si nadie le estuviera mirando. En las nuevas tumbonas se sentir\u00e1 siempre de vacaciones.\",\"breadcrumb\":{\"@id\":\"https:\/\/www.erresse-shop.it\/es\/shop\/mobiliario\/sillas-y-sillones\/seletti-toiletpaper-tumbona-plegable-lady-on-carpet\/#breadcrumb\"},\"inLanguage\":\"es\",\"potentialAction\":[{\"@type\":\"ReadAction\",\"target\":[\"https:\/\/www.erresse-shop.it\/es\/shop\/mobiliario\/sillas-y-sillones\/seletti-toiletpaper-tumbona-plegable-lady-on-carpet\/\"]}]},{\"@type\":\"BreadcrumbList\",\"@id\":\"https:\/\/www.erresse-shop.it\/es\/shop\/mobiliario\/sillas-y-sillones\/seletti-toiletpaper-tumbona-plegable-lady-on-carpet\/#breadcrumb\",\"itemListElement\":[{\"@type\":\"ListItem\",\"position\":1,\"name\":\"Home\",\"item\":\"https:\/\/www.erresse-shop.it\/es\/\"},{\"@type\":\"ListItem\",\"position\":2,\"name\":\"Shop\",\"item\":\"https:\/\/www.erresse-shop.it\/es\/shop\/\"},{\"@type\":\"ListItem\",\"position\":3,\"name\":\"SELETTI Toiletpaper Tumbona plegable Lady on Carpet\"}]},{\"@type\":\"WebSite\",\"@id\":\"https:\/\/www.erresse-shop.it\/es\/#website\",\"url\":\"https:\/\/www.erresse-shop.it\/es\/\",\"name\":\"Erresse Shop\",\"description\":\"Articoli di qualit\u00e0 per la casa\",\"potentialAction\":[{\"@type\":\"SearchAction\",\"target\":{\"@type\":\"EntryPoint\",\"urlTemplate\":\"https:\/\/www.erresse-shop.it\/es\/?s={search_term_string}\"},\"query-input\":\"required name=search_term_string\"}],\"inLanguage\":\"es\"}]}<\/script>\n<!-- \/ Yoast SEO Premium plugin. -->","yoast_head_json":{"title":"SELETTI Toiletpaper Tumbona plegable Lady on Carpet - Erresse Shop","description":"Si\u00e9ntese, coja su revista favorita y d\u00e9 un sorbo a su bebida como si nadie le estuviera mirando. En las nuevas tumbonas se sentir\u00e1 siempre de vacaciones.","robots":{"index":"index","follow":"follow","max-snippet":"max-snippet:-1","max-image-preview":"max-image-preview:large","max-video-preview":"max-video-preview:-1"},"canonical":"https:\/\/www.erresse-shop.it\/es\/shop\/mobiliario\/sillas-y-sillones\/seletti-toiletpaper-tumbona-plegable-lady-on-carpet\/","og_locale":"es_ES","og_type":"article","og_title":"SELETTI Toiletpaper Tumbona plegable Lady on Carpet","og_description":"Si\u00e9ntese, coja su revista favorita y d\u00e9 un sorbo a su bebida como si nadie le estuviera mirando. En las nuevas tumbonas se sentir\u00e1 siempre de vacaciones.","og_url":"https:\/\/www.erresse-shop.it\/es\/shop\/mobiliario\/sillas-y-sillones\/seletti-toiletpaper-tumbona-plegable-lady-on-carpet\/","og_site_name":"Erresse Shop","article_modified_time":"2023-07-31T00:11:07+00:00","og_image":[{"width":900,"height":1200,"url":"https:\/\/www.erresse-shop.it\/wp-content\/uploads\/2022\/04\/Seletti-Sdraio-Pieghevole-lady-on-carpet.jpg","type":"image\/jpeg"}],"twitter_card":"summary_large_image","schema":{"@context":"https:\/\/schema.org","@graph":[{"@type":"WebPage","@id":"https:\/\/www.erresse-shop.it\/es\/shop\/mobiliario\/sillas-y-sillones\/seletti-toiletpaper-tumbona-plegable-lady-on-carpet\/","url":"https:\/\/www.erresse-shop.it\/es\/shop\/mobiliario\/sillas-y-sillones\/seletti-toiletpaper-tumbona-plegable-lady-on-carpet\/","name":"SELETTI Toiletpaper Tumbona plegable Lady on Carpet - Erresse Shop","isPartOf":{"@id":"https:\/\/www.erresse-shop.it\/es\/#website"},"datePublished":"2022-04-08T07:55:35+00:00","dateModified":"2023-07-31T00:11:07+00:00","description":"Si\u00e9ntese, coja su revista favorita y d\u00e9 un sorbo a su bebida como si nadie le estuviera mirando. En las nuevas tumbonas se sentir\u00e1 siempre de vacaciones.","breadcrumb":{"@id":"https:\/\/www.erresse-shop.it\/es\/shop\/mobiliario\/sillas-y-sillones\/seletti-toiletpaper-tumbona-plegable-lady-on-carpet\/#breadcrumb"},"inLanguage":"es","potentialAction":[{"@type":"ReadAction","target":["https:\/\/www.erresse-shop.it\/es\/shop\/mobiliario\/sillas-y-sillones\/seletti-toiletpaper-tumbona-plegable-lady-on-carpet\/"]}]},{"@type":"BreadcrumbList","@id":"https:\/\/www.erresse-shop.it\/es\/shop\/mobiliario\/sillas-y-sillones\/seletti-toiletpaper-tumbona-plegable-lady-on-carpet\/#breadcrumb","itemListElement":[{"@type":"ListItem","position":1,"name":"Home","item":"https:\/\/www.erresse-shop.it\/es\/"},{"@type":"ListItem","position":2,"name":"Shop","item":"https:\/\/www.erresse-shop.it\/es\/shop\/"},{"@type":"ListItem","position":3,"name":"SELETTI Toiletpaper Tumbona plegable Lady on Carpet"}]},{"@type":"WebSite","@id":"https:\/\/www.erresse-shop.it\/es\/#website","url":"https:\/\/www.erresse-shop.it\/es\/","name":"Erresse Shop","description":"Articoli di qualit\u00e0 per la casa","potentialAction":[{"@type":"SearchAction","target":{"@type":"EntryPoint","urlTemplate":"https:\/\/www.erresse-shop.it\/es\/?s={search_term_string}"},"query-input":"required name=search_term_string"}],"inLanguage":"es"}]}},"df_price":62.550000000000004,"df_sale_price":62.550000000000004,"df_regular_price":139,"df_image_link":"https:\/\/www.erresse-shop.it\/wp-content\/uploads\/2022\/04\/Seletti-Sdraio-Pieghevole-lady-on-carpet-225x300.jpg","_links":{"self":[{"href":"https:\/\/www.erresse-shop.it\/es\/wp-json\/wp\/v2\/product\/150478"}],"collection":[{"href":"https:\/\/www.erresse-shop.it\/es\/wp-json\/wp\/v2\/product"}],"about":[{"href":"https:\/\/www.erresse-shop.it\/es\/wp-json\/wp\/v2\/types\/product"}],"wp:featuredmedia":[{"embeddable":true,"href":"https:\/\/www.erresse-shop.it\/es\/wp-json\/wp\/v2\/media\/150230"}],"wp:attachment":[{"href":"https:\/\/www.erresse-shop.it\/es\/wp-json\/wp\/v2\/media?parent=150478"}],"wp:term":[{"taxonomy":"product_cat","embeddable":true,"href":"https:\/\/www.erresse-shop.it\/es\/wp-json\/wp\/v2\/product_cat?post=150478"},{"taxonomy":"product_tag","embeddable":true,"href":"https:\/\/www.erresse-shop.it\/es\/wp-json\/wp\/v2\/product_tag?post=150478"}],"curies":[{"name":"wp","href":"https:\/\/api.w.org\/{rel}","templated":true}]}}