{"id":150375,"date":"2022-04-08T13:15:04","date_gmt":"2022-04-08T13:15:10","guid":{"rendered":"https:\/\/www.erresse-shop.it\/?post_type=product&#038;p=150375"},"modified":"2024-06-11T00:02:58","modified_gmt":"2024-06-11T00:02:58","slug":"sage-the-smart-grill-pro","status":"publish","type":"product","link":"https:\/\/www.erresse-shop.it\/es\/shop\/pequenos-electrodomesticos\/parrillas-y-barbacoas\/sage-the-smart-grill-pro\/","title":{"rendered":"SAGE The Smart Grill Pro"},"content":{"rendered":"<p>Ya no necesitar\u00e1 un jard\u00edn para asar: gracias a un mejor control del calor, a los elementos integrados y a las placas extra\u00edbles, podr\u00e1 preparar sabrosas parrilladas simplemente haciendo espacio en la encimera de su cocina. La sonda de temperatura inteligente le permite saber cu\u00e1ndo la carne est\u00e1 lista y cu\u00e1ndo debe dejarla reposar. Abra las placas para utilizar el grill en modo barbacoa.<\/p>\n<p><strong>Placas con elementos IQ<\/strong><\/p>\n<p>Con elementos calefactores de 2400 W integrados en las placas, en lugar de debajo de ellas, y un termostato electr\u00f3nico que detecta r\u00e1pidamente incluso los peque\u00f1os cambios de temperatura, este grill cocina y sella los filetes con un calor alto y constante. Esto reduce significativamente el precalentamiento y el tiempo de cocci\u00f3n.<\/p>\n<p><strong>Ajustes inteligentes con indicador de descanso:<\/strong><\/p>\n<p>Cinco ajustes diferentes, incluyendo carne de vacuno, cordero, cerdo, aves y pescado, est\u00e1n asociados a las temperaturas programadas para el nivel de cocci\u00f3n seleccionado e indican cu\u00e1ndo es el momento de reposar los ingredientes cocinados. La sonda est\u00e1 vinculada a los ajustes de la pantalla LCD, por lo que puede seleccionar el nivel de cocci\u00f3n deseado; el producto le indicar\u00e1 cuando la comida en la placa haya alcanzado la temperatura correcta, independientemente.<\/p>\n<p><strong>Sonda de temperatura:<\/strong><\/p>\n<p>Una sonda incorporada mide la temperatura exacta de la carne y transmite electr\u00f3nicamente la informaci\u00f3n a la pantalla LCD, avis\u00e1ndole cuando es el momento de dejarla reposar. Los cinco ajustes de carne est\u00e1n asociados a una temperatura programada para cada nivel de cocci\u00f3n, desde &#8220;poco hecho&#8221; hasta &#8220;bien hecho&#8221;.<\/p>\n<p><strong>Utilizando el modo barbacoa:<\/strong><\/p>\n<p>Abra la parrilla para crear una superficie de trabajo de 660 cm\u00b2, perfecta para asar mariscos y filetes o preparar sabrosas tortitas y huevos a la parrilla. La bandeja de goteo funciona tanto en modo barbacoa como en uso tradicional.<\/p>\n<p><strong>Placas desmontables:<\/strong><\/p>\n<p>Extraiga las placas extra\u00edbles sin PFOA para lavarlas a mano de forma f\u00e1cil y c\u00f3moda.<\/p>\n<p>Fuente de alimentaci\u00f3n: 2400 W<br \/>\nDimensiones (ancho x fondo x alto): 36,7 x 17 x 39,2 cm<br \/>\nControl de altura ajustable: Los niveles inferiores reducen el peso sobre los alimentos delicados y evitan que el relleno se salga de los s\u00e1ndwiches.<br \/>\nDise\u00f1o de la placa: extra\u00edble con revestimiento antiadherente<br \/>\nPlaca antiadherente: Recubrimiento antiadherente de alta calidad sin PFOA para una limpieza r\u00e1pida y f\u00e1cil<br \/>\nInclinaci\u00f3n de las placas: Permite ajustar el \u00e1ngulo de la base para escurrir la grasa o puede utilizarse para preparar huevos, tortitas y s\u00e1ndwiches tostados a la perfecci\u00f3n<br \/>\nTensi\u00f3n: 220-240 voltios<\/p>\n<p>No. 5 ajustes de carne con nivel de cocci\u00f3n<\/p>\n<p>Garant\u00eda: 2 a\u00f1os de reparaci\u00f3n o sustituci\u00f3n<br \/>\n<span style=\"text-decoration: underline;\"><strong>No se vende fuera de Europa<\/strong><\/span><\/p>\n","protected":false},"excerpt":{"rendered":"<p>Ya no necesitar\u00e1 un jard\u00edn para asar: gracias a un mejor control del calor, a los elementos integrados y a<\/p>\n","protected":false},"featured_media":150855,"template":"","meta":{"_acf_changed":false,"inline_featured_image":false},"product_cat":[16083,16073],"product_tag":[23912,16138,22072,21011],"acf":[],"yoast_head":"<!-- This site is optimized with the Yoast SEO Premium plugin v18.6 (Yoast SEO v19.13) - https:\/\/yoast.com\/wordpress\/plugins\/seo\/ -->\n<title>SAGE The Smart Grill Pro - Erresse Shop<\/title>\n<meta name=\"description\" content=\"Ya no necesitar\u00e1 un jard\u00edn para asar: gracias a un mejor control del calor, a los elementos integrados y a las placas extra\u00edbles, podr\u00e1 preparar sabrosas\" \/>\n<meta name=\"robots\" content=\"index, follow, max-snippet:-1, max-image-preview:large, max-video-preview:-1\" \/>\n<link rel=\"canonical\" href=\"https:\/\/www.erresse-shop.it\/es\/shop\/pequenos-electrodomesticos\/parrillas-y-barbacoas\/sage-the-smart-grill-pro\/\" \/>\n<meta property=\"og:locale\" content=\"es_ES\" \/>\n<meta property=\"og:type\" content=\"article\" \/>\n<meta property=\"og:title\" content=\"SAGE The Smart Grill Pro\" \/>\n<meta property=\"og:description\" content=\"Ya no necesitar\u00e1 un jard\u00edn para asar: gracias a un mejor control del calor, a los elementos integrados y a las placas extra\u00edbles, podr\u00e1 preparar sabrosas\" \/>\n<meta property=\"og:url\" content=\"https:\/\/www.erresse-shop.it\/es\/shop\/pequenos-electrodomesticos\/parrillas-y-barbacoas\/sage-the-smart-grill-pro\/\" \/>\n<meta property=\"og:site_name\" content=\"Erresse Shop\" \/>\n<meta property=\"article:modified_time\" content=\"2024-06-11T00:02:58+00:00\" \/>\n<meta property=\"og:image\" content=\"https:\/\/www.erresse-shop.it\/wp-content\/uploads\/2022\/04\/The-Smart-Grill-Pro-3.jpg\" \/>\n\t<meta property=\"og:image:width\" content=\"1000\" \/>\n\t<meta property=\"og:image:height\" content=\"1000\" \/>\n\t<meta property=\"og:image:type\" content=\"image\/jpeg\" \/>\n<meta name=\"twitter:card\" content=\"summary_large_image\" \/>\n<script type=\"application\/ld+json\" class=\"yoast-schema-graph\">{\"@context\":\"https:\/\/schema.org\",\"@graph\":[{\"@type\":\"WebPage\",\"@id\":\"https:\/\/www.erresse-shop.it\/es\/shop\/pequenos-electrodomesticos\/parrillas-y-barbacoas\/sage-the-smart-grill-pro\/\",\"url\":\"https:\/\/www.erresse-shop.it\/es\/shop\/pequenos-electrodomesticos\/parrillas-y-barbacoas\/sage-the-smart-grill-pro\/\",\"name\":\"SAGE The Smart Grill Pro - Erresse Shop\",\"isPartOf\":{\"@id\":\"https:\/\/www.erresse-shop.it\/es\/#website\"},\"datePublished\":\"2022-04-08T13:15:10+00:00\",\"dateModified\":\"2024-06-11T00:02:58+00:00\",\"description\":\"Ya no necesitar\u00e1 un jard\u00edn para asar: gracias a un mejor control del calor, a los elementos integrados y a las placas extra\u00edbles, podr\u00e1 preparar sabrosas\",\"breadcrumb\":{\"@id\":\"https:\/\/www.erresse-shop.it\/es\/shop\/pequenos-electrodomesticos\/parrillas-y-barbacoas\/sage-the-smart-grill-pro\/#breadcrumb\"},\"inLanguage\":\"es\",\"potentialAction\":[{\"@type\":\"ReadAction\",\"target\":[\"https:\/\/www.erresse-shop.it\/es\/shop\/pequenos-electrodomesticos\/parrillas-y-barbacoas\/sage-the-smart-grill-pro\/\"]}]},{\"@type\":\"BreadcrumbList\",\"@id\":\"https:\/\/www.erresse-shop.it\/es\/shop\/pequenos-electrodomesticos\/parrillas-y-barbacoas\/sage-the-smart-grill-pro\/#breadcrumb\",\"itemListElement\":[{\"@type\":\"ListItem\",\"position\":1,\"name\":\"Home\",\"item\":\"https:\/\/www.erresse-shop.it\/es\/\"},{\"@type\":\"ListItem\",\"position\":2,\"name\":\"Shop\",\"item\":\"https:\/\/www.erresse-shop.it\/es\/shop\/\"},{\"@type\":\"ListItem\",\"position\":3,\"name\":\"SAGE The Smart Grill Pro\"}]},{\"@type\":\"WebSite\",\"@id\":\"https:\/\/www.erresse-shop.it\/es\/#website\",\"url\":\"https:\/\/www.erresse-shop.it\/es\/\",\"name\":\"Erresse Shop\",\"description\":\"Articoli di qualit\u00e0 per la casa\",\"potentialAction\":[{\"@type\":\"SearchAction\",\"target\":{\"@type\":\"EntryPoint\",\"urlTemplate\":\"https:\/\/www.erresse-shop.it\/es\/?s={search_term_string}\"},\"query-input\":\"required name=search_term_string\"}],\"inLanguage\":\"es\"}]}<\/script>\n<!-- \/ Yoast SEO Premium plugin. -->","yoast_head_json":{"title":"SAGE The Smart Grill Pro - Erresse Shop","description":"Ya no necesitar\u00e1 un jard\u00edn para asar: gracias a un mejor control del calor, a los elementos integrados y a las placas extra\u00edbles, podr\u00e1 preparar sabrosas","robots":{"index":"index","follow":"follow","max-snippet":"max-snippet:-1","max-image-preview":"max-image-preview:large","max-video-preview":"max-video-preview:-1"},"canonical":"https:\/\/www.erresse-shop.it\/es\/shop\/pequenos-electrodomesticos\/parrillas-y-barbacoas\/sage-the-smart-grill-pro\/","og_locale":"es_ES","og_type":"article","og_title":"SAGE The Smart Grill Pro","og_description":"Ya no necesitar\u00e1 un jard\u00edn para asar: gracias a un mejor control del calor, a los elementos integrados y a las placas extra\u00edbles, podr\u00e1 preparar sabrosas","og_url":"https:\/\/www.erresse-shop.it\/es\/shop\/pequenos-electrodomesticos\/parrillas-y-barbacoas\/sage-the-smart-grill-pro\/","og_site_name":"Erresse Shop","article_modified_time":"2024-06-11T00:02:58+00:00","og_image":[{"width":1000,"height":1000,"url":"https:\/\/www.erresse-shop.it\/wp-content\/uploads\/2022\/04\/The-Smart-Grill-Pro-3.jpg","type":"image\/jpeg"}],"twitter_card":"summary_large_image","schema":{"@context":"https:\/\/schema.org","@graph":[{"@type":"WebPage","@id":"https:\/\/www.erresse-shop.it\/es\/shop\/pequenos-electrodomesticos\/parrillas-y-barbacoas\/sage-the-smart-grill-pro\/","url":"https:\/\/www.erresse-shop.it\/es\/shop\/pequenos-electrodomesticos\/parrillas-y-barbacoas\/sage-the-smart-grill-pro\/","name":"SAGE The Smart Grill Pro - Erresse Shop","isPartOf":{"@id":"https:\/\/www.erresse-shop.it\/es\/#website"},"datePublished":"2022-04-08T13:15:10+00:00","dateModified":"2024-06-11T00:02:58+00:00","description":"Ya no necesitar\u00e1 un jard\u00edn para asar: gracias a un mejor control del calor, a los elementos integrados y a las placas extra\u00edbles, podr\u00e1 preparar sabrosas","breadcrumb":{"@id":"https:\/\/www.erresse-shop.it\/es\/shop\/pequenos-electrodomesticos\/parrillas-y-barbacoas\/sage-the-smart-grill-pro\/#breadcrumb"},"inLanguage":"es","potentialAction":[{"@type":"ReadAction","target":["https:\/\/www.erresse-shop.it\/es\/shop\/pequenos-electrodomesticos\/parrillas-y-barbacoas\/sage-the-smart-grill-pro\/"]}]},{"@type":"BreadcrumbList","@id":"https:\/\/www.erresse-shop.it\/es\/shop\/pequenos-electrodomesticos\/parrillas-y-barbacoas\/sage-the-smart-grill-pro\/#breadcrumb","itemListElement":[{"@type":"ListItem","position":1,"name":"Home","item":"https:\/\/www.erresse-shop.it\/es\/"},{"@type":"ListItem","position":2,"name":"Shop","item":"https:\/\/www.erresse-shop.it\/es\/shop\/"},{"@type":"ListItem","position":3,"name":"SAGE The Smart Grill Pro"}]},{"@type":"WebSite","@id":"https:\/\/www.erresse-shop.it\/es\/#website","url":"https:\/\/www.erresse-shop.it\/es\/","name":"Erresse Shop","description":"Articoli di qualit\u00e0 per la casa","potentialAction":[{"@type":"SearchAction","target":{"@type":"EntryPoint","urlTemplate":"https:\/\/www.erresse-shop.it\/es\/?s={search_term_string}"},"query-input":"required name=search_term_string"}],"inLanguage":"es"}]}},"df_price":369.95,"df_sale_price":369.95,"df_regular_price":419.9,"df_image_link":"https:\/\/www.erresse-shop.it\/wp-content\/uploads\/2022\/04\/The-Smart-Grill-Pro-3-300x300.jpg","_links":{"self":[{"href":"https:\/\/www.erresse-shop.it\/es\/wp-json\/wp\/v2\/product\/150375"}],"collection":[{"href":"https:\/\/www.erresse-shop.it\/es\/wp-json\/wp\/v2\/product"}],"about":[{"href":"https:\/\/www.erresse-shop.it\/es\/wp-json\/wp\/v2\/types\/product"}],"wp:featuredmedia":[{"embeddable":true,"href":"https:\/\/www.erresse-shop.it\/es\/wp-json\/wp\/v2\/media\/150855"}],"wp:attachment":[{"href":"https:\/\/www.erresse-shop.it\/es\/wp-json\/wp\/v2\/media?parent=150375"}],"wp:term":[{"taxonomy":"product_cat","embeddable":true,"href":"https:\/\/www.erresse-shop.it\/es\/wp-json\/wp\/v2\/product_cat?post=150375"},{"taxonomy":"product_tag","embeddable":true,"href":"https:\/\/www.erresse-shop.it\/es\/wp-json\/wp\/v2\/product_tag?post=150375"}],"curies":[{"name":"wp","href":"https:\/\/api.w.org\/{rel}","templated":true}]}}