{"id":150308,"date":"2022-04-08T12:05:31","date_gmt":"2022-04-08T12:05:37","guid":{"rendered":"https:\/\/www.erresse-shop.it\/?post_type=product&#038;p=150308"},"modified":"2025-04-28T06:00:07","modified_gmt":"2025-04-28T06:00:07","slug":"sage-the-risotto-plus","status":"publish","type":"product","link":"https:\/\/www.erresse-shop.it\/es\/shop\/pequenos-electrodomesticos\/procesadores-de-alimentos\/sage-the-risotto-plus\/","title":{"rendered":"SAGE The Risotto Plus"},"content":{"rendered":"<p>No se deje enga\u00f1ar por el nombre: esta avanzada multicocina de 3,7 l tiene m\u00e1s de un truco bajo la manga. Su especialidad es el risotto sin revolver, que no necesita ser removido, pero los platos al vapor y las preparaciones a base de arroz blando y quinoa son otras flechas en su arco.<\/p>\n<p><strong>Multicooker<\/strong><\/p>\n<p>Hay una buena raz\u00f3n por la que el nombre de este aparato incluye &#8220;Plus&#8221;. Comodidad, seguridad y versatilidad con s\u00f3lo pulsar un bot\u00f3n: el Risotto Plus se convertir\u00e1 en un accesorio insustituible en su cocina.<\/p>\n<p><strong>Funci\u00f3n de vapor:<\/strong><\/p>\n<p>Adem\u00e1s de preparar risottos perfectos, el aparato tambi\u00e9n est\u00e1 equipado con una funci\u00f3n de cocci\u00f3n al vapor que es ideal para cocinar verduras, aves y mariscos y disfrutar de una cocina m\u00e1s saludable.<\/p>\n<p>&nbsp;<\/p>\n<p>Fuente de alimentaci\u00f3n: 760 vatios<\/p>\n<p>Taz\u00f3n antiadherente: Aluminio con revestimiento antiadherente<\/p>\n<p>Dimensiones (ancho x fondo x alto): 26 x 23 x 25 cm<\/p>\n<p>Funci\u00f3n de mantenimiento del calor: Se activa autom\u00e1ticamente cuando el arroz y los risottos est\u00e1n cocidos para mantener los platos calientes<\/p>\n<p>Ajustes: Risotto, Salteado, Arroz, Vapor, Cocci\u00f3n lenta baja\/alta, Funci\u00f3n autom\u00e1tica de mantener caliente<\/p>\n<p>Materiales de construcci\u00f3n: Tapa de vidrio templado, carcasa de acero inoxidable cepillado, recipiente de cocci\u00f3n con revestimiento antiadherente<\/p>\n<p>Capacidad: M\u00e1xima: 3,7 litros M\u00e1xima utilizable: 1,5 kg de arroz blanco y 1,8 litros de agua<br \/>\nVolumen m\u00ednimo: 300 g de arroz blanco y 360 ml de agua<br \/>\nTensi\u00f3n: 110-120 voltios<\/p>\n<p><strong>Accesorios<\/strong>:<\/p>\n<ul>\n<li>Bandeja de vapor de acero inoxidable<\/li>\n<li>Scoop<\/li>\n<li>Cuchara para servir<\/li>\n<\/ul>\n<p><strong>No disponible fuera de Europa<\/strong><\/p>\n","protected":false},"excerpt":{"rendered":"<p>No se deje enga\u00f1ar por el nombre: esta avanzada multicocina de 3,7 l tiene m\u00e1s de un truco bajo la<\/p>\n","protected":false},"featured_media":150325,"template":"","meta":{"_acf_changed":false,"inline_featured_image":false},"product_cat":[16073,16077],"product_tag":[23263],"acf":[],"yoast_head":"<!-- This site is optimized with the Yoast SEO Premium plugin v18.6 (Yoast SEO v19.13) - https:\/\/yoast.com\/wordpress\/plugins\/seo\/ -->\n<title>SAGE The Risotto Plus - Erresse Shop<\/title>\n<meta name=\"description\" content=\"No se deje enga\u00f1ar por el nombre: esta avanzada multicocina de 3,7 l tiene m\u00e1s de un truco bajo la manga. Su especialidad es el risotto sin revolver, que\" \/>\n<meta name=\"robots\" content=\"index, follow, max-snippet:-1, max-image-preview:large, max-video-preview:-1\" \/>\n<link rel=\"canonical\" href=\"https:\/\/www.erresse-shop.it\/es\/shop\/pequenos-electrodomesticos\/procesadores-de-alimentos\/sage-the-risotto-plus\/\" \/>\n<meta property=\"og:locale\" content=\"es_ES\" \/>\n<meta property=\"og:type\" content=\"article\" \/>\n<meta property=\"og:title\" content=\"SAGE The Risotto Plus\" \/>\n<meta property=\"og:description\" content=\"No se deje enga\u00f1ar por el nombre: esta avanzada multicocina de 3,7 l tiene m\u00e1s de un truco bajo la manga. Su especialidad es el risotto sin revolver, que\" \/>\n<meta property=\"og:url\" content=\"https:\/\/www.erresse-shop.it\/es\/shop\/pequenos-electrodomesticos\/procesadores-de-alimentos\/sage-the-risotto-plus\/\" \/>\n<meta property=\"og:site_name\" content=\"Erresse Shop\" \/>\n<meta property=\"article:modified_time\" content=\"2025-04-28T06:00:07+00:00\" \/>\n<meta property=\"og:image\" content=\"https:\/\/www.erresse-shop.it\/wp-content\/uploads\/2022\/04\/The-Risotto-Plus.jpg\" \/>\n\t<meta property=\"og:image:width\" content=\"992\" \/>\n\t<meta property=\"og:image:height\" content=\"992\" \/>\n\t<meta property=\"og:image:type\" content=\"image\/jpeg\" \/>\n<meta name=\"twitter:card\" content=\"summary_large_image\" \/>\n<script type=\"application\/ld+json\" class=\"yoast-schema-graph\">{\"@context\":\"https:\/\/schema.org\",\"@graph\":[{\"@type\":\"WebPage\",\"@id\":\"https:\/\/www.erresse-shop.it\/es\/shop\/pequenos-electrodomesticos\/procesadores-de-alimentos\/sage-the-risotto-plus\/\",\"url\":\"https:\/\/www.erresse-shop.it\/es\/shop\/pequenos-electrodomesticos\/procesadores-de-alimentos\/sage-the-risotto-plus\/\",\"name\":\"SAGE The Risotto Plus - Erresse Shop\",\"isPartOf\":{\"@id\":\"https:\/\/www.erresse-shop.it\/es\/#website\"},\"datePublished\":\"2022-04-08T12:05:37+00:00\",\"dateModified\":\"2025-04-28T06:00:07+00:00\",\"description\":\"No se deje enga\u00f1ar por el nombre: esta avanzada multicocina de 3,7 l tiene m\u00e1s de un truco bajo la manga. Su especialidad es el risotto sin revolver, que\",\"breadcrumb\":{\"@id\":\"https:\/\/www.erresse-shop.it\/es\/shop\/pequenos-electrodomesticos\/procesadores-de-alimentos\/sage-the-risotto-plus\/#breadcrumb\"},\"inLanguage\":\"es\",\"potentialAction\":[{\"@type\":\"ReadAction\",\"target\":[\"https:\/\/www.erresse-shop.it\/es\/shop\/pequenos-electrodomesticos\/procesadores-de-alimentos\/sage-the-risotto-plus\/\"]}]},{\"@type\":\"BreadcrumbList\",\"@id\":\"https:\/\/www.erresse-shop.it\/es\/shop\/pequenos-electrodomesticos\/procesadores-de-alimentos\/sage-the-risotto-plus\/#breadcrumb\",\"itemListElement\":[{\"@type\":\"ListItem\",\"position\":1,\"name\":\"Home\",\"item\":\"https:\/\/www.erresse-shop.it\/es\/\"},{\"@type\":\"ListItem\",\"position\":2,\"name\":\"Shop\",\"item\":\"https:\/\/www.erresse-shop.it\/es\/shop\/\"},{\"@type\":\"ListItem\",\"position\":3,\"name\":\"SAGE The Risotto Plus\"}]},{\"@type\":\"WebSite\",\"@id\":\"https:\/\/www.erresse-shop.it\/es\/#website\",\"url\":\"https:\/\/www.erresse-shop.it\/es\/\",\"name\":\"Erresse Shop\",\"description\":\"Articoli di qualit\u00e0 per la casa\",\"potentialAction\":[{\"@type\":\"SearchAction\",\"target\":{\"@type\":\"EntryPoint\",\"urlTemplate\":\"https:\/\/www.erresse-shop.it\/es\/?s={search_term_string}\"},\"query-input\":\"required name=search_term_string\"}],\"inLanguage\":\"es\"}]}<\/script>\n<!-- \/ Yoast SEO Premium plugin. -->","yoast_head_json":{"title":"SAGE The Risotto Plus - Erresse Shop","description":"No se deje enga\u00f1ar por el nombre: esta avanzada multicocina de 3,7 l tiene m\u00e1s de un truco bajo la manga. Su especialidad es el risotto sin revolver, que","robots":{"index":"index","follow":"follow","max-snippet":"max-snippet:-1","max-image-preview":"max-image-preview:large","max-video-preview":"max-video-preview:-1"},"canonical":"https:\/\/www.erresse-shop.it\/es\/shop\/pequenos-electrodomesticos\/procesadores-de-alimentos\/sage-the-risotto-plus\/","og_locale":"es_ES","og_type":"article","og_title":"SAGE The Risotto Plus","og_description":"No se deje enga\u00f1ar por el nombre: esta avanzada multicocina de 3,7 l tiene m\u00e1s de un truco bajo la manga. Su especialidad es el risotto sin revolver, que","og_url":"https:\/\/www.erresse-shop.it\/es\/shop\/pequenos-electrodomesticos\/procesadores-de-alimentos\/sage-the-risotto-plus\/","og_site_name":"Erresse Shop","article_modified_time":"2025-04-28T06:00:07+00:00","og_image":[{"width":992,"height":992,"url":"https:\/\/www.erresse-shop.it\/wp-content\/uploads\/2022\/04\/The-Risotto-Plus.jpg","type":"image\/jpeg"}],"twitter_card":"summary_large_image","schema":{"@context":"https:\/\/schema.org","@graph":[{"@type":"WebPage","@id":"https:\/\/www.erresse-shop.it\/es\/shop\/pequenos-electrodomesticos\/procesadores-de-alimentos\/sage-the-risotto-plus\/","url":"https:\/\/www.erresse-shop.it\/es\/shop\/pequenos-electrodomesticos\/procesadores-de-alimentos\/sage-the-risotto-plus\/","name":"SAGE The Risotto Plus - Erresse Shop","isPartOf":{"@id":"https:\/\/www.erresse-shop.it\/es\/#website"},"datePublished":"2022-04-08T12:05:37+00:00","dateModified":"2025-04-28T06:00:07+00:00","description":"No se deje enga\u00f1ar por el nombre: esta avanzada multicocina de 3,7 l tiene m\u00e1s de un truco bajo la manga. Su especialidad es el risotto sin revolver, que","breadcrumb":{"@id":"https:\/\/www.erresse-shop.it\/es\/shop\/pequenos-electrodomesticos\/procesadores-de-alimentos\/sage-the-risotto-plus\/#breadcrumb"},"inLanguage":"es","potentialAction":[{"@type":"ReadAction","target":["https:\/\/www.erresse-shop.it\/es\/shop\/pequenos-electrodomesticos\/procesadores-de-alimentos\/sage-the-risotto-plus\/"]}]},{"@type":"BreadcrumbList","@id":"https:\/\/www.erresse-shop.it\/es\/shop\/pequenos-electrodomesticos\/procesadores-de-alimentos\/sage-the-risotto-plus\/#breadcrumb","itemListElement":[{"@type":"ListItem","position":1,"name":"Home","item":"https:\/\/www.erresse-shop.it\/es\/"},{"@type":"ListItem","position":2,"name":"Shop","item":"https:\/\/www.erresse-shop.it\/es\/shop\/"},{"@type":"ListItem","position":3,"name":"SAGE The Risotto Plus"}]},{"@type":"WebSite","@id":"https:\/\/www.erresse-shop.it\/es\/#website","url":"https:\/\/www.erresse-shop.it\/es\/","name":"Erresse Shop","description":"Articoli di qualit\u00e0 per la casa","potentialAction":[{"@type":"SearchAction","target":{"@type":"EntryPoint","urlTemplate":"https:\/\/www.erresse-shop.it\/es\/?s={search_term_string}"},"query-input":"required name=search_term_string"}],"inLanguage":"es"}]}},"df_price":119,"df_sale_price":119,"df_regular_price":139.9,"df_image_link":"https:\/\/www.erresse-shop.it\/wp-content\/uploads\/2022\/04\/The-Risotto-Plus-300x300.jpg","_links":{"self":[{"href":"https:\/\/www.erresse-shop.it\/es\/wp-json\/wp\/v2\/product\/150308"}],"collection":[{"href":"https:\/\/www.erresse-shop.it\/es\/wp-json\/wp\/v2\/product"}],"about":[{"href":"https:\/\/www.erresse-shop.it\/es\/wp-json\/wp\/v2\/types\/product"}],"wp:featuredmedia":[{"embeddable":true,"href":"https:\/\/www.erresse-shop.it\/es\/wp-json\/wp\/v2\/media\/150325"}],"wp:attachment":[{"href":"https:\/\/www.erresse-shop.it\/es\/wp-json\/wp\/v2\/media?parent=150308"}],"wp:term":[{"taxonomy":"product_cat","embeddable":true,"href":"https:\/\/www.erresse-shop.it\/es\/wp-json\/wp\/v2\/product_cat?post=150308"},{"taxonomy":"product_tag","embeddable":true,"href":"https:\/\/www.erresse-shop.it\/es\/wp-json\/wp\/v2\/product_tag?post=150308"}],"curies":[{"name":"wp","href":"https:\/\/api.w.org\/{rel}","templated":true}]}}