{"id":149666,"date":"2022-04-06T10:28:31","date_gmt":"2022-04-06T10:28:33","guid":{"rendered":"https:\/\/www.erresse-shop.it\/?post_type=product&#038;p=149666"},"modified":"2024-06-03T00:01:45","modified_gmt":"2024-06-03T00:01:45","slug":"sage-the-oracle","status":"publish","type":"product","link":"https:\/\/www.erresse-shop.it\/es\/shop\/pequenos-electrodomesticos\/maquinas-de-cafe\/automatico\/sage-the-oracle\/","title":{"rendered":"SAGE The Oracle"},"content":{"rendered":"<p>The Oracle crea caf\u00e9 de tal calidad que te sentir\u00e1s como en tu cafeter\u00eda favorita. Sus funciones autom\u00e1ticas de molido, dosificaci\u00f3n, prensado y texturizaci\u00f3n de la leche mecanizan las dos partes m\u00e1s dif\u00edciles de la preparaci\u00f3n manual del expreso. Puedes extraer el caf\u00e9 y texturizar la leche al mismo tiempo, para pasar de grano a latte en menos de un minuto.<\/p>\n<p><strong>Molido y Prensado Autom\u00e1ticos<\/strong><br \/>\nEl molinillo c\u00f3nico de muela completamente integrado muele, dosifica y prensa autom\u00e1ticamente 22 gramos de caf\u00e9 directamente en el portafiltros.<\/p>\n<p><strong>Extracci\u00f3n Precisa Para Expreso<\/strong><br \/>\nLos dos calentadores de acero inoxidable y el grupo calentado con control de temperatura digital (PID) ponen el agua a la temperatura precisa para extraer el m\u00e1ximo sabor.<\/p>\n<p>Capacidad del dep\u00f3sito de caf\u00e9: 280 g<br \/>\nCapacidad del dep\u00f3sito de agua: 2,5 l<br \/>\nDimensiones (ancho x prof x alto): 40.9 x 37.3 x 45.3 cm<br \/>\nFunci\u00f3n de preinfusi\u00f3n: Aumenta gradualmente la presi\u00f3n del agua para expandir delicadamente la molienda y lograr una extracci\u00f3n uniforme.<br \/>\nGarant\u00eda: Garant\u00eda de reparaci\u00f3n, sustituci\u00f3n o reembolso de 2 a\u00f1os (a criterio exclusivo de Sage Appliances)<br \/>\nMateriales: Exterior de acero inoxidable cepillado; Dos calentadores de acero inoxidable<br \/>\nMolinillo de caf\u00e9 integrado: Molinillo c\u00f3nico de muela en acero inoxidable<br \/>\nPotencia: 2400 Vatios<br \/>\nTemporizador: El reloj de la dosis de expreso muestra la duraci\u00f3n de la extracci\u00f3n como gu\u00eda para su consistencia.<br \/>\nVoltaje: 220\u2013240 Voltios<br \/>\nV\u00e1lvula de sobrepresi\u00f3n: Esta caracter\u00edstica de nivel comercial limita la presi\u00f3n de bomba italiana de 15 bares durante la extracci\u00f3n, lo que evita sabores amargos en el caf\u00e9.<\/p>\n<p><strong>Accesorios incluidos:<\/strong><\/p>\n<ul>\n<li>Minicubo para restos de caf\u00e9<\/li>\n<li>Portafiltros de acero inoxidable de 58 mm<\/li>\n<li>Filtros no presurizados para 1 y 2 tazas<\/li>\n<li>Jarra de leche de acero inoxidable de 480 ml<\/li>\n<li>Piezas de recambio para el vaporizador<\/li>\n<li>Kit de limpieza<\/li>\n<li>Tira para test de dureza del agua<\/li>\n<li>Filtro de agua con soporte<\/li>\n<\/ul>\n<p><strong>Ajustes:<\/strong><\/p>\n<ul>\n<li>Control de molido regulable<\/li>\n<li>Temperatura y textura de la leche programables<\/li>\n<li>Expreso sencillo\/doble<\/li>\n<li>Americano<\/li>\n<li>Agua caliente<\/li>\n<\/ul>\n<p><strong>Sistema de calor triple:<\/strong><\/p>\n<ul>\n<li>El calentador de vapor exclusivo con intercambio de calor integrado ofrece una estabilidad t\u00e9rmica superior<\/li>\n<li>El calentador de expreso especial con control PID digital ofrece una temperatura precisa del agua<\/li>\n<li>Grupo calentado: la resistencia integrada controlada por PID mantiene la estabilidad t\u00e9rmica<\/li>\n<\/ul>\n<p><strong>No se vende fuera de Europa<\/strong><\/p>\n","protected":false},"excerpt":{"rendered":"<p>The Oracle crea caf\u00e9 de tal calidad que te sentir\u00e1s como en tu cafeter\u00eda favorita. Sus funciones autom\u00e1ticas de molido,<\/p>\n","protected":false},"featured_media":149678,"template":"","meta":{"_acf_changed":false,"inline_featured_image":false},"product_cat":[25362,16076,16073],"product_tag":[23574,16307,23570],"acf":[],"yoast_head":"<!-- This site is optimized with the Yoast SEO Premium plugin v18.6 (Yoast SEO v19.13) - https:\/\/yoast.com\/wordpress\/plugins\/seo\/ -->\n<title>SAGE The Oracle - Erresse Shop<\/title>\n<meta name=\"description\" content=\"The Oracle crea caf\u00e9 de tal calidad que te sentir\u00e1s como en tu cafeter\u00eda favorita. Sus funciones autom\u00e1ticas de molido, dosificaci\u00f3n, prensado y\" \/>\n<meta name=\"robots\" content=\"index, follow, max-snippet:-1, max-image-preview:large, max-video-preview:-1\" \/>\n<link rel=\"canonical\" href=\"https:\/\/www.erresse-shop.it\/es\/shop\/pequenos-electrodomesticos\/maquinas-de-cafe\/automatico\/sage-the-oracle\/\" \/>\n<meta property=\"og:locale\" content=\"es_ES\" \/>\n<meta property=\"og:type\" content=\"article\" \/>\n<meta property=\"og:title\" content=\"SAGE The Oracle\" \/>\n<meta property=\"og:description\" content=\"The Oracle crea caf\u00e9 de tal calidad que te sentir\u00e1s como en tu cafeter\u00eda favorita. Sus funciones autom\u00e1ticas de molido, dosificaci\u00f3n, prensado y\" \/>\n<meta property=\"og:url\" content=\"https:\/\/www.erresse-shop.it\/es\/shop\/pequenos-electrodomesticos\/maquinas-de-cafe\/automatico\/sage-the-oracle\/\" \/>\n<meta property=\"og:site_name\" content=\"Erresse Shop\" \/>\n<meta property=\"article:modified_time\" content=\"2024-06-03T00:01:45+00:00\" \/>\n<meta property=\"og:image\" content=\"https:\/\/www.erresse-shop.it\/wp-content\/uploads\/2022\/04\/The-Oracle.jpg\" \/>\n\t<meta property=\"og:image:width\" content=\"992\" \/>\n\t<meta property=\"og:image:height\" content=\"992\" \/>\n\t<meta property=\"og:image:type\" content=\"image\/jpeg\" \/>\n<meta name=\"twitter:card\" content=\"summary_large_image\" \/>\n<script type=\"application\/ld+json\" class=\"yoast-schema-graph\">{\"@context\":\"https:\/\/schema.org\",\"@graph\":[{\"@type\":\"WebPage\",\"@id\":\"https:\/\/www.erresse-shop.it\/es\/shop\/pequenos-electrodomesticos\/maquinas-de-cafe\/automatico\/sage-the-oracle\/\",\"url\":\"https:\/\/www.erresse-shop.it\/es\/shop\/pequenos-electrodomesticos\/maquinas-de-cafe\/automatico\/sage-the-oracle\/\",\"name\":\"SAGE The Oracle - Erresse Shop\",\"isPartOf\":{\"@id\":\"https:\/\/www.erresse-shop.it\/es\/#website\"},\"datePublished\":\"2022-04-06T10:28:33+00:00\",\"dateModified\":\"2024-06-03T00:01:45+00:00\",\"description\":\"The Oracle crea caf\u00e9 de tal calidad que te sentir\u00e1s como en tu cafeter\u00eda favorita. Sus funciones autom\u00e1ticas de molido, dosificaci\u00f3n, prensado y\",\"breadcrumb\":{\"@id\":\"https:\/\/www.erresse-shop.it\/es\/shop\/pequenos-electrodomesticos\/maquinas-de-cafe\/automatico\/sage-the-oracle\/#breadcrumb\"},\"inLanguage\":\"es\",\"potentialAction\":[{\"@type\":\"ReadAction\",\"target\":[\"https:\/\/www.erresse-shop.it\/es\/shop\/pequenos-electrodomesticos\/maquinas-de-cafe\/automatico\/sage-the-oracle\/\"]}]},{\"@type\":\"BreadcrumbList\",\"@id\":\"https:\/\/www.erresse-shop.it\/es\/shop\/pequenos-electrodomesticos\/maquinas-de-cafe\/automatico\/sage-the-oracle\/#breadcrumb\",\"itemListElement\":[{\"@type\":\"ListItem\",\"position\":1,\"name\":\"Home\",\"item\":\"https:\/\/www.erresse-shop.it\/es\/\"},{\"@type\":\"ListItem\",\"position\":2,\"name\":\"Shop\",\"item\":\"https:\/\/www.erresse-shop.it\/es\/shop\/\"},{\"@type\":\"ListItem\",\"position\":3,\"name\":\"SAGE The Oracle\"}]},{\"@type\":\"WebSite\",\"@id\":\"https:\/\/www.erresse-shop.it\/es\/#website\",\"url\":\"https:\/\/www.erresse-shop.it\/es\/\",\"name\":\"Erresse Shop\",\"description\":\"Articoli di qualit\u00e0 per la casa\",\"potentialAction\":[{\"@type\":\"SearchAction\",\"target\":{\"@type\":\"EntryPoint\",\"urlTemplate\":\"https:\/\/www.erresse-shop.it\/es\/?s={search_term_string}\"},\"query-input\":\"required name=search_term_string\"}],\"inLanguage\":\"es\"}]}<\/script>\n<!-- \/ Yoast SEO Premium plugin. -->","yoast_head_json":{"title":"SAGE The Oracle - Erresse Shop","description":"The Oracle crea caf\u00e9 de tal calidad que te sentir\u00e1s como en tu cafeter\u00eda favorita. Sus funciones autom\u00e1ticas de molido, dosificaci\u00f3n, prensado y","robots":{"index":"index","follow":"follow","max-snippet":"max-snippet:-1","max-image-preview":"max-image-preview:large","max-video-preview":"max-video-preview:-1"},"canonical":"https:\/\/www.erresse-shop.it\/es\/shop\/pequenos-electrodomesticos\/maquinas-de-cafe\/automatico\/sage-the-oracle\/","og_locale":"es_ES","og_type":"article","og_title":"SAGE The Oracle","og_description":"The Oracle crea caf\u00e9 de tal calidad que te sentir\u00e1s como en tu cafeter\u00eda favorita. Sus funciones autom\u00e1ticas de molido, dosificaci\u00f3n, prensado y","og_url":"https:\/\/www.erresse-shop.it\/es\/shop\/pequenos-electrodomesticos\/maquinas-de-cafe\/automatico\/sage-the-oracle\/","og_site_name":"Erresse Shop","article_modified_time":"2024-06-03T00:01:45+00:00","og_image":[{"width":992,"height":992,"url":"https:\/\/www.erresse-shop.it\/wp-content\/uploads\/2022\/04\/The-Oracle.jpg","type":"image\/jpeg"}],"twitter_card":"summary_large_image","schema":{"@context":"https:\/\/schema.org","@graph":[{"@type":"WebPage","@id":"https:\/\/www.erresse-shop.it\/es\/shop\/pequenos-electrodomesticos\/maquinas-de-cafe\/automatico\/sage-the-oracle\/","url":"https:\/\/www.erresse-shop.it\/es\/shop\/pequenos-electrodomesticos\/maquinas-de-cafe\/automatico\/sage-the-oracle\/","name":"SAGE The Oracle - Erresse Shop","isPartOf":{"@id":"https:\/\/www.erresse-shop.it\/es\/#website"},"datePublished":"2022-04-06T10:28:33+00:00","dateModified":"2024-06-03T00:01:45+00:00","description":"The Oracle crea caf\u00e9 de tal calidad que te sentir\u00e1s como en tu cafeter\u00eda favorita. Sus funciones autom\u00e1ticas de molido, dosificaci\u00f3n, prensado y","breadcrumb":{"@id":"https:\/\/www.erresse-shop.it\/es\/shop\/pequenos-electrodomesticos\/maquinas-de-cafe\/automatico\/sage-the-oracle\/#breadcrumb"},"inLanguage":"es","potentialAction":[{"@type":"ReadAction","target":["https:\/\/www.erresse-shop.it\/es\/shop\/pequenos-electrodomesticos\/maquinas-de-cafe\/automatico\/sage-the-oracle\/"]}]},{"@type":"BreadcrumbList","@id":"https:\/\/www.erresse-shop.it\/es\/shop\/pequenos-electrodomesticos\/maquinas-de-cafe\/automatico\/sage-the-oracle\/#breadcrumb","itemListElement":[{"@type":"ListItem","position":1,"name":"Home","item":"https:\/\/www.erresse-shop.it\/es\/"},{"@type":"ListItem","position":2,"name":"Shop","item":"https:\/\/www.erresse-shop.it\/es\/shop\/"},{"@type":"ListItem","position":3,"name":"SAGE The Oracle"}]},{"@type":"WebSite","@id":"https:\/\/www.erresse-shop.it\/es\/#website","url":"https:\/\/www.erresse-shop.it\/es\/","name":"Erresse Shop","description":"Articoli di qualit\u00e0 per la casa","potentialAction":[{"@type":"SearchAction","target":{"@type":"EntryPoint","urlTemplate":"https:\/\/www.erresse-shop.it\/es\/?s={search_term_string}"},"query-input":"required name=search_term_string"}],"inLanguage":"es"}]}},"df_price":1799.95,"df_sale_price":1799.95,"df_regular_price":2099.9,"df_image_link":"https:\/\/www.erresse-shop.it\/wp-content\/uploads\/2022\/04\/The-Oracle-300x300.jpg","_links":{"self":[{"href":"https:\/\/www.erresse-shop.it\/es\/wp-json\/wp\/v2\/product\/149666"}],"collection":[{"href":"https:\/\/www.erresse-shop.it\/es\/wp-json\/wp\/v2\/product"}],"about":[{"href":"https:\/\/www.erresse-shop.it\/es\/wp-json\/wp\/v2\/types\/product"}],"wp:featuredmedia":[{"embeddable":true,"href":"https:\/\/www.erresse-shop.it\/es\/wp-json\/wp\/v2\/media\/149678"}],"wp:attachment":[{"href":"https:\/\/www.erresse-shop.it\/es\/wp-json\/wp\/v2\/media?parent=149666"}],"wp:term":[{"taxonomy":"product_cat","embeddable":true,"href":"https:\/\/www.erresse-shop.it\/es\/wp-json\/wp\/v2\/product_cat?post=149666"},{"taxonomy":"product_tag","embeddable":true,"href":"https:\/\/www.erresse-shop.it\/es\/wp-json\/wp\/v2\/product_tag?post=149666"}],"curies":[{"name":"wp","href":"https:\/\/api.w.org\/{rel}","templated":true}]}}