{"id":148626,"date":"2022-04-01T12:15:29","date_gmt":"2022-04-01T12:15:33","guid":{"rendered":"https:\/\/www.erresse-shop.it\/?post_type=product&#038;p=148626"},"modified":"2024-06-11T00:02:51","modified_gmt":"2024-06-11T00:02:51","slug":"rosenthal-jarron-squall-32-cm-oro","status":"publish","type":"product","link":"https:\/\/www.erresse-shop.it\/es\/shop\/mobiliario\/jarrones\/rosenthal-jarron-squall-32-cm-oro\/","title":{"rendered":"ROSENTHAL Jarr\u00f3n Squall 32 cm Oro"},"content":{"rendered":"<p>Dise\u00f1ada por C\u00e9dric Ragot para Rosenthal, Squall es una colecci\u00f3n de jarrones de fina porcelana con acabado pulido.<br \/>\nSquall es una colecci\u00f3n de jarrones con un dise\u00f1o elegante y din\u00e1mico.<\/p>\n<p>Inspirado y fascinado por la plasticidad y los l\u00edmites de la deformabilidad de los materiales, el dise\u00f1ador C\u00e9dric Ragot, crea Squall. Estos jarrones desaf\u00edan sus l\u00edmites y se deforman, creando un efecto \u00fanico y magn\u00edfico de movimiento y sinuosidad.<\/p>\n<p><strong>Material:<\/strong> porcelana<br \/>\n<strong>Colecci\u00f3n:<\/strong> Squall<\/p>\n","protected":false},"excerpt":{"rendered":"<p>Dise\u00f1ada por C\u00e9dric Ragot para Rosenthal, Squall es una colecci\u00f3n de jarrones de fina porcelana con acabado pulido. Squall es<\/p>\n","protected":false},"featured_media":148637,"template":"","meta":{"_acf_changed":false,"inline_featured_image":false},"product_cat":[16024,16016],"product_tag":[23912,23692,16122,18570],"acf":[],"yoast_head":"<!-- This site is optimized with the Yoast SEO Premium plugin v18.6 (Yoast SEO v19.13) - https:\/\/yoast.com\/wordpress\/plugins\/seo\/ -->\n<title>ROSENTHAL Jarr\u00f3n Squall 32 cm Oro - Erresse Shop<\/title>\n<meta name=\"description\" content=\"Dise\u00f1ada por C\u00e9dric Ragot para Rosenthal, Squall es una colecci\u00f3n de jarrones de fina porcelana con acabado pulido. Squall es una colecci\u00f3n de jarrones\" \/>\n<meta name=\"robots\" content=\"index, follow, max-snippet:-1, max-image-preview:large, max-video-preview:-1\" \/>\n<link rel=\"canonical\" href=\"https:\/\/www.erresse-shop.it\/es\/shop\/mobiliario\/jarrones\/rosenthal-jarron-squall-32-cm-oro\/\" \/>\n<meta property=\"og:locale\" content=\"es_ES\" \/>\n<meta property=\"og:type\" content=\"article\" \/>\n<meta property=\"og:title\" content=\"ROSENTHAL Jarr\u00f3n Squall 32 cm Oro\" \/>\n<meta property=\"og:description\" content=\"Dise\u00f1ada por C\u00e9dric Ragot para Rosenthal, Squall es una colecci\u00f3n de jarrones de fina porcelana con acabado pulido. Squall es una colecci\u00f3n de jarrones\" \/>\n<meta property=\"og:url\" content=\"https:\/\/www.erresse-shop.it\/es\/shop\/mobiliario\/jarrones\/rosenthal-jarron-squall-32-cm-oro\/\" \/>\n<meta property=\"og:site_name\" content=\"Erresse Shop\" \/>\n<meta property=\"article:modified_time\" content=\"2024-06-11T00:02:51+00:00\" \/>\n<meta property=\"og:image\" content=\"https:\/\/www.erresse-shop.it\/wp-content\/uploads\/2022\/04\/Vaso-Squall-Gold-titanisiert-32-cm.jpg\" \/>\n\t<meta property=\"og:image:width\" content=\"1000\" \/>\n\t<meta property=\"og:image:height\" content=\"1000\" \/>\n\t<meta property=\"og:image:type\" content=\"image\/jpeg\" \/>\n<meta name=\"twitter:card\" content=\"summary_large_image\" \/>\n<script type=\"application\/ld+json\" class=\"yoast-schema-graph\">{\"@context\":\"https:\/\/schema.org\",\"@graph\":[{\"@type\":\"WebPage\",\"@id\":\"https:\/\/www.erresse-shop.it\/es\/shop\/mobiliario\/jarrones\/rosenthal-jarron-squall-32-cm-oro\/\",\"url\":\"https:\/\/www.erresse-shop.it\/es\/shop\/mobiliario\/jarrones\/rosenthal-jarron-squall-32-cm-oro\/\",\"name\":\"ROSENTHAL Jarr\u00f3n Squall 32 cm Oro - Erresse Shop\",\"isPartOf\":{\"@id\":\"https:\/\/www.erresse-shop.it\/es\/#website\"},\"datePublished\":\"2022-04-01T12:15:33+00:00\",\"dateModified\":\"2024-06-11T00:02:51+00:00\",\"description\":\"Dise\u00f1ada por C\u00e9dric Ragot para Rosenthal, Squall es una colecci\u00f3n de jarrones de fina porcelana con acabado pulido. Squall es una colecci\u00f3n de jarrones\",\"breadcrumb\":{\"@id\":\"https:\/\/www.erresse-shop.it\/es\/shop\/mobiliario\/jarrones\/rosenthal-jarron-squall-32-cm-oro\/#breadcrumb\"},\"inLanguage\":\"es\",\"potentialAction\":[{\"@type\":\"ReadAction\",\"target\":[\"https:\/\/www.erresse-shop.it\/es\/shop\/mobiliario\/jarrones\/rosenthal-jarron-squall-32-cm-oro\/\"]}]},{\"@type\":\"BreadcrumbList\",\"@id\":\"https:\/\/www.erresse-shop.it\/es\/shop\/mobiliario\/jarrones\/rosenthal-jarron-squall-32-cm-oro\/#breadcrumb\",\"itemListElement\":[{\"@type\":\"ListItem\",\"position\":1,\"name\":\"Home\",\"item\":\"https:\/\/www.erresse-shop.it\/es\/\"},{\"@type\":\"ListItem\",\"position\":2,\"name\":\"Shop\",\"item\":\"https:\/\/www.erresse-shop.it\/es\/shop\/\"},{\"@type\":\"ListItem\",\"position\":3,\"name\":\"ROSENTHAL Jarr\u00f3n Squall 32 cm Oro\"}]},{\"@type\":\"WebSite\",\"@id\":\"https:\/\/www.erresse-shop.it\/es\/#website\",\"url\":\"https:\/\/www.erresse-shop.it\/es\/\",\"name\":\"Erresse Shop\",\"description\":\"Articoli di qualit\u00e0 per la casa\",\"potentialAction\":[{\"@type\":\"SearchAction\",\"target\":{\"@type\":\"EntryPoint\",\"urlTemplate\":\"https:\/\/www.erresse-shop.it\/es\/?s={search_term_string}\"},\"query-input\":\"required name=search_term_string\"}],\"inLanguage\":\"es\"}]}<\/script>\n<!-- \/ Yoast SEO Premium plugin. -->","yoast_head_json":{"title":"ROSENTHAL Jarr\u00f3n Squall 32 cm Oro - Erresse Shop","description":"Dise\u00f1ada por C\u00e9dric Ragot para Rosenthal, Squall es una colecci\u00f3n de jarrones de fina porcelana con acabado pulido. Squall es una colecci\u00f3n de jarrones","robots":{"index":"index","follow":"follow","max-snippet":"max-snippet:-1","max-image-preview":"max-image-preview:large","max-video-preview":"max-video-preview:-1"},"canonical":"https:\/\/www.erresse-shop.it\/es\/shop\/mobiliario\/jarrones\/rosenthal-jarron-squall-32-cm-oro\/","og_locale":"es_ES","og_type":"article","og_title":"ROSENTHAL Jarr\u00f3n Squall 32 cm Oro","og_description":"Dise\u00f1ada por C\u00e9dric Ragot para Rosenthal, Squall es una colecci\u00f3n de jarrones de fina porcelana con acabado pulido. Squall es una colecci\u00f3n de jarrones","og_url":"https:\/\/www.erresse-shop.it\/es\/shop\/mobiliario\/jarrones\/rosenthal-jarron-squall-32-cm-oro\/","og_site_name":"Erresse Shop","article_modified_time":"2024-06-11T00:02:51+00:00","og_image":[{"width":1000,"height":1000,"url":"https:\/\/www.erresse-shop.it\/wp-content\/uploads\/2022\/04\/Vaso-Squall-Gold-titanisiert-32-cm.jpg","type":"image\/jpeg"}],"twitter_card":"summary_large_image","schema":{"@context":"https:\/\/schema.org","@graph":[{"@type":"WebPage","@id":"https:\/\/www.erresse-shop.it\/es\/shop\/mobiliario\/jarrones\/rosenthal-jarron-squall-32-cm-oro\/","url":"https:\/\/www.erresse-shop.it\/es\/shop\/mobiliario\/jarrones\/rosenthal-jarron-squall-32-cm-oro\/","name":"ROSENTHAL Jarr\u00f3n Squall 32 cm Oro - Erresse Shop","isPartOf":{"@id":"https:\/\/www.erresse-shop.it\/es\/#website"},"datePublished":"2022-04-01T12:15:33+00:00","dateModified":"2024-06-11T00:02:51+00:00","description":"Dise\u00f1ada por C\u00e9dric Ragot para Rosenthal, Squall es una colecci\u00f3n de jarrones de fina porcelana con acabado pulido. Squall es una colecci\u00f3n de jarrones","breadcrumb":{"@id":"https:\/\/www.erresse-shop.it\/es\/shop\/mobiliario\/jarrones\/rosenthal-jarron-squall-32-cm-oro\/#breadcrumb"},"inLanguage":"es","potentialAction":[{"@type":"ReadAction","target":["https:\/\/www.erresse-shop.it\/es\/shop\/mobiliario\/jarrones\/rosenthal-jarron-squall-32-cm-oro\/"]}]},{"@type":"BreadcrumbList","@id":"https:\/\/www.erresse-shop.it\/es\/shop\/mobiliario\/jarrones\/rosenthal-jarron-squall-32-cm-oro\/#breadcrumb","itemListElement":[{"@type":"ListItem","position":1,"name":"Home","item":"https:\/\/www.erresse-shop.it\/es\/"},{"@type":"ListItem","position":2,"name":"Shop","item":"https:\/\/www.erresse-shop.it\/es\/shop\/"},{"@type":"ListItem","position":3,"name":"ROSENTHAL Jarr\u00f3n Squall 32 cm Oro"}]},{"@type":"WebSite","@id":"https:\/\/www.erresse-shop.it\/es\/#website","url":"https:\/\/www.erresse-shop.it\/es\/","name":"Erresse Shop","description":"Articoli di qualit\u00e0 per la casa","potentialAction":[{"@type":"SearchAction","target":{"@type":"EntryPoint","urlTemplate":"https:\/\/www.erresse-shop.it\/es\/?s={search_term_string}"},"query-input":"required name=search_term_string"}],"inLanguage":"es"}]}},"df_price":257.95000000000005,"df_sale_price":257.95000000000005,"df_regular_price":469,"df_image_link":"https:\/\/www.erresse-shop.it\/wp-content\/uploads\/2022\/04\/Vaso-Squall-Gold-titanisiert-32-cm-300x300.jpg","_links":{"self":[{"href":"https:\/\/www.erresse-shop.it\/es\/wp-json\/wp\/v2\/product\/148626"}],"collection":[{"href":"https:\/\/www.erresse-shop.it\/es\/wp-json\/wp\/v2\/product"}],"about":[{"href":"https:\/\/www.erresse-shop.it\/es\/wp-json\/wp\/v2\/types\/product"}],"wp:featuredmedia":[{"embeddable":true,"href":"https:\/\/www.erresse-shop.it\/es\/wp-json\/wp\/v2\/media\/148637"}],"wp:attachment":[{"href":"https:\/\/www.erresse-shop.it\/es\/wp-json\/wp\/v2\/media?parent=148626"}],"wp:term":[{"taxonomy":"product_cat","embeddable":true,"href":"https:\/\/www.erresse-shop.it\/es\/wp-json\/wp\/v2\/product_cat?post=148626"},{"taxonomy":"product_tag","embeddable":true,"href":"https:\/\/www.erresse-shop.it\/es\/wp-json\/wp\/v2\/product_tag?post=148626"}],"curies":[{"name":"wp","href":"https:\/\/api.w.org\/{rel}","templated":true}]}}