{"id":148524,"date":"2022-04-01T09:40:56","date_gmt":"2022-04-01T09:40:59","guid":{"rendered":"https:\/\/www.erresse-shop.it\/?post_type=product&#038;p=148524"},"modified":"2023-06-20T09:45:14","modified_gmt":"2023-06-20T09:45:14","slug":"rosenthal-jarron-de-fases-jarron-30-cm-blanco-mate","status":"publish","type":"product","link":"https:\/\/www.erresse-shop.it\/es\/shop\/mobiliario\/jarrones\/rosenthal-jarron-de-fases-jarron-30-cm-blanco-mate\/","title":{"rendered":"ROSENTHAL Jarr\u00f3n de Fases Jarr\u00f3n 30 cm Blanco mate"},"content":{"rendered":"<p>El jarr\u00f3n de la colecci\u00f3n PHASES de Rosenthal, creado por Dror Benshetrits, un dise\u00f1ador dedicado a la innovaci\u00f3n que a trav\u00e9s de nuevos usos de los materiales, tanto en las t\u00e9cnicas como en las formas, ha creado esta colecci\u00f3n, inspirada en el concepto de las distintas etapas de la vida.<br \/>\nUtilizando la forma de un jarr\u00f3n con formas suaves y femeninas, representa, a trav\u00e9s de una fase de destrucci\u00f3n, la transformaci\u00f3n en un objeto que, aunque m\u00e1s \u00e1spero, es tambi\u00e9n m\u00e1s interesante y fascinante.<br \/>\nGracias a un proceso de reparaci\u00f3n que pretende realzar los rasgos reci\u00e9n adquiridos del jarr\u00f3n, en lugar de intentar restaurar las formas originales, consolida su sugerente aspecto.<\/p>\n<p>Material: porcelana<br \/>\nColecci\u00f3n: Fases<\/p>\n","protected":false},"excerpt":{"rendered":"<p>El jarr\u00f3n de la colecci\u00f3n PHASES de Rosenthal, creado por Dror Benshetrits, un dise\u00f1ador dedicado a la innovaci\u00f3n que a<\/p>\n","protected":false},"featured_media":148519,"template":"","meta":{"_acf_changed":false,"inline_featured_image":false},"product_cat":[16024,16016],"product_tag":[23912,23692,16122,18595],"acf":[],"yoast_head":"<!-- This site is optimized with the Yoast SEO Premium plugin v18.6 (Yoast SEO v19.13) - https:\/\/yoast.com\/wordpress\/plugins\/seo\/ -->\n<title>ROSENTHAL Jarr\u00f3n de Fases Jarr\u00f3n 30 cm Blanco mate - Erresse Shop<\/title>\n<meta name=\"description\" content=\"El jarr\u00f3n de la colecci\u00f3n PHASES de Rosenthal, creado por Dror Benshetrits, un dise\u00f1ador dedicado a la innovaci\u00f3n que a trav\u00e9s de nuevos usos de los\" \/>\n<meta name=\"robots\" content=\"index, follow, max-snippet:-1, max-image-preview:large, max-video-preview:-1\" \/>\n<link rel=\"canonical\" href=\"https:\/\/www.erresse-shop.it\/es\/shop\/mobiliario\/jarrones\/rosenthal-jarron-de-fases-jarron-30-cm-blanco-mate\/\" \/>\n<meta property=\"og:locale\" content=\"es_ES\" \/>\n<meta property=\"og:type\" content=\"article\" \/>\n<meta property=\"og:title\" content=\"ROSENTHAL Jarr\u00f3n de Fases Jarr\u00f3n 30 cm Blanco mate\" \/>\n<meta property=\"og:description\" content=\"El jarr\u00f3n de la colecci\u00f3n PHASES de Rosenthal, creado por Dror Benshetrits, un dise\u00f1ador dedicado a la innovaci\u00f3n que a trav\u00e9s de nuevos usos de los\" \/>\n<meta property=\"og:url\" content=\"https:\/\/www.erresse-shop.it\/es\/shop\/mobiliario\/jarrones\/rosenthal-jarron-de-fases-jarron-30-cm-blanco-mate\/\" \/>\n<meta property=\"og:site_name\" content=\"Erresse Shop\" \/>\n<meta property=\"article:modified_time\" content=\"2023-06-20T09:45:14+00:00\" \/>\n<meta property=\"og:image\" content=\"https:\/\/www.erresse-shop.it\/wp-content\/uploads\/2022\/04\/Vaso-Vase-of-Phases-Weiss-30cm.jpg\" \/>\n\t<meta property=\"og:image:width\" content=\"1000\" \/>\n\t<meta property=\"og:image:height\" content=\"1000\" \/>\n\t<meta property=\"og:image:type\" content=\"image\/jpeg\" \/>\n<meta name=\"twitter:card\" content=\"summary_large_image\" \/>\n<script type=\"application\/ld+json\" class=\"yoast-schema-graph\">{\"@context\":\"https:\/\/schema.org\",\"@graph\":[{\"@type\":\"WebPage\",\"@id\":\"https:\/\/www.erresse-shop.it\/es\/shop\/mobiliario\/jarrones\/rosenthal-jarron-de-fases-jarron-30-cm-blanco-mate\/\",\"url\":\"https:\/\/www.erresse-shop.it\/es\/shop\/mobiliario\/jarrones\/rosenthal-jarron-de-fases-jarron-30-cm-blanco-mate\/\",\"name\":\"ROSENTHAL Jarr\u00f3n de Fases Jarr\u00f3n 30 cm Blanco mate - Erresse Shop\",\"isPartOf\":{\"@id\":\"https:\/\/www.erresse-shop.it\/es\/#website\"},\"datePublished\":\"2022-04-01T09:40:59+00:00\",\"dateModified\":\"2023-06-20T09:45:14+00:00\",\"description\":\"El jarr\u00f3n de la colecci\u00f3n PHASES de Rosenthal, creado por Dror Benshetrits, un dise\u00f1ador dedicado a la innovaci\u00f3n que a trav\u00e9s de nuevos usos de los\",\"breadcrumb\":{\"@id\":\"https:\/\/www.erresse-shop.it\/es\/shop\/mobiliario\/jarrones\/rosenthal-jarron-de-fases-jarron-30-cm-blanco-mate\/#breadcrumb\"},\"inLanguage\":\"es\",\"potentialAction\":[{\"@type\":\"ReadAction\",\"target\":[\"https:\/\/www.erresse-shop.it\/es\/shop\/mobiliario\/jarrones\/rosenthal-jarron-de-fases-jarron-30-cm-blanco-mate\/\"]}]},{\"@type\":\"BreadcrumbList\",\"@id\":\"https:\/\/www.erresse-shop.it\/es\/shop\/mobiliario\/jarrones\/rosenthal-jarron-de-fases-jarron-30-cm-blanco-mate\/#breadcrumb\",\"itemListElement\":[{\"@type\":\"ListItem\",\"position\":1,\"name\":\"Home\",\"item\":\"https:\/\/www.erresse-shop.it\/es\/\"},{\"@type\":\"ListItem\",\"position\":2,\"name\":\"Shop\",\"item\":\"https:\/\/www.erresse-shop.it\/es\/shop\/\"},{\"@type\":\"ListItem\",\"position\":3,\"name\":\"ROSENTHAL Jarr\u00f3n de Fases Jarr\u00f3n 30 cm Blanco mate\"}]},{\"@type\":\"WebSite\",\"@id\":\"https:\/\/www.erresse-shop.it\/es\/#website\",\"url\":\"https:\/\/www.erresse-shop.it\/es\/\",\"name\":\"Erresse Shop\",\"description\":\"Articoli di qualit\u00e0 per la casa\",\"potentialAction\":[{\"@type\":\"SearchAction\",\"target\":{\"@type\":\"EntryPoint\",\"urlTemplate\":\"https:\/\/www.erresse-shop.it\/es\/?s={search_term_string}\"},\"query-input\":\"required name=search_term_string\"}],\"inLanguage\":\"es\"}]}<\/script>\n<!-- \/ Yoast SEO Premium plugin. -->","yoast_head_json":{"title":"ROSENTHAL Jarr\u00f3n de Fases Jarr\u00f3n 30 cm Blanco mate - Erresse Shop","description":"El jarr\u00f3n de la colecci\u00f3n PHASES de Rosenthal, creado por Dror Benshetrits, un dise\u00f1ador dedicado a la innovaci\u00f3n que a trav\u00e9s de nuevos usos de los","robots":{"index":"index","follow":"follow","max-snippet":"max-snippet:-1","max-image-preview":"max-image-preview:large","max-video-preview":"max-video-preview:-1"},"canonical":"https:\/\/www.erresse-shop.it\/es\/shop\/mobiliario\/jarrones\/rosenthal-jarron-de-fases-jarron-30-cm-blanco-mate\/","og_locale":"es_ES","og_type":"article","og_title":"ROSENTHAL Jarr\u00f3n de Fases Jarr\u00f3n 30 cm Blanco mate","og_description":"El jarr\u00f3n de la colecci\u00f3n PHASES de Rosenthal, creado por Dror Benshetrits, un dise\u00f1ador dedicado a la innovaci\u00f3n que a trav\u00e9s de nuevos usos de los","og_url":"https:\/\/www.erresse-shop.it\/es\/shop\/mobiliario\/jarrones\/rosenthal-jarron-de-fases-jarron-30-cm-blanco-mate\/","og_site_name":"Erresse Shop","article_modified_time":"2023-06-20T09:45:14+00:00","og_image":[{"width":1000,"height":1000,"url":"https:\/\/www.erresse-shop.it\/wp-content\/uploads\/2022\/04\/Vaso-Vase-of-Phases-Weiss-30cm.jpg","type":"image\/jpeg"}],"twitter_card":"summary_large_image","schema":{"@context":"https:\/\/schema.org","@graph":[{"@type":"WebPage","@id":"https:\/\/www.erresse-shop.it\/es\/shop\/mobiliario\/jarrones\/rosenthal-jarron-de-fases-jarron-30-cm-blanco-mate\/","url":"https:\/\/www.erresse-shop.it\/es\/shop\/mobiliario\/jarrones\/rosenthal-jarron-de-fases-jarron-30-cm-blanco-mate\/","name":"ROSENTHAL Jarr\u00f3n de Fases Jarr\u00f3n 30 cm Blanco mate - Erresse Shop","isPartOf":{"@id":"https:\/\/www.erresse-shop.it\/es\/#website"},"datePublished":"2022-04-01T09:40:59+00:00","dateModified":"2023-06-20T09:45:14+00:00","description":"El jarr\u00f3n de la colecci\u00f3n PHASES de Rosenthal, creado por Dror Benshetrits, un dise\u00f1ador dedicado a la innovaci\u00f3n que a trav\u00e9s de nuevos usos de los","breadcrumb":{"@id":"https:\/\/www.erresse-shop.it\/es\/shop\/mobiliario\/jarrones\/rosenthal-jarron-de-fases-jarron-30-cm-blanco-mate\/#breadcrumb"},"inLanguage":"es","potentialAction":[{"@type":"ReadAction","target":["https:\/\/www.erresse-shop.it\/es\/shop\/mobiliario\/jarrones\/rosenthal-jarron-de-fases-jarron-30-cm-blanco-mate\/"]}]},{"@type":"BreadcrumbList","@id":"https:\/\/www.erresse-shop.it\/es\/shop\/mobiliario\/jarrones\/rosenthal-jarron-de-fases-jarron-30-cm-blanco-mate\/#breadcrumb","itemListElement":[{"@type":"ListItem","position":1,"name":"Home","item":"https:\/\/www.erresse-shop.it\/es\/"},{"@type":"ListItem","position":2,"name":"Shop","item":"https:\/\/www.erresse-shop.it\/es\/shop\/"},{"@type":"ListItem","position":3,"name":"ROSENTHAL Jarr\u00f3n de Fases Jarr\u00f3n 30 cm Blanco mate"}]},{"@type":"WebSite","@id":"https:\/\/www.erresse-shop.it\/es\/#website","url":"https:\/\/www.erresse-shop.it\/es\/","name":"Erresse Shop","description":"Articoli di qualit\u00e0 per la casa","potentialAction":[{"@type":"SearchAction","target":{"@type":"EntryPoint","urlTemplate":"https:\/\/www.erresse-shop.it\/es\/?s={search_term_string}"},"query-input":"required name=search_term_string"}],"inLanguage":"es"}]}},"df_price":125.95000000000002,"df_sale_price":125.95000000000002,"df_regular_price":229,"df_image_link":"https:\/\/www.erresse-shop.it\/wp-content\/uploads\/2022\/04\/Vaso-Vase-of-Phases-Weiss-30cm-300x300.jpg","_links":{"self":[{"href":"https:\/\/www.erresse-shop.it\/es\/wp-json\/wp\/v2\/product\/148524"}],"collection":[{"href":"https:\/\/www.erresse-shop.it\/es\/wp-json\/wp\/v2\/product"}],"about":[{"href":"https:\/\/www.erresse-shop.it\/es\/wp-json\/wp\/v2\/types\/product"}],"wp:featuredmedia":[{"embeddable":true,"href":"https:\/\/www.erresse-shop.it\/es\/wp-json\/wp\/v2\/media\/148519"}],"wp:attachment":[{"href":"https:\/\/www.erresse-shop.it\/es\/wp-json\/wp\/v2\/media?parent=148524"}],"wp:term":[{"taxonomy":"product_cat","embeddable":true,"href":"https:\/\/www.erresse-shop.it\/es\/wp-json\/wp\/v2\/product_cat?post=148524"},{"taxonomy":"product_tag","embeddable":true,"href":"https:\/\/www.erresse-shop.it\/es\/wp-json\/wp\/v2\/product_tag?post=148524"}],"curies":[{"name":"wp","href":"https:\/\/api.w.org\/{rel}","templated":true}]}}