{"id":146813,"date":"2020-06-03T07:34:45","date_gmt":"2020-06-03T07:34:45","guid":{"rendered":"https:\/\/www.erresse-shop.it\/shop\/sin%20categor\u00eda\/le-creuset-cocotte-oblong-de-hierro-fundido-31-cm-negro-mate\/"},"modified":"2024-05-17T06:31:42","modified_gmt":"2024-05-17T06:31:42","slug":"le-creuset-cocotte-oblong-de-hierro-fundido-31-cm-negro-mate","status":"publish","type":"product","link":"https:\/\/www.erresse-shop.it\/es\/shop\/sartenes-y-ollas\/ollas-y-cacerolas\/le-creuset-cocotte-oblong-de-hierro-fundido-31-cm-negro-mate\/","title":{"rendered":"LE CREUSET Cacerola oblonga Evolution de hierro fundido 31 cm Negro"},"content":{"rendered":"<p><strong>\u00a1TODOS A LA MESA!<\/strong><\/p>\n<p>Tan vers\u00e1til como el cl\u00e1sico modelo redondo, en esta cocotte ovalada cabe una pierna de cordero entera sin ocupar todo el horno, por lo que tambi\u00e9n tendr\u00e1s espacio para guarniciones. Dondequiera que le lleve su talento culinario, ha encontrado el compa\u00f1ero ideal para un viaje embriagador a trav\u00e9s de sabores y aromas.<\/p>\n<p>Desde hace generaciones, las familias aprecian la cl\u00e1sica cocotte de hierro fundido que distribuye el calor de manera uniforme. El hierro fundido, al ser un excelente conductor del calor, es uno de los mejores materiales para utilizar en la cocina. Adem\u00e1s, el fondo, las paredes y la tapa tienen el mismo espesor, lo que garantiza una absorci\u00f3n y distribuci\u00f3n uniforme del calor, sin crear zonas sobrecalentadas. El resultado es que la comida no se quema ni queda cruda por dentro. Adem\u00e1s, no pierden l\u00edquidos durante la cocci\u00f3n, lo que les permite conservar sus nutrientes y vitaminas.<\/p>\n<p style=\"text-align: justify;\"><strong>Propiedades de las cocottes de hierro fundido esmaltado:<\/strong><\/p>\n<p style=\"text-align: justify;\">&#8211; Distribuci\u00f3n uniforme del calor sin sobrecalentamiento de \u00e1reas.<br \/>\n&#8211; Excelente retenci\u00f3n del calor.<br \/>\n&#8211; Pomo de acero inoxidable resistente a cualquier temperatura.<br \/>\n&#8211; Asas dise\u00f1adas para un excelente agarre.<br \/>\n&#8211; Superficie interna y externa vitrificada. No absorbe humedad, sabor ni olor de los alimentos.<br \/>\n&#8211; Recomendado por los mejores chefs y bloggers para hacer pan al horno.<br \/>\n&#8211; F\u00e1cil limpieza.<br \/>\n&#8211; Durabilidad excepcional.<\/p>\n<p>Material: hierro fundido vitrificado<br \/>\nFabricado en: Francia<br \/>\nGarant\u00eda: de por vida<\/p>\n<p><strong>Fuente de calor:<\/strong><\/p>\n<ul>\n<li>Horno<\/li>\n<li>Horno modo grill<\/li>\n<li>Cocina el\u00e9ctrica<\/li>\n<li>Vidrio cer\u00e1mico<\/li>\n<li>Encimera de gas<\/li>\n<li>Placa de inducci\u00f3n<\/li>\n<\/ul>\n<p><strong>Limpieza y cuidado:<\/strong><\/p>\n<ul>\n<li>Espera a que el producto se enfr\u00ede antes de comenzar a limpiarlo.<\/li>\n<li>Limpie los restos de la base y los lados del producto. Si hay comida atascada, llene el producto con agua tibia y jab\u00f3n y d\u00e9jelo en remojo durante 15 a 20 minutos antes de lavarlo como de costumbre.<\/li>\n<li>No utilizar limpiadores abrasivos ni esponjas o cepillos met\u00e1licos, abrasivos o muy r\u00edgidos en ninguna de las superficies.<\/li>\n<li>Secar bien despu\u00e9s del lavado y guardar en un lugar seco.<\/li>\n<\/ul>\n<div class=\"su-youtube su-u-responsive-media-yes\"><iframe loading=\"lazy\" width=\"600\" height=\"400\" src=\"https:\/\/www.youtube.com\/embed\/YoiKOay1xos?\" frameborder=\"0\" allowfullscreen allow=\"autoplay; encrypted-media; picture-in-picture\" title=\"\"><\/iframe><\/div>\n","protected":false},"excerpt":{"rendered":"<p>\u00a1TODOS A LA MESA! Tan vers\u00e1til como el cl\u00e1sico modelo redondo, en esta cocotte ovalada cabe una pierna de cordero<\/p>\n","protected":false},"featured_media":504024,"template":"","meta":{"_acf_changed":false,"inline_featured_image":false},"product_cat":[16067,16058],"product_tag":[25090,16111,16211,16782,16781,17104,16248,16158,16654,22976,25023],"acf":[],"yoast_head":"<!-- This site is optimized with the Yoast SEO Premium plugin v18.6 (Yoast SEO v19.13) - https:\/\/yoast.com\/wordpress\/plugins\/seo\/ -->\n<title>LE CREUSET Cacerola oblonga Evolution de hierro fundido 31 cm Negro - Erresse Shop<\/title>\n<meta name=\"description\" content=\"\u00a1TODOS A LA MESA! Tan vers\u00e1til como el cl\u00e1sico modelo redondo, en esta cocotte ovalada cabe una pierna de cordero entera sin ocupar todo el horno, por lo\" \/>\n<meta name=\"robots\" content=\"index, follow, max-snippet:-1, max-image-preview:large, max-video-preview:-1\" \/>\n<link rel=\"canonical\" href=\"https:\/\/www.erresse-shop.it\/es\/shop\/sartenes-y-ollas\/ollas-y-cacerolas\/le-creuset-cocotte-oblong-de-hierro-fundido-31-cm-negro-mate\/\" \/>\n<meta property=\"og:locale\" content=\"es_ES\" \/>\n<meta property=\"og:type\" content=\"article\" \/>\n<meta property=\"og:title\" content=\"LE CREUSET Cacerola oblonga Evolution de hierro fundido 31 cm Negro\" \/>\n<meta property=\"og:description\" content=\"\u00a1TODOS A LA MESA! Tan vers\u00e1til como el cl\u00e1sico modelo redondo, en esta cocotte ovalada cabe una pierna de cordero entera sin ocupar todo el horno, por lo\" \/>\n<meta property=\"og:url\" content=\"https:\/\/www.erresse-shop.it\/es\/shop\/sartenes-y-ollas\/ollas-y-cacerolas\/le-creuset-cocotte-oblong-de-hierro-fundido-31-cm-negro-mate\/\" \/>\n<meta property=\"og:site_name\" content=\"Erresse Shop\" \/>\n<meta property=\"article:modified_time\" content=\"2024-05-17T06:31:42+00:00\" \/>\n<meta property=\"og:image\" content=\"https:\/\/www.erresse-shop.it\/wp-content\/uploads\/2020\/06\/LE-CREUSET-Casseruola-Oblong-Evolution-in-Ghisa-31-cm-Nero.png\" \/>\n\t<meta property=\"og:image:width\" content=\"800\" \/>\n\t<meta property=\"og:image:height\" content=\"800\" \/>\n\t<meta property=\"og:image:type\" content=\"image\/png\" \/>\n<meta name=\"twitter:card\" content=\"summary_large_image\" \/>\n<script type=\"application\/ld+json\" class=\"yoast-schema-graph\">{\"@context\":\"https:\/\/schema.org\",\"@graph\":[{\"@type\":\"WebPage\",\"@id\":\"https:\/\/www.erresse-shop.it\/es\/shop\/sartenes-y-ollas\/ollas-y-cacerolas\/le-creuset-cocotte-oblong-de-hierro-fundido-31-cm-negro-mate\/\",\"url\":\"https:\/\/www.erresse-shop.it\/es\/shop\/sartenes-y-ollas\/ollas-y-cacerolas\/le-creuset-cocotte-oblong-de-hierro-fundido-31-cm-negro-mate\/\",\"name\":\"LE CREUSET Cacerola oblonga Evolution de hierro fundido 31 cm Negro - Erresse Shop\",\"isPartOf\":{\"@id\":\"https:\/\/www.erresse-shop.it\/es\/#website\"},\"datePublished\":\"2020-06-03T07:34:45+00:00\",\"dateModified\":\"2024-05-17T06:31:42+00:00\",\"description\":\"\u00a1TODOS A LA MESA! Tan vers\u00e1til como el cl\u00e1sico modelo redondo, en esta cocotte ovalada cabe una pierna de cordero entera sin ocupar todo el horno, por lo\",\"breadcrumb\":{\"@id\":\"https:\/\/www.erresse-shop.it\/es\/shop\/sartenes-y-ollas\/ollas-y-cacerolas\/le-creuset-cocotte-oblong-de-hierro-fundido-31-cm-negro-mate\/#breadcrumb\"},\"inLanguage\":\"es\",\"potentialAction\":[{\"@type\":\"ReadAction\",\"target\":[\"https:\/\/www.erresse-shop.it\/es\/shop\/sartenes-y-ollas\/ollas-y-cacerolas\/le-creuset-cocotte-oblong-de-hierro-fundido-31-cm-negro-mate\/\"]}]},{\"@type\":\"BreadcrumbList\",\"@id\":\"https:\/\/www.erresse-shop.it\/es\/shop\/sartenes-y-ollas\/ollas-y-cacerolas\/le-creuset-cocotte-oblong-de-hierro-fundido-31-cm-negro-mate\/#breadcrumb\",\"itemListElement\":[{\"@type\":\"ListItem\",\"position\":1,\"name\":\"Home\",\"item\":\"https:\/\/www.erresse-shop.it\/es\/\"},{\"@type\":\"ListItem\",\"position\":2,\"name\":\"Shop\",\"item\":\"https:\/\/www.erresse-shop.it\/es\/shop\/\"},{\"@type\":\"ListItem\",\"position\":3,\"name\":\"LE CREUSET Cacerola oblonga Evolution de hierro fundido 31 cm Negro\"}]},{\"@type\":\"WebSite\",\"@id\":\"https:\/\/www.erresse-shop.it\/es\/#website\",\"url\":\"https:\/\/www.erresse-shop.it\/es\/\",\"name\":\"Erresse Shop\",\"description\":\"Articoli di qualit\u00e0 per la casa\",\"potentialAction\":[{\"@type\":\"SearchAction\",\"target\":{\"@type\":\"EntryPoint\",\"urlTemplate\":\"https:\/\/www.erresse-shop.it\/es\/?s={search_term_string}\"},\"query-input\":\"required name=search_term_string\"}],\"inLanguage\":\"es\"}]}<\/script>\n<!-- \/ Yoast SEO Premium plugin. -->","yoast_head_json":{"title":"LE CREUSET Cacerola oblonga Evolution de hierro fundido 31 cm Negro - Erresse Shop","description":"\u00a1TODOS A LA MESA! Tan vers\u00e1til como el cl\u00e1sico modelo redondo, en esta cocotte ovalada cabe una pierna de cordero entera sin ocupar todo el horno, por lo","robots":{"index":"index","follow":"follow","max-snippet":"max-snippet:-1","max-image-preview":"max-image-preview:large","max-video-preview":"max-video-preview:-1"},"canonical":"https:\/\/www.erresse-shop.it\/es\/shop\/sartenes-y-ollas\/ollas-y-cacerolas\/le-creuset-cocotte-oblong-de-hierro-fundido-31-cm-negro-mate\/","og_locale":"es_ES","og_type":"article","og_title":"LE CREUSET Cacerola oblonga Evolution de hierro fundido 31 cm Negro","og_description":"\u00a1TODOS A LA MESA! Tan vers\u00e1til como el cl\u00e1sico modelo redondo, en esta cocotte ovalada cabe una pierna de cordero entera sin ocupar todo el horno, por lo","og_url":"https:\/\/www.erresse-shop.it\/es\/shop\/sartenes-y-ollas\/ollas-y-cacerolas\/le-creuset-cocotte-oblong-de-hierro-fundido-31-cm-negro-mate\/","og_site_name":"Erresse Shop","article_modified_time":"2024-05-17T06:31:42+00:00","og_image":[{"width":800,"height":800,"url":"https:\/\/www.erresse-shop.it\/wp-content\/uploads\/2020\/06\/LE-CREUSET-Casseruola-Oblong-Evolution-in-Ghisa-31-cm-Nero.png","type":"image\/png"}],"twitter_card":"summary_large_image","schema":{"@context":"https:\/\/schema.org","@graph":[{"@type":"WebPage","@id":"https:\/\/www.erresse-shop.it\/es\/shop\/sartenes-y-ollas\/ollas-y-cacerolas\/le-creuset-cocotte-oblong-de-hierro-fundido-31-cm-negro-mate\/","url":"https:\/\/www.erresse-shop.it\/es\/shop\/sartenes-y-ollas\/ollas-y-cacerolas\/le-creuset-cocotte-oblong-de-hierro-fundido-31-cm-negro-mate\/","name":"LE CREUSET Cacerola oblonga Evolution de hierro fundido 31 cm Negro - Erresse Shop","isPartOf":{"@id":"https:\/\/www.erresse-shop.it\/es\/#website"},"datePublished":"2020-06-03T07:34:45+00:00","dateModified":"2024-05-17T06:31:42+00:00","description":"\u00a1TODOS A LA MESA! Tan vers\u00e1til como el cl\u00e1sico modelo redondo, en esta cocotte ovalada cabe una pierna de cordero entera sin ocupar todo el horno, por lo","breadcrumb":{"@id":"https:\/\/www.erresse-shop.it\/es\/shop\/sartenes-y-ollas\/ollas-y-cacerolas\/le-creuset-cocotte-oblong-de-hierro-fundido-31-cm-negro-mate\/#breadcrumb"},"inLanguage":"es","potentialAction":[{"@type":"ReadAction","target":["https:\/\/www.erresse-shop.it\/es\/shop\/sartenes-y-ollas\/ollas-y-cacerolas\/le-creuset-cocotte-oblong-de-hierro-fundido-31-cm-negro-mate\/"]}]},{"@type":"BreadcrumbList","@id":"https:\/\/www.erresse-shop.it\/es\/shop\/sartenes-y-ollas\/ollas-y-cacerolas\/le-creuset-cocotte-oblong-de-hierro-fundido-31-cm-negro-mate\/#breadcrumb","itemListElement":[{"@type":"ListItem","position":1,"name":"Home","item":"https:\/\/www.erresse-shop.it\/es\/"},{"@type":"ListItem","position":2,"name":"Shop","item":"https:\/\/www.erresse-shop.it\/es\/shop\/"},{"@type":"ListItem","position":3,"name":"LE CREUSET Cacerola oblonga Evolution de hierro fundido 31 cm Negro"}]},{"@type":"WebSite","@id":"https:\/\/www.erresse-shop.it\/es\/#website","url":"https:\/\/www.erresse-shop.it\/es\/","name":"Erresse Shop","description":"Articoli di qualit\u00e0 per la casa","potentialAction":[{"@type":"SearchAction","target":{"@type":"EntryPoint","urlTemplate":"https:\/\/www.erresse-shop.it\/es\/?s={search_term_string}"},"query-input":"required name=search_term_string"}],"inLanguage":"es"}]}},"df_price":150.75,"df_sale_price":150.75,"df_regular_price":335,"df_image_link":"https:\/\/www.erresse-shop.it\/wp-content\/uploads\/2020\/06\/LE-CREUSET-Casseruola-Oblong-Evolution-31-cm-Nero-300x300.jpg","_links":{"self":[{"href":"https:\/\/www.erresse-shop.it\/es\/wp-json\/wp\/v2\/product\/146813"}],"collection":[{"href":"https:\/\/www.erresse-shop.it\/es\/wp-json\/wp\/v2\/product"}],"about":[{"href":"https:\/\/www.erresse-shop.it\/es\/wp-json\/wp\/v2\/types\/product"}],"wp:featuredmedia":[{"embeddable":true,"href":"https:\/\/www.erresse-shop.it\/es\/wp-json\/wp\/v2\/media\/504024"}],"wp:attachment":[{"href":"https:\/\/www.erresse-shop.it\/es\/wp-json\/wp\/v2\/media?parent=146813"}],"wp:term":[{"taxonomy":"product_cat","embeddable":true,"href":"https:\/\/www.erresse-shop.it\/es\/wp-json\/wp\/v2\/product_cat?post=146813"},{"taxonomy":"product_tag","embeddable":true,"href":"https:\/\/www.erresse-shop.it\/es\/wp-json\/wp\/v2\/product_tag?post=146813"}],"curies":[{"name":"wp","href":"https:\/\/api.w.org\/{rel}","templated":true}]}}