{"id":146673,"date":"2022-03-29T08:48:19","date_gmt":"2022-03-29T08:48:21","guid":{"rendered":"https:\/\/www.erresse-shop.it\/?post_type=product&#038;p=146673"},"modified":"2024-05-20T00:06:39","modified_gmt":"2024-05-20T00:06:39","slug":"taitu-dieta-mediterranea-plato-para-servir-pez-payaso","status":"publish","type":"product","link":"https:\/\/www.erresse-shop.it\/es\/shop\/tabla\/bandejas\/taitu-dieta-mediterranea-plato-para-servir-pez-payaso\/","title":{"rendered":"TAIT\u00d9 Dieta Mediterranea Plato para Servir Pez Payaso"},"content":{"rendered":"<p><strong>Pintado a mano<\/strong><br \/>\n<strong>Material:<\/strong> Fine Porcelain<\/p>\n<ul>\n<li><strong>CONCEPTOS INNOVADORES<\/strong><br \/>\nEl concepto <strong>TAIT\u00d9<\/strong> expresa una sensaci\u00f3n de libertad de composici\u00f3n y uso en una disposici\u00f3n caleidosc\u00f3pica de formas, temas y colores. La libertad, en definitiva, de combinar las colecciones de 1000 maneras diferentes, aportando cada d\u00eda nuevas emociones.<br \/>\nLa versatilidad y la audacia animan la <strong>UNCONVENTIONAL TABLE<\/strong>, un enfoque innovador para crear una mesa personalizada y poco convencional.<\/li>\n<li><strong>ARTISANIDAD<\/strong><br \/>\nComo siempre, <strong>TAIT\u00d9<\/strong> sigue caracteriz\u00e1ndose por un alto nivel de artesan\u00eda, tanto en sus decoraciones como en su producci\u00f3n. Desde el dise\u00f1o hasta el calado, <strong>las decoraciones siguen haci\u00e9ndose completamente a mano<\/strong> en cada m\u00ednimo detalle. Una perfecci\u00f3n lograda por maestros artesanos capaces de realzar los colores, las decoraciones y las formas en los materiales m\u00e1s preciados.<\/li>\n<li><strong>ESTILO ITALIANO<\/strong><br \/>\nY la calidad es siempre la mejor elecci\u00f3n: el dise\u00f1o puramente italiano y los conceptos creativos de <strong>TAIT\u00d9<\/strong> no pasan desapercibidos para la exigente curiosidad de los m\u00e1s grandes chefs italianos e internacionales. El maestro cocinero Alain Ducasse, un verdadero conocedor del espresso, ha elegido servir su caf\u00e9 en tazas <strong>TAIT\u00d9<\/strong> para sus posadas en la Toscana.<\/li>\n<\/ul>\n","protected":false},"excerpt":{"rendered":"<p>Pintado a mano Material: Fine Porcelain CONCEPTOS INNOVADORES El concepto TAIT\u00d9 expresa una sensaci\u00f3n de libertad de composici\u00f3n y uso<\/p>\n","protected":false},"featured_media":146649,"template":"","meta":{"_acf_changed":false,"inline_featured_image":false},"product_cat":[16036,16027],"product_tag":[25090,23912,23692,16414,24399,18675,18664,16407,16368,16415,21823,25023],"acf":[],"yoast_head":"<!-- This site is optimized with the Yoast SEO Premium plugin v18.6 (Yoast SEO v19.13) - https:\/\/yoast.com\/wordpress\/plugins\/seo\/ -->\n<title>TAIT\u00d9 Dieta Mediterranea Plato para Servir Pez Payaso - Erresse Shop<\/title>\n<meta name=\"description\" content=\"Pintado a mano Material: Fine Porcelain CONCEPTOS INNOVADORES El concepto TAIT\u00d9 expresa una sensaci\u00f3n de libertad de composici\u00f3n y uso en una disposici\u00f3n\" \/>\n<meta name=\"robots\" content=\"index, follow, max-snippet:-1, max-image-preview:large, max-video-preview:-1\" \/>\n<link rel=\"canonical\" href=\"https:\/\/www.erresse-shop.it\/es\/shop\/tabla\/bandejas\/taitu-dieta-mediterranea-plato-para-servir-pez-payaso\/\" \/>\n<meta property=\"og:locale\" content=\"es_ES\" \/>\n<meta property=\"og:type\" content=\"article\" \/>\n<meta property=\"og:title\" content=\"TAIT\u00d9 Dieta Mediterranea Plato para Servir Pez Payaso\" \/>\n<meta property=\"og:description\" content=\"Pintado a mano Material: Fine Porcelain CONCEPTOS INNOVADORES El concepto TAIT\u00d9 expresa una sensaci\u00f3n de libertad de composici\u00f3n y uso en una disposici\u00f3n\" \/>\n<meta property=\"og:url\" content=\"https:\/\/www.erresse-shop.it\/es\/shop\/tabla\/bandejas\/taitu-dieta-mediterranea-plato-para-servir-pez-payaso\/\" \/>\n<meta property=\"og:site_name\" content=\"Erresse Shop\" \/>\n<meta property=\"article:modified_time\" content=\"2024-05-20T00:06:39+00:00\" \/>\n<meta property=\"og:image\" content=\"https:\/\/www.erresse-shop.it\/wp-content\/uploads\/2022\/03\/Taitu-Dieta-Mediterranea-Portata-Rettangolare-Pesce-Pagliaccio.jpg\" \/>\n\t<meta property=\"og:image:width\" content=\"1000\" \/>\n\t<meta property=\"og:image:height\" content=\"1000\" \/>\n\t<meta property=\"og:image:type\" content=\"image\/jpeg\" \/>\n<meta name=\"twitter:card\" content=\"summary_large_image\" \/>\n<script type=\"application\/ld+json\" class=\"yoast-schema-graph\">{\"@context\":\"https:\/\/schema.org\",\"@graph\":[{\"@type\":\"WebPage\",\"@id\":\"https:\/\/www.erresse-shop.it\/es\/shop\/tabla\/bandejas\/taitu-dieta-mediterranea-plato-para-servir-pez-payaso\/\",\"url\":\"https:\/\/www.erresse-shop.it\/es\/shop\/tabla\/bandejas\/taitu-dieta-mediterranea-plato-para-servir-pez-payaso\/\",\"name\":\"TAIT\u00d9 Dieta Mediterranea Plato para Servir Pez Payaso - Erresse Shop\",\"isPartOf\":{\"@id\":\"https:\/\/www.erresse-shop.it\/es\/#website\"},\"datePublished\":\"2022-03-29T08:48:21+00:00\",\"dateModified\":\"2024-05-20T00:06:39+00:00\",\"description\":\"Pintado a mano Material: Fine Porcelain CONCEPTOS INNOVADORES El concepto TAIT\u00d9 expresa una sensaci\u00f3n de libertad de composici\u00f3n y uso en una disposici\u00f3n\",\"breadcrumb\":{\"@id\":\"https:\/\/www.erresse-shop.it\/es\/shop\/tabla\/bandejas\/taitu-dieta-mediterranea-plato-para-servir-pez-payaso\/#breadcrumb\"},\"inLanguage\":\"es\",\"potentialAction\":[{\"@type\":\"ReadAction\",\"target\":[\"https:\/\/www.erresse-shop.it\/es\/shop\/tabla\/bandejas\/taitu-dieta-mediterranea-plato-para-servir-pez-payaso\/\"]}]},{\"@type\":\"BreadcrumbList\",\"@id\":\"https:\/\/www.erresse-shop.it\/es\/shop\/tabla\/bandejas\/taitu-dieta-mediterranea-plato-para-servir-pez-payaso\/#breadcrumb\",\"itemListElement\":[{\"@type\":\"ListItem\",\"position\":1,\"name\":\"Home\",\"item\":\"https:\/\/www.erresse-shop.it\/es\/\"},{\"@type\":\"ListItem\",\"position\":2,\"name\":\"Shop\",\"item\":\"https:\/\/www.erresse-shop.it\/es\/shop\/\"},{\"@type\":\"ListItem\",\"position\":3,\"name\":\"TAIT\u00d9 Dieta Mediterranea Plato para Servir Pez Payaso\"}]},{\"@type\":\"WebSite\",\"@id\":\"https:\/\/www.erresse-shop.it\/es\/#website\",\"url\":\"https:\/\/www.erresse-shop.it\/es\/\",\"name\":\"Erresse Shop\",\"description\":\"Articoli di qualit\u00e0 per la casa\",\"potentialAction\":[{\"@type\":\"SearchAction\",\"target\":{\"@type\":\"EntryPoint\",\"urlTemplate\":\"https:\/\/www.erresse-shop.it\/es\/?s={search_term_string}\"},\"query-input\":\"required name=search_term_string\"}],\"inLanguage\":\"es\"}]}<\/script>\n<!-- \/ Yoast SEO Premium plugin. -->","yoast_head_json":{"title":"TAIT\u00d9 Dieta Mediterranea Plato para Servir Pez Payaso - Erresse Shop","description":"Pintado a mano Material: Fine Porcelain CONCEPTOS INNOVADORES El concepto TAIT\u00d9 expresa una sensaci\u00f3n de libertad de composici\u00f3n y uso en una disposici\u00f3n","robots":{"index":"index","follow":"follow","max-snippet":"max-snippet:-1","max-image-preview":"max-image-preview:large","max-video-preview":"max-video-preview:-1"},"canonical":"https:\/\/www.erresse-shop.it\/es\/shop\/tabla\/bandejas\/taitu-dieta-mediterranea-plato-para-servir-pez-payaso\/","og_locale":"es_ES","og_type":"article","og_title":"TAIT\u00d9 Dieta Mediterranea Plato para Servir Pez Payaso","og_description":"Pintado a mano Material: Fine Porcelain CONCEPTOS INNOVADORES El concepto TAIT\u00d9 expresa una sensaci\u00f3n de libertad de composici\u00f3n y uso en una disposici\u00f3n","og_url":"https:\/\/www.erresse-shop.it\/es\/shop\/tabla\/bandejas\/taitu-dieta-mediterranea-plato-para-servir-pez-payaso\/","og_site_name":"Erresse Shop","article_modified_time":"2024-05-20T00:06:39+00:00","og_image":[{"width":1000,"height":1000,"url":"https:\/\/www.erresse-shop.it\/wp-content\/uploads\/2022\/03\/Taitu-Dieta-Mediterranea-Portata-Rettangolare-Pesce-Pagliaccio.jpg","type":"image\/jpeg"}],"twitter_card":"summary_large_image","schema":{"@context":"https:\/\/schema.org","@graph":[{"@type":"WebPage","@id":"https:\/\/www.erresse-shop.it\/es\/shop\/tabla\/bandejas\/taitu-dieta-mediterranea-plato-para-servir-pez-payaso\/","url":"https:\/\/www.erresse-shop.it\/es\/shop\/tabla\/bandejas\/taitu-dieta-mediterranea-plato-para-servir-pez-payaso\/","name":"TAIT\u00d9 Dieta Mediterranea Plato para Servir Pez Payaso - Erresse Shop","isPartOf":{"@id":"https:\/\/www.erresse-shop.it\/es\/#website"},"datePublished":"2022-03-29T08:48:21+00:00","dateModified":"2024-05-20T00:06:39+00:00","description":"Pintado a mano Material: Fine Porcelain CONCEPTOS INNOVADORES El concepto TAIT\u00d9 expresa una sensaci\u00f3n de libertad de composici\u00f3n y uso en una disposici\u00f3n","breadcrumb":{"@id":"https:\/\/www.erresse-shop.it\/es\/shop\/tabla\/bandejas\/taitu-dieta-mediterranea-plato-para-servir-pez-payaso\/#breadcrumb"},"inLanguage":"es","potentialAction":[{"@type":"ReadAction","target":["https:\/\/www.erresse-shop.it\/es\/shop\/tabla\/bandejas\/taitu-dieta-mediterranea-plato-para-servir-pez-payaso\/"]}]},{"@type":"BreadcrumbList","@id":"https:\/\/www.erresse-shop.it\/es\/shop\/tabla\/bandejas\/taitu-dieta-mediterranea-plato-para-servir-pez-payaso\/#breadcrumb","itemListElement":[{"@type":"ListItem","position":1,"name":"Home","item":"https:\/\/www.erresse-shop.it\/es\/"},{"@type":"ListItem","position":2,"name":"Shop","item":"https:\/\/www.erresse-shop.it\/es\/shop\/"},{"@type":"ListItem","position":3,"name":"TAIT\u00d9 Dieta Mediterranea Plato para Servir Pez Payaso"}]},{"@type":"WebSite","@id":"https:\/\/www.erresse-shop.it\/es\/#website","url":"https:\/\/www.erresse-shop.it\/es\/","name":"Erresse Shop","description":"Articoli di qualit\u00e0 per la casa","potentialAction":[{"@type":"SearchAction","target":{"@type":"EntryPoint","urlTemplate":"https:\/\/www.erresse-shop.it\/es\/?s={search_term_string}"},"query-input":"required name=search_term_string"}],"inLanguage":"es"}]}},"df_price":67.10000000000001,"df_sale_price":67.10000000000001,"df_regular_price":122,"df_image_link":"https:\/\/www.erresse-shop.it\/wp-content\/uploads\/2022\/03\/Taitu-Dieta-Mediterranea-Portata-Rettangolare-Pesce-Pagliaccio-300x300.jpg","_links":{"self":[{"href":"https:\/\/www.erresse-shop.it\/es\/wp-json\/wp\/v2\/product\/146673"}],"collection":[{"href":"https:\/\/www.erresse-shop.it\/es\/wp-json\/wp\/v2\/product"}],"about":[{"href":"https:\/\/www.erresse-shop.it\/es\/wp-json\/wp\/v2\/types\/product"}],"wp:featuredmedia":[{"embeddable":true,"href":"https:\/\/www.erresse-shop.it\/es\/wp-json\/wp\/v2\/media\/146649"}],"wp:attachment":[{"href":"https:\/\/www.erresse-shop.it\/es\/wp-json\/wp\/v2\/media?parent=146673"}],"wp:term":[{"taxonomy":"product_cat","embeddable":true,"href":"https:\/\/www.erresse-shop.it\/es\/wp-json\/wp\/v2\/product_cat?post=146673"},{"taxonomy":"product_tag","embeddable":true,"href":"https:\/\/www.erresse-shop.it\/es\/wp-json\/wp\/v2\/product_tag?post=146673"}],"curies":[{"name":"wp","href":"https:\/\/api.w.org\/{rel}","templated":true}]}}