{"id":146535,"date":"2022-03-29T07:31:53","date_gmt":"2022-03-29T07:31:55","guid":{"rendered":"https:\/\/www.erresse-shop.it\/?post_type=product&#038;p=146535"},"modified":"2023-07-24T00:14:37","modified_gmt":"2023-07-24T00:14:37","slug":"sambonet-arthur-krupp-juego-de-12-platos-mandala","status":"publish","type":"product","link":"https:\/\/www.erresse-shop.it\/es\/shop\/tabla\/platos\/sambonet-arthur-krupp-juego-de-12-platos-mandala\/","title":{"rendered":"SAMBONET ARTHUR KRUPP Juego de 12 Platos Mandala"},"content":{"rendered":"<p>Una colecci\u00f3n articulada que encuentra su peculiaridad en la riqueza crom\u00e1tica y en los cuatro sofisticados patrones que la componen, todos ellos dedicados al arte de tejer y al simbolismo t\u00edpico de la antigua artesan\u00eda oriental. Una sucesi\u00f3n de remolinos florales y elementos ornamentales casi caligr\u00e1ficos, que se alternan con el rigor y la austera repetici\u00f3n de patrones geom\u00e9tricos ordenados. Mandala abre la mesa a ambientes \u00e9tnicos ex\u00f3ticos, ofreciendo infinitas combinaciones y alternancias entre platos totalmente decorados, monocrom\u00e1ticos y accesorios de mesa.<\/p>\n<ul>\n<li>Juego para 4 personas (12 piezas) que incluye plato llano de 27,5 cm de di\u00e1metro, plato hondo de 22 cm de di\u00e1metro y plato de fruta de 20 cm de di\u00e1metro;<\/li>\n<li>Las decoraciones y los colores t\u00edpicos del gres se reproducen en la porcelana, para un efecto material que mantiene el estilo c\u00e1lido de la cer\u00e1mica, ofreciendo al mismo tiempo la resistencia y la calidad derivadas de la cocci\u00f3n a alta temperatura.<\/li>\n<li>Apto para el lavavajillas<\/li>\n<li>Platos de porcelana<\/li>\n<\/ul>\n","protected":false},"excerpt":{"rendered":"<p>Una colecci\u00f3n articulada que encuentra su peculiaridad en la riqueza crom\u00e1tica y en los cuatro sofisticados patrones que la componen,<\/p>\n","protected":false},"featured_media":146543,"template":"","meta":{"_acf_changed":false,"inline_featured_image":false},"product_cat":[16031,16027],"product_tag":[17244,23692,23662,16133,16407,24605,25023],"acf":[],"yoast_head":"<!-- This site is optimized with the Yoast SEO Premium plugin v18.6 (Yoast SEO v19.13) - https:\/\/yoast.com\/wordpress\/plugins\/seo\/ -->\n<title>SAMBONET ARTHUR KRUPP Juego de 12 Platos Mandala - Erresse Shop<\/title>\n<meta name=\"description\" content=\"Una colecci\u00f3n articulada que encuentra su peculiaridad en la riqueza crom\u00e1tica y en los cuatro sofisticados patrones que la componen, todos ellos\" \/>\n<meta name=\"robots\" content=\"index, follow, max-snippet:-1, max-image-preview:large, max-video-preview:-1\" \/>\n<link rel=\"canonical\" href=\"https:\/\/www.erresse-shop.it\/es\/shop\/tabla\/platos\/sambonet-arthur-krupp-juego-de-12-platos-mandala\/\" \/>\n<meta property=\"og:locale\" content=\"es_ES\" \/>\n<meta property=\"og:type\" content=\"article\" \/>\n<meta property=\"og:title\" content=\"SAMBONET ARTHUR KRUPP Juego de 12 Platos Mandala\" \/>\n<meta property=\"og:description\" content=\"Una colecci\u00f3n articulada que encuentra su peculiaridad en la riqueza crom\u00e1tica y en los cuatro sofisticados patrones que la componen, todos ellos\" \/>\n<meta property=\"og:url\" content=\"https:\/\/www.erresse-shop.it\/es\/shop\/tabla\/platos\/sambonet-arthur-krupp-juego-de-12-platos-mandala\/\" \/>\n<meta property=\"og:site_name\" content=\"Erresse Shop\" \/>\n<meta property=\"article:modified_time\" content=\"2023-07-24T00:14:37+00:00\" \/>\n<meta property=\"og:image\" content=\"https:\/\/www.erresse-shop.it\/wp-content\/uploads\/2022\/03\/SAMBONET-ARTHUR-KRUPP-Set-12-Piatti-Mandala-2.jpg\" \/>\n\t<meta property=\"og:image:width\" content=\"1000\" \/>\n\t<meta property=\"og:image:height\" content=\"1000\" \/>\n\t<meta property=\"og:image:type\" content=\"image\/jpeg\" \/>\n<meta name=\"twitter:card\" content=\"summary_large_image\" \/>\n<script type=\"application\/ld+json\" class=\"yoast-schema-graph\">{\"@context\":\"https:\/\/schema.org\",\"@graph\":[{\"@type\":\"WebPage\",\"@id\":\"https:\/\/www.erresse-shop.it\/es\/shop\/tabla\/platos\/sambonet-arthur-krupp-juego-de-12-platos-mandala\/\",\"url\":\"https:\/\/www.erresse-shop.it\/es\/shop\/tabla\/platos\/sambonet-arthur-krupp-juego-de-12-platos-mandala\/\",\"name\":\"SAMBONET ARTHUR KRUPP Juego de 12 Platos Mandala - Erresse Shop\",\"isPartOf\":{\"@id\":\"https:\/\/www.erresse-shop.it\/es\/#website\"},\"datePublished\":\"2022-03-29T07:31:55+00:00\",\"dateModified\":\"2023-07-24T00:14:37+00:00\",\"description\":\"Una colecci\u00f3n articulada que encuentra su peculiaridad en la riqueza crom\u00e1tica y en los cuatro sofisticados patrones que la componen, todos ellos\",\"breadcrumb\":{\"@id\":\"https:\/\/www.erresse-shop.it\/es\/shop\/tabla\/platos\/sambonet-arthur-krupp-juego-de-12-platos-mandala\/#breadcrumb\"},\"inLanguage\":\"es\",\"potentialAction\":[{\"@type\":\"ReadAction\",\"target\":[\"https:\/\/www.erresse-shop.it\/es\/shop\/tabla\/platos\/sambonet-arthur-krupp-juego-de-12-platos-mandala\/\"]}]},{\"@type\":\"BreadcrumbList\",\"@id\":\"https:\/\/www.erresse-shop.it\/es\/shop\/tabla\/platos\/sambonet-arthur-krupp-juego-de-12-platos-mandala\/#breadcrumb\",\"itemListElement\":[{\"@type\":\"ListItem\",\"position\":1,\"name\":\"Home\",\"item\":\"https:\/\/www.erresse-shop.it\/es\/\"},{\"@type\":\"ListItem\",\"position\":2,\"name\":\"Shop\",\"item\":\"https:\/\/www.erresse-shop.it\/es\/shop\/\"},{\"@type\":\"ListItem\",\"position\":3,\"name\":\"SAMBONET ARTHUR KRUPP Juego de 12 Platos Mandala\"}]},{\"@type\":\"WebSite\",\"@id\":\"https:\/\/www.erresse-shop.it\/es\/#website\",\"url\":\"https:\/\/www.erresse-shop.it\/es\/\",\"name\":\"Erresse Shop\",\"description\":\"Articoli di qualit\u00e0 per la casa\",\"potentialAction\":[{\"@type\":\"SearchAction\",\"target\":{\"@type\":\"EntryPoint\",\"urlTemplate\":\"https:\/\/www.erresse-shop.it\/es\/?s={search_term_string}\"},\"query-input\":\"required name=search_term_string\"}],\"inLanguage\":\"es\"}]}<\/script>\n<!-- \/ Yoast SEO Premium plugin. -->","yoast_head_json":{"title":"SAMBONET ARTHUR KRUPP Juego de 12 Platos Mandala - Erresse Shop","description":"Una colecci\u00f3n articulada que encuentra su peculiaridad en la riqueza crom\u00e1tica y en los cuatro sofisticados patrones que la componen, todos ellos","robots":{"index":"index","follow":"follow","max-snippet":"max-snippet:-1","max-image-preview":"max-image-preview:large","max-video-preview":"max-video-preview:-1"},"canonical":"https:\/\/www.erresse-shop.it\/es\/shop\/tabla\/platos\/sambonet-arthur-krupp-juego-de-12-platos-mandala\/","og_locale":"es_ES","og_type":"article","og_title":"SAMBONET ARTHUR KRUPP Juego de 12 Platos Mandala","og_description":"Una colecci\u00f3n articulada que encuentra su peculiaridad en la riqueza crom\u00e1tica y en los cuatro sofisticados patrones que la componen, todos ellos","og_url":"https:\/\/www.erresse-shop.it\/es\/shop\/tabla\/platos\/sambonet-arthur-krupp-juego-de-12-platos-mandala\/","og_site_name":"Erresse Shop","article_modified_time":"2023-07-24T00:14:37+00:00","og_image":[{"width":1000,"height":1000,"url":"https:\/\/www.erresse-shop.it\/wp-content\/uploads\/2022\/03\/SAMBONET-ARTHUR-KRUPP-Set-12-Piatti-Mandala-2.jpg","type":"image\/jpeg"}],"twitter_card":"summary_large_image","schema":{"@context":"https:\/\/schema.org","@graph":[{"@type":"WebPage","@id":"https:\/\/www.erresse-shop.it\/es\/shop\/tabla\/platos\/sambonet-arthur-krupp-juego-de-12-platos-mandala\/","url":"https:\/\/www.erresse-shop.it\/es\/shop\/tabla\/platos\/sambonet-arthur-krupp-juego-de-12-platos-mandala\/","name":"SAMBONET ARTHUR KRUPP Juego de 12 Platos Mandala - Erresse Shop","isPartOf":{"@id":"https:\/\/www.erresse-shop.it\/es\/#website"},"datePublished":"2022-03-29T07:31:55+00:00","dateModified":"2023-07-24T00:14:37+00:00","description":"Una colecci\u00f3n articulada que encuentra su peculiaridad en la riqueza crom\u00e1tica y en los cuatro sofisticados patrones que la componen, todos ellos","breadcrumb":{"@id":"https:\/\/www.erresse-shop.it\/es\/shop\/tabla\/platos\/sambonet-arthur-krupp-juego-de-12-platos-mandala\/#breadcrumb"},"inLanguage":"es","potentialAction":[{"@type":"ReadAction","target":["https:\/\/www.erresse-shop.it\/es\/shop\/tabla\/platos\/sambonet-arthur-krupp-juego-de-12-platos-mandala\/"]}]},{"@type":"BreadcrumbList","@id":"https:\/\/www.erresse-shop.it\/es\/shop\/tabla\/platos\/sambonet-arthur-krupp-juego-de-12-platos-mandala\/#breadcrumb","itemListElement":[{"@type":"ListItem","position":1,"name":"Home","item":"https:\/\/www.erresse-shop.it\/es\/"},{"@type":"ListItem","position":2,"name":"Shop","item":"https:\/\/www.erresse-shop.it\/es\/shop\/"},{"@type":"ListItem","position":3,"name":"SAMBONET ARTHUR KRUPP Juego de 12 Platos Mandala"}]},{"@type":"WebSite","@id":"https:\/\/www.erresse-shop.it\/es\/#website","url":"https:\/\/www.erresse-shop.it\/es\/","name":"Erresse Shop","description":"Articoli di qualit\u00e0 per la casa","potentialAction":[{"@type":"SearchAction","target":{"@type":"EntryPoint","urlTemplate":"https:\/\/www.erresse-shop.it\/es\/?s={search_term_string}"},"query-input":"required name=search_term_string"}],"inLanguage":"es"}]}},"df_price":99.5,"df_sale_price":99.5,"df_regular_price":199,"df_image_link":"https:\/\/www.erresse-shop.it\/wp-content\/uploads\/2022\/03\/SAMBONET-ARTHUR-KRUPP-Set-12-Piatti-Mandala-2-300x300.jpg","_links":{"self":[{"href":"https:\/\/www.erresse-shop.it\/es\/wp-json\/wp\/v2\/product\/146535"}],"collection":[{"href":"https:\/\/www.erresse-shop.it\/es\/wp-json\/wp\/v2\/product"}],"about":[{"href":"https:\/\/www.erresse-shop.it\/es\/wp-json\/wp\/v2\/types\/product"}],"wp:featuredmedia":[{"embeddable":true,"href":"https:\/\/www.erresse-shop.it\/es\/wp-json\/wp\/v2\/media\/146543"}],"wp:attachment":[{"href":"https:\/\/www.erresse-shop.it\/es\/wp-json\/wp\/v2\/media?parent=146535"}],"wp:term":[{"taxonomy":"product_cat","embeddable":true,"href":"https:\/\/www.erresse-shop.it\/es\/wp-json\/wp\/v2\/product_cat?post=146535"},{"taxonomy":"product_tag","embeddable":true,"href":"https:\/\/www.erresse-shop.it\/es\/wp-json\/wp\/v2\/product_tag?post=146535"}],"curies":[{"name":"wp","href":"https:\/\/api.w.org\/{rel}","templated":true}]}}