{"id":146308,"date":"2022-03-29T06:14:49","date_gmt":"2022-03-29T06:15:01","guid":{"rendered":"https:\/\/www.erresse-shop.it\/?post_type=product&#038;p=146308"},"modified":"2022-03-29T06:51:58","modified_gmt":"2022-03-29T06:51:58","slug":"le-creuset-cacerola-baja-de-hierro-fundido-30-cm-rojo-interior-negro","status":"publish","type":"product","link":"https:\/\/www.erresse-shop.it\/es\/shop\/sartenes-y-ollas\/cazuelas\/le-creuset-cacerola-baja-de-hierro-fundido-30-cm-rojo-interior-negro\/","title":{"rendered":"LE CREUSET Cacerola Baja de Hierro Fundido 30 cm Rojo Interior Negro"},"content":{"rendered":"<p><strong>ALEGR\u00cdA EN LA COCINA<\/strong><\/p>\n<p>Fabricadas en nuestra fundici\u00f3n original en Francia, nuestras piezas de hierro fundido son legendarias. Y esta cacerola baja no es la excepci\u00f3n. Su forma aplanada de gran tama\u00f1o y sus laterales bajos son ideales para dorar carne y verdura, cocinar guisos a fuego lento, saltear y asar. Potencia la caramelizaci\u00f3n de los alimentos, para lograr unos sabores incre\u00edblemente suculentos.<\/p>\n<ul>\n<li>Ergon\u00f3mico: el pomo resistente al calor (hasta 260 \u00baC) se ha dise\u00f1ado para favorecer el agarre al levantar la tapa incluso cuando uses guantes de horno.<\/li>\n<li>Limpieza r\u00e1pida: el interior esmaltado claro facilita la limpieza.<\/li>\n<li>Asas pr\u00e1cticas: gracias a sus asas de gran tama\u00f1o, puedes trasladarlo f\u00e1cilmente de los fogones o el horno a la mesa aunque lleves guantes.<\/li>\n<li>Incre\u00edblemente pr\u00e1ctico: apto para el horno, los fogones, las placas de inducci\u00f3n y el grill.<\/li>\n<li>Comida exquisita: la estructura de hierro fundido conserva el calor para cocinar y dorar de manera uniforme. Tus deliciosas elaboraciones permanecer\u00e1n calientes en la mesa durante m\u00e1s tiempo.<\/li>\n<li>Retiene la humedad: nuestra tapa encaja a la perfecci\u00f3n para impedir que los jugos se evaporen, realzar el sabor y contribuir a que la comida se cocine a la perfecci\u00f3n.<\/li>\n<li>Agarre f\u00e1cil: las asas c\u00f3modas y elegantes permiten levantarlo sin riesgos.<\/li>\n<li>No al sobrecalentamiento: cocina a fuego medio o bajo constante para cuidar el hierro fundido y disfrutar de unos resultados deliciosos.<\/li>\n<li>Los mejores de su categor\u00eda: nuestros productos se fabrican con los mejores materiales en instalaciones de todo el mundo para garantizar la calidad que esperas de Le Creuset.<\/li>\n<\/ul>\n<p>Material: Hierro Fundido Esmaltado<br \/>\nFabricado en: Francia<br \/>\nGarant\u00eda: Garant\u00eda de por Vida<\/p>\n<p><strong>Fuente de calor:<\/strong><\/p>\n<ul>\n<li>Parrilla<\/li>\n<li>Horno<\/li>\n<li>Placa el\u00e9ctrica<\/li>\n<li>Vitrocer\u00e1mica<\/li>\n<li>Gas<\/li>\n<li>Placa de inducci\u00f3n<\/li>\n<\/ul>\n<p><strong>Limpieza:<\/strong><\/p>\n<ul>\n<li>Espera a que el producto se enfr\u00ede antes de comenzar a limpiarlo.<\/li>\n<li>Retira los restos de la base y los laterales del producto con un pa\u00f1o o servilleta. Si hay comida pegada, llena el producto con agua caliente y jab\u00f3n, deja que se reblandezca durante 15 o 20 minutos y, a continuaci\u00f3n, l\u00e1valo como de costumbre.<\/li>\n<li>No utilices agentes de limpieza abrasivos ni estropajos o escobillas met\u00e1licos sobre ninguna de las superficies.<\/li>\n<li>S\u00e9calo bien tras el lavado y gu\u00e1rdalo en un lugar seco.<\/li>\n<\/ul>\n<div class=\"su-youtube su-u-responsive-media-yes\"><iframe loading=\"lazy\" width=\"500\" height=\"200\" src=\"https:\/\/www.youtube.com\/embed\/YoiKOay1xos?\" frameborder=\"0\" allowfullscreen allow=\"autoplay; encrypted-media; picture-in-picture\" title=\"\"><\/iframe><\/div>\n","protected":false},"excerpt":{"rendered":"<p>ALEGR\u00cdA EN LA COCINA Fabricadas en nuestra fundici\u00f3n original en Francia, nuestras piezas de hierro fundido son legendarias. Y esta<\/p>\n","protected":false},"featured_media":465583,"template":"","meta":{"_acf_changed":false,"inline_featured_image":false},"product_cat":[16072,16058],"product_tag":[16211,20671,16137,16248,16158,16654,21333],"acf":[],"yoast_head":"<!-- This site is optimized with the Yoast SEO Premium plugin v18.6 (Yoast SEO v19.13) - https:\/\/yoast.com\/wordpress\/plugins\/seo\/ -->\n<title>LE CREUSET Cacerola Baja de Hierro Fundido 30 cm Rojo Interior Negro - Erresse Shop<\/title>\n<meta name=\"description\" content=\"ALEGR\u00cdA EN LA COCINA Fabricadas en nuestra fundici\u00f3n original en Francia, nuestras piezas de hierro fundido son legendarias. Y esta cacerola baja no es la\" \/>\n<meta name=\"robots\" content=\"index, follow, max-snippet:-1, max-image-preview:large, max-video-preview:-1\" \/>\n<link rel=\"canonical\" href=\"https:\/\/www.erresse-shop.it\/es\/shop\/sartenes-y-ollas\/cazuelas\/le-creuset-cacerola-baja-de-hierro-fundido-30-cm-rojo-interior-negro\/\" \/>\n<meta property=\"og:locale\" content=\"es_ES\" \/>\n<meta property=\"og:type\" content=\"article\" \/>\n<meta property=\"og:title\" content=\"LE CREUSET Cacerola Baja de Hierro Fundido 30 cm Rojo Interior Negro\" \/>\n<meta property=\"og:description\" content=\"ALEGR\u00cdA EN LA COCINA Fabricadas en nuestra fundici\u00f3n original en Francia, nuestras piezas de hierro fundido son legendarias. Y esta cacerola baja no es la\" \/>\n<meta property=\"og:url\" content=\"https:\/\/www.erresse-shop.it\/es\/shop\/sartenes-y-ollas\/cazuelas\/le-creuset-cacerola-baja-de-hierro-fundido-30-cm-rojo-interior-negro\/\" \/>\n<meta property=\"og:site_name\" content=\"Erresse Shop\" \/>\n<meta property=\"article:modified_time\" content=\"2022-03-29T06:51:58+00:00\" \/>\n<meta property=\"og:image\" content=\"https:\/\/www.erresse-shop.it\/wp-content\/uploads\/2022\/03\/LE-CREUSET-Tegame-Basso-Evolution-in-Ghisa-30-cm-Ciliegia-Interno-Nero.png\" \/>\n\t<meta property=\"og:image:width\" content=\"800\" \/>\n\t<meta property=\"og:image:height\" content=\"800\" \/>\n\t<meta property=\"og:image:type\" content=\"image\/png\" \/>\n<meta name=\"twitter:card\" content=\"summary_large_image\" \/>\n<script type=\"application\/ld+json\" class=\"yoast-schema-graph\">{\"@context\":\"https:\/\/schema.org\",\"@graph\":[{\"@type\":\"WebPage\",\"@id\":\"https:\/\/www.erresse-shop.it\/es\/shop\/sartenes-y-ollas\/cazuelas\/le-creuset-cacerola-baja-de-hierro-fundido-30-cm-rojo-interior-negro\/\",\"url\":\"https:\/\/www.erresse-shop.it\/es\/shop\/sartenes-y-ollas\/cazuelas\/le-creuset-cacerola-baja-de-hierro-fundido-30-cm-rojo-interior-negro\/\",\"name\":\"LE CREUSET Cacerola Baja de Hierro Fundido 30 cm Rojo Interior Negro - Erresse Shop\",\"isPartOf\":{\"@id\":\"https:\/\/www.erresse-shop.it\/es\/#website\"},\"datePublished\":\"2022-03-29T06:15:01+00:00\",\"dateModified\":\"2022-03-29T06:51:58+00:00\",\"description\":\"ALEGR\u00cdA EN LA COCINA Fabricadas en nuestra fundici\u00f3n original en Francia, nuestras piezas de hierro fundido son legendarias. Y esta cacerola baja no es la\",\"breadcrumb\":{\"@id\":\"https:\/\/www.erresse-shop.it\/es\/shop\/sartenes-y-ollas\/cazuelas\/le-creuset-cacerola-baja-de-hierro-fundido-30-cm-rojo-interior-negro\/#breadcrumb\"},\"inLanguage\":\"es\",\"potentialAction\":[{\"@type\":\"ReadAction\",\"target\":[\"https:\/\/www.erresse-shop.it\/es\/shop\/sartenes-y-ollas\/cazuelas\/le-creuset-cacerola-baja-de-hierro-fundido-30-cm-rojo-interior-negro\/\"]}]},{\"@type\":\"BreadcrumbList\",\"@id\":\"https:\/\/www.erresse-shop.it\/es\/shop\/sartenes-y-ollas\/cazuelas\/le-creuset-cacerola-baja-de-hierro-fundido-30-cm-rojo-interior-negro\/#breadcrumb\",\"itemListElement\":[{\"@type\":\"ListItem\",\"position\":1,\"name\":\"Home\",\"item\":\"https:\/\/www.erresse-shop.it\/es\/\"},{\"@type\":\"ListItem\",\"position\":2,\"name\":\"Shop\",\"item\":\"https:\/\/www.erresse-shop.it\/es\/shop\/\"},{\"@type\":\"ListItem\",\"position\":3,\"name\":\"LE CREUSET Cacerola Baja de Hierro Fundido 30 cm Rojo Interior Negro\"}]},{\"@type\":\"WebSite\",\"@id\":\"https:\/\/www.erresse-shop.it\/es\/#website\",\"url\":\"https:\/\/www.erresse-shop.it\/es\/\",\"name\":\"Erresse Shop\",\"description\":\"Articoli di qualit\u00e0 per la casa\",\"potentialAction\":[{\"@type\":\"SearchAction\",\"target\":{\"@type\":\"EntryPoint\",\"urlTemplate\":\"https:\/\/www.erresse-shop.it\/es\/?s={search_term_string}\"},\"query-input\":\"required name=search_term_string\"}],\"inLanguage\":\"es\"}]}<\/script>\n<!-- \/ Yoast SEO Premium plugin. -->","yoast_head_json":{"title":"LE CREUSET Cacerola Baja de Hierro Fundido 30 cm Rojo Interior Negro - Erresse Shop","description":"ALEGR\u00cdA EN LA COCINA Fabricadas en nuestra fundici\u00f3n original en Francia, nuestras piezas de hierro fundido son legendarias. Y esta cacerola baja no es la","robots":{"index":"index","follow":"follow","max-snippet":"max-snippet:-1","max-image-preview":"max-image-preview:large","max-video-preview":"max-video-preview:-1"},"canonical":"https:\/\/www.erresse-shop.it\/es\/shop\/sartenes-y-ollas\/cazuelas\/le-creuset-cacerola-baja-de-hierro-fundido-30-cm-rojo-interior-negro\/","og_locale":"es_ES","og_type":"article","og_title":"LE CREUSET Cacerola Baja de Hierro Fundido 30 cm Rojo Interior Negro","og_description":"ALEGR\u00cdA EN LA COCINA Fabricadas en nuestra fundici\u00f3n original en Francia, nuestras piezas de hierro fundido son legendarias. Y esta cacerola baja no es la","og_url":"https:\/\/www.erresse-shop.it\/es\/shop\/sartenes-y-ollas\/cazuelas\/le-creuset-cacerola-baja-de-hierro-fundido-30-cm-rojo-interior-negro\/","og_site_name":"Erresse Shop","article_modified_time":"2022-03-29T06:51:58+00:00","og_image":[{"width":800,"height":800,"url":"https:\/\/www.erresse-shop.it\/wp-content\/uploads\/2022\/03\/LE-CREUSET-Tegame-Basso-Evolution-in-Ghisa-30-cm-Ciliegia-Interno-Nero.png","type":"image\/png"}],"twitter_card":"summary_large_image","schema":{"@context":"https:\/\/schema.org","@graph":[{"@type":"WebPage","@id":"https:\/\/www.erresse-shop.it\/es\/shop\/sartenes-y-ollas\/cazuelas\/le-creuset-cacerola-baja-de-hierro-fundido-30-cm-rojo-interior-negro\/","url":"https:\/\/www.erresse-shop.it\/es\/shop\/sartenes-y-ollas\/cazuelas\/le-creuset-cacerola-baja-de-hierro-fundido-30-cm-rojo-interior-negro\/","name":"LE CREUSET Cacerola Baja de Hierro Fundido 30 cm Rojo Interior Negro - Erresse Shop","isPartOf":{"@id":"https:\/\/www.erresse-shop.it\/es\/#website"},"datePublished":"2022-03-29T06:15:01+00:00","dateModified":"2022-03-29T06:51:58+00:00","description":"ALEGR\u00cdA EN LA COCINA Fabricadas en nuestra fundici\u00f3n original en Francia, nuestras piezas de hierro fundido son legendarias. Y esta cacerola baja no es la","breadcrumb":{"@id":"https:\/\/www.erresse-shop.it\/es\/shop\/sartenes-y-ollas\/cazuelas\/le-creuset-cacerola-baja-de-hierro-fundido-30-cm-rojo-interior-negro\/#breadcrumb"},"inLanguage":"es","potentialAction":[{"@type":"ReadAction","target":["https:\/\/www.erresse-shop.it\/es\/shop\/sartenes-y-ollas\/cazuelas\/le-creuset-cacerola-baja-de-hierro-fundido-30-cm-rojo-interior-negro\/"]}]},{"@type":"BreadcrumbList","@id":"https:\/\/www.erresse-shop.it\/es\/shop\/sartenes-y-ollas\/cazuelas\/le-creuset-cacerola-baja-de-hierro-fundido-30-cm-rojo-interior-negro\/#breadcrumb","itemListElement":[{"@type":"ListItem","position":1,"name":"Home","item":"https:\/\/www.erresse-shop.it\/es\/"},{"@type":"ListItem","position":2,"name":"Shop","item":"https:\/\/www.erresse-shop.it\/es\/shop\/"},{"@type":"ListItem","position":3,"name":"LE CREUSET Cacerola Baja de Hierro Fundido 30 cm Rojo Interior Negro"}]},{"@type":"WebSite","@id":"https:\/\/www.erresse-shop.it\/es\/#website","url":"https:\/\/www.erresse-shop.it\/es\/","name":"Erresse Shop","description":"Articoli di qualit\u00e0 per la casa","potentialAction":[{"@type":"SearchAction","target":{"@type":"EntryPoint","urlTemplate":"https:\/\/www.erresse-shop.it\/es\/?s={search_term_string}"},"query-input":"required name=search_term_string"}],"inLanguage":"es"}]}},"df_price":152.55,"df_sale_price":152.55,"df_regular_price":339,"df_image_link":"https:\/\/www.erresse-shop.it\/wp-content\/uploads\/2022\/03\/LE-CREUSET-Tegame-Basso-Evolution-in-Ghisa-30-cm-Ciliegia-Interno-Nero-300x300.jpg","_links":{"self":[{"href":"https:\/\/www.erresse-shop.it\/es\/wp-json\/wp\/v2\/product\/146308"}],"collection":[{"href":"https:\/\/www.erresse-shop.it\/es\/wp-json\/wp\/v2\/product"}],"about":[{"href":"https:\/\/www.erresse-shop.it\/es\/wp-json\/wp\/v2\/types\/product"}],"wp:featuredmedia":[{"embeddable":true,"href":"https:\/\/www.erresse-shop.it\/es\/wp-json\/wp\/v2\/media\/465583"}],"wp:attachment":[{"href":"https:\/\/www.erresse-shop.it\/es\/wp-json\/wp\/v2\/media?parent=146308"}],"wp:term":[{"taxonomy":"product_cat","embeddable":true,"href":"https:\/\/www.erresse-shop.it\/es\/wp-json\/wp\/v2\/product_cat?post=146308"},{"taxonomy":"product_tag","embeddable":true,"href":"https:\/\/www.erresse-shop.it\/es\/wp-json\/wp\/v2\/product_tag?post=146308"}],"curies":[{"name":"wp","href":"https:\/\/api.w.org\/{rel}","templated":true}]}}