{"id":146189,"date":"2020-02-05T08:28:32","date_gmt":"2020-02-05T08:28:32","guid":{"rendered":"https:\/\/www.erresse-shop.it\/shop\/sin categor\u00eda\/le-creuset-wok-de-hierro-fundido-con-tapa-de-cristal-36-cm-volcanico\/"},"modified":"2020-02-05T08:28:32","modified_gmt":"2020-02-05T08:28:32","slug":"le-creuset-wok-de-hierro-fundido-con-tapa-de-cristal-36-cm-volcanico","status":"publish","type":"product","link":"https:\/\/www.erresse-shop.it\/es\/shop\/sartenes-y-ollas\/wok-es\/le-creuset-wok-de-hierro-fundido-con-tapa-de-cristal-36-cm-volcanico\/","title":{"rendered":"LE CREUSET Wok de hierro fundido con tapa de cristal 36 cm Volcanico"},"content":{"rendered":"<p>Enciende los fogones y saltea tus carnes, verduras y especias favoritos en nuestro wok. Es ideal para preparar deliciosos platos asi\u00e1ticos y de todas partes. La tapa de cristal te permite ver qu\u00e9 pasa en el interior sin interrumpir el proceso de cocci\u00f3n.<\/p>\n<p><strong>Detalles del Producto<\/strong><br \/>\nCaracter\u00edsticas<br \/>\nIncre\u00edblemente pr\u00e1ctico: apto para el horno, los fogones, las placas de inducci\u00f3n y el grill.<br \/>\nComida exquisita: la estructura de hierro fundido conserva el calor para cocinar y dorar de manera uniforme. Tus deliciosas elaboraciones permanecer\u00e1n calientes en la mesa durante m\u00e1s tiempo.<br \/>\nRetiene la humedad: nuestra tapa encaja a la perfecci\u00f3n para impedir que los jugos se evaporen, realzar el sabor y contribuir a que la comida se cocine a la perfecci\u00f3n.<br \/>\nNo al sobrecalentamiento: cocina a fuego medio o bajo constante para cuidar el hierro fundido y disfrutar de unos resultados deliciosos.<br \/>\nLos mejores de su categor\u00eda: nuestros productos se fabrican con los mejores materiales en instalaciones de todo el mundo para garantizar la calidad que esperas de Le Creuset.<\/p>\n<p><strong>Material<\/strong><br \/>\nHierro Fundido Esmaltado<\/p>\n<p><strong>Fabricado en<\/strong><br \/>\nFrancia<\/p>\n<p><strong>Garant\u00eda<\/strong><br \/>\nGarant\u00eda de por Vida<\/p>\n<p><strong>Fuente de Calor<\/strong><br \/>\nParrilla<br \/>\nHorno<br \/>\nPlaca el\u00e9ctrica<br \/>\nVitrocer\u00e1mica<br \/>\nGas<br \/>\nPlaca de inducci\u00f3n<\/p>\n<p><strong>Dimensiones<\/strong><br \/>\nCapacidad: 4.5 l<br \/>\nLongitud: 42 cm<br \/>\nAncho: 37 cm<br \/>\nAltura: 16.2 cm<br \/>\nProfundidad: 7.2 cm<\/p>\n<p><strong>Usos y Ciudados<\/strong><br \/>\n<strong>Almacenaje<\/strong><br \/>\nCompatible con el congelador<\/p>\n<p><strong>Cuidados<\/strong><br \/>\nLavaplatos<\/p>\n<p><strong>Antes de empezar a utilizar<\/strong><br \/>\n\u00a1Disfruta desempaquetando tu nueva adquisici\u00f3n! (Y aseg\u00farate de retirar todas las etiquetas y envoltorios).<br \/>\nLava tu producto Le Creuset con agua caliente y jab\u00f3n, acl\u00e1ralo y s\u00e9calo bien.<\/p>\n<p><strong>Cocinando<\/strong><br \/>\nProt\u00e9gete: usa guantes de horno siempre que manipules recipientes calientes.<br \/>\nTe recomendamos utilizar herramientas de silicona, madera o pl\u00e1stico resistentes al calor de Le Creuset. NO utilices cuchillos ni utensilios met\u00e1licos, ya que podr\u00edan rayar y dejar marcas en la superficie esmaltada del producto.<br \/>\nUsa el producto en el fog\u00f3n del tama\u00f1o m\u00e1s adecuado: la comida se cocinar\u00e1 de manera m\u00e1s uniforme y reducir\u00e1s el riesgo de da\u00f1ar las asas y los laterales. Esto es especialmente importante en el caso de placas de inducci\u00f3n: si utilizas un fog\u00f3n de tama\u00f1o inadecuado, existe el riesgo de que no \u201creconozca\u201d el producto.<br \/>\nCocinar a fuego medio o bajo te permite lograr los mejores resultados, incluso para fre\u00edr y marcar. Si quieres cocinar platos deliciosos de manera uniforme, deja que el recipiente se caliente gradualmente. Si necesitas utilizar fuego fuerte, disminuye la intensidad cuando alcances el calor deseado.<br \/>\nNunca deslices el producto sobre unos fogones\/una placa con cubierta de cristal, ya que podr\u00edas da\u00f1ar tanto el producto como el cristal. En su lugar, levanta siempre el producto para ponerlo y quitarlo o cambiarlo de lugar.<\/p>\n<p><strong>Limpieza<\/strong><br \/>\nEspera a que el producto se enfr\u00ede antes de comenzar a limpiarlo.<br \/>\nRetira los restos de la base y los laterales del producto con un pa\u00f1o o servilleta. Si hay comida pegada, llena el producto con agua caliente y jab\u00f3n, deja que se reblandezca durante 15 o 20 minutos y, a continuaci\u00f3n, l\u00e1valo como de costumbre.<br \/>\nNo utilices agentes de limpieza abrasivos ni estropajos o escobillas met\u00e1licos sobre ninguna de las superficies.<br \/>\nS\u00e9calo bien tras el lavado y gu\u00e1rdalo en un lugar seco.<\/p>\n","protected":false},"excerpt":{"rendered":"<p>Enciende los fogones y saltea tus carnes, verduras y especias favoritos en nuestro wok. Es ideal para preparar deliciosos platos<\/p>\n","protected":false},"featured_media":503000,"template":"","meta":{"_acf_changed":false,"inline_featured_image":false},"product_cat":[16058,16062],"product_tag":[16111,16158,16654,16239],"acf":[],"yoast_head":"<!-- This site is optimized with the Yoast SEO Premium plugin v18.6 (Yoast SEO v19.13) - https:\/\/yoast.com\/wordpress\/plugins\/seo\/ -->\n<title>LE CREUSET Wok de hierro fundido con tapa de cristal 36 cm Volcanico - Erresse Shop<\/title>\n<meta name=\"description\" content=\"Enciende los fogones y saltea tus carnes, verduras y especias favoritos en nuestro wok. Es ideal para preparar deliciosos platos asi\u00e1ticos y de todas\" \/>\n<meta name=\"robots\" content=\"index, follow, max-snippet:-1, max-image-preview:large, max-video-preview:-1\" \/>\n<link rel=\"canonical\" href=\"https:\/\/www.erresse-shop.it\/es\/shop\/sartenes-y-ollas\/wok-es\/le-creuset-wok-de-hierro-fundido-con-tapa-de-cristal-36-cm-volcanico\/\" \/>\n<meta property=\"og:locale\" content=\"es_ES\" \/>\n<meta property=\"og:type\" content=\"article\" \/>\n<meta property=\"og:title\" content=\"LE CREUSET Wok de hierro fundido con tapa de cristal 36 cm Volcanico\" \/>\n<meta property=\"og:description\" content=\"Enciende los fogones y saltea tus carnes, verduras y especias favoritos en nuestro wok. Es ideal para preparar deliciosos platos asi\u00e1ticos y de todas\" \/>\n<meta property=\"og:url\" content=\"https:\/\/www.erresse-shop.it\/es\/shop\/sartenes-y-ollas\/wok-es\/le-creuset-wok-de-hierro-fundido-con-tapa-de-cristal-36-cm-volcanico\/\" \/>\n<meta property=\"og:site_name\" content=\"Erresse Shop\" \/>\n<meta property=\"og:image\" content=\"https:\/\/www.erresse-shop.it\/wp-content\/uploads\/2020\/02\/LE-CREUSET-Wok-con-Coperchio-in-Vetro-36-cm-Arancio.png\" \/>\n\t<meta property=\"og:image:width\" content=\"800\" \/>\n\t<meta property=\"og:image:height\" content=\"800\" \/>\n\t<meta property=\"og:image:type\" content=\"image\/png\" \/>\n<meta name=\"twitter:card\" content=\"summary_large_image\" \/>\n<script type=\"application\/ld+json\" class=\"yoast-schema-graph\">{\"@context\":\"https:\/\/schema.org\",\"@graph\":[{\"@type\":\"WebPage\",\"@id\":\"https:\/\/www.erresse-shop.it\/es\/shop\/sartenes-y-ollas\/wok-es\/le-creuset-wok-de-hierro-fundido-con-tapa-de-cristal-36-cm-volcanico\/\",\"url\":\"https:\/\/www.erresse-shop.it\/es\/shop\/sartenes-y-ollas\/wok-es\/le-creuset-wok-de-hierro-fundido-con-tapa-de-cristal-36-cm-volcanico\/\",\"name\":\"LE CREUSET Wok de hierro fundido con tapa de cristal 36 cm Volcanico - Erresse Shop\",\"isPartOf\":{\"@id\":\"https:\/\/www.erresse-shop.it\/es\/#website\"},\"datePublished\":\"2020-02-05T08:28:32+00:00\",\"dateModified\":\"2020-02-05T08:28:32+00:00\",\"description\":\"Enciende los fogones y saltea tus carnes, verduras y especias favoritos en nuestro wok. Es ideal para preparar deliciosos platos asi\u00e1ticos y de todas\",\"breadcrumb\":{\"@id\":\"https:\/\/www.erresse-shop.it\/es\/shop\/sartenes-y-ollas\/wok-es\/le-creuset-wok-de-hierro-fundido-con-tapa-de-cristal-36-cm-volcanico\/#breadcrumb\"},\"inLanguage\":\"es\",\"potentialAction\":[{\"@type\":\"ReadAction\",\"target\":[\"https:\/\/www.erresse-shop.it\/es\/shop\/sartenes-y-ollas\/wok-es\/le-creuset-wok-de-hierro-fundido-con-tapa-de-cristal-36-cm-volcanico\/\"]}]},{\"@type\":\"BreadcrumbList\",\"@id\":\"https:\/\/www.erresse-shop.it\/es\/shop\/sartenes-y-ollas\/wok-es\/le-creuset-wok-de-hierro-fundido-con-tapa-de-cristal-36-cm-volcanico\/#breadcrumb\",\"itemListElement\":[{\"@type\":\"ListItem\",\"position\":1,\"name\":\"Home\",\"item\":\"https:\/\/www.erresse-shop.it\/es\/\"},{\"@type\":\"ListItem\",\"position\":2,\"name\":\"Shop\",\"item\":\"https:\/\/www.erresse-shop.it\/es\/shop\/\"},{\"@type\":\"ListItem\",\"position\":3,\"name\":\"LE CREUSET Wok de hierro fundido con tapa de cristal 36 cm Volcanico\"}]},{\"@type\":\"WebSite\",\"@id\":\"https:\/\/www.erresse-shop.it\/es\/#website\",\"url\":\"https:\/\/www.erresse-shop.it\/es\/\",\"name\":\"Erresse Shop\",\"description\":\"Articoli di qualit\u00e0 per la casa\",\"potentialAction\":[{\"@type\":\"SearchAction\",\"target\":{\"@type\":\"EntryPoint\",\"urlTemplate\":\"https:\/\/www.erresse-shop.it\/es\/?s={search_term_string}\"},\"query-input\":\"required name=search_term_string\"}],\"inLanguage\":\"es\"}]}<\/script>\n<!-- \/ Yoast SEO Premium plugin. -->","yoast_head_json":{"title":"LE CREUSET Wok de hierro fundido con tapa de cristal 36 cm Volcanico - Erresse Shop","description":"Enciende los fogones y saltea tus carnes, verduras y especias favoritos en nuestro wok. Es ideal para preparar deliciosos platos asi\u00e1ticos y de todas","robots":{"index":"index","follow":"follow","max-snippet":"max-snippet:-1","max-image-preview":"max-image-preview:large","max-video-preview":"max-video-preview:-1"},"canonical":"https:\/\/www.erresse-shop.it\/es\/shop\/sartenes-y-ollas\/wok-es\/le-creuset-wok-de-hierro-fundido-con-tapa-de-cristal-36-cm-volcanico\/","og_locale":"es_ES","og_type":"article","og_title":"LE CREUSET Wok de hierro fundido con tapa de cristal 36 cm Volcanico","og_description":"Enciende los fogones y saltea tus carnes, verduras y especias favoritos en nuestro wok. Es ideal para preparar deliciosos platos asi\u00e1ticos y de todas","og_url":"https:\/\/www.erresse-shop.it\/es\/shop\/sartenes-y-ollas\/wok-es\/le-creuset-wok-de-hierro-fundido-con-tapa-de-cristal-36-cm-volcanico\/","og_site_name":"Erresse Shop","og_image":[{"width":800,"height":800,"url":"https:\/\/www.erresse-shop.it\/wp-content\/uploads\/2020\/02\/LE-CREUSET-Wok-con-Coperchio-in-Vetro-36-cm-Arancio.png","type":"image\/png"}],"twitter_card":"summary_large_image","schema":{"@context":"https:\/\/schema.org","@graph":[{"@type":"WebPage","@id":"https:\/\/www.erresse-shop.it\/es\/shop\/sartenes-y-ollas\/wok-es\/le-creuset-wok-de-hierro-fundido-con-tapa-de-cristal-36-cm-volcanico\/","url":"https:\/\/www.erresse-shop.it\/es\/shop\/sartenes-y-ollas\/wok-es\/le-creuset-wok-de-hierro-fundido-con-tapa-de-cristal-36-cm-volcanico\/","name":"LE CREUSET Wok de hierro fundido con tapa de cristal 36 cm Volcanico - Erresse Shop","isPartOf":{"@id":"https:\/\/www.erresse-shop.it\/es\/#website"},"datePublished":"2020-02-05T08:28:32+00:00","dateModified":"2020-02-05T08:28:32+00:00","description":"Enciende los fogones y saltea tus carnes, verduras y especias favoritos en nuestro wok. Es ideal para preparar deliciosos platos asi\u00e1ticos y de todas","breadcrumb":{"@id":"https:\/\/www.erresse-shop.it\/es\/shop\/sartenes-y-ollas\/wok-es\/le-creuset-wok-de-hierro-fundido-con-tapa-de-cristal-36-cm-volcanico\/#breadcrumb"},"inLanguage":"es","potentialAction":[{"@type":"ReadAction","target":["https:\/\/www.erresse-shop.it\/es\/shop\/sartenes-y-ollas\/wok-es\/le-creuset-wok-de-hierro-fundido-con-tapa-de-cristal-36-cm-volcanico\/"]}]},{"@type":"BreadcrumbList","@id":"https:\/\/www.erresse-shop.it\/es\/shop\/sartenes-y-ollas\/wok-es\/le-creuset-wok-de-hierro-fundido-con-tapa-de-cristal-36-cm-volcanico\/#breadcrumb","itemListElement":[{"@type":"ListItem","position":1,"name":"Home","item":"https:\/\/www.erresse-shop.it\/es\/"},{"@type":"ListItem","position":2,"name":"Shop","item":"https:\/\/www.erresse-shop.it\/es\/shop\/"},{"@type":"ListItem","position":3,"name":"LE CREUSET Wok de hierro fundido con tapa de cristal 36 cm Volcanico"}]},{"@type":"WebSite","@id":"https:\/\/www.erresse-shop.it\/es\/#website","url":"https:\/\/www.erresse-shop.it\/es\/","name":"Erresse Shop","description":"Articoli di qualit\u00e0 per la casa","potentialAction":[{"@type":"SearchAction","target":{"@type":"EntryPoint","urlTemplate":"https:\/\/www.erresse-shop.it\/es\/?s={search_term_string}"},"query-input":"required name=search_term_string"}],"inLanguage":"es"}]}},"df_price":139.05,"df_sale_price":139.05,"df_regular_price":309,"df_image_link":"https:\/\/www.erresse-shop.it\/wp-content\/uploads\/2020\/02\/LE-CREUSET-Wok-con-Coperchio-in-Vetro-36-cm-Arancio-300x300.jpg","_links":{"self":[{"href":"https:\/\/www.erresse-shop.it\/es\/wp-json\/wp\/v2\/product\/146189"}],"collection":[{"href":"https:\/\/www.erresse-shop.it\/es\/wp-json\/wp\/v2\/product"}],"about":[{"href":"https:\/\/www.erresse-shop.it\/es\/wp-json\/wp\/v2\/types\/product"}],"wp:featuredmedia":[{"embeddable":true,"href":"https:\/\/www.erresse-shop.it\/es\/wp-json\/wp\/v2\/media\/503000"}],"wp:attachment":[{"href":"https:\/\/www.erresse-shop.it\/es\/wp-json\/wp\/v2\/media?parent=146189"}],"wp:term":[{"taxonomy":"product_cat","embeddable":true,"href":"https:\/\/www.erresse-shop.it\/es\/wp-json\/wp\/v2\/product_cat?post=146189"},{"taxonomy":"product_tag","embeddable":true,"href":"https:\/\/www.erresse-shop.it\/es\/wp-json\/wp\/v2\/product_tag?post=146189"}],"curies":[{"name":"wp","href":"https:\/\/api.w.org\/{rel}","templated":true}]}}