{"id":145278,"date":"2018-09-03T10:11:34","date_gmt":"2018-09-03T10:11:34","guid":{"rendered":"https:\/\/www.erresse-shop.it\/shop\/sin%20categor\u00eda\/le-creuset-sarten-signature-con-mango-de-madera-de-hierro-fundido-28-cm-negro-mate\/"},"modified":"2023-02-03T09:27:30","modified_gmt":"2023-02-03T09:27:30","slug":"le-creuset-sarten-baja-de-hierro-fundido-28-cm-negro","status":"publish","type":"product","link":"https:\/\/www.erresse-shop.it\/es\/shop\/sartenes-y-ollas\/sartenes\/le-creuset-sarten-baja-de-hierro-fundido-28-cm-negro\/","title":{"rendered":"LE CREUSET Sart\u00e9n Baja de Hierro Fundido 28 cm Negro"},"content":{"rendered":"<p>Fre\u00edr y saltear se convierten en un placer con nuestra sart\u00e9n alta de hierro fundido vitrificado Evolution, perfecta para crear muchos platos deliciosos. Con paredes laterales m\u00e1s altas para cocinar todo tipo de alimentos, su aspecto elegante y moderno cuenta con un mango de madera que no se recalienta y una gran asa para que la sart\u00e9n sea f\u00e1cil de agarrar y mover. Utilice esta sart\u00e9n en cualquier fuente de calor, excepto en el horno. No lo metas en el lavavajillas, para proteger tambi\u00e9n el mango.<\/p>\n<p>Alimentos sabrosos: el hierro fundido vitrificado retiene el calor para que la cocci\u00f3n y el dorado sean uniformes. Sus deliciosas creaciones se mantendr\u00e1n calientes m\u00e1s tiempo, incluso en la mesa.<br \/>\nUna ayuda inestimable: la pr\u00e1ctica asa permite levantar f\u00e1cilmente el producto y trasladarlo de la placa de cocci\u00f3n, al horno y a la mesa.<br \/>\nNo demasiado caliente: cocine con un fuego constante de bajo a medio para cuidar su producto de hierro fundido vitrificado y conseguir unos resultados deliciosos.<br \/>\nMejora con el tiempo: el interior vitrificado desarrolla una p\u00e1tina natural que act\u00faa casi como una superficie antiadherente. Su acabado tiene propiedades que evitan que los alimentos se peguen incluso con peque\u00f1as cantidades de aceite. Lave el producto s\u00f3lo con agua para que se desarrolle la p\u00e1tina.<br \/>\nNuestros productos se elaboran con los mejores materiales en f\u00e1bricas de todo el mundo para garantizar la calidad que espera de Le Creuset.<br \/>\nAspecto moderno: el mango de madera tiene un dise\u00f1o elegante y no se calienta en exceso.<br \/>\nMaterial: hierro fundido vitrificado<br \/>\nFabricado en: Francia<br \/>\nGarant\u00eda: de por vida<\/p>\n<p><strong>Fuente de calor:<\/strong><\/p>\n<ul>\n<li>Placa el\u00e9ctrica<\/li>\n<li>Vidrio cer\u00e1mico<\/li>\n<li>Placa de gas<\/li>\n<li>Placa de inducci\u00f3n<\/li>\n<\/ul>\n<p><strong>Limpieza y cuidados:<\/strong><\/p>\n<ul>\n<li>Espere a que el producto se enfr\u00ede antes de empezar a limpiarlo.<\/li>\n<li>Limpie los restos de la base y los laterales del producto. Si hay comida pegada, llene el producto con agua jabonosa tibia y d\u00e9jelo en remojo durante 15-20 minutos antes de lavarlo como de costumbre.<\/li>\n<li>No utilice limpiadores abrasivos ni esponjas o cepillos met\u00e1licos abrasivos o muy r\u00edgidos en ninguna de las superficies.<\/li>\n<li>Secar bien despu\u00e9s del lavado y guardar en un lugar seco.<\/li>\n<\/ul>\n<div class=\"su-youtube su-u-responsive-media-yes\"><iframe loading=\"lazy\" width=\"500\" height=\"200\" src=\"https:\/\/www.youtube.com\/embed\/YoiKOay1xos?\" frameborder=\"0\" allowfullscreen allow=\"autoplay; encrypted-media; picture-in-picture\" title=\"\"><\/iframe><\/div>\n","protected":false},"excerpt":{"rendered":"<p>Fre\u00edr y saltear se convierten en un placer con nuestra sart\u00e9n alta de hierro fundido vitrificado Evolution, perfecta para crear<\/p>\n","protected":false},"featured_media":503642,"template":"","meta":{"_acf_changed":false,"inline_featured_image":false},"product_cat":[16066,16058],"product_tag":[16248,16158,16654,16160,18632],"acf":[],"yoast_head":"<!-- This site is optimized with the Yoast SEO Premium plugin v18.6 (Yoast SEO v19.13) - https:\/\/yoast.com\/wordpress\/plugins\/seo\/ -->\n<title>LE CREUSET Sart\u00e9n Baja de Hierro Fundido 28 cm Negro - Erresse Shop<\/title>\n<meta name=\"description\" content=\"Fre\u00edr y saltear se convierten en un placer con nuestra sart\u00e9n alta de hierro fundido vitrificado Evolution, perfecta para crear muchos platos deliciosos.\" \/>\n<meta name=\"robots\" content=\"index, follow, max-snippet:-1, max-image-preview:large, max-video-preview:-1\" \/>\n<link rel=\"canonical\" href=\"https:\/\/www.erresse-shop.it\/es\/shop\/sartenes-y-ollas\/sartenes\/le-creuset-sarten-baja-de-hierro-fundido-28-cm-negro\/\" \/>\n<meta property=\"og:locale\" content=\"es_ES\" \/>\n<meta property=\"og:type\" content=\"article\" \/>\n<meta property=\"og:title\" content=\"LE CREUSET Sart\u00e9n Baja de Hierro Fundido 28 cm Negro\" \/>\n<meta property=\"og:description\" content=\"Fre\u00edr y saltear se convierten en un placer con nuestra sart\u00e9n alta de hierro fundido vitrificado Evolution, perfecta para crear muchos platos deliciosos.\" \/>\n<meta property=\"og:url\" content=\"https:\/\/www.erresse-shop.it\/es\/shop\/sartenes-y-ollas\/sartenes\/le-creuset-sarten-baja-de-hierro-fundido-28-cm-negro\/\" \/>\n<meta property=\"og:site_name\" content=\"Erresse Shop\" \/>\n<meta property=\"article:modified_time\" content=\"2023-02-03T09:27:30+00:00\" \/>\n<meta property=\"og:image\" content=\"https:\/\/www.erresse-shop.it\/wp-content\/uploads\/2018\/09\/LE-CREUSET-Padella-Bassa-in-Ghisa-28-cm-Nero.png\" \/>\n\t<meta property=\"og:image:width\" content=\"800\" \/>\n\t<meta property=\"og:image:height\" content=\"800\" \/>\n\t<meta property=\"og:image:type\" content=\"image\/png\" \/>\n<meta name=\"twitter:card\" content=\"summary_large_image\" \/>\n<script type=\"application\/ld+json\" class=\"yoast-schema-graph\">{\"@context\":\"https:\/\/schema.org\",\"@graph\":[{\"@type\":\"WebPage\",\"@id\":\"https:\/\/www.erresse-shop.it\/es\/shop\/sartenes-y-ollas\/sartenes\/le-creuset-sarten-baja-de-hierro-fundido-28-cm-negro\/\",\"url\":\"https:\/\/www.erresse-shop.it\/es\/shop\/sartenes-y-ollas\/sartenes\/le-creuset-sarten-baja-de-hierro-fundido-28-cm-negro\/\",\"name\":\"LE CREUSET Sart\u00e9n Baja de Hierro Fundido 28 cm Negro - Erresse Shop\",\"isPartOf\":{\"@id\":\"https:\/\/www.erresse-shop.it\/es\/#website\"},\"datePublished\":\"2018-09-03T10:11:34+00:00\",\"dateModified\":\"2023-02-03T09:27:30+00:00\",\"description\":\"Fre\u00edr y saltear se convierten en un placer con nuestra sart\u00e9n alta de hierro fundido vitrificado Evolution, perfecta para crear muchos platos deliciosos.\",\"breadcrumb\":{\"@id\":\"https:\/\/www.erresse-shop.it\/es\/shop\/sartenes-y-ollas\/sartenes\/le-creuset-sarten-baja-de-hierro-fundido-28-cm-negro\/#breadcrumb\"},\"inLanguage\":\"es\",\"potentialAction\":[{\"@type\":\"ReadAction\",\"target\":[\"https:\/\/www.erresse-shop.it\/es\/shop\/sartenes-y-ollas\/sartenes\/le-creuset-sarten-baja-de-hierro-fundido-28-cm-negro\/\"]}]},{\"@type\":\"BreadcrumbList\",\"@id\":\"https:\/\/www.erresse-shop.it\/es\/shop\/sartenes-y-ollas\/sartenes\/le-creuset-sarten-baja-de-hierro-fundido-28-cm-negro\/#breadcrumb\",\"itemListElement\":[{\"@type\":\"ListItem\",\"position\":1,\"name\":\"Home\",\"item\":\"https:\/\/www.erresse-shop.it\/es\/\"},{\"@type\":\"ListItem\",\"position\":2,\"name\":\"Shop\",\"item\":\"https:\/\/www.erresse-shop.it\/es\/shop\/\"},{\"@type\":\"ListItem\",\"position\":3,\"name\":\"LE CREUSET Sart\u00e9n Baja de Hierro Fundido 28 cm Negro\"}]},{\"@type\":\"WebSite\",\"@id\":\"https:\/\/www.erresse-shop.it\/es\/#website\",\"url\":\"https:\/\/www.erresse-shop.it\/es\/\",\"name\":\"Erresse Shop\",\"description\":\"Articoli di qualit\u00e0 per la casa\",\"potentialAction\":[{\"@type\":\"SearchAction\",\"target\":{\"@type\":\"EntryPoint\",\"urlTemplate\":\"https:\/\/www.erresse-shop.it\/es\/?s={search_term_string}\"},\"query-input\":\"required name=search_term_string\"}],\"inLanguage\":\"es\"}]}<\/script>\n<!-- \/ Yoast SEO Premium plugin. -->","yoast_head_json":{"title":"LE CREUSET Sart\u00e9n Baja de Hierro Fundido 28 cm Negro - Erresse Shop","description":"Fre\u00edr y saltear se convierten en un placer con nuestra sart\u00e9n alta de hierro fundido vitrificado Evolution, perfecta para crear muchos platos deliciosos.","robots":{"index":"index","follow":"follow","max-snippet":"max-snippet:-1","max-image-preview":"max-image-preview:large","max-video-preview":"max-video-preview:-1"},"canonical":"https:\/\/www.erresse-shop.it\/es\/shop\/sartenes-y-ollas\/sartenes\/le-creuset-sarten-baja-de-hierro-fundido-28-cm-negro\/","og_locale":"es_ES","og_type":"article","og_title":"LE CREUSET Sart\u00e9n Baja de Hierro Fundido 28 cm Negro","og_description":"Fre\u00edr y saltear se convierten en un placer con nuestra sart\u00e9n alta de hierro fundido vitrificado Evolution, perfecta para crear muchos platos deliciosos.","og_url":"https:\/\/www.erresse-shop.it\/es\/shop\/sartenes-y-ollas\/sartenes\/le-creuset-sarten-baja-de-hierro-fundido-28-cm-negro\/","og_site_name":"Erresse Shop","article_modified_time":"2023-02-03T09:27:30+00:00","og_image":[{"width":800,"height":800,"url":"https:\/\/www.erresse-shop.it\/wp-content\/uploads\/2018\/09\/LE-CREUSET-Padella-Bassa-in-Ghisa-28-cm-Nero.png","type":"image\/png"}],"twitter_card":"summary_large_image","schema":{"@context":"https:\/\/schema.org","@graph":[{"@type":"WebPage","@id":"https:\/\/www.erresse-shop.it\/es\/shop\/sartenes-y-ollas\/sartenes\/le-creuset-sarten-baja-de-hierro-fundido-28-cm-negro\/","url":"https:\/\/www.erresse-shop.it\/es\/shop\/sartenes-y-ollas\/sartenes\/le-creuset-sarten-baja-de-hierro-fundido-28-cm-negro\/","name":"LE CREUSET Sart\u00e9n Baja de Hierro Fundido 28 cm Negro - Erresse Shop","isPartOf":{"@id":"https:\/\/www.erresse-shop.it\/es\/#website"},"datePublished":"2018-09-03T10:11:34+00:00","dateModified":"2023-02-03T09:27:30+00:00","description":"Fre\u00edr y saltear se convierten en un placer con nuestra sart\u00e9n alta de hierro fundido vitrificado Evolution, perfecta para crear muchos platos deliciosos.","breadcrumb":{"@id":"https:\/\/www.erresse-shop.it\/es\/shop\/sartenes-y-ollas\/sartenes\/le-creuset-sarten-baja-de-hierro-fundido-28-cm-negro\/#breadcrumb"},"inLanguage":"es","potentialAction":[{"@type":"ReadAction","target":["https:\/\/www.erresse-shop.it\/es\/shop\/sartenes-y-ollas\/sartenes\/le-creuset-sarten-baja-de-hierro-fundido-28-cm-negro\/"]}]},{"@type":"BreadcrumbList","@id":"https:\/\/www.erresse-shop.it\/es\/shop\/sartenes-y-ollas\/sartenes\/le-creuset-sarten-baja-de-hierro-fundido-28-cm-negro\/#breadcrumb","itemListElement":[{"@type":"ListItem","position":1,"name":"Home","item":"https:\/\/www.erresse-shop.it\/es\/"},{"@type":"ListItem","position":2,"name":"Shop","item":"https:\/\/www.erresse-shop.it\/es\/shop\/"},{"@type":"ListItem","position":3,"name":"LE CREUSET Sart\u00e9n Baja de Hierro Fundido 28 cm Negro"}]},{"@type":"WebSite","@id":"https:\/\/www.erresse-shop.it\/es\/#website","url":"https:\/\/www.erresse-shop.it\/es\/","name":"Erresse Shop","description":"Articoli di qualit\u00e0 per la casa","potentialAction":[{"@type":"SearchAction","target":{"@type":"EntryPoint","urlTemplate":"https:\/\/www.erresse-shop.it\/es\/?s={search_term_string}"},"query-input":"required name=search_term_string"}],"inLanguage":"es"}]}},"df_price":149.95,"df_sale_price":149.95,"df_regular_price":245,"df_image_link":"https:\/\/www.erresse-shop.it\/wp-content\/uploads\/2018\/09\/LE-CREUSET-Padella-Bassa-28-cm-Nero-300x300.jpg","_links":{"self":[{"href":"https:\/\/www.erresse-shop.it\/es\/wp-json\/wp\/v2\/product\/145278"}],"collection":[{"href":"https:\/\/www.erresse-shop.it\/es\/wp-json\/wp\/v2\/product"}],"about":[{"href":"https:\/\/www.erresse-shop.it\/es\/wp-json\/wp\/v2\/types\/product"}],"wp:featuredmedia":[{"embeddable":true,"href":"https:\/\/www.erresse-shop.it\/es\/wp-json\/wp\/v2\/media\/503642"}],"wp:attachment":[{"href":"https:\/\/www.erresse-shop.it\/es\/wp-json\/wp\/v2\/media?parent=145278"}],"wp:term":[{"taxonomy":"product_cat","embeddable":true,"href":"https:\/\/www.erresse-shop.it\/es\/wp-json\/wp\/v2\/product_cat?post=145278"},{"taxonomy":"product_tag","embeddable":true,"href":"https:\/\/www.erresse-shop.it\/es\/wp-json\/wp\/v2\/product_tag?post=145278"}],"curies":[{"name":"wp","href":"https:\/\/api.w.org\/{rel}","templated":true}]}}