{"id":145268,"date":"2018-09-03T09:59:44","date_gmt":"2018-09-03T09:59:44","guid":{"rendered":"https:\/\/www.erresse-shop.it\/shop\/sin categor\u00eda\/le-creuset-sarten-signature-con-mango-de-madera-de-hierro-fundido-24-cm-cereza\/"},"modified":"2018-09-03T09:59:44","modified_gmt":"2018-09-03T09:59:44","slug":"le-creuset-sarten-signature-con-mango-de-madera-de-hierro-fundido-24-cm-cereza","status":"publish","type":"product","link":"https:\/\/www.erresse-shop.it\/es\/shop\/sartenes-y-ollas\/sartenes\/le-creuset-sarten-signature-con-mango-de-madera-de-hierro-fundido-24-cm-cereza\/","title":{"rendered":"LE CREUSET Sart\u00e9n Signature con mango de madera de hierro fundido 24 cm Cereza"},"content":{"rendered":"<p>La sart\u00e9n Signature es una opci\u00f3n ideal para realizar toda clase de recetas, como dorar y marcar. Fabricada en nuestro emblem\u00e1tico hierro fundido, distribuye el calor de manera uniforme y sella la comida r\u00e1pidamente. \u00bfEl resultado? Los alimentos mantienen sus jugos y nutrientes para deleitarte con sabores incre\u00edbles. El asa ergon\u00f3mica te permite sujetarla mejor y el mango de madera que no se calienta se ha redise\u00f1ado pensando en tu comodidad. Por si fuera poco, incorpora un gancho para colgarla.<\/p>\n<p><strong>Detalles del Producto<\/strong><br \/>\n<strong>Caracter\u00edsticas<\/strong><br \/>\nComida exquisita: la estructura de hierro fundido conserva el calor para cocinar y dorar de manera uniforme. Tus deliciosas elaboraciones permanecer\u00e1n calientes en la mesa durante m\u00e1s tiempo.<br \/>\nAgarre f\u00e1cil: las asas c\u00f3modas y elegantes permiten levantarlo sin riesgos.<br \/>\nUna ayuda extra: el asa auxiliar te permite levantarlo y moverlo entre los fogones, el horno y la mesa f\u00e1cilmente.<br \/>\nLos colores del arco\u00edris: nuestra gama, disponible en varios colores, alegrar\u00e1 tu cocina con llamativos tonos.<br \/>\nNo al sobrecalentamiento: cocina a fuego medio o bajo constante para cuidar el hierro fundido y disfrutar de unos resultados deliciosos.<br \/>\nT\u00fa decides: est\u00e1 disponible en varios tama\u00f1os para adaptarse a las necesidades de tu cocina.<br \/>\nResiste bien el paso del tiempo: el esmalte interior desarrolla una p\u00e1tina natural que se comporta como una superficie antiadherente. Adem\u00e1s, su acabado tambi\u00e9n ofrece unas incre\u00edbles propiedades antiadherentes que requieren menos ali\u00f1os. Limpia el producto \u00fanicamente con agua y jab\u00f3n para que la p\u00e1tina pueda desarrollarse.<br \/>\nLos mejores de su categor\u00eda: nuestros productos se fabrican con los mejores materiales en instalaciones de todo el mundo para garantizar la calidad que esperas de Le Creuset.<br \/>\nEstilo moderno: el mango de madera presenta un aspecto elegante y no se calienta.<\/p>\n<p><strong>Material<\/strong><br \/>\nHierro Fundido Esmaltado<\/p>\n<p><strong>Fabricado en<\/strong><br \/>\nFrance<\/p>\n<p><strong>Garant\u00eda<\/strong><br \/>\nGarant\u00eda de por Vida<\/p>\n<p><strong>Fuente de Calor<\/strong><br \/>\nPlaca el\u00e9ctrica<br \/>\nVitrocer\u00e1mica<br \/>\nGas<br \/>\nPlaca de inducci\u00f3n<\/p>\n<p><strong>Usos y Cuidados<\/strong><br \/>\n<strong>Almacenaje<\/strong><br \/>\nCompatible con el congelador<\/p>\n<p><strong>Antes de empezar a utilizar<\/strong><br \/>\n\u00a1Disfruta desempaquetando tu nueva adquisici\u00f3n! (Y aseg\u00farate de retirar todas las etiquetas y envoltorios).<br \/>\nLava tu producto Le Creuset con agua caliente y jab\u00f3n, acl\u00e1ralo y s\u00e9calo bien.<\/p>\n<p><strong>Cocinando<\/strong><br \/>\nProt\u00e9gete: usa guantes de horno siempre que manipules recipientes calientes.<br \/>\nTe recomendamos utilizar \u00fanicamente herramientas de silicona o madera\/pl\u00e1stico resistente al calor de Le Creuset. Puedes utilizar utensilios de metal con cuidado, pero no los emplees con fuerza ni rasques la superficie de cocci\u00f3n con ellos, ya que podr\u00edas da\u00f1arla.<br \/>\nUsa el producto en el fog\u00f3n con tama\u00f1o m\u00e1s adecuado: la comida se cocinar\u00e1 de manera m\u00e1s uniforme y reducir\u00e1s el riesgo de da\u00f1ar las asas y los laterales. Esto es especialmente importante en el caso de placas de inducci\u00f3n: si utilizas un fog\u00f3n de tama\u00f1o inadecuado, existe el riesgo de que no \u201creconozca\u201d el producto.<br \/>\nCocinar a fuego medio o bajo te permite lograr los mejores resultados, incluso para fre\u00edr y marcar. Si quieres cocinar platos deliciosos deja que el producto se caliente gradualmente. Si necesitas utilizar un fuego m\u00e1s fuerte, disminuye la intensidad cuando alcances la temperatura deseada.<br \/>\nNunca deslices el producto sobre unos fogones\/una placa con cubierta de cristal, ya que podr\u00edas da\u00f1ar tanto el producto como el cristal. En su lugar, levanta siempre el producto para ponerlo y quitarlo o cambiarlo de lugar.<\/p>\n<p><strong>Limpieza<\/strong><br \/>\nEspera a que el producto se enfr\u00ede antes de comenzar a limpiarlo.<br \/>\nRetira los restos de la base y los laterales del producto con un pa\u00f1o o servilleta. Si hay comida pegada, llena el producto con agua caliente y jab\u00f3n, deja que se reblandezca durante 15 o 20 minutos y, a continuaci\u00f3n, l\u00e1valo como de costumbre.<br \/>\nNo utilices agentes de limpieza abrasivos ni estropajos o escobillas met\u00e1licos sobre ninguna de las superficies.<br \/>\nS\u00e9calo bien tras el lavado y gu\u00e1rdalo en un lugar seco.<\/p>\n","protected":false},"excerpt":{"rendered":"<p>La sart\u00e9n Signature es una opci\u00f3n ideal para realizar toda clase de recetas, como dorar y marcar. Fabricada en nuestro<\/p>\n","protected":false},"featured_media":503007,"template":"","meta":{"_acf_changed":false,"inline_featured_image":false},"product_cat":[16066,16058],"product_tag":[16248,16158,16654,16160,18632],"acf":[],"yoast_head":"<!-- This site is optimized with the Yoast SEO Premium plugin v18.6 (Yoast SEO v19.13) - https:\/\/yoast.com\/wordpress\/plugins\/seo\/ -->\n<title>LE CREUSET Sart\u00e9n Signature con mango de madera de hierro fundido 24 cm Cereza - Erresse Shop<\/title>\n<meta name=\"description\" content=\"La sart\u00e9n Signature es una opci\u00f3n ideal para realizar toda clase de recetas, como dorar y marcar. Fabricada en nuestro emblem\u00e1tico hierro fundido,\" \/>\n<meta name=\"robots\" content=\"index, follow, max-snippet:-1, max-image-preview:large, max-video-preview:-1\" \/>\n<link rel=\"canonical\" href=\"https:\/\/www.erresse-shop.it\/es\/shop\/sartenes-y-ollas\/sartenes\/le-creuset-sarten-signature-con-mango-de-madera-de-hierro-fundido-24-cm-cereza\/\" \/>\n<meta property=\"og:locale\" content=\"es_ES\" \/>\n<meta property=\"og:type\" content=\"article\" \/>\n<meta property=\"og:title\" content=\"LE CREUSET Sart\u00e9n Signature con mango de madera de hierro fundido 24 cm Cereza\" \/>\n<meta property=\"og:description\" content=\"La sart\u00e9n Signature es una opci\u00f3n ideal para realizar toda clase de recetas, como dorar y marcar. Fabricada en nuestro emblem\u00e1tico hierro fundido,\" \/>\n<meta property=\"og:url\" content=\"https:\/\/www.erresse-shop.it\/es\/shop\/sartenes-y-ollas\/sartenes\/le-creuset-sarten-signature-con-mango-de-madera-de-hierro-fundido-24-cm-cereza\/\" \/>\n<meta property=\"og:site_name\" content=\"Erresse Shop\" \/>\n<meta property=\"og:image\" content=\"https:\/\/www.erresse-shop.it\/wp-content\/uploads\/2018\/09\/LE-CREUSET-Padella-Bassa-in-Ghisa-24-cm-Ciliegia.png\" \/>\n\t<meta property=\"og:image:width\" content=\"800\" \/>\n\t<meta property=\"og:image:height\" content=\"800\" \/>\n\t<meta property=\"og:image:type\" content=\"image\/png\" \/>\n<meta name=\"twitter:card\" content=\"summary_large_image\" \/>\n<script type=\"application\/ld+json\" class=\"yoast-schema-graph\">{\"@context\":\"https:\/\/schema.org\",\"@graph\":[{\"@type\":\"WebPage\",\"@id\":\"https:\/\/www.erresse-shop.it\/es\/shop\/sartenes-y-ollas\/sartenes\/le-creuset-sarten-signature-con-mango-de-madera-de-hierro-fundido-24-cm-cereza\/\",\"url\":\"https:\/\/www.erresse-shop.it\/es\/shop\/sartenes-y-ollas\/sartenes\/le-creuset-sarten-signature-con-mango-de-madera-de-hierro-fundido-24-cm-cereza\/\",\"name\":\"LE CREUSET Sart\u00e9n Signature con mango de madera de hierro fundido 24 cm Cereza - Erresse Shop\",\"isPartOf\":{\"@id\":\"https:\/\/www.erresse-shop.it\/es\/#website\"},\"datePublished\":\"2018-09-03T09:59:44+00:00\",\"dateModified\":\"2018-09-03T09:59:44+00:00\",\"description\":\"La sart\u00e9n Signature es una opci\u00f3n ideal para realizar toda clase de recetas, como dorar y marcar. Fabricada en nuestro emblem\u00e1tico hierro fundido,\",\"breadcrumb\":{\"@id\":\"https:\/\/www.erresse-shop.it\/es\/shop\/sartenes-y-ollas\/sartenes\/le-creuset-sarten-signature-con-mango-de-madera-de-hierro-fundido-24-cm-cereza\/#breadcrumb\"},\"inLanguage\":\"es\",\"potentialAction\":[{\"@type\":\"ReadAction\",\"target\":[\"https:\/\/www.erresse-shop.it\/es\/shop\/sartenes-y-ollas\/sartenes\/le-creuset-sarten-signature-con-mango-de-madera-de-hierro-fundido-24-cm-cereza\/\"]}]},{\"@type\":\"BreadcrumbList\",\"@id\":\"https:\/\/www.erresse-shop.it\/es\/shop\/sartenes-y-ollas\/sartenes\/le-creuset-sarten-signature-con-mango-de-madera-de-hierro-fundido-24-cm-cereza\/#breadcrumb\",\"itemListElement\":[{\"@type\":\"ListItem\",\"position\":1,\"name\":\"Home\",\"item\":\"https:\/\/www.erresse-shop.it\/es\/\"},{\"@type\":\"ListItem\",\"position\":2,\"name\":\"Shop\",\"item\":\"https:\/\/www.erresse-shop.it\/es\/shop\/\"},{\"@type\":\"ListItem\",\"position\":3,\"name\":\"LE CREUSET Sart\u00e9n Signature con mango de madera de hierro fundido 24 cm Cereza\"}]},{\"@type\":\"WebSite\",\"@id\":\"https:\/\/www.erresse-shop.it\/es\/#website\",\"url\":\"https:\/\/www.erresse-shop.it\/es\/\",\"name\":\"Erresse Shop\",\"description\":\"Articoli di qualit\u00e0 per la casa\",\"potentialAction\":[{\"@type\":\"SearchAction\",\"target\":{\"@type\":\"EntryPoint\",\"urlTemplate\":\"https:\/\/www.erresse-shop.it\/es\/?s={search_term_string}\"},\"query-input\":\"required name=search_term_string\"}],\"inLanguage\":\"es\"}]}<\/script>\n<!-- \/ Yoast SEO Premium plugin. -->","yoast_head_json":{"title":"LE CREUSET Sart\u00e9n Signature con mango de madera de hierro fundido 24 cm Cereza - Erresse Shop","description":"La sart\u00e9n Signature es una opci\u00f3n ideal para realizar toda clase de recetas, como dorar y marcar. Fabricada en nuestro emblem\u00e1tico hierro fundido,","robots":{"index":"index","follow":"follow","max-snippet":"max-snippet:-1","max-image-preview":"max-image-preview:large","max-video-preview":"max-video-preview:-1"},"canonical":"https:\/\/www.erresse-shop.it\/es\/shop\/sartenes-y-ollas\/sartenes\/le-creuset-sarten-signature-con-mango-de-madera-de-hierro-fundido-24-cm-cereza\/","og_locale":"es_ES","og_type":"article","og_title":"LE CREUSET Sart\u00e9n Signature con mango de madera de hierro fundido 24 cm Cereza","og_description":"La sart\u00e9n Signature es una opci\u00f3n ideal para realizar toda clase de recetas, como dorar y marcar. Fabricada en nuestro emblem\u00e1tico hierro fundido,","og_url":"https:\/\/www.erresse-shop.it\/es\/shop\/sartenes-y-ollas\/sartenes\/le-creuset-sarten-signature-con-mango-de-madera-de-hierro-fundido-24-cm-cereza\/","og_site_name":"Erresse Shop","og_image":[{"width":800,"height":800,"url":"https:\/\/www.erresse-shop.it\/wp-content\/uploads\/2018\/09\/LE-CREUSET-Padella-Bassa-in-Ghisa-24-cm-Ciliegia.png","type":"image\/png"}],"twitter_card":"summary_large_image","schema":{"@context":"https:\/\/schema.org","@graph":[{"@type":"WebPage","@id":"https:\/\/www.erresse-shop.it\/es\/shop\/sartenes-y-ollas\/sartenes\/le-creuset-sarten-signature-con-mango-de-madera-de-hierro-fundido-24-cm-cereza\/","url":"https:\/\/www.erresse-shop.it\/es\/shop\/sartenes-y-ollas\/sartenes\/le-creuset-sarten-signature-con-mango-de-madera-de-hierro-fundido-24-cm-cereza\/","name":"LE CREUSET Sart\u00e9n Signature con mango de madera de hierro fundido 24 cm Cereza - Erresse Shop","isPartOf":{"@id":"https:\/\/www.erresse-shop.it\/es\/#website"},"datePublished":"2018-09-03T09:59:44+00:00","dateModified":"2018-09-03T09:59:44+00:00","description":"La sart\u00e9n Signature es una opci\u00f3n ideal para realizar toda clase de recetas, como dorar y marcar. Fabricada en nuestro emblem\u00e1tico hierro fundido,","breadcrumb":{"@id":"https:\/\/www.erresse-shop.it\/es\/shop\/sartenes-y-ollas\/sartenes\/le-creuset-sarten-signature-con-mango-de-madera-de-hierro-fundido-24-cm-cereza\/#breadcrumb"},"inLanguage":"es","potentialAction":[{"@type":"ReadAction","target":["https:\/\/www.erresse-shop.it\/es\/shop\/sartenes-y-ollas\/sartenes\/le-creuset-sarten-signature-con-mango-de-madera-de-hierro-fundido-24-cm-cereza\/"]}]},{"@type":"BreadcrumbList","@id":"https:\/\/www.erresse-shop.it\/es\/shop\/sartenes-y-ollas\/sartenes\/le-creuset-sarten-signature-con-mango-de-madera-de-hierro-fundido-24-cm-cereza\/#breadcrumb","itemListElement":[{"@type":"ListItem","position":1,"name":"Home","item":"https:\/\/www.erresse-shop.it\/es\/"},{"@type":"ListItem","position":2,"name":"Shop","item":"https:\/\/www.erresse-shop.it\/es\/shop\/"},{"@type":"ListItem","position":3,"name":"LE CREUSET Sart\u00e9n Signature con mango de madera de hierro fundido 24 cm Cereza"}]},{"@type":"WebSite","@id":"https:\/\/www.erresse-shop.it\/es\/#website","url":"https:\/\/www.erresse-shop.it\/es\/","name":"Erresse Shop","description":"Articoli di qualit\u00e0 per la casa","potentialAction":[{"@type":"SearchAction","target":{"@type":"EntryPoint","urlTemplate":"https:\/\/www.erresse-shop.it\/es\/?s={search_term_string}"},"query-input":"required name=search_term_string"}],"inLanguage":"es"}]}},"df_price":157.5,"df_sale_price":157.5,"df_regular_price":225,"df_image_link":"https:\/\/www.erresse-shop.it\/wp-content\/uploads\/2018\/09\/LE-CREUSET-Padella-Bassa-in-Ghisa-24-cm-Ciliegia-300x300.jpg","_links":{"self":[{"href":"https:\/\/www.erresse-shop.it\/es\/wp-json\/wp\/v2\/product\/145268"}],"collection":[{"href":"https:\/\/www.erresse-shop.it\/es\/wp-json\/wp\/v2\/product"}],"about":[{"href":"https:\/\/www.erresse-shop.it\/es\/wp-json\/wp\/v2\/types\/product"}],"wp:featuredmedia":[{"embeddable":true,"href":"https:\/\/www.erresse-shop.it\/es\/wp-json\/wp\/v2\/media\/503007"}],"wp:attachment":[{"href":"https:\/\/www.erresse-shop.it\/es\/wp-json\/wp\/v2\/media?parent=145268"}],"wp:term":[{"taxonomy":"product_cat","embeddable":true,"href":"https:\/\/www.erresse-shop.it\/es\/wp-json\/wp\/v2\/product_cat?post=145268"},{"taxonomy":"product_tag","embeddable":true,"href":"https:\/\/www.erresse-shop.it\/es\/wp-json\/wp\/v2\/product_tag?post=145268"}],"curies":[{"name":"wp","href":"https:\/\/api.w.org\/{rel}","templated":true}]}}