{"id":143429,"date":"2022-03-14T15:00:38","date_gmt":"2022-03-14T15:00:42","guid":{"rendered":"https:\/\/www.erresse-shop.it\/?post_type=product&#038;p=143429"},"modified":"2024-04-22T00:04:05","modified_gmt":"2024-04-22T00:04:05","slug":"berkel-juego-de-5-cuchillos-de-cocinero-elegance-rojo","status":"publish","type":"product","link":"https:\/\/www.erresse-shop.it\/es\/shop\/cocina\/cuchillos\/cuchillos-de-cocina\/berkel-juego-de-5-cuchillos-de-cocinero-elegance-rojo\/","title":{"rendered":"BERKEL Juego de 5 Cuchillos de Cocinero Elegance Rojo"},"content":{"rendered":"<p><strong>JUEGO DE 5 CUCHILLOS<\/strong><\/p>\n<p>Juego de 5 cuchillos de cocinero profesionales compuesto por piezas con diferentes funciones. Los cuchillos, fabricados en Italia con materiales de alta calidad, tienen diferentes hojas y mangos rojos. Juego ideal para no equivocarse con el cuchillo cuando se quiere cortar pan, carne asada, jam\u00f3n o verduras. Pr\u00e1ctico y con un dise\u00f1o sofisticado, este juego de cuchillos de cocina multiusos de acero inoxidable garantiza precisi\u00f3n y facilidad de manejo.<\/p>\n<ul>\n<li>Hoja de acero al cromo-molibdeno-vanadio de alta calidad 1.4116-X50 Cr Mo V15<\/li>\n<li>Hoja electropulida de chapa de 3 mm de espesor<\/li>\n<li>Mango moldeado en resina de acetilo, lo que le da un aspecto brillante<\/li>\n<li>Virola de acero para garantizar la m\u00e1xima adherencia entre la hoja y el mango y un perfecto equilibrio del cuchillo durante su uso<\/li>\n<li>Logotipo de Berkel grabado en la hoja<\/li>\n<li>Logotipo dorado en el mango con el reconocible dise\u00f1o de Berkel<\/li>\n<\/ul>\n<p><strong>CARACTER\u00cdSTICAS<\/strong><br \/>\n<strong>Peso:<\/strong> 1,1 kg<br \/>\n<strong>Composici\u00f3n del juego:<\/strong> Cuchillo jamonero 26 cm | Cuchillo para pan 22 cm | Cuchillo para asados 22 cm | Cuchillo de cocina 20 cm | Cuchillo multiuso 12 cm<br \/>\n<strong>Material de la hoja:<\/strong> Acero inoxidable 1.4116-X50 Cr Mo V15 electropulido; Dureza despu\u00e9s del T.T: 59 HRC; Certificado Catra: Muy bueno<br \/>\n<strong>Mango:<\/strong> resina acet\u00e1lica<br \/>\n<strong>Uso y mantenimiento:<\/strong> Recomendamos encarecidamente el lavado manual en agua caliente para garantizar la integridad y la durabilidad del producto. En cualquier caso, se aconseja secar el cuchillo despu\u00e9s de cada lavado. No utilice tejidos o esponjas abrasivas.<\/p>\n","protected":false},"excerpt":{"rendered":"<p>JUEGO DE 5 CUCHILLOS Juego de 5 cuchillos de cocinero profesionales compuesto por piezas con diferentes funciones. Los cuchillos, fabricados<\/p>\n","protected":false},"featured_media":143449,"template":"","meta":{"_acf_changed":false,"inline_featured_image":false},"product_cat":[16040,16043,16047],"product_tag":[17292,16307],"acf":[],"yoast_head":"<!-- This site is optimized with the Yoast SEO Premium plugin v18.6 (Yoast SEO v19.13) - https:\/\/yoast.com\/wordpress\/plugins\/seo\/ -->\n<title>BERKEL Juego de 5 Cuchillos de Cocinero Elegance Rojo - Erresse Shop<\/title>\n<meta name=\"description\" content=\"JUEGO DE 5 CUCHILLOS Juego de 5 cuchillos de cocinero profesionales compuesto por piezas con diferentes funciones. Los cuchillos, fabricados en Italia con\" \/>\n<meta name=\"robots\" content=\"index, follow, max-snippet:-1, max-image-preview:large, max-video-preview:-1\" \/>\n<link rel=\"canonical\" href=\"https:\/\/www.erresse-shop.it\/es\/shop\/cocina\/cuchillos\/cuchillos-de-cocina\/berkel-juego-de-5-cuchillos-de-cocinero-elegance-rojo\/\" \/>\n<meta property=\"og:locale\" content=\"es_ES\" \/>\n<meta property=\"og:type\" content=\"article\" \/>\n<meta property=\"og:title\" content=\"BERKEL Juego de 5 Cuchillos de Cocinero Elegance Rojo\" \/>\n<meta property=\"og:description\" content=\"JUEGO DE 5 CUCHILLOS Juego de 5 cuchillos de cocinero profesionales compuesto por piezas con diferentes funciones. Los cuchillos, fabricados en Italia con\" \/>\n<meta property=\"og:url\" content=\"https:\/\/www.erresse-shop.it\/es\/shop\/cocina\/cuchillos\/cuchillos-de-cocina\/berkel-juego-de-5-cuchillos-de-cocinero-elegance-rojo\/\" \/>\n<meta property=\"og:site_name\" content=\"Erresse Shop\" \/>\n<meta property=\"article:modified_time\" content=\"2024-04-22T00:04:05+00:00\" \/>\n<meta property=\"og:image\" content=\"https:\/\/www.erresse-shop.it\/wp-content\/uploads\/2022\/03\/BERKEL-Set-5-Coltelli-Chef-Elegance-Rosso.jpg\" \/>\n\t<meta property=\"og:image:width\" content=\"1000\" \/>\n\t<meta property=\"og:image:height\" content=\"1000\" \/>\n\t<meta property=\"og:image:type\" content=\"image\/jpeg\" \/>\n<meta name=\"twitter:card\" content=\"summary_large_image\" \/>\n<script type=\"application\/ld+json\" class=\"yoast-schema-graph\">{\"@context\":\"https:\/\/schema.org\",\"@graph\":[{\"@type\":\"WebPage\",\"@id\":\"https:\/\/www.erresse-shop.it\/es\/shop\/cocina\/cuchillos\/cuchillos-de-cocina\/berkel-juego-de-5-cuchillos-de-cocinero-elegance-rojo\/\",\"url\":\"https:\/\/www.erresse-shop.it\/es\/shop\/cocina\/cuchillos\/cuchillos-de-cocina\/berkel-juego-de-5-cuchillos-de-cocinero-elegance-rojo\/\",\"name\":\"BERKEL Juego de 5 Cuchillos de Cocinero Elegance Rojo - Erresse Shop\",\"isPartOf\":{\"@id\":\"https:\/\/www.erresse-shop.it\/es\/#website\"},\"datePublished\":\"2022-03-14T15:00:42+00:00\",\"dateModified\":\"2024-04-22T00:04:05+00:00\",\"description\":\"JUEGO DE 5 CUCHILLOS Juego de 5 cuchillos de cocinero profesionales compuesto por piezas con diferentes funciones. Los cuchillos, fabricados en Italia con\",\"breadcrumb\":{\"@id\":\"https:\/\/www.erresse-shop.it\/es\/shop\/cocina\/cuchillos\/cuchillos-de-cocina\/berkel-juego-de-5-cuchillos-de-cocinero-elegance-rojo\/#breadcrumb\"},\"inLanguage\":\"es\",\"potentialAction\":[{\"@type\":\"ReadAction\",\"target\":[\"https:\/\/www.erresse-shop.it\/es\/shop\/cocina\/cuchillos\/cuchillos-de-cocina\/berkel-juego-de-5-cuchillos-de-cocinero-elegance-rojo\/\"]}]},{\"@type\":\"BreadcrumbList\",\"@id\":\"https:\/\/www.erresse-shop.it\/es\/shop\/cocina\/cuchillos\/cuchillos-de-cocina\/berkel-juego-de-5-cuchillos-de-cocinero-elegance-rojo\/#breadcrumb\",\"itemListElement\":[{\"@type\":\"ListItem\",\"position\":1,\"name\":\"Home\",\"item\":\"https:\/\/www.erresse-shop.it\/es\/\"},{\"@type\":\"ListItem\",\"position\":2,\"name\":\"Shop\",\"item\":\"https:\/\/www.erresse-shop.it\/es\/shop\/\"},{\"@type\":\"ListItem\",\"position\":3,\"name\":\"BERKEL Juego de 5 Cuchillos de Cocinero Elegance Rojo\"}]},{\"@type\":\"WebSite\",\"@id\":\"https:\/\/www.erresse-shop.it\/es\/#website\",\"url\":\"https:\/\/www.erresse-shop.it\/es\/\",\"name\":\"Erresse Shop\",\"description\":\"Articoli di qualit\u00e0 per la casa\",\"potentialAction\":[{\"@type\":\"SearchAction\",\"target\":{\"@type\":\"EntryPoint\",\"urlTemplate\":\"https:\/\/www.erresse-shop.it\/es\/?s={search_term_string}\"},\"query-input\":\"required name=search_term_string\"}],\"inLanguage\":\"es\"}]}<\/script>\n<!-- \/ Yoast SEO Premium plugin. -->","yoast_head_json":{"title":"BERKEL Juego de 5 Cuchillos de Cocinero Elegance Rojo - Erresse Shop","description":"JUEGO DE 5 CUCHILLOS Juego de 5 cuchillos de cocinero profesionales compuesto por piezas con diferentes funciones. Los cuchillos, fabricados en Italia con","robots":{"index":"index","follow":"follow","max-snippet":"max-snippet:-1","max-image-preview":"max-image-preview:large","max-video-preview":"max-video-preview:-1"},"canonical":"https:\/\/www.erresse-shop.it\/es\/shop\/cocina\/cuchillos\/cuchillos-de-cocina\/berkel-juego-de-5-cuchillos-de-cocinero-elegance-rojo\/","og_locale":"es_ES","og_type":"article","og_title":"BERKEL Juego de 5 Cuchillos de Cocinero Elegance Rojo","og_description":"JUEGO DE 5 CUCHILLOS Juego de 5 cuchillos de cocinero profesionales compuesto por piezas con diferentes funciones. Los cuchillos, fabricados en Italia con","og_url":"https:\/\/www.erresse-shop.it\/es\/shop\/cocina\/cuchillos\/cuchillos-de-cocina\/berkel-juego-de-5-cuchillos-de-cocinero-elegance-rojo\/","og_site_name":"Erresse Shop","article_modified_time":"2024-04-22T00:04:05+00:00","og_image":[{"width":1000,"height":1000,"url":"https:\/\/www.erresse-shop.it\/wp-content\/uploads\/2022\/03\/BERKEL-Set-5-Coltelli-Chef-Elegance-Rosso.jpg","type":"image\/jpeg"}],"twitter_card":"summary_large_image","schema":{"@context":"https:\/\/schema.org","@graph":[{"@type":"WebPage","@id":"https:\/\/www.erresse-shop.it\/es\/shop\/cocina\/cuchillos\/cuchillos-de-cocina\/berkel-juego-de-5-cuchillos-de-cocinero-elegance-rojo\/","url":"https:\/\/www.erresse-shop.it\/es\/shop\/cocina\/cuchillos\/cuchillos-de-cocina\/berkel-juego-de-5-cuchillos-de-cocinero-elegance-rojo\/","name":"BERKEL Juego de 5 Cuchillos de Cocinero Elegance Rojo - Erresse Shop","isPartOf":{"@id":"https:\/\/www.erresse-shop.it\/es\/#website"},"datePublished":"2022-03-14T15:00:42+00:00","dateModified":"2024-04-22T00:04:05+00:00","description":"JUEGO DE 5 CUCHILLOS Juego de 5 cuchillos de cocinero profesionales compuesto por piezas con diferentes funciones. Los cuchillos, fabricados en Italia con","breadcrumb":{"@id":"https:\/\/www.erresse-shop.it\/es\/shop\/cocina\/cuchillos\/cuchillos-de-cocina\/berkel-juego-de-5-cuchillos-de-cocinero-elegance-rojo\/#breadcrumb"},"inLanguage":"es","potentialAction":[{"@type":"ReadAction","target":["https:\/\/www.erresse-shop.it\/es\/shop\/cocina\/cuchillos\/cuchillos-de-cocina\/berkel-juego-de-5-cuchillos-de-cocinero-elegance-rojo\/"]}]},{"@type":"BreadcrumbList","@id":"https:\/\/www.erresse-shop.it\/es\/shop\/cocina\/cuchillos\/cuchillos-de-cocina\/berkel-juego-de-5-cuchillos-de-cocinero-elegance-rojo\/#breadcrumb","itemListElement":[{"@type":"ListItem","position":1,"name":"Home","item":"https:\/\/www.erresse-shop.it\/es\/"},{"@type":"ListItem","position":2,"name":"Shop","item":"https:\/\/www.erresse-shop.it\/es\/shop\/"},{"@type":"ListItem","position":3,"name":"BERKEL Juego de 5 Cuchillos de Cocinero Elegance Rojo"}]},{"@type":"WebSite","@id":"https:\/\/www.erresse-shop.it\/es\/#website","url":"https:\/\/www.erresse-shop.it\/es\/","name":"Erresse Shop","description":"Articoli di qualit\u00e0 per la casa","potentialAction":[{"@type":"SearchAction","target":{"@type":"EntryPoint","urlTemplate":"https:\/\/www.erresse-shop.it\/es\/?s={search_term_string}"},"query-input":"required name=search_term_string"}],"inLanguage":"es"}]}},"df_price":239.5,"df_sale_price":239.5,"df_regular_price":479,"df_image_link":"https:\/\/www.erresse-shop.it\/wp-content\/uploads\/2022\/03\/BERKEL-Set-5-Coltelli-Chef-Elegance-Rosso-300x300.jpg","_links":{"self":[{"href":"https:\/\/www.erresse-shop.it\/es\/wp-json\/wp\/v2\/product\/143429"}],"collection":[{"href":"https:\/\/www.erresse-shop.it\/es\/wp-json\/wp\/v2\/product"}],"about":[{"href":"https:\/\/www.erresse-shop.it\/es\/wp-json\/wp\/v2\/types\/product"}],"wp:featuredmedia":[{"embeddable":true,"href":"https:\/\/www.erresse-shop.it\/es\/wp-json\/wp\/v2\/media\/143449"}],"wp:attachment":[{"href":"https:\/\/www.erresse-shop.it\/es\/wp-json\/wp\/v2\/media?parent=143429"}],"wp:term":[{"taxonomy":"product_cat","embeddable":true,"href":"https:\/\/www.erresse-shop.it\/es\/wp-json\/wp\/v2\/product_cat?post=143429"},{"taxonomy":"product_tag","embeddable":true,"href":"https:\/\/www.erresse-shop.it\/es\/wp-json\/wp\/v2\/product_tag?post=143429"}],"curies":[{"name":"wp","href":"https:\/\/api.w.org\/{rel}","templated":true}]}}