{"id":143404,"date":"2022-03-14T14:13:02","date_gmt":"2022-03-14T14:13:09","guid":{"rendered":"https:\/\/www.erresse-shop.it\/?post_type=product&#038;p=143404"},"modified":"2023-07-24T00:14:43","modified_gmt":"2023-07-24T00:14:43","slug":"sambonet-arthur-krupp-juego-de-12-platos-nature-essence","status":"publish","type":"product","link":"https:\/\/www.erresse-shop.it\/es\/shop\/tabla\/platos\/sambonet-arthur-krupp-juego-de-12-platos-nature-essence\/","title":{"rendered":"SAMBONET ARTHUR KRUPP Juego de 12 Platos Nature Essence"},"content":{"rendered":"<p>Plato de porcelana de la serie Nature Essence de Arthur Krupp.<br \/>\nDecoraciones que extraen rasgos, colores y sensaciones de la naturaleza.<br \/>\nPorcelana que aporta un toque de personalidad al espacio que la rodea, desde la moda hasta el mobiliario, pasando por los restaurantes.<br \/>\nA trav\u00e9s de un particular relieve, Nature Essence ampl\u00eda y redise\u00f1a la t\u00edpica nervadura vegetal de las hojas.<br \/>\nLa decoraci\u00f3n adquiere as\u00ed declinaciones y colores casi abstractos en cada art\u00edculo, incluida la particular forma org\u00e1nica. Complementarios entre s\u00ed y combinables con la l\u00ednea Wood, la colecci\u00f3n da vida a un Mix &amp; Match extremadamente decorativo e impactante.<\/p>\n<ul>\n<li>Juego para 4 personas (12 piezas) que incluye plato llano de 28 cm de di\u00e1metro, plato hondo de 22 cm de di\u00e1metro y plato de fruta de 20 cm de di\u00e1metro;<\/li>\n<li>Las decoraciones y los colores t\u00edpicos del gres se reproducen en la porcelana, para un efecto material que mantiene el estilo c\u00e1lido de la cer\u00e1mica, ofreciendo al mismo tiempo la resistencia y la calidad derivadas de la cocci\u00f3n a alta temperatura.<\/li>\n<li>Apto para el lavavajillas<\/li>\n<li>Platos de porcelana<\/li>\n<\/ul>\n","protected":false},"excerpt":{"rendered":"<p>Plato de porcelana de la serie Nature Essence de Arthur Krupp. Decoraciones que extraen rasgos, colores y sensaciones de la<\/p>\n","protected":false},"featured_media":143424,"template":"","meta":{"_acf_changed":false,"inline_featured_image":false},"product_cat":[16031,16027],"product_tag":[17244,23692,21333,24605,25023],"acf":[],"yoast_head":"<!-- This site is optimized with the Yoast SEO Premium plugin v18.6 (Yoast SEO v19.13) - https:\/\/yoast.com\/wordpress\/plugins\/seo\/ -->\n<title>SAMBONET ARTHUR KRUPP Juego de 12 Platos Nature Essence - Erresse Shop<\/title>\n<meta name=\"description\" content=\"Plato de porcelana de la serie Nature Essence de Arthur Krupp. Decoraciones que extraen rasgos, colores y sensaciones de la naturaleza. Porcelana que\" \/>\n<meta name=\"robots\" content=\"index, follow, max-snippet:-1, max-image-preview:large, max-video-preview:-1\" \/>\n<link rel=\"canonical\" href=\"https:\/\/www.erresse-shop.it\/es\/shop\/tabla\/platos\/sambonet-arthur-krupp-juego-de-12-platos-nature-essence\/\" \/>\n<meta property=\"og:locale\" content=\"es_ES\" \/>\n<meta property=\"og:type\" content=\"article\" \/>\n<meta property=\"og:title\" content=\"SAMBONET ARTHUR KRUPP Juego de 12 Platos Nature Essence\" \/>\n<meta property=\"og:description\" content=\"Plato de porcelana de la serie Nature Essence de Arthur Krupp. Decoraciones que extraen rasgos, colores y sensaciones de la naturaleza. Porcelana que\" \/>\n<meta property=\"og:url\" content=\"https:\/\/www.erresse-shop.it\/es\/shop\/tabla\/platos\/sambonet-arthur-krupp-juego-de-12-platos-nature-essence\/\" \/>\n<meta property=\"og:site_name\" content=\"Erresse Shop\" \/>\n<meta property=\"article:modified_time\" content=\"2023-07-24T00:14:43+00:00\" \/>\n<meta property=\"og:image\" content=\"https:\/\/www.erresse-shop.it\/wp-content\/uploads\/2022\/03\/SAMBONET-ARTHUR-KRUPP-Set-12-Piatti-Nature-Essence.jpg\" \/>\n\t<meta property=\"og:image:width\" content=\"1000\" \/>\n\t<meta property=\"og:image:height\" content=\"1000\" \/>\n\t<meta property=\"og:image:type\" content=\"image\/jpeg\" \/>\n<meta name=\"twitter:card\" content=\"summary_large_image\" \/>\n<script type=\"application\/ld+json\" class=\"yoast-schema-graph\">{\"@context\":\"https:\/\/schema.org\",\"@graph\":[{\"@type\":\"WebPage\",\"@id\":\"https:\/\/www.erresse-shop.it\/es\/shop\/tabla\/platos\/sambonet-arthur-krupp-juego-de-12-platos-nature-essence\/\",\"url\":\"https:\/\/www.erresse-shop.it\/es\/shop\/tabla\/platos\/sambonet-arthur-krupp-juego-de-12-platos-nature-essence\/\",\"name\":\"SAMBONET ARTHUR KRUPP Juego de 12 Platos Nature Essence - Erresse Shop\",\"isPartOf\":{\"@id\":\"https:\/\/www.erresse-shop.it\/es\/#website\"},\"datePublished\":\"2022-03-14T14:13:09+00:00\",\"dateModified\":\"2023-07-24T00:14:43+00:00\",\"description\":\"Plato de porcelana de la serie Nature Essence de Arthur Krupp. Decoraciones que extraen rasgos, colores y sensaciones de la naturaleza. Porcelana que\",\"breadcrumb\":{\"@id\":\"https:\/\/www.erresse-shop.it\/es\/shop\/tabla\/platos\/sambonet-arthur-krupp-juego-de-12-platos-nature-essence\/#breadcrumb\"},\"inLanguage\":\"es\",\"potentialAction\":[{\"@type\":\"ReadAction\",\"target\":[\"https:\/\/www.erresse-shop.it\/es\/shop\/tabla\/platos\/sambonet-arthur-krupp-juego-de-12-platos-nature-essence\/\"]}]},{\"@type\":\"BreadcrumbList\",\"@id\":\"https:\/\/www.erresse-shop.it\/es\/shop\/tabla\/platos\/sambonet-arthur-krupp-juego-de-12-platos-nature-essence\/#breadcrumb\",\"itemListElement\":[{\"@type\":\"ListItem\",\"position\":1,\"name\":\"Home\",\"item\":\"https:\/\/www.erresse-shop.it\/es\/\"},{\"@type\":\"ListItem\",\"position\":2,\"name\":\"Shop\",\"item\":\"https:\/\/www.erresse-shop.it\/es\/shop\/\"},{\"@type\":\"ListItem\",\"position\":3,\"name\":\"SAMBONET ARTHUR KRUPP Juego de 12 Platos Nature Essence\"}]},{\"@type\":\"WebSite\",\"@id\":\"https:\/\/www.erresse-shop.it\/es\/#website\",\"url\":\"https:\/\/www.erresse-shop.it\/es\/\",\"name\":\"Erresse Shop\",\"description\":\"Articoli di qualit\u00e0 per la casa\",\"potentialAction\":[{\"@type\":\"SearchAction\",\"target\":{\"@type\":\"EntryPoint\",\"urlTemplate\":\"https:\/\/www.erresse-shop.it\/es\/?s={search_term_string}\"},\"query-input\":\"required name=search_term_string\"}],\"inLanguage\":\"es\"}]}<\/script>\n<!-- \/ Yoast SEO Premium plugin. -->","yoast_head_json":{"title":"SAMBONET ARTHUR KRUPP Juego de 12 Platos Nature Essence - Erresse Shop","description":"Plato de porcelana de la serie Nature Essence de Arthur Krupp. Decoraciones que extraen rasgos, colores y sensaciones de la naturaleza. Porcelana que","robots":{"index":"index","follow":"follow","max-snippet":"max-snippet:-1","max-image-preview":"max-image-preview:large","max-video-preview":"max-video-preview:-1"},"canonical":"https:\/\/www.erresse-shop.it\/es\/shop\/tabla\/platos\/sambonet-arthur-krupp-juego-de-12-platos-nature-essence\/","og_locale":"es_ES","og_type":"article","og_title":"SAMBONET ARTHUR KRUPP Juego de 12 Platos Nature Essence","og_description":"Plato de porcelana de la serie Nature Essence de Arthur Krupp. Decoraciones que extraen rasgos, colores y sensaciones de la naturaleza. Porcelana que","og_url":"https:\/\/www.erresse-shop.it\/es\/shop\/tabla\/platos\/sambonet-arthur-krupp-juego-de-12-platos-nature-essence\/","og_site_name":"Erresse Shop","article_modified_time":"2023-07-24T00:14:43+00:00","og_image":[{"width":1000,"height":1000,"url":"https:\/\/www.erresse-shop.it\/wp-content\/uploads\/2022\/03\/SAMBONET-ARTHUR-KRUPP-Set-12-Piatti-Nature-Essence.jpg","type":"image\/jpeg"}],"twitter_card":"summary_large_image","schema":{"@context":"https:\/\/schema.org","@graph":[{"@type":"WebPage","@id":"https:\/\/www.erresse-shop.it\/es\/shop\/tabla\/platos\/sambonet-arthur-krupp-juego-de-12-platos-nature-essence\/","url":"https:\/\/www.erresse-shop.it\/es\/shop\/tabla\/platos\/sambonet-arthur-krupp-juego-de-12-platos-nature-essence\/","name":"SAMBONET ARTHUR KRUPP Juego de 12 Platos Nature Essence - Erresse Shop","isPartOf":{"@id":"https:\/\/www.erresse-shop.it\/es\/#website"},"datePublished":"2022-03-14T14:13:09+00:00","dateModified":"2023-07-24T00:14:43+00:00","description":"Plato de porcelana de la serie Nature Essence de Arthur Krupp. Decoraciones que extraen rasgos, colores y sensaciones de la naturaleza. Porcelana que","breadcrumb":{"@id":"https:\/\/www.erresse-shop.it\/es\/shop\/tabla\/platos\/sambonet-arthur-krupp-juego-de-12-platos-nature-essence\/#breadcrumb"},"inLanguage":"es","potentialAction":[{"@type":"ReadAction","target":["https:\/\/www.erresse-shop.it\/es\/shop\/tabla\/platos\/sambonet-arthur-krupp-juego-de-12-platos-nature-essence\/"]}]},{"@type":"BreadcrumbList","@id":"https:\/\/www.erresse-shop.it\/es\/shop\/tabla\/platos\/sambonet-arthur-krupp-juego-de-12-platos-nature-essence\/#breadcrumb","itemListElement":[{"@type":"ListItem","position":1,"name":"Home","item":"https:\/\/www.erresse-shop.it\/es\/"},{"@type":"ListItem","position":2,"name":"Shop","item":"https:\/\/www.erresse-shop.it\/es\/shop\/"},{"@type":"ListItem","position":3,"name":"SAMBONET ARTHUR KRUPP Juego de 12 Platos Nature Essence"}]},{"@type":"WebSite","@id":"https:\/\/www.erresse-shop.it\/es\/#website","url":"https:\/\/www.erresse-shop.it\/es\/","name":"Erresse Shop","description":"Articoli di qualit\u00e0 per la casa","potentialAction":[{"@type":"SearchAction","target":{"@type":"EntryPoint","urlTemplate":"https:\/\/www.erresse-shop.it\/es\/?s={search_term_string}"},"query-input":"required name=search_term_string"}],"inLanguage":"es"}]}},"df_price":109.95,"df_sale_price":109.95,"df_regular_price":219.9,"df_image_link":"https:\/\/www.erresse-shop.it\/wp-content\/uploads\/2022\/03\/SAMBONET-ARTHUR-KRUPP-Set-12-Piatti-Nature-Essence-300x300.jpg","_links":{"self":[{"href":"https:\/\/www.erresse-shop.it\/es\/wp-json\/wp\/v2\/product\/143404"}],"collection":[{"href":"https:\/\/www.erresse-shop.it\/es\/wp-json\/wp\/v2\/product"}],"about":[{"href":"https:\/\/www.erresse-shop.it\/es\/wp-json\/wp\/v2\/types\/product"}],"wp:featuredmedia":[{"embeddable":true,"href":"https:\/\/www.erresse-shop.it\/es\/wp-json\/wp\/v2\/media\/143424"}],"wp:attachment":[{"href":"https:\/\/www.erresse-shop.it\/es\/wp-json\/wp\/v2\/media?parent=143404"}],"wp:term":[{"taxonomy":"product_cat","embeddable":true,"href":"https:\/\/www.erresse-shop.it\/es\/wp-json\/wp\/v2\/product_cat?post=143404"},{"taxonomy":"product_tag","embeddable":true,"href":"https:\/\/www.erresse-shop.it\/es\/wp-json\/wp\/v2\/product_tag?post=143404"}],"curies":[{"name":"wp","href":"https:\/\/api.w.org\/{rel}","templated":true}]}}