{"id":142586,"date":"2022-03-07T11:32:32","date_gmt":"2022-03-07T11:32:34","guid":{"rendered":"https:\/\/www.erresse-shop.it\/?post_type=product&#038;p=142586"},"modified":"2023-06-20T09:48:31","modified_gmt":"2023-06-20T09:48:31","slug":"rosenthal-cuenco-surface-32-cm-blanco","status":"publish","type":"product","link":"https:\/\/www.erresse-shop.it\/es\/shop\/mobiliario\/jarrones\/rosenthal-cuenco-surface-32-cm-blanco\/","title":{"rendered":"ROSENTHAL Cuenco Surface 32 cm Blanco"},"content":{"rendered":"<p>Los jarrones, cuencos y candelabros de la serie &#8220;Surface&#8221; del dise\u00f1ador Achim Haigis, en vidrio y porcelana, se crearon como parte de un debate experimental. El contenido y la inspiraci\u00f3n son formas cristalinas. Las formas de esta serie de la l\u00ednea de estudio de Rosenthal describen la fascinaci\u00f3n de una variedad de formas que provienen de la naturaleza. El enfoque l\u00fadico y experimental del dise\u00f1ador crea cuerpos multifac\u00e9ticos que penetran en la habitaci\u00f3n en perspectiva.<\/p>\n<p><strong>Material:<\/strong> porcelana<br \/>\n<strong>Colecci\u00f3n:<\/strong> Surface<\/p>\n","protected":false},"excerpt":{"rendered":"<p>Los jarrones, cuencos y candelabros de la serie &#8220;Surface&#8221; del dise\u00f1ador Achim Haigis, en vidrio y porcelana, se crearon como<\/p>\n","protected":false},"featured_media":142625,"template":"","meta":{"_acf_changed":false,"inline_featured_image":false},"product_cat":[16024,16016],"product_tag":[23912,23692,17859,16122,18575],"acf":[],"yoast_head":"<!-- This site is optimized with the Yoast SEO Premium plugin v18.6 (Yoast SEO v19.13) - https:\/\/yoast.com\/wordpress\/plugins\/seo\/ -->\n<title>ROSENTHAL Cuenco Surface 32 cm Blanco - Erresse Shop<\/title>\n<meta name=\"description\" content=\"Los jarrones, cuencos y candelabros de la serie &quot;Surface&quot; del dise\u00f1ador Achim Haigis, en vidrio y porcelana, se crearon como parte de un debate\" \/>\n<meta name=\"robots\" content=\"index, follow, max-snippet:-1, max-image-preview:large, max-video-preview:-1\" \/>\n<link rel=\"canonical\" href=\"https:\/\/www.erresse-shop.it\/es\/shop\/mobiliario\/jarrones\/rosenthal-cuenco-surface-32-cm-blanco\/\" \/>\n<meta property=\"og:locale\" content=\"es_ES\" \/>\n<meta property=\"og:type\" content=\"article\" \/>\n<meta property=\"og:title\" content=\"ROSENTHAL Cuenco Surface 32 cm Blanco\" \/>\n<meta property=\"og:description\" content=\"Los jarrones, cuencos y candelabros de la serie &quot;Surface&quot; del dise\u00f1ador Achim Haigis, en vidrio y porcelana, se crearon como parte de un debate\" \/>\n<meta property=\"og:url\" content=\"https:\/\/www.erresse-shop.it\/es\/shop\/mobiliario\/jarrones\/rosenthal-cuenco-surface-32-cm-blanco\/\" \/>\n<meta property=\"og:site_name\" content=\"Erresse Shop\" \/>\n<meta property=\"article:modified_time\" content=\"2023-06-20T09:48:31+00:00\" \/>\n<meta property=\"og:image\" content=\"https:\/\/www.erresse-shop.it\/wp-content\/uploads\/2022\/03\/ROSENTHAL-Coppa-Surface-32-cm-Bianco.jpg\" \/>\n\t<meta property=\"og:image:width\" content=\"1000\" \/>\n\t<meta property=\"og:image:height\" content=\"1000\" \/>\n\t<meta property=\"og:image:type\" content=\"image\/jpeg\" \/>\n<meta name=\"twitter:card\" content=\"summary_large_image\" \/>\n<script type=\"application\/ld+json\" class=\"yoast-schema-graph\">{\"@context\":\"https:\/\/schema.org\",\"@graph\":[{\"@type\":\"WebPage\",\"@id\":\"https:\/\/www.erresse-shop.it\/es\/shop\/mobiliario\/jarrones\/rosenthal-cuenco-surface-32-cm-blanco\/\",\"url\":\"https:\/\/www.erresse-shop.it\/es\/shop\/mobiliario\/jarrones\/rosenthal-cuenco-surface-32-cm-blanco\/\",\"name\":\"ROSENTHAL Cuenco Surface 32 cm Blanco - Erresse Shop\",\"isPartOf\":{\"@id\":\"https:\/\/www.erresse-shop.it\/es\/#website\"},\"datePublished\":\"2022-03-07T11:32:34+00:00\",\"dateModified\":\"2023-06-20T09:48:31+00:00\",\"description\":\"Los jarrones, cuencos y candelabros de la serie \\\"Surface\\\" del dise\u00f1ador Achim Haigis, en vidrio y porcelana, se crearon como parte de un debate\",\"breadcrumb\":{\"@id\":\"https:\/\/www.erresse-shop.it\/es\/shop\/mobiliario\/jarrones\/rosenthal-cuenco-surface-32-cm-blanco\/#breadcrumb\"},\"inLanguage\":\"es\",\"potentialAction\":[{\"@type\":\"ReadAction\",\"target\":[\"https:\/\/www.erresse-shop.it\/es\/shop\/mobiliario\/jarrones\/rosenthal-cuenco-surface-32-cm-blanco\/\"]}]},{\"@type\":\"BreadcrumbList\",\"@id\":\"https:\/\/www.erresse-shop.it\/es\/shop\/mobiliario\/jarrones\/rosenthal-cuenco-surface-32-cm-blanco\/#breadcrumb\",\"itemListElement\":[{\"@type\":\"ListItem\",\"position\":1,\"name\":\"Home\",\"item\":\"https:\/\/www.erresse-shop.it\/es\/\"},{\"@type\":\"ListItem\",\"position\":2,\"name\":\"Shop\",\"item\":\"https:\/\/www.erresse-shop.it\/es\/shop\/\"},{\"@type\":\"ListItem\",\"position\":3,\"name\":\"ROSENTHAL Cuenco Surface 32 cm Blanco\"}]},{\"@type\":\"WebSite\",\"@id\":\"https:\/\/www.erresse-shop.it\/es\/#website\",\"url\":\"https:\/\/www.erresse-shop.it\/es\/\",\"name\":\"Erresse Shop\",\"description\":\"Articoli di qualit\u00e0 per la casa\",\"potentialAction\":[{\"@type\":\"SearchAction\",\"target\":{\"@type\":\"EntryPoint\",\"urlTemplate\":\"https:\/\/www.erresse-shop.it\/es\/?s={search_term_string}\"},\"query-input\":\"required name=search_term_string\"}],\"inLanguage\":\"es\"}]}<\/script>\n<!-- \/ Yoast SEO Premium plugin. -->","yoast_head_json":{"title":"ROSENTHAL Cuenco Surface 32 cm Blanco - Erresse Shop","description":"Los jarrones, cuencos y candelabros de la serie \"Surface\" del dise\u00f1ador Achim Haigis, en vidrio y porcelana, se crearon como parte de un debate","robots":{"index":"index","follow":"follow","max-snippet":"max-snippet:-1","max-image-preview":"max-image-preview:large","max-video-preview":"max-video-preview:-1"},"canonical":"https:\/\/www.erresse-shop.it\/es\/shop\/mobiliario\/jarrones\/rosenthal-cuenco-surface-32-cm-blanco\/","og_locale":"es_ES","og_type":"article","og_title":"ROSENTHAL Cuenco Surface 32 cm Blanco","og_description":"Los jarrones, cuencos y candelabros de la serie \"Surface\" del dise\u00f1ador Achim Haigis, en vidrio y porcelana, se crearon como parte de un debate","og_url":"https:\/\/www.erresse-shop.it\/es\/shop\/mobiliario\/jarrones\/rosenthal-cuenco-surface-32-cm-blanco\/","og_site_name":"Erresse Shop","article_modified_time":"2023-06-20T09:48:31+00:00","og_image":[{"width":1000,"height":1000,"url":"https:\/\/www.erresse-shop.it\/wp-content\/uploads\/2022\/03\/ROSENTHAL-Coppa-Surface-32-cm-Bianco.jpg","type":"image\/jpeg"}],"twitter_card":"summary_large_image","schema":{"@context":"https:\/\/schema.org","@graph":[{"@type":"WebPage","@id":"https:\/\/www.erresse-shop.it\/es\/shop\/mobiliario\/jarrones\/rosenthal-cuenco-surface-32-cm-blanco\/","url":"https:\/\/www.erresse-shop.it\/es\/shop\/mobiliario\/jarrones\/rosenthal-cuenco-surface-32-cm-blanco\/","name":"ROSENTHAL Cuenco Surface 32 cm Blanco - Erresse Shop","isPartOf":{"@id":"https:\/\/www.erresse-shop.it\/es\/#website"},"datePublished":"2022-03-07T11:32:34+00:00","dateModified":"2023-06-20T09:48:31+00:00","description":"Los jarrones, cuencos y candelabros de la serie \"Surface\" del dise\u00f1ador Achim Haigis, en vidrio y porcelana, se crearon como parte de un debate","breadcrumb":{"@id":"https:\/\/www.erresse-shop.it\/es\/shop\/mobiliario\/jarrones\/rosenthal-cuenco-surface-32-cm-blanco\/#breadcrumb"},"inLanguage":"es","potentialAction":[{"@type":"ReadAction","target":["https:\/\/www.erresse-shop.it\/es\/shop\/mobiliario\/jarrones\/rosenthal-cuenco-surface-32-cm-blanco\/"]}]},{"@type":"BreadcrumbList","@id":"https:\/\/www.erresse-shop.it\/es\/shop\/mobiliario\/jarrones\/rosenthal-cuenco-surface-32-cm-blanco\/#breadcrumb","itemListElement":[{"@type":"ListItem","position":1,"name":"Home","item":"https:\/\/www.erresse-shop.it\/es\/"},{"@type":"ListItem","position":2,"name":"Shop","item":"https:\/\/www.erresse-shop.it\/es\/shop\/"},{"@type":"ListItem","position":3,"name":"ROSENTHAL Cuenco Surface 32 cm Blanco"}]},{"@type":"WebSite","@id":"https:\/\/www.erresse-shop.it\/es\/#website","url":"https:\/\/www.erresse-shop.it\/es\/","name":"Erresse Shop","description":"Articoli di qualit\u00e0 per la casa","potentialAction":[{"@type":"SearchAction","target":{"@type":"EntryPoint","urlTemplate":"https:\/\/www.erresse-shop.it\/es\/?s={search_term_string}"},"query-input":"required name=search_term_string"}],"inLanguage":"es"}]}},"df_price":76.45,"df_sale_price":76.45,"df_regular_price":139,"df_image_link":"https:\/\/www.erresse-shop.it\/wp-content\/uploads\/2022\/03\/ROSENTHAL-Coppa-Surface-32-cm-Bianco-300x300.jpg","_links":{"self":[{"href":"https:\/\/www.erresse-shop.it\/es\/wp-json\/wp\/v2\/product\/142586"}],"collection":[{"href":"https:\/\/www.erresse-shop.it\/es\/wp-json\/wp\/v2\/product"}],"about":[{"href":"https:\/\/www.erresse-shop.it\/es\/wp-json\/wp\/v2\/types\/product"}],"wp:featuredmedia":[{"embeddable":true,"href":"https:\/\/www.erresse-shop.it\/es\/wp-json\/wp\/v2\/media\/142625"}],"wp:attachment":[{"href":"https:\/\/www.erresse-shop.it\/es\/wp-json\/wp\/v2\/media?parent=142586"}],"wp:term":[{"taxonomy":"product_cat","embeddable":true,"href":"https:\/\/www.erresse-shop.it\/es\/wp-json\/wp\/v2\/product_cat?post=142586"},{"taxonomy":"product_tag","embeddable":true,"href":"https:\/\/www.erresse-shop.it\/es\/wp-json\/wp\/v2\/product_tag?post=142586"}],"curies":[{"name":"wp","href":"https:\/\/api.w.org\/{rel}","templated":true}]}}