{"id":142175,"date":"2022-03-04T13:47:11","date_gmt":"2022-03-04T13:47:13","guid":{"rendered":"https:\/\/www.erresse-shop.it\/?post_type=product&#038;p=142175"},"modified":"2022-03-04T16:00:07","modified_gmt":"2022-03-04T16:00:07","slug":"carlo-moretti-igra-lampara-de-mesa-de-cristal-de-murano","status":"publish","type":"product","link":"https:\/\/www.erresse-shop.it\/es\/shop\/mobiliario\/lamparas\/carlo-moretti-igra-lampara-de-mesa-de-cristal-de-murano\/","title":{"rendered":"CARLO MORETTI Igra L\u00e1mpara de Mesa de Cristal de Murano"},"content":{"rendered":"<p><strong>Color:<\/strong> transparente<br \/>\n<strong>Material:<\/strong> cristal de Murano<\/p>\n<p>Sorprendente e intemporal, esta elegante l\u00e1mpara de mesa fue dise\u00f1ada en 1984 por los <strong>maestros vidrieros Carlo Moretti y Paolo Martinuzzi<\/strong>. Combinando la artesan\u00eda tradicional y el dise\u00f1o moderno, esta pieza destacar\u00e1 en un interior contempor\u00e1neo. El soporte cil\u00edndrico de hierro y lat\u00f3n con acabado gris antracita se apoya en una base rectangular y resalta los dos tonos de cristal de Murano soplado. La pieza c\u00f3nica de cristal transparente se inserta en el marco met\u00e1lico y encierra un cuenco blanco que difunde la luz desde el interior para lograr un efecto visual impactante.<\/p>\n<p><strong>Caracter\u00edsticas del producto<\/strong><br \/>\nBase y estructura de hierro pintado en color antracita y lat\u00f3n natural, cuerpo luminoso de cristal de Murano. Uso en interiores.<\/p>\n<p><strong>Bombilla:<\/strong> excluida<br \/>\n<strong>Tensi\u00f3n:<\/strong> 220 voltios<br \/>\n<strong>Grado de protecci\u00f3n:<\/strong> IP 20<br \/>\n<span style=\"text-decoration: underline;\"><strong>Dada la singularidad del producto, cualquier imperfecci\u00f3n debe considerarse una ventaja.<\/strong><\/span><\/p>\n","protected":false},"excerpt":{"rendered":"<p>Color: transparente Material: cristal de Murano Sorprendente e intemporal, esta elegante l\u00e1mpara de mesa fue dise\u00f1ada en 1984 por los<\/p>\n","protected":false},"featured_media":142171,"template":"","meta":{"_acf_changed":false,"inline_featured_image":false},"product_cat":[16017,16016],"product_tag":[16119,16236,24682,16307,16120,18555],"acf":[],"yoast_head":"<!-- This site is optimized with the Yoast SEO Premium plugin v18.6 (Yoast SEO v19.13) - https:\/\/yoast.com\/wordpress\/plugins\/seo\/ -->\n<title>CARLO MORETTI Igra L\u00e1mpara de Mesa de Cristal de Murano - Erresse Shop<\/title>\n<meta name=\"description\" content=\"Color: transparente Material: cristal de Murano Sorprendente e intemporal, esta elegante l\u00e1mpara de mesa fue dise\u00f1ada en 1984 por los maestros vidrieros\" \/>\n<meta name=\"robots\" content=\"index, follow, max-snippet:-1, max-image-preview:large, max-video-preview:-1\" \/>\n<link rel=\"canonical\" href=\"https:\/\/www.erresse-shop.it\/es\/shop\/mobiliario\/lamparas\/carlo-moretti-igra-lampara-de-mesa-de-cristal-de-murano\/\" \/>\n<meta property=\"og:locale\" content=\"es_ES\" \/>\n<meta property=\"og:type\" content=\"article\" \/>\n<meta property=\"og:title\" content=\"CARLO MORETTI Igra L\u00e1mpara de Mesa de Cristal de Murano\" \/>\n<meta property=\"og:description\" content=\"Color: transparente Material: cristal de Murano Sorprendente e intemporal, esta elegante l\u00e1mpara de mesa fue dise\u00f1ada en 1984 por los maestros vidrieros\" \/>\n<meta property=\"og:url\" content=\"https:\/\/www.erresse-shop.it\/es\/shop\/mobiliario\/lamparas\/carlo-moretti-igra-lampara-de-mesa-de-cristal-de-murano\/\" \/>\n<meta property=\"og:site_name\" content=\"Erresse Shop\" \/>\n<meta property=\"article:modified_time\" content=\"2022-03-04T16:00:07+00:00\" \/>\n<meta property=\"og:image\" content=\"https:\/\/www.erresse-shop.it\/wp-content\/uploads\/2022\/03\/CARLO-MORETTI-Lampada-da-Tavolo-Igra.jpg\" \/>\n\t<meta property=\"og:image:width\" content=\"1000\" \/>\n\t<meta property=\"og:image:height\" content=\"1000\" \/>\n\t<meta property=\"og:image:type\" content=\"image\/jpeg\" \/>\n<meta name=\"twitter:card\" content=\"summary_large_image\" \/>\n<script type=\"application\/ld+json\" class=\"yoast-schema-graph\">{\"@context\":\"https:\/\/schema.org\",\"@graph\":[{\"@type\":\"WebPage\",\"@id\":\"https:\/\/www.erresse-shop.it\/es\/shop\/mobiliario\/lamparas\/carlo-moretti-igra-lampara-de-mesa-de-cristal-de-murano\/\",\"url\":\"https:\/\/www.erresse-shop.it\/es\/shop\/mobiliario\/lamparas\/carlo-moretti-igra-lampara-de-mesa-de-cristal-de-murano\/\",\"name\":\"CARLO MORETTI Igra L\u00e1mpara de Mesa de Cristal de Murano - Erresse Shop\",\"isPartOf\":{\"@id\":\"https:\/\/www.erresse-shop.it\/es\/#website\"},\"datePublished\":\"2022-03-04T13:47:13+00:00\",\"dateModified\":\"2022-03-04T16:00:07+00:00\",\"description\":\"Color: transparente Material: cristal de Murano Sorprendente e intemporal, esta elegante l\u00e1mpara de mesa fue dise\u00f1ada en 1984 por los maestros vidrieros\",\"breadcrumb\":{\"@id\":\"https:\/\/www.erresse-shop.it\/es\/shop\/mobiliario\/lamparas\/carlo-moretti-igra-lampara-de-mesa-de-cristal-de-murano\/#breadcrumb\"},\"inLanguage\":\"es\",\"potentialAction\":[{\"@type\":\"ReadAction\",\"target\":[\"https:\/\/www.erresse-shop.it\/es\/shop\/mobiliario\/lamparas\/carlo-moretti-igra-lampara-de-mesa-de-cristal-de-murano\/\"]}]},{\"@type\":\"BreadcrumbList\",\"@id\":\"https:\/\/www.erresse-shop.it\/es\/shop\/mobiliario\/lamparas\/carlo-moretti-igra-lampara-de-mesa-de-cristal-de-murano\/#breadcrumb\",\"itemListElement\":[{\"@type\":\"ListItem\",\"position\":1,\"name\":\"Home\",\"item\":\"https:\/\/www.erresse-shop.it\/es\/\"},{\"@type\":\"ListItem\",\"position\":2,\"name\":\"Shop\",\"item\":\"https:\/\/www.erresse-shop.it\/es\/shop\/\"},{\"@type\":\"ListItem\",\"position\":3,\"name\":\"CARLO MORETTI Igra L\u00e1mpara de Mesa de Cristal de Murano\"}]},{\"@type\":\"WebSite\",\"@id\":\"https:\/\/www.erresse-shop.it\/es\/#website\",\"url\":\"https:\/\/www.erresse-shop.it\/es\/\",\"name\":\"Erresse Shop\",\"description\":\"Articoli di qualit\u00e0 per la casa\",\"potentialAction\":[{\"@type\":\"SearchAction\",\"target\":{\"@type\":\"EntryPoint\",\"urlTemplate\":\"https:\/\/www.erresse-shop.it\/es\/?s={search_term_string}\"},\"query-input\":\"required name=search_term_string\"}],\"inLanguage\":\"es\"}]}<\/script>\n<!-- \/ Yoast SEO Premium plugin. -->","yoast_head_json":{"title":"CARLO MORETTI Igra L\u00e1mpara de Mesa de Cristal de Murano - Erresse Shop","description":"Color: transparente Material: cristal de Murano Sorprendente e intemporal, esta elegante l\u00e1mpara de mesa fue dise\u00f1ada en 1984 por los maestros vidrieros","robots":{"index":"index","follow":"follow","max-snippet":"max-snippet:-1","max-image-preview":"max-image-preview:large","max-video-preview":"max-video-preview:-1"},"canonical":"https:\/\/www.erresse-shop.it\/es\/shop\/mobiliario\/lamparas\/carlo-moretti-igra-lampara-de-mesa-de-cristal-de-murano\/","og_locale":"es_ES","og_type":"article","og_title":"CARLO MORETTI Igra L\u00e1mpara de Mesa de Cristal de Murano","og_description":"Color: transparente Material: cristal de Murano Sorprendente e intemporal, esta elegante l\u00e1mpara de mesa fue dise\u00f1ada en 1984 por los maestros vidrieros","og_url":"https:\/\/www.erresse-shop.it\/es\/shop\/mobiliario\/lamparas\/carlo-moretti-igra-lampara-de-mesa-de-cristal-de-murano\/","og_site_name":"Erresse Shop","article_modified_time":"2022-03-04T16:00:07+00:00","og_image":[{"width":1000,"height":1000,"url":"https:\/\/www.erresse-shop.it\/wp-content\/uploads\/2022\/03\/CARLO-MORETTI-Lampada-da-Tavolo-Igra.jpg","type":"image\/jpeg"}],"twitter_card":"summary_large_image","schema":{"@context":"https:\/\/schema.org","@graph":[{"@type":"WebPage","@id":"https:\/\/www.erresse-shop.it\/es\/shop\/mobiliario\/lamparas\/carlo-moretti-igra-lampara-de-mesa-de-cristal-de-murano\/","url":"https:\/\/www.erresse-shop.it\/es\/shop\/mobiliario\/lamparas\/carlo-moretti-igra-lampara-de-mesa-de-cristal-de-murano\/","name":"CARLO MORETTI Igra L\u00e1mpara de Mesa de Cristal de Murano - Erresse Shop","isPartOf":{"@id":"https:\/\/www.erresse-shop.it\/es\/#website"},"datePublished":"2022-03-04T13:47:13+00:00","dateModified":"2022-03-04T16:00:07+00:00","description":"Color: transparente Material: cristal de Murano Sorprendente e intemporal, esta elegante l\u00e1mpara de mesa fue dise\u00f1ada en 1984 por los maestros vidrieros","breadcrumb":{"@id":"https:\/\/www.erresse-shop.it\/es\/shop\/mobiliario\/lamparas\/carlo-moretti-igra-lampara-de-mesa-de-cristal-de-murano\/#breadcrumb"},"inLanguage":"es","potentialAction":[{"@type":"ReadAction","target":["https:\/\/www.erresse-shop.it\/es\/shop\/mobiliario\/lamparas\/carlo-moretti-igra-lampara-de-mesa-de-cristal-de-murano\/"]}]},{"@type":"BreadcrumbList","@id":"https:\/\/www.erresse-shop.it\/es\/shop\/mobiliario\/lamparas\/carlo-moretti-igra-lampara-de-mesa-de-cristal-de-murano\/#breadcrumb","itemListElement":[{"@type":"ListItem","position":1,"name":"Home","item":"https:\/\/www.erresse-shop.it\/es\/"},{"@type":"ListItem","position":2,"name":"Shop","item":"https:\/\/www.erresse-shop.it\/es\/shop\/"},{"@type":"ListItem","position":3,"name":"CARLO MORETTI Igra L\u00e1mpara de Mesa de Cristal de Murano"}]},{"@type":"WebSite","@id":"https:\/\/www.erresse-shop.it\/es\/#website","url":"https:\/\/www.erresse-shop.it\/es\/","name":"Erresse Shop","description":"Articoli di qualit\u00e0 per la casa","potentialAction":[{"@type":"SearchAction","target":{"@type":"EntryPoint","urlTemplate":"https:\/\/www.erresse-shop.it\/es\/?s={search_term_string}"},"query-input":"required name=search_term_string"}],"inLanguage":"es"}]}},"df_price":797.5000000000001,"df_sale_price":797.5000000000001,"df_regular_price":1450,"df_image_link":"https:\/\/www.erresse-shop.it\/wp-content\/uploads\/2022\/03\/CARLO-MORETTI-Lampada-da-Tavolo-Igra-300x300.jpg","_links":{"self":[{"href":"https:\/\/www.erresse-shop.it\/es\/wp-json\/wp\/v2\/product\/142175"}],"collection":[{"href":"https:\/\/www.erresse-shop.it\/es\/wp-json\/wp\/v2\/product"}],"about":[{"href":"https:\/\/www.erresse-shop.it\/es\/wp-json\/wp\/v2\/types\/product"}],"wp:featuredmedia":[{"embeddable":true,"href":"https:\/\/www.erresse-shop.it\/es\/wp-json\/wp\/v2\/media\/142171"}],"wp:attachment":[{"href":"https:\/\/www.erresse-shop.it\/es\/wp-json\/wp\/v2\/media?parent=142175"}],"wp:term":[{"taxonomy":"product_cat","embeddable":true,"href":"https:\/\/www.erresse-shop.it\/es\/wp-json\/wp\/v2\/product_cat?post=142175"},{"taxonomy":"product_tag","embeddable":true,"href":"https:\/\/www.erresse-shop.it\/es\/wp-json\/wp\/v2\/product_tag?post=142175"}],"curies":[{"name":"wp","href":"https:\/\/api.w.org\/{rel}","templated":true}]}}