{"id":142085,"date":"2022-03-04T08:17:34","date_gmt":"2022-03-04T08:17:40","guid":{"rendered":"https:\/\/www.erresse-shop.it\/?post_type=product&#038;p=142085"},"modified":"2023-06-05T08:38:29","modified_gmt":"2023-06-05T08:38:29","slug":"carlo-moretti-decantador-jarra-de-cristal-de-murano-rojo","status":"publish","type":"product","link":"https:\/\/www.erresse-shop.it\/es\/shop\/tabla\/vino\/decantadores\/carlo-moretti-decantador-jarra-de-cristal-de-murano-rojo\/","title":{"rendered":"CARLO MORETTI Decantador\/Jarra de Cristal de Murano Rojo"},"content":{"rendered":"<p>Gracias a su l\u00ednea armoniosa y afilada, se puede utilizar tanto como decantador como florero.<br \/>\nSoplado a boca y acabado a mano alzada, este decantador tiene aplicaciones calientes de espirales, pajas, manchas de color y bandas.<\/p>\n<p>El vidrio y el cristal de Murano: elementos de valor totalmente italianos que encuentran su m\u00e1xima expresi\u00f3n en las preciosas colecciones dise\u00f1adas por Carlo Moretti, empresa con sede en las peque\u00f1as islas que conforman Murano. El prestigio de esta empresa de Murano se debe a la gran maestr\u00eda en el uso del vidrio y el cristal, este \u00faltimo de mayor resistencia debido a la adici\u00f3n de plomo en la mezcla.<\/p>\n<p><strong>Decantador de Murano trabajado y pintado totalmente a mano. Por ello, cada pieza es \u00fanica e inimitable.\u00a0<\/strong><\/p>\n","protected":false},"excerpt":{"rendered":"<p>Gracias a su l\u00ednea armoniosa y afilada, se puede utilizar tanto como decantador como florero. Soplado a boca y acabado<\/p>\n","protected":false},"featured_media":142081,"template":"","meta":{"_acf_changed":false,"inline_featured_image":false},"product_cat":[18541,16024,16016,16027,16051],"product_tag":[23912,16119,24682,16307,16120,16118,23684],"acf":[],"yoast_head":"<!-- This site is optimized with the Yoast SEO Premium plugin v18.6 (Yoast SEO v19.13) - https:\/\/yoast.com\/wordpress\/plugins\/seo\/ -->\n<title>CARLO MORETTI Decantador\/Jarra de Cristal de Murano Rojo - Erresse Shop<\/title>\n<meta name=\"description\" content=\"Gracias a su l\u00ednea armoniosa y afilada, se puede utilizar tanto como decantador como florero. Soplado a boca y acabado a mano alzada, este decantador\" \/>\n<meta name=\"robots\" content=\"index, follow, max-snippet:-1, max-image-preview:large, max-video-preview:-1\" \/>\n<link rel=\"canonical\" href=\"https:\/\/www.erresse-shop.it\/es\/shop\/tabla\/vino\/decantadores\/carlo-moretti-decantador-jarra-de-cristal-de-murano-rojo\/\" \/>\n<meta property=\"og:locale\" content=\"es_ES\" \/>\n<meta property=\"og:type\" content=\"article\" \/>\n<meta property=\"og:title\" content=\"CARLO MORETTI Decantador\/Jarra de Cristal de Murano Rojo\" \/>\n<meta property=\"og:description\" content=\"Gracias a su l\u00ednea armoniosa y afilada, se puede utilizar tanto como decantador como florero. Soplado a boca y acabado a mano alzada, este decantador\" \/>\n<meta property=\"og:url\" content=\"https:\/\/www.erresse-shop.it\/es\/shop\/tabla\/vino\/decantadores\/carlo-moretti-decantador-jarra-de-cristal-de-murano-rojo\/\" \/>\n<meta property=\"og:site_name\" content=\"Erresse Shop\" \/>\n<meta property=\"article:modified_time\" content=\"2023-06-05T08:38:29+00:00\" \/>\n<meta property=\"og:image\" content=\"https:\/\/www.erresse-shop.it\/wp-content\/uploads\/2022\/03\/CARLO-MORETTI-Decanter.r-2008.jpg\" \/>\n\t<meta property=\"og:image:width\" content=\"1000\" \/>\n\t<meta property=\"og:image:height\" content=\"1000\" \/>\n\t<meta property=\"og:image:type\" content=\"image\/jpeg\" \/>\n<meta name=\"twitter:card\" content=\"summary_large_image\" \/>\n<script type=\"application\/ld+json\" class=\"yoast-schema-graph\">{\"@context\":\"https:\/\/schema.org\",\"@graph\":[{\"@type\":\"WebPage\",\"@id\":\"https:\/\/www.erresse-shop.it\/es\/shop\/tabla\/vino\/decantadores\/carlo-moretti-decantador-jarra-de-cristal-de-murano-rojo\/\",\"url\":\"https:\/\/www.erresse-shop.it\/es\/shop\/tabla\/vino\/decantadores\/carlo-moretti-decantador-jarra-de-cristal-de-murano-rojo\/\",\"name\":\"CARLO MORETTI Decantador\/Jarra de Cristal de Murano Rojo - Erresse Shop\",\"isPartOf\":{\"@id\":\"https:\/\/www.erresse-shop.it\/es\/#website\"},\"datePublished\":\"2022-03-04T08:17:40+00:00\",\"dateModified\":\"2023-06-05T08:38:29+00:00\",\"description\":\"Gracias a su l\u00ednea armoniosa y afilada, se puede utilizar tanto como decantador como florero. Soplado a boca y acabado a mano alzada, este decantador\",\"breadcrumb\":{\"@id\":\"https:\/\/www.erresse-shop.it\/es\/shop\/tabla\/vino\/decantadores\/carlo-moretti-decantador-jarra-de-cristal-de-murano-rojo\/#breadcrumb\"},\"inLanguage\":\"es\",\"potentialAction\":[{\"@type\":\"ReadAction\",\"target\":[\"https:\/\/www.erresse-shop.it\/es\/shop\/tabla\/vino\/decantadores\/carlo-moretti-decantador-jarra-de-cristal-de-murano-rojo\/\"]}]},{\"@type\":\"BreadcrumbList\",\"@id\":\"https:\/\/www.erresse-shop.it\/es\/shop\/tabla\/vino\/decantadores\/carlo-moretti-decantador-jarra-de-cristal-de-murano-rojo\/#breadcrumb\",\"itemListElement\":[{\"@type\":\"ListItem\",\"position\":1,\"name\":\"Home\",\"item\":\"https:\/\/www.erresse-shop.it\/es\/\"},{\"@type\":\"ListItem\",\"position\":2,\"name\":\"Shop\",\"item\":\"https:\/\/www.erresse-shop.it\/es\/shop\/\"},{\"@type\":\"ListItem\",\"position\":3,\"name\":\"CARLO MORETTI Decantador\/Jarra de Cristal de Murano Rojo\"}]},{\"@type\":\"WebSite\",\"@id\":\"https:\/\/www.erresse-shop.it\/es\/#website\",\"url\":\"https:\/\/www.erresse-shop.it\/es\/\",\"name\":\"Erresse Shop\",\"description\":\"Articoli di qualit\u00e0 per la casa\",\"potentialAction\":[{\"@type\":\"SearchAction\",\"target\":{\"@type\":\"EntryPoint\",\"urlTemplate\":\"https:\/\/www.erresse-shop.it\/es\/?s={search_term_string}\"},\"query-input\":\"required name=search_term_string\"}],\"inLanguage\":\"es\"}]}<\/script>\n<!-- \/ Yoast SEO Premium plugin. -->","yoast_head_json":{"title":"CARLO MORETTI Decantador\/Jarra de Cristal de Murano Rojo - Erresse Shop","description":"Gracias a su l\u00ednea armoniosa y afilada, se puede utilizar tanto como decantador como florero. Soplado a boca y acabado a mano alzada, este decantador","robots":{"index":"index","follow":"follow","max-snippet":"max-snippet:-1","max-image-preview":"max-image-preview:large","max-video-preview":"max-video-preview:-1"},"canonical":"https:\/\/www.erresse-shop.it\/es\/shop\/tabla\/vino\/decantadores\/carlo-moretti-decantador-jarra-de-cristal-de-murano-rojo\/","og_locale":"es_ES","og_type":"article","og_title":"CARLO MORETTI Decantador\/Jarra de Cristal de Murano Rojo","og_description":"Gracias a su l\u00ednea armoniosa y afilada, se puede utilizar tanto como decantador como florero. Soplado a boca y acabado a mano alzada, este decantador","og_url":"https:\/\/www.erresse-shop.it\/es\/shop\/tabla\/vino\/decantadores\/carlo-moretti-decantador-jarra-de-cristal-de-murano-rojo\/","og_site_name":"Erresse Shop","article_modified_time":"2023-06-05T08:38:29+00:00","og_image":[{"width":1000,"height":1000,"url":"https:\/\/www.erresse-shop.it\/wp-content\/uploads\/2022\/03\/CARLO-MORETTI-Decanter.r-2008.jpg","type":"image\/jpeg"}],"twitter_card":"summary_large_image","schema":{"@context":"https:\/\/schema.org","@graph":[{"@type":"WebPage","@id":"https:\/\/www.erresse-shop.it\/es\/shop\/tabla\/vino\/decantadores\/carlo-moretti-decantador-jarra-de-cristal-de-murano-rojo\/","url":"https:\/\/www.erresse-shop.it\/es\/shop\/tabla\/vino\/decantadores\/carlo-moretti-decantador-jarra-de-cristal-de-murano-rojo\/","name":"CARLO MORETTI Decantador\/Jarra de Cristal de Murano Rojo - Erresse Shop","isPartOf":{"@id":"https:\/\/www.erresse-shop.it\/es\/#website"},"datePublished":"2022-03-04T08:17:40+00:00","dateModified":"2023-06-05T08:38:29+00:00","description":"Gracias a su l\u00ednea armoniosa y afilada, se puede utilizar tanto como decantador como florero. Soplado a boca y acabado a mano alzada, este decantador","breadcrumb":{"@id":"https:\/\/www.erresse-shop.it\/es\/shop\/tabla\/vino\/decantadores\/carlo-moretti-decantador-jarra-de-cristal-de-murano-rojo\/#breadcrumb"},"inLanguage":"es","potentialAction":[{"@type":"ReadAction","target":["https:\/\/www.erresse-shop.it\/es\/shop\/tabla\/vino\/decantadores\/carlo-moretti-decantador-jarra-de-cristal-de-murano-rojo\/"]}]},{"@type":"BreadcrumbList","@id":"https:\/\/www.erresse-shop.it\/es\/shop\/tabla\/vino\/decantadores\/carlo-moretti-decantador-jarra-de-cristal-de-murano-rojo\/#breadcrumb","itemListElement":[{"@type":"ListItem","position":1,"name":"Home","item":"https:\/\/www.erresse-shop.it\/es\/"},{"@type":"ListItem","position":2,"name":"Shop","item":"https:\/\/www.erresse-shop.it\/es\/shop\/"},{"@type":"ListItem","position":3,"name":"CARLO MORETTI Decantador\/Jarra de Cristal de Murano Rojo"}]},{"@type":"WebSite","@id":"https:\/\/www.erresse-shop.it\/es\/#website","url":"https:\/\/www.erresse-shop.it\/es\/","name":"Erresse Shop","description":"Articoli di qualit\u00e0 per la casa","potentialAction":[{"@type":"SearchAction","target":{"@type":"EntryPoint","urlTemplate":"https:\/\/www.erresse-shop.it\/es\/?s={search_term_string}"},"query-input":"required name=search_term_string"}],"inLanguage":"es"}]}},"df_price":164.45000000000002,"df_sale_price":164.45000000000002,"df_regular_price":299,"df_image_link":"https:\/\/www.erresse-shop.it\/wp-content\/uploads\/2022\/03\/CARLO-MORETTI-Decanter.r-2008-300x300.jpg","_links":{"self":[{"href":"https:\/\/www.erresse-shop.it\/es\/wp-json\/wp\/v2\/product\/142085"}],"collection":[{"href":"https:\/\/www.erresse-shop.it\/es\/wp-json\/wp\/v2\/product"}],"about":[{"href":"https:\/\/www.erresse-shop.it\/es\/wp-json\/wp\/v2\/types\/product"}],"wp:featuredmedia":[{"embeddable":true,"href":"https:\/\/www.erresse-shop.it\/es\/wp-json\/wp\/v2\/media\/142081"}],"wp:attachment":[{"href":"https:\/\/www.erresse-shop.it\/es\/wp-json\/wp\/v2\/media?parent=142085"}],"wp:term":[{"taxonomy":"product_cat","embeddable":true,"href":"https:\/\/www.erresse-shop.it\/es\/wp-json\/wp\/v2\/product_cat?post=142085"},{"taxonomy":"product_tag","embeddable":true,"href":"https:\/\/www.erresse-shop.it\/es\/wp-json\/wp\/v2\/product_tag?post=142085"}],"curies":[{"name":"wp","href":"https:\/\/api.w.org\/{rel}","templated":true}]}}